{"id":35,"date":"2015-03-13T08:21:43","date_gmt":"2015-03-13T08:21:43","guid":{"rendered":"http:\/\/blogsaverroes.juntadeandalucia.es\/pre\/ceip\/?page_id=35"},"modified":"2021-04-06T20:39:41","modified_gmt":"2021-04-06T18:39:41","slug":"el-centro-2","status":"publish","type":"page","link":"https:\/\/blogsaverroes.juntadeandalucia.es\/iesoldeportocarrero\/?page_id=35","title":{"rendered":"Datos del centro"},"content":{"rendered":"<p>&nbsp;<\/p>\n<h4>[googlemaps https:\/\/www.google.com\/maps\/embed?pb=!1m18!1m12!1m3!1d3192.9617302808515!2d-2.3912677847088917!3d36.84339257993976!2m3!1f0!2f0!3f0!3m2!1i1024!2i768!4f13.1!3m3!1m2!1s0xd7a9e750a3599d1%3A0x916c7b4518473b7a!2sI.E.S.+Sol+de+Portocarrero!5e0!3m2!1ses!2sus!4v1507749085542&amp;w=600&amp;h=450]<\/h4>\n<h4><strong>Datos de contacto<\/strong><\/h4>\n<p>IES Sol de Portocarrero<\/p>\n<p><strong>Direcci\u00f3n:<\/strong>&nbsp;Carretera de Nijar Km 7, 04120, La Ca\u00f1ada de San Urbano, Almer\u00eda<br \/>\n<strong>Tel\u00e9fono:&nbsp;950156950 &nbsp; &nbsp; &nbsp; &nbsp; &nbsp; &nbsp; &nbsp; &nbsp; &nbsp; &nbsp;<\/strong><strong>FAX: &nbsp; \/ &nbsp;950156956<\/strong><br \/>\n<strong>Email:<\/strong>&nbsp;04700107.edu@juntadeandalucia.es<\/p>\n<h4><strong>Horarios<\/strong><\/h4>\n<p>El horario de nuestro centro es de 8:15 a 14:45 con dos recreos: el primero de 10:15 a 10:30 y el segundo de 12:30 a 12:45.<\/p>\n<h4><strong>Oferta educativa<\/strong><\/h4>\n<p>Se ofertan las siguientes ense\u00f1anzas: ESO, Bachillerato de Ciencias, Bachillerato de Humanidades y Ciencias Sociales, FP B\u00e1sica (<a href=\"https:\/\/blogsaverroes.juntadeandalucia.es\/iesoldeportocarrero\/?page_id=2601\">AgroJardineria y Composiciones Florales<\/a>), Educaci\u00f3n Especial, F.P. Grado Medio (<a href=\"https:\/\/blogsaverroes.juntadeandalucia.es\/iesoldeportocarrero\/?page_id=2605\">Conducci\u00f3n de Actividades F\u00edsico-Deportivas en el Medio Natural<\/a>; <a href=\"https:\/\/blogsaverroes.juntadeandalucia.es\/iesoldeportocarrero\/?page_id=2601\">Jardiner\u00eda y Florister\u00eda<\/a>; <a href=\"https:\/\/blogsaverroes.juntadeandalucia.es\/iesoldeportocarrero\/?page_id=2603\">Mantenimiento Electromec\u00e1nico<\/a>), F.P. Grado Superior (<a href=\"https:\/\/blogsaverroes.juntadeandalucia.es\/iesoldeportocarrero\/?page_id=2605\">Ense\u00f1anza y Animaci\u00f3n Sociodeportiva<\/a>; <a href=\"https:\/\/blogsaverroes.juntadeandalucia.es\/iesoldeportocarrero\/?page_id=2605\">Acondicionamiento F\u00edsico<\/a>; <a href=\"https:\/\/blogsaverroes.juntadeandalucia.es\/iesoldeportocarrero\/?page_id=2603\">Mecatr\u00f3nica Industrial<\/a>), F.P. Dual Grado Medio (<a href=\"https:\/\/blogsaverroes.juntadeandalucia.es\/iesoldeportocarrero\/?page_id=2601\">Producci\u00f3n Agroecol\u00f3gica<\/a>), F.P. Dual Grado Superior (<a href=\"https:\/\/blogsaverroes.juntadeandalucia.es\/iesoldeportocarrero\/?page_id=2601\">Paisajismo y Medio Rural<\/a>).<\/p>\n<h4><a href=\"https:\/\/blogsaverroes.juntadeandalucia.es\/iesoldeportocarrero\/files\/2018\/04\/presentacion_ies_sol_de_portocarrero_almeria.pdf\" target=\"_blank\" rel=\"noopener noreferrer\">PRESENTACI\u00d3N IES SOL DE PORTOCARRERO (ALMER\u00cdA)<\/a><\/h4>\n<p><a href=\"https:\/\/prezi.com\/view\/oqqPU57pQK2M6N69GeHc\/\" target=\"_blank\" rel=\"noopener noreferrer\">SCHOOL PRESENTATION<\/a><\/p>\n<h4><strong>Planos del centro<\/strong><\/h4>\n<p><a href=\"https:\/\/blogsaverroes.juntadeandalucia.es\/iesoldeportocarrero\/files\/2019\/07\/Portocarrero-Planta-Parcela.pdf\" target=\"_blank\" rel=\"noopener noreferrer\">Portocarrero Planta Parcela<\/a><\/p>\n<p><a href=\"https:\/\/blogsaverroes.juntadeandalucia.es\/iesoldeportocarrero\/files\/2019\/07\/Portocarrero-Planta-Edificio-Principal.pdf\" target=\"_blank\" rel=\"noopener noreferrer\">Portocarrero Planta Edificio Principal<\/a><\/p>\n<h4><strong>Instalaciones<\/strong><\/h4>\nngg_shortcode_0_placeholder\n","protected":false},"excerpt":{"rendered":"<p>&nbsp; [googlemaps https:\/\/www.google.com\/maps\/embed?pb=!1m18!1m12!1m3!1d3192.9617302808515!2d-2.3912677847088917!3d36.84339257993976!2m3!1f0!2f0!3f0!3m2!1i1024!2i768!4f13.1!3m3!1m2!1s0xd7a9e750a3599d1%3A0x916c7b4518473b7a!2sI.E.S.+Sol+de+Portocarrero!5e0!3m2!1ses!2sus!4v1507749085542&amp;w=600&amp;h=450] Datos de contacto IES Sol de Portocarrero Direcci\u00f3n:&nbsp;Carretera de Nijar Km 7, 04120, La Ca\u00f1ada de San Urbano, Almer\u00eda Tel\u00e9fono:&nbsp;950156950 &nbsp; &nbsp; &nbsp; &nbsp; &nbsp; &nbsp; &nbsp; &nbsp; &nbsp; &nbsp;FAX: &nbsp;&#46;&#46;&#46;<\/p>\n","protected":false},"author":1,"featured_media":0,"parent":0,"menu_order":0,"comment_status":"closed","ping_status":"open","template":"template-full-width.php","meta":{"ngg_post_thumbnail":0,"footnotes":"","_mc_calendar":[]},"aioseo_notices":[],"_links":{"self":[{"href":"https:\/\/blogsaverroes.juntadeandalucia.es\/iesoldeportocarrero\/index.php?rest_route=\/wp\/v2\/pages\/35"}],"collection":[{"href":"https:\/\/blogsaverroes.juntadeandalucia.es\/iesoldeportocarrero\/index.php?rest_route=\/wp\/v2\/pages"}],"about":[{"href":"https:\/\/blogsaverroes.juntadeandalucia.es\/iesoldeportocarrero\/index.php?rest_route=\/wp\/v2\/types\/page"}],"author":[{"embeddable":true,"href":"https:\/\/blogsaverroes.juntadeandalucia.es\/iesoldeportocarrero\/index.php?rest_route=\/wp\/v2\/users\/1"}],"replies":[{"embeddable":true,"href":"https:\/\/blogsaverroes.juntadeandalucia.es\/iesoldeportocarrero\/index.php?rest_route=%2Fwp%2Fv2%2Fcomments&post=35"}],"version-history":[{"count":35,"href":"https:\/\/blogsaverroes.juntadeandalucia.es\/iesoldeportocarrero\/index.php?rest_route=\/wp\/v2\/pages\/35\/revisions"}],"predecessor-version":[{"id":5557,"href":"https:\/\/blogsaverroes.juntadeandalucia.es\/iesoldeportocarrero\/index.php?rest_route=\/wp\/v2\/pages\/35\/revisions\/5557"}],"wp:attachment":[{"href":"https:\/\/blogsaverroes.juntadeandalucia.es\/iesoldeportocarrero\/index.php?rest_route=%2Fwp%2Fv2%2Fmedia&parent=35"}],"curies":[{"name":"wp","href":"https:\/\/api.w.org\/{rel}","templated":true}]}}