{"id":49,"date":"2015-03-13T08:47:05","date_gmt":"2015-03-13T08:47:05","guid":{"rendered":"http:\/\/blogsaverroes.juntadeandalucia.es\/pre\/ceip\/?page_id=49"},"modified":"2023-04-28T11:13:41","modified_gmt":"2023-04-28T09:13:41","slug":"proyecto-educativo","status":"publish","type":"page","link":"https:\/\/blogsaverroes.juntadeandalucia.es\/iesoldeportocarrero\/?page_id=49","title":{"rendered":"Plan de centro"},"content":{"rendered":"<p style=\"text-align: left\"><img loading=\"lazy\" decoding=\"async\" class=\"alignnone size-medium wp-image-1662\" src=\"http:\/\/blogsaverroes.juntadeandalucia.es\/iesoldeportocarrero\/files\/2015\/03\/proyecto-300x266.png\" alt=\"proyecto\" width=\"300\" height=\"266\" srcset=\"https:\/\/blogsaverroes.juntadeandalucia.es\/iesoldeportocarrero\/files\/2015\/03\/proyecto-300x266.png 300w, https:\/\/blogsaverroes.juntadeandalucia.es\/iesoldeportocarrero\/files\/2015\/03\/proyecto.png 640w\" sizes=\"(max-width: 300px) 100vw, 300px\" \/><\/p>\n<p>Un centro se define en gran medida por su <strong>Plan de Centro<\/strong>. El plan de centro de un instituto lo componen el proyecto educativo, el reglamento de organizaci\u00f3n y funcionamiento y el proyecto de gesti\u00f3n.&nbsp;<\/p>\n<p>El Plan de Centro es un documento vivo que se debe ir actualizando cada a\u00f1o para adaptarlo a las nuevas circunstancias que tiene el centro o a los cambios normativos. Aqu\u00ed est\u00e1n los documentos vigentes en estos momentos.<\/p>\n<p><a href=\"https:\/\/blogsaverroes.juntadeandalucia.es\/iesoldeportocarrero\/files\/2022\/11\/proyecto-educativo-22-23.docx-3.pdf\">proyecto educativo 22-23.<\/a><\/p>\n<p><a href=\"https:\/\/blogsaverroes.juntadeandalucia.es\/iesoldeportocarrero\/files\/2022\/11\/PLAN-ATENCI\u00d3N-A-LA-DIVERSIDAD-22-23.pdf\">PLAN ATENCI\u00d3N A LA DIVERSIDAD 22-23<\/a><\/p>\n<p><a href=\"https:\/\/blogsaverroes.juntadeandalucia.es\/iesoldeportocarrero\/files\/2023\/04\/POAT-22-23.pdf\">PLAN DE ORIENTACI\u00d3N Y ACCI\u00d3N TUTORIAL 22-23<\/a><\/p>\n<p><a href=\"https:\/\/blogsaverroes.juntadeandalucia.es\/iesoldeportocarrero\/files\/2022\/12\/PLAN-DE-CONVIVENCIA-2022-23.pdf\">PLAN DE CONVIVENCIA 2022-23<\/a><\/p>\n<p><a href=\"https:\/\/blogsaverroes.juntadeandalucia.es\/iesoldeportocarrero\/files\/2022\/11\/ROF-22-23.pdf\">Reglamento de Organizaci\u00f3n y Funcionamiento 22-23<\/a><\/p>\n<p><a href=\"https:\/\/blogsaverroes.juntadeandalucia.es\/iesoldeportocarrero\/files\/2022\/11\/PROYECTO-GESTI\u00d3N.pdf\">PROYECTO GESTI\u00d3N<\/a><\/p>\n","protected":false},"excerpt":{"rendered":"<p>Un centro se define en gran medida por su Plan de Centro. El plan de centro de un instituto lo componen el proyecto educativo, el reglamento de organizaci\u00f3n y funcionamiento y el proyecto de&#46;&#46;&#46;<\/p>\n","protected":false},"author":1,"featured_media":0,"parent":0,"menu_order":0,"comment_status":"closed","ping_status":"open","template":"template-full-width.php","meta":{"ngg_post_thumbnail":0,"footnotes":"","_mc_calendar":[]},"aioseo_notices":[],"_links":{"self":[{"href":"https:\/\/blogsaverroes.juntadeandalucia.es\/iesoldeportocarrero\/index.php?rest_route=\/wp\/v2\/pages\/49"}],"collection":[{"href":"https:\/\/blogsaverroes.juntadeandalucia.es\/iesoldeportocarrero\/index.php?rest_route=\/wp\/v2\/pages"}],"about":[{"href":"https:\/\/blogsaverroes.juntadeandalucia.es\/iesoldeportocarrero\/index.php?rest_route=\/wp\/v2\/types\/page"}],"author":[{"embeddable":true,"href":"https:\/\/blogsaverroes.juntadeandalucia.es\/iesoldeportocarrero\/index.php?rest_route=\/wp\/v2\/users\/1"}],"replies":[{"embeddable":true,"href":"https:\/\/blogsaverroes.juntadeandalucia.es\/iesoldeportocarrero\/index.php?rest_route=%2Fwp%2Fv2%2Fcomments&post=49"}],"version-history":[{"count":21,"href":"https:\/\/blogsaverroes.juntadeandalucia.es\/iesoldeportocarrero\/index.php?rest_route=\/wp\/v2\/pages\/49\/revisions"}],"predecessor-version":[{"id":6873,"href":"https:\/\/blogsaverroes.juntadeandalucia.es\/iesoldeportocarrero\/index.php?rest_route=\/wp\/v2\/pages\/49\/revisions\/6873"}],"wp:attachment":[{"href":"https:\/\/blogsaverroes.juntadeandalucia.es\/iesoldeportocarrero\/index.php?rest_route=%2Fwp%2Fv2%2Fmedia&parent=49"}],"curies":[{"name":"wp","href":"https:\/\/api.w.org\/{rel}","templated":true}]}}