{"id":6232,"date":"2022-01-27T11:15:31","date_gmt":"2022-01-27T10:15:31","guid":{"rendered":"https:\/\/blogsaverroes.juntadeandalucia.es\/iesoldeportocarrero\/?page_id=6232"},"modified":"2022-02-25T12:37:16","modified_gmt":"2022-02-25T11:37:16","slug":"certificados-de-profesionalidad","status":"publish","type":"page","link":"https:\/\/blogsaverroes.juntadeandalucia.es\/iesoldeportocarrero\/?page_id=6232","title":{"rendered":"CERTIFICADOS DE PROFESIONALIDAD 2022"},"content":{"rendered":"<p>Aqu\u00ed podeis encontrar toda la informaci\u00f3n sobre los CERTIFICADOS DE PROFESIONALIDAD.<\/p>\n<h3><span style=\"color: #0000ff\"><strong>PLAZO DE INSCRIPCI\u00d3N HASTA EL 7 DE MARZO DE 2022<\/strong><\/span><\/h3>\n<p>En el centro se imparten dos de estos Certificados:<\/p>\n<ul style=\"list-style-type: square\">\n<li>ACONDICIONAMIENTO F\u00cdSICO CON SOPORTE MUSICAL<\/li>\n<li>AGRICULTURA ECOL\u00d3GICA<\/li>\n<\/ul>\n<p>Mas informaci\u00f3n pinchando en el tr\u00edptico:<\/p>\n<p><a href=\"https:\/\/blogsaverroes.juntadeandalucia.es\/iesoldeportocarrero\/files\/2022\/01\/Triptico-Certificados.pdf\"><img loading=\"lazy\" decoding=\"async\" class=\"aligncenter wp-image-6254 size-large\" src=\"https:\/\/blogsaverroes.juntadeandalucia.es\/iesoldeportocarrero\/files\/2022\/01\/Triptico-1-1024x791.jpg\" alt=\"\" width=\"660\" height=\"510\" srcset=\"https:\/\/blogsaverroes.juntadeandalucia.es\/iesoldeportocarrero\/files\/2022\/01\/Triptico-1-1024x791.jpg 1024w, https:\/\/blogsaverroes.juntadeandalucia.es\/iesoldeportocarrero\/files\/2022\/01\/Triptico-1-300x232.jpg 300w, https:\/\/blogsaverroes.juntadeandalucia.es\/iesoldeportocarrero\/files\/2022\/01\/Triptico-1-768x593.jpg 768w, https:\/\/blogsaverroes.juntadeandalucia.es\/iesoldeportocarrero\/files\/2022\/01\/Triptico-1-1536x1187.jpg 1536w, https:\/\/blogsaverroes.juntadeandalucia.es\/iesoldeportocarrero\/files\/2022\/01\/Triptico-1-700x541.jpg 700w, https:\/\/blogsaverroes.juntadeandalucia.es\/iesoldeportocarrero\/files\/2022\/01\/Triptico-1.jpg 1600w\" sizes=\"(max-width: 660px) 100vw, 660px\" \/><\/a><\/p>\n<p>Y aqu\u00ed teneis&nbsp; los archivos con la documentaci\u00f3n para la INSCRIPCI\u00d3N, ALEGACIONES y REQUISITOS DE ACCESO.<\/p>\n<table style=\"border-collapse: collapse;width: 100%\">\n<tbody>\n<tr>\n<td style=\"width: 33.3333%\"><a href=\"https:\/\/blogsaverroes.juntadeandalucia.es\/iesoldeportocarrero\/files\/2022\/01\/Anexo-I-Solicitud-de-participacion.pdf\" target=\"_blank\" rel=\"noopener noreferrer\"><img loading=\"lazy\" decoding=\"async\" class=\"aligncenter wp-image-6236 size-medium\" src=\"https:\/\/blogsaverroes.juntadeandalucia.es\/iesoldeportocarrero\/files\/2022\/01\/Anexo-I-Img-208x300.png\" alt=\"\" width=\"208\" height=\"300\" srcset=\"https:\/\/blogsaverroes.juntadeandalucia.es\/iesoldeportocarrero\/files\/2022\/01\/Anexo-I-Img-208x300.png 208w, https:\/\/blogsaverroes.juntadeandalucia.es\/iesoldeportocarrero\/files\/2022\/01\/Anexo-I-Img.png 381w\" sizes=\"(max-width: 208px) 100vw, 208px\" \/><\/a><\/td>\n<td style=\"width: 33.3333%\"><a href=\"https:\/\/blogsaverroes.juntadeandalucia.es\/iesoldeportocarrero\/files\/2022\/01\/Anexo-II-Alegaciones.pdf\"><img loading=\"lazy\" decoding=\"async\" class=\"aligncenter wp-image-6237 size-medium\" src=\"https:\/\/blogsaverroes.juntadeandalucia.es\/iesoldeportocarrero\/files\/2022\/01\/Anexo-II-Img-204x300.png\" alt=\"\" width=\"204\" height=\"300\" srcset=\"https:\/\/blogsaverroes.juntadeandalucia.es\/iesoldeportocarrero\/files\/2022\/01\/Anexo-II-Img-204x300.png 204w, https:\/\/blogsaverroes.juntadeandalucia.es\/iesoldeportocarrero\/files\/2022\/01\/Anexo-II-Img.png 356w\" sizes=\"(max-width: 204px) 100vw, 204px\" \/><\/a><\/td>\n<td style=\"width: 33.3333%\"><a href=\"https:\/\/blogsaverroes.juntadeandalucia.es\/iesoldeportocarrero\/files\/2022\/01\/Anexo-III-Requisitos-de-acceso.pdf\"><img loading=\"lazy\" decoding=\"async\" class=\"aligncenter wp-image-6238 size-medium\" src=\"https:\/\/blogsaverroes.juntadeandalucia.es\/iesoldeportocarrero\/files\/2022\/01\/Anexo-III-Img-205x300.png\" alt=\"\" width=\"205\" height=\"300\" srcset=\"https:\/\/blogsaverroes.juntadeandalucia.es\/iesoldeportocarrero\/files\/2022\/01\/Anexo-III-Img-205x300.png 205w, https:\/\/blogsaverroes.juntadeandalucia.es\/iesoldeportocarrero\/files\/2022\/01\/Anexo-III-Img.png 375w\" sizes=\"(max-width: 205px) 100vw, 205px\" \/><\/a><\/td>\n<\/tr>\n<tr>\n<td style=\"width: 33.3333%\"><a href=\"https:\/\/blogsaverroes.juntadeandalucia.es\/iesoldeportocarrero\/files\/2022\/01\/Anexo-I-Solicitud-de-participacion.pdf\">Anexo I Solicitud de participacion<\/a><\/td>\n<td style=\"width: 33.3333%\"><a href=\"https:\/\/blogsaverroes.juntadeandalucia.es\/iesoldeportocarrero\/files\/2022\/01\/Anexo-II-Alegaciones.pdf\">Anexo II Alegaciones<\/a><\/td>\n<td style=\"width: 33.3333%\"><a href=\"https:\/\/blogsaverroes.juntadeandalucia.es\/iesoldeportocarrero\/files\/2022\/01\/Anexo-III-Requisitos-de-acceso.pdf\">Anexo III Requisitos de acceso<\/a><\/td>\n<\/tr>\n<\/tbody>\n<\/table>\n<p style=\"text-align: center\">Para m\u00e1s informaci\u00f3n:<\/p>\n<p style=\"text-align: center\">Tel\u00e9fono del centro: <em><strong>950 150 950<\/strong><\/em><\/p>\n<p style=\"text-align: center\">Correo electr\u00f3nico: <strong><em>cprofesionalidad.portocarrero@gmail.com<\/em><\/strong><\/p>\n<p>&nbsp;<\/p>\n<p>&nbsp;<\/p>\n","protected":false},"excerpt":{"rendered":"<p>Aqu\u00ed podeis encontrar toda la informaci\u00f3n sobre los CERTIFICADOS DE PROFESIONALIDAD. PLAZO DE INSCRIPCI\u00d3N HASTA EL 7 DE MARZO DE 2022 En el centro se imparten dos de estos Certificados: ACONDICIONAMIENTO F\u00cdSICO CON SOPORTE&#46;&#46;&#46;<\/p>\n","protected":false},"author":4955,"featured_media":0,"parent":0,"menu_order":0,"comment_status":"closed","ping_status":"closed","template":"","meta":{"ngg_post_thumbnail":0,"footnotes":"","_mc_calendar":[]},"aioseo_notices":[],"_links":{"self":[{"href":"https:\/\/blogsaverroes.juntadeandalucia.es\/iesoldeportocarrero\/index.php?rest_route=\/wp\/v2\/pages\/6232"}],"collection":[{"href":"https:\/\/blogsaverroes.juntadeandalucia.es\/iesoldeportocarrero\/index.php?rest_route=\/wp\/v2\/pages"}],"about":[{"href":"https:\/\/blogsaverroes.juntadeandalucia.es\/iesoldeportocarrero\/index.php?rest_route=\/wp\/v2\/types\/page"}],"author":[{"embeddable":true,"href":"https:\/\/blogsaverroes.juntadeandalucia.es\/iesoldeportocarrero\/index.php?rest_route=\/wp\/v2\/users\/4955"}],"replies":[{"embeddable":true,"href":"https:\/\/blogsaverroes.juntadeandalucia.es\/iesoldeportocarrero\/index.php?rest_route=%2Fwp%2Fv2%2Fcomments&post=6232"}],"version-history":[{"count":13,"href":"https:\/\/blogsaverroes.juntadeandalucia.es\/iesoldeportocarrero\/index.php?rest_route=\/wp\/v2\/pages\/6232\/revisions"}],"predecessor-version":[{"id":6306,"href":"https:\/\/blogsaverroes.juntadeandalucia.es\/iesoldeportocarrero\/index.php?rest_route=\/wp\/v2\/pages\/6232\/revisions\/6306"}],"wp:attachment":[{"href":"https:\/\/blogsaverroes.juntadeandalucia.es\/iesoldeportocarrero\/index.php?rest_route=%2Fwp%2Fv2%2Fmedia&parent=6232"}],"curies":[{"name":"wp","href":"https:\/\/api.w.org\/{rel}","templated":true}]}}