{"id":147,"date":"2015-03-17T07:46:52","date_gmt":"2015-03-17T07:46:52","guid":{"rendered":"http:\/\/blogsaverroes.juntadeandalucia.es\/pre\/ceip\/?page_id=147"},"modified":"2017-03-03T11:46:38","modified_gmt":"2017-03-03T11:46:38","slug":"economia","status":"publish","type":"page","link":"https:\/\/blogsaverroes.juntadeandalucia.es\/iesolontigi\/economia\/","title":{"rendered":"Econom\u00eda"},"content":{"rendered":"<div><a href=\"http:\/\/blogsaverroes.juntadeandalucia.es\/iesolontigi\/files\/2015\/03\/Economy.jpg\"><img loading=\"lazy\" decoding=\"async\" class=\"wp-image-2490 size-medium aligncenter\" src=\"http:\/\/blogsaverroes.juntadeandalucia.es\/iesolontigi\/files\/2015\/03\/Economy-300x150.jpg\" height=\"150\" width=\"300\" srcset=\"https:\/\/blogsaverroes.juntadeandalucia.es\/iesolontigi\/files\/2015\/03\/Economy-300x150.jpg 300w, https:\/\/blogsaverroes.juntadeandalucia.es\/iesolontigi\/files\/2015\/03\/Economy-24x12.jpg 24w, https:\/\/blogsaverroes.juntadeandalucia.es\/iesolontigi\/files\/2015\/03\/Economy-36x18.jpg 36w, https:\/\/blogsaverroes.juntadeandalucia.es\/iesolontigi\/files\/2015\/03\/Economy-48x24.jpg 48w, https:\/\/blogsaverroes.juntadeandalucia.es\/iesolontigi\/files\/2015\/03\/Economy.jpg 500w\" sizes=\"(max-width: 300px) 100vw, 300px\" \/><\/a><\/div>\n<p style=\"text-align: center\"><em><span style=\"font-family: Arial,sans-serif\"><span style=\"font-size: medium\">Y dec\u00edan que esto era un asunto banal.<br \/>\n<\/span><\/span><\/em><\/p>\n<p>La asignatura de Econom\u00eda es impartida a 4\u00ba de ESO, y aunque su nombre en un inicio llame poco la atenci\u00f3n a los alumnos, para nada queda como una materia trivial.<\/p>\n<p>Tu propio futuro depende de la importancia que le des al bienestar social hoy d\u00eda, a las cuentas que lleva el Estado y a los bienes e intereses que desear\u00e1s obtener y compartir.&nbsp; El desconocimiento es tan s\u00f3lo una herramienta que facilitar\u00e1 al poderoso controlarte por ignorante, y lo bizarro ser\u00eda permitirlo, por ello el docente se sumergir\u00e1 en un mar embravecido de subidas y bajadas, no de acciones, sino de inter\u00e9s por el d\u00f3nde y por qu\u00e9 del ma\u00f1ana.<\/p>\n","protected":false},"excerpt":{"rendered":"<p>Y dec\u00edan que esto era un asunto banal. La asignatura de Econom\u00eda es impartida a 4\u00ba de ESO, y aunque su nombre en un inicio llame poco la atenci\u00f3n a los alumnos, para nada queda como una materia trivial. Tu propio futuro depende de la importancia que le des al bienestar social hoy d\u00eda, a &hellip; <\/p>\n<p><a class=\"more-link btn\" href=\"https:\/\/blogsaverroes.juntadeandalucia.es\/iesolontigi\/economia\/\">Seguir leyendo<\/a><\/p>\n","protected":false},"author":1,"featured_media":0,"parent":0,"menu_order":0,"comment_status":"open","ping_status":"open","template":"page-templates\/child-menu.php","meta":{"ngg_post_thumbnail":0,"footnotes":"","_mc_calendar":[]},"aioseo_notices":[],"_links":{"self":[{"href":"https:\/\/blogsaverroes.juntadeandalucia.es\/iesolontigi\/wp-json\/wp\/v2\/pages\/147"}],"collection":[{"href":"https:\/\/blogsaverroes.juntadeandalucia.es\/iesolontigi\/wp-json\/wp\/v2\/pages"}],"about":[{"href":"https:\/\/blogsaverroes.juntadeandalucia.es\/iesolontigi\/wp-json\/wp\/v2\/types\/page"}],"author":[{"embeddable":true,"href":"https:\/\/blogsaverroes.juntadeandalucia.es\/iesolontigi\/wp-json\/wp\/v2\/users\/1"}],"replies":[{"embeddable":true,"href":"https:\/\/blogsaverroes.juntadeandalucia.es\/iesolontigi\/wp-json\/wp\/v2\/comments?post=147"}],"version-history":[{"count":19,"href":"https:\/\/blogsaverroes.juntadeandalucia.es\/iesolontigi\/wp-json\/wp\/v2\/pages\/147\/revisions"}],"predecessor-version":[{"id":2631,"href":"https:\/\/blogsaverroes.juntadeandalucia.es\/iesolontigi\/wp-json\/wp\/v2\/pages\/147\/revisions\/2631"}],"wp:attachment":[{"href":"https:\/\/blogsaverroes.juntadeandalucia.es\/iesolontigi\/wp-json\/wp\/v2\/media?parent=147"}],"curies":[{"name":"wp","href":"https:\/\/api.w.org\/{rel}","templated":true}]}}