{"id":164,"date":"2015-03-17T07:52:28","date_gmt":"2015-03-17T07:52:28","guid":{"rendered":"http:\/\/blogsaverroes.juntadeandalucia.es\/pre\/ceip\/?page_id=164"},"modified":"2017-02-21T13:02:52","modified_gmt":"2017-02-21T13:02:52","slug":"ingles","status":"publish","type":"page","link":"https:\/\/blogsaverroes.juntadeandalucia.es\/iesolontigi\/ingles\/","title":{"rendered":"Ingl\u00e9s"},"content":{"rendered":"<p><a href=\"http:\/\/blogsaverroes.juntadeandalucia.es\/iesolontigi\/files\/2015\/03\/English.jpg\"><img loading=\"lazy\" decoding=\"async\" class=\"wp-image-2510 size-medium aligncenter\" src=\"http:\/\/blogsaverroes.juntadeandalucia.es\/iesolontigi\/files\/2015\/03\/English-300x229.jpg\" width=\"300\" height=\"229\" srcset=\"https:\/\/blogsaverroes.juntadeandalucia.es\/iesolontigi\/files\/2015\/03\/English-300x229.jpg 300w, https:\/\/blogsaverroes.juntadeandalucia.es\/iesolontigi\/files\/2015\/03\/English-24x18.jpg 24w, https:\/\/blogsaverroes.juntadeandalucia.es\/iesolontigi\/files\/2015\/03\/English-36x28.jpg 36w, https:\/\/blogsaverroes.juntadeandalucia.es\/iesolontigi\/files\/2015\/03\/English-48x37.jpg 48w, https:\/\/blogsaverroes.juntadeandalucia.es\/iesolontigi\/files\/2015\/03\/English.jpg 500w\" sizes=\"(max-width: 300px) 100vw, 300px\" \/><\/a><\/p>\n<p style=\"text-align: center\"><em>Fall in love with the feeling of being free wherever you go.<\/em><\/p>\n<p style=\"text-align: left\">La asignatura de Ingl\u00e9s, impartida en todos los cursos de ESO del centro, es una de las materias principales e instrumento por excelencia en la comunicaci\u00f3n. Un bagaje inolvidable para los alumnos, el requerimiento de esta lengua se ha extendido a todo el mundo y as\u00ed continuar\u00e1 hasta el fin de los tiempos, dot\u00e1ndoles de libertad para desenvolverse all\u00e1 donde vayan.<\/p>\n<p style=\"text-align: left\">Un perfil intercultural, integrador en la sociedad y facilitador de oportunidades para el docente. La expansi\u00f3n del alumno en cualquier \u00e1mbito que desee, estimulador de su desarrollo como persona.<\/p>\n","protected":false},"excerpt":{"rendered":"<p>Fall in love with the feeling of being free wherever you go. La asignatura de Ingl\u00e9s, impartida en todos los cursos de ESO del centro, es una de las materias principales e instrumento por excelencia en la comunicaci\u00f3n. Un bagaje inolvidable para los alumnos, el requerimiento de esta lengua se ha extendido a todo el &hellip; <\/p>\n<p><a class=\"more-link btn\" href=\"https:\/\/blogsaverroes.juntadeandalucia.es\/iesolontigi\/ingles\/\">Seguir leyendo<\/a><\/p>\n","protected":false},"author":1,"featured_media":0,"parent":0,"menu_order":0,"comment_status":"open","ping_status":"open","template":"page-templates\/child-menu.php","meta":{"ngg_post_thumbnail":0,"footnotes":"","_mc_calendar":[]},"aioseo_notices":[],"_links":{"self":[{"href":"https:\/\/blogsaverroes.juntadeandalucia.es\/iesolontigi\/wp-json\/wp\/v2\/pages\/164"}],"collection":[{"href":"https:\/\/blogsaverroes.juntadeandalucia.es\/iesolontigi\/wp-json\/wp\/v2\/pages"}],"about":[{"href":"https:\/\/blogsaverroes.juntadeandalucia.es\/iesolontigi\/wp-json\/wp\/v2\/types\/page"}],"author":[{"embeddable":true,"href":"https:\/\/blogsaverroes.juntadeandalucia.es\/iesolontigi\/wp-json\/wp\/v2\/users\/1"}],"replies":[{"embeddable":true,"href":"https:\/\/blogsaverroes.juntadeandalucia.es\/iesolontigi\/wp-json\/wp\/v2\/comments?post=164"}],"version-history":[{"count":6,"href":"https:\/\/blogsaverroes.juntadeandalucia.es\/iesolontigi\/wp-json\/wp\/v2\/pages\/164\/revisions"}],"predecessor-version":[{"id":2524,"href":"https:\/\/blogsaverroes.juntadeandalucia.es\/iesolontigi\/wp-json\/wp\/v2\/pages\/164\/revisions\/2524"}],"wp:attachment":[{"href":"https:\/\/blogsaverroes.juntadeandalucia.es\/iesolontigi\/wp-json\/wp\/v2\/media?parent=164"}],"curies":[{"name":"wp","href":"https:\/\/api.w.org\/{rel}","templated":true}]}}