{"id":178,"date":"2015-03-17T07:56:43","date_gmt":"2015-03-17T07:56:43","guid":{"rendered":"http:\/\/blogsaverroes.juntadeandalucia.es\/pre\/ceip\/?page_id=178"},"modified":"2017-03-03T12:25:57","modified_gmt":"2017-03-03T12:25:57","slug":"musica","status":"publish","type":"page","link":"https:\/\/blogsaverroes.juntadeandalucia.es\/iesolontigi\/musica\/","title":{"rendered":"M\u00fasica"},"content":{"rendered":"<p style=\"text-align: center\"><a href=\"http:\/\/blogsaverroes.juntadeandalucia.es\/iesolontigi\/files\/2015\/03\/M\u00fasica.jpg\"><img loading=\"lazy\" decoding=\"async\" class=\"wp-image-2521 size-medium aligncenter\" src=\"http:\/\/blogsaverroes.juntadeandalucia.es\/iesolontigi\/files\/2015\/03\/M\u00fasica-226x300.jpg\" height=\"300\" width=\"226\" srcset=\"https:\/\/blogsaverroes.juntadeandalucia.es\/iesolontigi\/files\/2015\/03\/M\u00fasica-226x300.jpg 226w, https:\/\/blogsaverroes.juntadeandalucia.es\/iesolontigi\/files\/2015\/03\/M\u00fasica-18x24.jpg 18w, https:\/\/blogsaverroes.juntadeandalucia.es\/iesolontigi\/files\/2015\/03\/M\u00fasica-27x36.jpg 27w, https:\/\/blogsaverroes.juntadeandalucia.es\/iesolontigi\/files\/2015\/03\/M\u00fasica-36x48.jpg 36w, https:\/\/blogsaverroes.juntadeandalucia.es\/iesolontigi\/files\/2015\/03\/M\u00fasica.jpg 500w\" sizes=\"(max-width: 226px) 100vw, 226px\" \/><\/a><em>Subamos el volumen de la vida, y cantemos el estribillo de nuestra historia.<\/em><\/p>\n<p>La materia de M\u00fasica se imparte en los cursos 1\u00ba, 2\u00ba y 4\u00ba de ESO, un gran referente para estos j\u00f3venes alumnos, pues su inter\u00e9s y conocimientos en esta asignatura fomentar\u00e1 su formaci\u00f3n cultural, siendo un bien y un lenguaje no verbal generalizado en el mundo.<\/p>\n<p>La creaci\u00f3n, imaginaci\u00f3n impl\u00edcitas en una partitura, en un CD, en un simple papel, el sentimiento del joven adolescente plasmado en el desarrollo de sus habilidades en cuanto a percepci\u00f3n, expresi\u00f3n creativa y cr\u00edtica. Su vida representada en una canci\u00f3n.<\/p>\n","protected":false},"excerpt":{"rendered":"<p>Subamos el volumen de la vida, y cantemos el estribillo de nuestra historia. La materia de M\u00fasica se imparte en los cursos 1\u00ba, 2\u00ba y 4\u00ba de ESO, un gran referente para estos j\u00f3venes alumnos, pues su inter\u00e9s y conocimientos en esta asignatura fomentar\u00e1 su formaci\u00f3n cultural, siendo un bien y un lenguaje no verbal &hellip; <\/p>\n<p><a class=\"more-link btn\" href=\"https:\/\/blogsaverroes.juntadeandalucia.es\/iesolontigi\/musica\/\">Seguir leyendo<\/a><\/p>\n","protected":false},"author":1,"featured_media":0,"parent":0,"menu_order":0,"comment_status":"open","ping_status":"open","template":"page-templates\/child-menu.php","meta":{"ngg_post_thumbnail":0,"footnotes":"","_mc_calendar":[]},"aioseo_notices":[],"_links":{"self":[{"href":"https:\/\/blogsaverroes.juntadeandalucia.es\/iesolontigi\/wp-json\/wp\/v2\/pages\/178"}],"collection":[{"href":"https:\/\/blogsaverroes.juntadeandalucia.es\/iesolontigi\/wp-json\/wp\/v2\/pages"}],"about":[{"href":"https:\/\/blogsaverroes.juntadeandalucia.es\/iesolontigi\/wp-json\/wp\/v2\/types\/page"}],"author":[{"embeddable":true,"href":"https:\/\/blogsaverroes.juntadeandalucia.es\/iesolontigi\/wp-json\/wp\/v2\/users\/1"}],"replies":[{"embeddable":true,"href":"https:\/\/blogsaverroes.juntadeandalucia.es\/iesolontigi\/wp-json\/wp\/v2\/comments?post=178"}],"version-history":[{"count":6,"href":"https:\/\/blogsaverroes.juntadeandalucia.es\/iesolontigi\/wp-json\/wp\/v2\/pages\/178\/revisions"}],"predecessor-version":[{"id":2648,"href":"https:\/\/blogsaverroes.juntadeandalucia.es\/iesolontigi\/wp-json\/wp\/v2\/pages\/178\/revisions\/2648"}],"wp:attachment":[{"href":"https:\/\/blogsaverroes.juntadeandalucia.es\/iesolontigi\/wp-json\/wp\/v2\/media?parent=178"}],"curies":[{"name":"wp","href":"https:\/\/api.w.org\/{rel}","templated":true}]}}