{"id":2326,"date":"2017-02-17T10:58:37","date_gmt":"2017-02-17T10:58:37","guid":{"rendered":"http:\/\/blogsaverroes.juntadeandalucia.es\/iesolontigi\/?page_id=2326"},"modified":"2017-02-23T12:24:06","modified_gmt":"2017-02-23T12:24:06","slug":"biblioteca-2","status":"publish","type":"page","link":"https:\/\/blogsaverroes.juntadeandalucia.es\/iesolontigi\/biblioteca-2\/","title":{"rendered":"Biblioteca"},"content":{"rendered":"<p style=\"text-align: center\"><a href=\"http:\/\/blogsaverroes.juntadeandalucia.es\/iesolontigi\/files\/2017\/02\/Library.jpg\"><img loading=\"lazy\" decoding=\"async\" class=\"size-medium wp-image-2555 aligncenter\" src=\"http:\/\/blogsaverroes.juntadeandalucia.es\/iesolontigi\/files\/2017\/02\/Library-300x188.jpg\" alt=\"\" width=\"300\" height=\"188\" srcset=\"https:\/\/blogsaverroes.juntadeandalucia.es\/iesolontigi\/files\/2017\/02\/Library-300x188.jpg 300w, https:\/\/blogsaverroes.juntadeandalucia.es\/iesolontigi\/files\/2017\/02\/Library-24x15.jpg 24w, https:\/\/blogsaverroes.juntadeandalucia.es\/iesolontigi\/files\/2017\/02\/Library-36x23.jpg 36w, https:\/\/blogsaverroes.juntadeandalucia.es\/iesolontigi\/files\/2017\/02\/Library-48x30.jpg 48w, https:\/\/blogsaverroes.juntadeandalucia.es\/iesolontigi\/files\/2017\/02\/Library.jpg 640w\" sizes=\"(max-width: 300px) 100vw, 300px\" \/><\/a><em>El lugar donde todos tus sue\u00f1os se har\u00e1n realidad.<\/em><\/p>\n<p style=\"text-align: center\">\u00bfNecesitas armas para combatir? \u00a1Estamos en una biblioteca! \u00a1Coge un libro! Son las mejores armas del mundo. <strong><em>Doctor Who<\/em><\/strong><\/p>\n<p style=\"text-align: center\">Aun si no puedes comprar la felicidad, puedes comprar libros, lo cual viene a ser lo mismo. <em><strong>Unknown<\/strong><\/em><\/p>\n<p>Bienvenidos al \u00fanico lugar donde podr\u00e9is escapar del mundo y el constante estr\u00e9s que conlleva vivir en el mismo. Donde podr\u00e9is elegir entre una amplia gama de estilos, autores y tramas. Donde sois vuestros propios jefes, quienes domin\u00e1is la lectura y mostr\u00e1is la pasi\u00f3n y el cuidado con el que deb\u00e9is tratar semejante tesoro.<\/p>\n","protected":false},"excerpt":{"rendered":"<p>El lugar donde todos tus sue\u00f1os se har\u00e1n realidad. \u00bfNecesitas armas para combatir? \u00a1Estamos en una biblioteca! \u00a1Coge un libro! Son las mejores armas del mundo. Doctor Who Aun si no puedes comprar la felicidad, puedes comprar libros, lo cual viene a ser lo mismo. Unknown Bienvenidos al \u00fanico lugar donde podr\u00e9is escapar del mundo &hellip; <\/p>\n<p><a class=\"more-link btn\" href=\"https:\/\/blogsaverroes.juntadeandalucia.es\/iesolontigi\/biblioteca-2\/\">Seguir leyendo<\/a><\/p>\n","protected":false},"author":2948,"featured_media":0,"parent":0,"menu_order":0,"comment_status":"closed","ping_status":"closed","template":"","meta":{"ngg_post_thumbnail":0,"footnotes":"","_mc_calendar":[]},"aioseo_notices":[],"_links":{"self":[{"href":"https:\/\/blogsaverroes.juntadeandalucia.es\/iesolontigi\/wp-json\/wp\/v2\/pages\/2326"}],"collection":[{"href":"https:\/\/blogsaverroes.juntadeandalucia.es\/iesolontigi\/wp-json\/wp\/v2\/pages"}],"about":[{"href":"https:\/\/blogsaverroes.juntadeandalucia.es\/iesolontigi\/wp-json\/wp\/v2\/types\/page"}],"author":[{"embeddable":true,"href":"https:\/\/blogsaverroes.juntadeandalucia.es\/iesolontigi\/wp-json\/wp\/v2\/users\/2948"}],"replies":[{"embeddable":true,"href":"https:\/\/blogsaverroes.juntadeandalucia.es\/iesolontigi\/wp-json\/wp\/v2\/comments?post=2326"}],"version-history":[{"count":4,"href":"https:\/\/blogsaverroes.juntadeandalucia.es\/iesolontigi\/wp-json\/wp\/v2\/pages\/2326\/revisions"}],"predecessor-version":[{"id":2558,"href":"https:\/\/blogsaverroes.juntadeandalucia.es\/iesolontigi\/wp-json\/wp\/v2\/pages\/2326\/revisions\/2558"}],"wp:attachment":[{"href":"https:\/\/blogsaverroes.juntadeandalucia.es\/iesolontigi\/wp-json\/wp\/v2\/media?parent=2326"}],"curies":[{"name":"wp","href":"https:\/\/api.w.org\/{rel}","templated":true}]}}