{"id":2327,"date":"2017-02-17T10:58:37","date_gmt":"2017-02-17T10:58:37","guid":{"rendered":"http:\/\/blogsaverroes.juntadeandalucia.es\/iesolontigi\/?page_id=2327"},"modified":"2017-03-16T09:01:11","modified_gmt":"2017-03-16T09:01:11","slug":"ampa","status":"publish","type":"page","link":"https:\/\/blogsaverroes.juntadeandalucia.es\/iesolontigi\/ampa\/","title":{"rendered":"AMPA"},"content":{"rendered":"<p style=\"text-align: center\"><a href=\"http:\/\/blogsaverroes.juntadeandalucia.es\/iesolontigi\/files\/2017\/02\/ampa.png\"><img loading=\"lazy\" decoding=\"async\" class=\"size-full wp-image-2775 aligncenter\" src=\"http:\/\/blogsaverroes.juntadeandalucia.es\/iesolontigi\/files\/2017\/02\/ampa.png\" alt=\"\" height=\"128\" width=\"128\" srcset=\"https:\/\/blogsaverroes.juntadeandalucia.es\/iesolontigi\/files\/2017\/02\/ampa.png 128w, https:\/\/blogsaverroes.juntadeandalucia.es\/iesolontigi\/files\/2017\/02\/ampa-150x150.png 150w, https:\/\/blogsaverroes.juntadeandalucia.es\/iesolontigi\/files\/2017\/02\/ampa-100x100.png 100w, https:\/\/blogsaverroes.juntadeandalucia.es\/iesolontigi\/files\/2017\/02\/ampa-160x160.png 160w, https:\/\/blogsaverroes.juntadeandalucia.es\/iesolontigi\/files\/2017\/02\/ampa-24x24.png 24w, https:\/\/blogsaverroes.juntadeandalucia.es\/iesolontigi\/files\/2017\/02\/ampa-36x36.png 36w, https:\/\/blogsaverroes.juntadeandalucia.es\/iesolontigi\/files\/2017\/02\/ampa-48x48.png 48w\" sizes=\"(max-width: 128px) 100vw, 128px\" \/><\/a><em><strong>Asociaci\u00f3n de madres y padres<\/strong><\/em><\/p>\n<p>Lo normal es que, a inicios del <b>curso escolar<\/b>, se formen las <b>AMPA y APA<\/b>. Para ello se debe elaborar el <b>acta fundamental<\/b>, en el que al menos <b>tres padres, madres o tutores de los alumnos escolarizados expresen su voluntad de constituir esta Asociaci\u00f3n.<\/b><\/p>\n<p><b>Adem\u00e1s<\/b> de la voluntad de constituci\u00f3n, el Acta fundamental <b>debe reflejar la aprobaci\u00f3n de los Estatutos<\/b> que regir\u00e1n la Asociaci\u00f3n, se indicar\u00e1n <b>los \u00f3rganos de gobierno<\/b>, as\u00ed como <b>el cargo que ostentar\u00e1 cada uno de ellos<\/b>.<\/p>\n<p style=\"text-align: center\">&nbsp;<\/p>\n","protected":false},"excerpt":{"rendered":"<p>Asociaci\u00f3n de madres y padres Lo normal es que, a inicios del curso escolar, se formen las AMPA y APA. Para ello se debe elaborar el acta fundamental, en el que al menos tres padres, madres o tutores de los alumnos escolarizados expresen su voluntad de constituir esta Asociaci\u00f3n. Adem\u00e1s de la voluntad de constituci\u00f3n, &hellip; <\/p>\n<p><a class=\"more-link btn\" href=\"https:\/\/blogsaverroes.juntadeandalucia.es\/iesolontigi\/ampa\/\">Seguir leyendo<\/a><\/p>\n","protected":false},"author":2948,"featured_media":0,"parent":0,"menu_order":0,"comment_status":"closed","ping_status":"closed","template":"","meta":{"ngg_post_thumbnail":0,"footnotes":"","_mc_calendar":[]},"aioseo_notices":[],"_links":{"self":[{"href":"https:\/\/blogsaverroes.juntadeandalucia.es\/iesolontigi\/wp-json\/wp\/v2\/pages\/2327"}],"collection":[{"href":"https:\/\/blogsaverroes.juntadeandalucia.es\/iesolontigi\/wp-json\/wp\/v2\/pages"}],"about":[{"href":"https:\/\/blogsaverroes.juntadeandalucia.es\/iesolontigi\/wp-json\/wp\/v2\/types\/page"}],"author":[{"embeddable":true,"href":"https:\/\/blogsaverroes.juntadeandalucia.es\/iesolontigi\/wp-json\/wp\/v2\/users\/2948"}],"replies":[{"embeddable":true,"href":"https:\/\/blogsaverroes.juntadeandalucia.es\/iesolontigi\/wp-json\/wp\/v2\/comments?post=2327"}],"version-history":[{"count":4,"href":"https:\/\/blogsaverroes.juntadeandalucia.es\/iesolontigi\/wp-json\/wp\/v2\/pages\/2327\/revisions"}],"predecessor-version":[{"id":2778,"href":"https:\/\/blogsaverroes.juntadeandalucia.es\/iesolontigi\/wp-json\/wp\/v2\/pages\/2327\/revisions\/2778"}],"wp:attachment":[{"href":"https:\/\/blogsaverroes.juntadeandalucia.es\/iesolontigi\/wp-json\/wp\/v2\/media?parent=2327"}],"curies":[{"name":"wp","href":"https:\/\/api.w.org\/{rel}","templated":true}]}}