{"id":2444,"date":"2017-02-17T11:53:16","date_gmt":"2017-02-17T11:53:16","guid":{"rendered":"http:\/\/blogsaverroes.juntadeandalucia.es\/iesolontigi\/?page_id=2444"},"modified":"2017-03-03T11:57:03","modified_gmt":"2017-03-03T11:57:03","slug":"epv","status":"publish","type":"page","link":"https:\/\/blogsaverroes.juntadeandalucia.es\/iesolontigi\/epv\/","title":{"rendered":"Educaci\u00f3n Pl\u00e1stica y Visual"},"content":{"rendered":"<p><a href=\"http:\/\/blogsaverroes.juntadeandalucia.es\/iesolontigi\/files\/2017\/02\/EPV-1.jpg\"><img loading=\"lazy\" decoding=\"async\" class=\"wp-image-2487 size-medium aligncenter\" src=\"http:\/\/blogsaverroes.juntadeandalucia.es\/iesolontigi\/files\/2017\/02\/EPV-1-300x188.jpg\" height=\"188\" width=\"300\" srcset=\"https:\/\/blogsaverroes.juntadeandalucia.es\/iesolontigi\/files\/2017\/02\/EPV-1-300x188.jpg 300w, https:\/\/blogsaverroes.juntadeandalucia.es\/iesolontigi\/files\/2017\/02\/EPV-1-24x15.jpg 24w, https:\/\/blogsaverroes.juntadeandalucia.es\/iesolontigi\/files\/2017\/02\/EPV-1-36x23.jpg 36w, https:\/\/blogsaverroes.juntadeandalucia.es\/iesolontigi\/files\/2017\/02\/EPV-1-48x30.jpg 48w, https:\/\/blogsaverroes.juntadeandalucia.es\/iesolontigi\/files\/2017\/02\/EPV-1.jpg 464w\" sizes=\"(max-width: 300px) 100vw, 300px\" \/><\/a><\/p>\n<p style=\"text-align: center\"><em>Un universo de posibilidades en tus propias manos.<\/em><\/p>\n<p style=\"text-align: left\">La asignatura de Educaci\u00f3n Pl\u00e1stica &amp; Visual es impartida para todos los cursos de ESO, y en los alumnos quedar\u00e1 plasmada la posibilidad de abrirse a un nuevo y m\u00e1s colorido mundo, donde incluso lo m\u00e1s abstracto tiene cabida en este cuadriculado espacio.<\/p>\n<p style=\"text-align: left\">En su mano quedar\u00e1 la posibilidad de lanzar la llave al r\u00edo para que nadie m\u00e1s intente abrir la puerta a una sociedad estrictamente legislada dentro de sus pensamientos y expresiones, donde el arte y el esplendor de su expresi\u00f3n son la \u00fanica y m\u00e1s preciada regla.<\/p>\n","protected":false},"excerpt":{"rendered":"<p>Un universo de posibilidades en tus propias manos. La asignatura de Educaci\u00f3n Pl\u00e1stica &amp; Visual es impartida para todos los cursos de ESO, y en los alumnos quedar\u00e1 plasmada la posibilidad de abrirse a un nuevo y m\u00e1s colorido mundo, donde incluso lo m\u00e1s abstracto tiene cabida en este cuadriculado espacio. En su mano quedar\u00e1 &hellip; <\/p>\n<p><a class=\"more-link btn\" href=\"https:\/\/blogsaverroes.juntadeandalucia.es\/iesolontigi\/epv\/\">Seguir leyendo<\/a><\/p>\n","protected":false},"author":2948,"featured_media":0,"parent":0,"menu_order":0,"comment_status":"closed","ping_status":"closed","template":"","meta":{"ngg_post_thumbnail":0,"footnotes":"","_mc_calendar":[]},"aioseo_notices":[],"_links":{"self":[{"href":"https:\/\/blogsaverroes.juntadeandalucia.es\/iesolontigi\/wp-json\/wp\/v2\/pages\/2444"}],"collection":[{"href":"https:\/\/blogsaverroes.juntadeandalucia.es\/iesolontigi\/wp-json\/wp\/v2\/pages"}],"about":[{"href":"https:\/\/blogsaverroes.juntadeandalucia.es\/iesolontigi\/wp-json\/wp\/v2\/types\/page"}],"author":[{"embeddable":true,"href":"https:\/\/blogsaverroes.juntadeandalucia.es\/iesolontigi\/wp-json\/wp\/v2\/users\/2948"}],"replies":[{"embeddable":true,"href":"https:\/\/blogsaverroes.juntadeandalucia.es\/iesolontigi\/wp-json\/wp\/v2\/comments?post=2444"}],"version-history":[{"count":8,"href":"https:\/\/blogsaverroes.juntadeandalucia.es\/iesolontigi\/wp-json\/wp\/v2\/pages\/2444\/revisions"}],"predecessor-version":[{"id":2636,"href":"https:\/\/blogsaverroes.juntadeandalucia.es\/iesolontigi\/wp-json\/wp\/v2\/pages\/2444\/revisions\/2636"}],"wp:attachment":[{"href":"https:\/\/blogsaverroes.juntadeandalucia.es\/iesolontigi\/wp-json\/wp\/v2\/media?parent=2444"}],"curies":[{"name":"wp","href":"https:\/\/api.w.org\/{rel}","templated":true}]}}