{"id":2445,"date":"2017-02-17T11:53:16","date_gmt":"2017-02-17T11:53:16","guid":{"rendered":"http:\/\/blogsaverroes.juntadeandalucia.es\/iesolontigi\/?page_id=2445"},"modified":"2017-03-09T11:47:55","modified_gmt":"2017-03-09T11:47:55","slug":"catalogo","status":"publish","type":"page","link":"https:\/\/blogsaverroes.juntadeandalucia.es\/iesolontigi\/catalogo\/","title":{"rendered":"Cat\u00e1logo"},"content":{"rendered":"<p style=\"text-align: center\"><a href=\"http:\/\/blogsaverroes.juntadeandalucia.es\/iesolontigi\/files\/2017\/02\/Catalogue.jpg\"><img loading=\"lazy\" decoding=\"async\" class=\"size-medium wp-image-2559 aligncenter\" src=\"http:\/\/blogsaverroes.juntadeandalucia.es\/iesolontigi\/files\/2017\/02\/Catalogue-300x300.jpg\" alt=\"\" height=\"300\" width=\"300\" srcset=\"https:\/\/blogsaverroes.juntadeandalucia.es\/iesolontigi\/files\/2017\/02\/Catalogue-300x300.jpg 300w, https:\/\/blogsaverroes.juntadeandalucia.es\/iesolontigi\/files\/2017\/02\/Catalogue-150x150.jpg 150w, https:\/\/blogsaverroes.juntadeandalucia.es\/iesolontigi\/files\/2017\/02\/Catalogue-100x100.jpg 100w, https:\/\/blogsaverroes.juntadeandalucia.es\/iesolontigi\/files\/2017\/02\/Catalogue-160x160.jpg 160w, https:\/\/blogsaverroes.juntadeandalucia.es\/iesolontigi\/files\/2017\/02\/Catalogue-24x24.jpg 24w, https:\/\/blogsaverroes.juntadeandalucia.es\/iesolontigi\/files\/2017\/02\/Catalogue-36x36.jpg 36w, https:\/\/blogsaverroes.juntadeandalucia.es\/iesolontigi\/files\/2017\/02\/Catalogue-48x48.jpg 48w, https:\/\/blogsaverroes.juntadeandalucia.es\/iesolontigi\/files\/2017\/02\/Catalogue.jpg 500w\" sizes=\"(max-width: 300px) 100vw, 300px\" \/><\/a><em>Por norma general, cuanto m\u00e1s talento se tiene, m\u00e1s duda uno de tenerlo.<\/em><\/p>\n<p style=\"text-align: left\">Os mantendremos actualizados en esta secci\u00f3n de los nuevos libros que vayan llegando, as\u00ed como del cat\u00e1logo de libros y recursos que ya est\u00e9n dentro de la biblioteca.<\/p>\n","protected":false},"excerpt":{"rendered":"<p>Por norma general, cuanto m\u00e1s talento se tiene, m\u00e1s duda uno de tenerlo. Os mantendremos actualizados en esta secci\u00f3n de los nuevos libros que vayan llegando, as\u00ed como del cat\u00e1logo de libros y recursos que ya est\u00e9n dentro de la biblioteca.<\/p>\n","protected":false},"author":2948,"featured_media":0,"parent":0,"menu_order":0,"comment_status":"closed","ping_status":"closed","template":"","meta":{"ngg_post_thumbnail":0,"footnotes":"","_mc_calendar":[]},"aioseo_notices":[],"_links":{"self":[{"href":"https:\/\/blogsaverroes.juntadeandalucia.es\/iesolontigi\/wp-json\/wp\/v2\/pages\/2445"}],"collection":[{"href":"https:\/\/blogsaverroes.juntadeandalucia.es\/iesolontigi\/wp-json\/wp\/v2\/pages"}],"about":[{"href":"https:\/\/blogsaverroes.juntadeandalucia.es\/iesolontigi\/wp-json\/wp\/v2\/types\/page"}],"author":[{"embeddable":true,"href":"https:\/\/blogsaverroes.juntadeandalucia.es\/iesolontigi\/wp-json\/wp\/v2\/users\/2948"}],"replies":[{"embeddable":true,"href":"https:\/\/blogsaverroes.juntadeandalucia.es\/iesolontigi\/wp-json\/wp\/v2\/comments?post=2445"}],"version-history":[{"count":4,"href":"https:\/\/blogsaverroes.juntadeandalucia.es\/iesolontigi\/wp-json\/wp\/v2\/pages\/2445\/revisions"}],"predecessor-version":[{"id":2718,"href":"https:\/\/blogsaverroes.juntadeandalucia.es\/iesolontigi\/wp-json\/wp\/v2\/pages\/2445\/revisions\/2718"}],"wp:attachment":[{"href":"https:\/\/blogsaverroes.juntadeandalucia.es\/iesolontigi\/wp-json\/wp\/v2\/media?parent=2445"}],"curies":[{"name":"wp","href":"https:\/\/api.w.org\/{rel}","templated":true}]}}