{"id":2708,"date":"2017-03-09T11:46:19","date_gmt":"2017-03-09T11:46:19","guid":{"rendered":"http:\/\/blogsaverroes.juntadeandalucia.es\/iesolontigi\/?page_id=2708"},"modified":"2017-03-13T09:58:16","modified_gmt":"2017-03-13T09:58:16","slug":"sugerencias","status":"publish","type":"page","link":"https:\/\/blogsaverroes.juntadeandalucia.es\/iesolontigi\/sugerencias\/","title":{"rendered":"Sugerencias"},"content":{"rendered":"<p><a href=\"http:\/\/blogsaverroes.juntadeandalucia.es\/iesolontigi\/files\/2017\/03\/sugerencias.jpg\"><img loading=\"lazy\" decoding=\"async\" class=\"size-medium wp-image-2723 aligncenter\" src=\"http:\/\/blogsaverroes.juntadeandalucia.es\/iesolontigi\/files\/2017\/03\/sugerencias-300x200.jpg\" alt=\"\" height=\"200\" width=\"300\" srcset=\"https:\/\/blogsaverroes.juntadeandalucia.es\/iesolontigi\/files\/2017\/03\/sugerencias-300x200.jpg 300w, https:\/\/blogsaverroes.juntadeandalucia.es\/iesolontigi\/files\/2017\/03\/sugerencias-768x512.jpg 768w, https:\/\/blogsaverroes.juntadeandalucia.es\/iesolontigi\/files\/2017\/03\/sugerencias-24x16.jpg 24w, https:\/\/blogsaverroes.juntadeandalucia.es\/iesolontigi\/files\/2017\/03\/sugerencias-36x24.jpg 36w, https:\/\/blogsaverroes.juntadeandalucia.es\/iesolontigi\/files\/2017\/03\/sugerencias-48x32.jpg 48w, https:\/\/blogsaverroes.juntadeandalucia.es\/iesolontigi\/files\/2017\/03\/sugerencias.jpg 1000w\" sizes=\"(max-width: 300px) 100vw, 300px\" \/><\/a><\/p>\n<p>En la siguiente secci\u00f3n os mostraremos un blog en el que podr\u00e9is encontrar algunas novedades con respecto a publicaciones o libros que sin duda alguna os llamar\u00e1n la atenci\u00f3n.<\/p>\n<p style=\"text-align: center\"><a href=\"https:\/\/misfavoritoslibros.wordpress.com\/\"><strong>https:\/\/misfavoritoslibros.wordpress.com\/<\/strong><\/a><\/p>\n<p>Este apartado se inicia sobre todo para que, plasmando algunas posibles adquisiciones de la biblioteca, se\u00e1is vosotros, los alumnos, quienes decid\u00e1is adem\u00e1s qu\u00e9 libros os gustar\u00eda que se encargasen para poder disfrutarlos todos los participantes en esta comunidad educativa.<\/p>\n<hr>\n<p style=\"text-align: center\"><a href=\"http:\/\/blogsaverroes.juntadeandalucia.es\/iesolontigi\/files\/2017\/03\/harry-potter-y-el-legado-maldito.jpg\"><img loading=\"lazy\" decoding=\"async\" class=\"size-medium wp-image-2752 aligncenter\" src=\"http:\/\/blogsaverroes.juntadeandalucia.es\/iesolontigi\/files\/2017\/03\/harry-potter-y-el-legado-maldito-195x300.jpg\" alt=\"\" height=\"300\" width=\"195\" srcset=\"https:\/\/blogsaverroes.juntadeandalucia.es\/iesolontigi\/files\/2017\/03\/harry-potter-y-el-legado-maldito-195x300.jpg 195w, https:\/\/blogsaverroes.juntadeandalucia.es\/iesolontigi\/files\/2017\/03\/harry-potter-y-el-legado-maldito-16x24.jpg 16w, https:\/\/blogsaverroes.juntadeandalucia.es\/iesolontigi\/files\/2017\/03\/harry-potter-y-el-legado-maldito-23x36.jpg 23w, https:\/\/blogsaverroes.juntadeandalucia.es\/iesolontigi\/files\/2017\/03\/harry-potter-y-el-legado-maldito-31x48.jpg 31w, https:\/\/blogsaverroes.juntadeandalucia.es\/iesolontigi\/files\/2017\/03\/harry-potter-y-el-legado-maldito.jpg 309w\" sizes=\"(max-width: 195px) 100vw, 195px\" \/><\/a><em><strong>Harry Potter y el legado maldito<\/strong><\/em><\/p>\n<p style=\"text-align: left\">Cuando todo parec\u00eda que hab\u00eda llegado a su m\u00e1s asfixiante final, Rowling nos sorprende y emociona una vez m\u00e1s con la llegada de un octavo libro de Harry Potter. Para los fans de estos libros sin duda, tener un octavo en la colecci\u00f3n de la biblioteca ser\u00eda un gran logro, por lo que vosotros los alumnos, deb\u00e9is ser quienes elij\u00e1is si vuestros deseos son adquirir esta \u00faltima novela llena de aventuras.<\/p>\n<p style=\"text-align: center\"><strong>Recordad, de <\/strong><strong>vosotros depende la demanda y adquisici\u00f3n de este libro para nuestra biblioteca, por lo que esperamos vuestras sugerencias y apoyo.<\/strong><\/p>\n<p style=\"text-align: left\"><strong>Sinopsis: <\/strong>Siempre fue dif\u00edcil ser Harry Potter y no es mucho m\u00e1s f\u00e1cil ahora que es un empleado con exceso de trabajo del Ministerio de Magia, un marido y padre de tres ni\u00f1os en edad escolar.<br \/>\nMientras Harry se enfrenta con un pasado que se niega a permanecer donde pertenece, su hijo menor Albus debe luchar con el peso de una herencia familiar que nunca quiso. Como el pasado y el presente se fusionan ominosamente, padre e hijo descubren una verdad inc\u00f3moda: a veces, la oscuridad viene de lugares inesperados.<\/p>\n<hr>\n<p style=\"text-align: center\"><a href=\"http:\/\/blogsaverroes.juntadeandalucia.es\/iesolontigi\/files\/2017\/03\/la-chica-del-tren.jpg\"><img loading=\"lazy\" decoding=\"async\" class=\"size-medium wp-image-2753 aligncenter\" src=\"http:\/\/blogsaverroes.juntadeandalucia.es\/iesolontigi\/files\/2017\/03\/la-chica-del-tren-184x300.jpg\" alt=\"\" height=\"300\" width=\"184\" srcset=\"https:\/\/blogsaverroes.juntadeandalucia.es\/iesolontigi\/files\/2017\/03\/la-chica-del-tren-184x300.jpg 184w, https:\/\/blogsaverroes.juntadeandalucia.es\/iesolontigi\/files\/2017\/03\/la-chica-del-tren-768x1252.jpg 768w, https:\/\/blogsaverroes.juntadeandalucia.es\/iesolontigi\/files\/2017\/03\/la-chica-del-tren-628x1024.jpg 628w, https:\/\/blogsaverroes.juntadeandalucia.es\/iesolontigi\/files\/2017\/03\/la-chica-del-tren-15x24.jpg 15w, https:\/\/blogsaverroes.juntadeandalucia.es\/iesolontigi\/files\/2017\/03\/la-chica-del-tren-22x36.jpg 22w, https:\/\/blogsaverroes.juntadeandalucia.es\/iesolontigi\/files\/2017\/03\/la-chica-del-tren-29x48.jpg 29w, https:\/\/blogsaverroes.juntadeandalucia.es\/iesolontigi\/files\/2017\/03\/la-chica-del-tren.jpg 982w\" sizes=\"(max-width: 184px) 100vw, 184px\" \/><\/a><strong><em>La chica del tren<\/em><\/strong><\/p>\n<p>Mayormente toda pel\u00edcula proviene de un libro, y en este caso no iba a ser menos. \u00abLa chica del tren\u00bb, un \u00e9xito en taquilla del cual no te podr\u00e1s perder su original lectura. La intriga mantendr\u00e1 a aquellos aventureros pendiendo de un hilo si desean que llegue a nuestra biblioteca.<\/p>\n<p style=\"text-align: center\"><strong>Recordad, de <\/strong><strong>vosotros depende la demanda y adquisici\u00f3n de este libro para nuestra biblioteca, por lo que esperamos vuestras sugerencias y apoyo.<\/strong><\/p>\n<p><strong>Sinopsis: <\/strong>Rachel toma siempre el tren de las 8.04 h. Cada ma\u00f1ana lo mismo: el mismo paisaje, las mismas casas\u2026 y la misma parada en la se\u00f1al roja. Son solo unos segundos, pero le permiten observar a una pareja desayunando tranquilamente en su terraza. Siente que los conoce y se inventa unos nombres para ellos: Jess y Jason. Su vida es perfecta, no como la suya. Pero un d\u00eda ve algo. Sucede muy deprisa, pero es suficiente. \u00bfY si Jess y Jason no son tan felices como ella cree? \u00bfY si nada es lo que parece? T\u00fa no la conoces. Ella a ti, s\u00ed.<\/p>\n","protected":false},"excerpt":{"rendered":"<p>En la siguiente secci\u00f3n os mostraremos un blog en el que podr\u00e9is encontrar algunas novedades con respecto a publicaciones o libros que sin duda alguna os llamar\u00e1n la atenci\u00f3n. https:\/\/misfavoritoslibros.wordpress.com\/ Este apartado se inicia sobre todo para que, plasmando algunas posibles adquisiciones de la biblioteca, se\u00e1is vosotros, los alumnos, quienes decid\u00e1is adem\u00e1s qu\u00e9 libros os &hellip; <\/p>\n<p><a class=\"more-link btn\" href=\"https:\/\/blogsaverroes.juntadeandalucia.es\/iesolontigi\/sugerencias\/\">Seguir leyendo<\/a><\/p>\n","protected":false},"author":2948,"featured_media":0,"parent":0,"menu_order":0,"comment_status":"closed","ping_status":"closed","template":"","meta":{"ngg_post_thumbnail":0,"footnotes":"","_mc_calendar":[]},"aioseo_notices":[],"_links":{"self":[{"href":"https:\/\/blogsaverroes.juntadeandalucia.es\/iesolontigi\/wp-json\/wp\/v2\/pages\/2708"}],"collection":[{"href":"https:\/\/blogsaverroes.juntadeandalucia.es\/iesolontigi\/wp-json\/wp\/v2\/pages"}],"about":[{"href":"https:\/\/blogsaverroes.juntadeandalucia.es\/iesolontigi\/wp-json\/wp\/v2\/types\/page"}],"author":[{"embeddable":true,"href":"https:\/\/blogsaverroes.juntadeandalucia.es\/iesolontigi\/wp-json\/wp\/v2\/users\/2948"}],"replies":[{"embeddable":true,"href":"https:\/\/blogsaverroes.juntadeandalucia.es\/iesolontigi\/wp-json\/wp\/v2\/comments?post=2708"}],"version-history":[{"count":5,"href":"https:\/\/blogsaverroes.juntadeandalucia.es\/iesolontigi\/wp-json\/wp\/v2\/pages\/2708\/revisions"}],"predecessor-version":[{"id":2754,"href":"https:\/\/blogsaverroes.juntadeandalucia.es\/iesolontigi\/wp-json\/wp\/v2\/pages\/2708\/revisions\/2754"}],"wp:attachment":[{"href":"https:\/\/blogsaverroes.juntadeandalucia.es\/iesolontigi\/wp-json\/wp\/v2\/media?parent=2708"}],"curies":[{"name":"wp","href":"https:\/\/api.w.org\/{rel}","templated":true}]}}