{"id":3088,"date":"2018-02-15T11:02:19","date_gmt":"2018-02-15T11:02:19","guid":{"rendered":"http:\/\/blogsaverroes.juntadeandalucia.es\/iesolontigi\/?page_id=3088"},"modified":"2018-05-13T15:54:31","modified_gmt":"2018-05-13T15:54:31","slug":"autoconcepto","status":"publish","type":"page","link":"https:\/\/blogsaverroes.juntadeandalucia.es\/iesolontigi\/autoconcepto\/","title":{"rendered":"Autoconcepto"},"content":{"rendered":"<p><img loading=\"lazy\" decoding=\"async\" width=\"300\" height=\"169\" class=\"size-medium wp-image-3098 aligncenter\" alt=\"\" src=\"https:\/\/blogsaverroes.juntadeandalucia.es\/iesolontigi\/files\/2018\/02\/image-300x169.jpg\" srcset=\"https:\/\/blogsaverroes.juntadeandalucia.es\/iesolontigi\/files\/2018\/02\/image-300x169.jpg 300w, https:\/\/blogsaverroes.juntadeandalucia.es\/iesolontigi\/files\/2018\/02\/image-332x187.jpg 332w, https:\/\/blogsaverroes.juntadeandalucia.es\/iesolontigi\/files\/2018\/02\/image-24x14.jpg 24w, https:\/\/blogsaverroes.juntadeandalucia.es\/iesolontigi\/files\/2018\/02\/image-36x20.jpg 36w, https:\/\/blogsaverroes.juntadeandalucia.es\/iesolontigi\/files\/2018\/02\/image-48x27.jpg 48w, https:\/\/blogsaverroes.juntadeandalucia.es\/iesolontigi\/files\/2018\/02\/image.jpg 350w\" sizes=\"(max-width: 300px) 100vw, 300px\" \/>Antes de comenzar a aportar la informaci\u00f3n necesaria para que tanto familia, como profesorado y alumnado tengan constancia de c\u00f3mo puede desarrollarse el propio autoconcepto de los ni\u00f1os y ni\u00f1as, ha de definirse el propio t\u00e9rmino, permaneciendo desde hace algunos a\u00f1os el que podemos, por ejemplo, visualizar en la RAE (Diccionario de la Real Academia Espa\u00f1ola) que viene a ser:<\/p>\n<div class=\"par\">\n<p class=\"n2\">De <em>auto-<\/em> y <em>concepto.<\/em><\/p>\n<\/div>\n<p class=\"j\" id=\"Sb21BUm\"><span class=\"n_acep\">1. <\/span><abbr title=\"nombre masculino\" class=\"d\">m.<\/abbr> <mark>Opini\u00f3n<\/mark> <mark>que<\/mark> <mark>una<\/mark> <mark>persona<\/mark> <mark>tiene<\/mark> <mark>sobre<\/mark> <mark>s\u00ed<\/mark> <mark>misma<\/mark>, <mark>que<\/mark> <mark>lleva<\/mark> <mark>asociado<\/mark> <mark>un<\/mark> <mark>juicio<\/mark> <mark>de<\/mark> <mark>valor<\/mark>.<\/p>\n<p>Debemos recordar no s\u00f3lo que ese<strong> juicio de valor<\/strong> no es propio de la persona (personal) sino que es un <em>juicio influenciado<\/em> por su <strong>entorno y aquellos que les rodean<\/strong> (familia, contexto, profesorado, etc.) o unas <strong><em>caracter\u00edsticas determinadas<\/em><\/strong> que presenten los hijos\/as (como bien puede ser su f\u00edsico, su rendimiento acad\u00e9mico, etc.)<\/p>\n<p>Tambi\u00e9n debemos recordar, que existe una d<strong>iferencia entre autoconcepto y autoestima<\/strong>, pues la <em>autoestima<\/em> es en cambio: <em>\u00abvaloraci\u00f3n generalmente positiva de s\u00ed mismo\/a\u00bb.<\/em><\/p>\n<p style=\"text-align: center\"><a href=\"http:\/\/blogsaverroes.juntadeandalucia.es\/iesolontigi\/autoconcepto\/pa05_autoestima-y-autoconcepto-derecha-1\/\" rel=\"attachment wp-att-3100\"><img loading=\"lazy\" decoding=\"async\" width=\"300\" height=\"228\" class=\"size-medium wp-image-3100 aligncenter\" alt=\"\" src=\"https:\/\/blogsaverroes.juntadeandalucia.es\/iesolontigi\/files\/2018\/02\/PA05_Autoestima-y-Autoconcepto-derecha-1-300x228.jpg\" srcset=\"https:\/\/blogsaverroes.juntadeandalucia.es\/iesolontigi\/files\/2018\/02\/PA05_Autoestima-y-Autoconcepto-derecha-1-300x228.jpg 300w, https:\/\/blogsaverroes.juntadeandalucia.es\/iesolontigi\/files\/2018\/02\/PA05_Autoestima-y-Autoconcepto-derecha-1-332x252.jpg 332w, https:\/\/blogsaverroes.juntadeandalucia.es\/iesolontigi\/files\/2018\/02\/PA05_Autoestima-y-Autoconcepto-derecha-1-24x18.jpg 24w, https:\/\/blogsaverroes.juntadeandalucia.es\/iesolontigi\/files\/2018\/02\/PA05_Autoestima-y-Autoconcepto-derecha-1-36x27.jpg 36w, https:\/\/blogsaverroes.juntadeandalucia.es\/iesolontigi\/files\/2018\/02\/PA05_Autoestima-y-Autoconcepto-derecha-1-48x36.jpg 48w, https:\/\/blogsaverroes.juntadeandalucia.es\/iesolontigi\/files\/2018\/02\/PA05_Autoestima-y-Autoconcepto-derecha-1.jpg 336w\" sizes=\"(max-width: 300px) 100vw, 300px\" \/><\/a><strong><a href=\"https:\/\/youtu.be\/Q1ETnh23HxE\">GU\u00cdA SOBRE EL AUTOCONCEPTO PARA LAS FAMILIAS:<\/a><\/strong><iframe loading=\"lazy\" width=\"560\" height=\"314\" src=\"\/\/www.youtube.com\/embed\/Q1ETnh23HxE\"><\/iframe><\/p>\n<p><strong>M\u00c1S INFORMACI\u00d3N: Todas las orientaciones necesarias y los documentos se encuentran una vez se haga click sobre el texto numerado<\/strong><\/p>\n<ol>\n<li><a href=\"https:\/\/blogsaverroes.juntadeandalucia.es\/iesolontigi\/files\/2018\/05\/Anexo-1.pdf\">IV Congreso Internacional de Investigaci\u00f3n y Pr\u00e1ctica Profesional en Psicolog\u00eda XIX. Jornadas de Investigaci\u00f3n VIII Encuentro de Investigadores en Psicolog\u00eda del MERCOSUR. Facultad de Psicolog\u00eda &#8211; Universidad de Buenos Aires, Buenos Aires, 2012<\/a><\/li>\n<li><a href=\"https:\/\/books.google.es\/books?id=KxKTlX1s6SAC&amp;pg=PA584&amp;lpg=PA584&amp;dq=congreso+sobre+el+autoconcepto+en+los+ni%C3%B1os&amp;source=bl&amp;ots=ck9d3E_Yy-&amp;sig=AmvMdIXEnt-ywoRgSmYTpEdGR30&amp;hl=es&amp;sa=X&amp;ved=0ahUKEwiqlPf6krnZAhUKr6QKHapSBloQ6AEILzAB#v=onepage&amp;q&amp;f=false\">Congreso mexicano de psicolog\u00eda social.<\/a><\/li>\n<li><a href=\"https:\/\/blogsaverroes.juntadeandalucia.es\/iesolontigi\/files\/2018\/05\/Anexo-2.pdf\">Autoconcepto y rendimiento escolar en Educaci\u00f3n Secundaria.<\/a><\/li>\n<li><a href=\"http:\/\/ji.psi.uba.ar\/xxiv\/esp\/index.php?var=programa_cientifico\/resumenes.php&amp;idtrab=13169\">IX Congreso Internacional de Investigaci\u00f3n y Pr\u00e1ctica Profesional de Investigaci\u00f3n.<\/a><\/li>\n<li><a href=\"http:\/\/www.psikor.es\/index.php\/publicaciones\/articulos\">Universidad del Pa\u00eds Vasco: Art\u00edculos.<\/a><\/li>\n<li><a href=\"https:\/\/blogsaverroes.juntadeandalucia.es\/iesolontigi\/files\/2018\/05\/Anexo-3.pdf\">Taller para adolescentes.<\/a><\/li>\n<li><a href=\"https:\/\/blogsaverroes.juntadeandalucia.es\/iesolontigi\/files\/2018\/05\/Anexo-4.pdf\">Temario sobre autoconcepto.<\/a><\/li>\n<li><a href=\"https:\/\/blogsaverroes.juntadeandalucia.es\/iesolontigi\/files\/2018\/05\/Anexo-5.pdf\">Autoconcepto acad\u00e9mico.<\/a><\/li>\n<li><a href=\"https:\/\/blogsaverroes.juntadeandalucia.es\/iesolontigi\/files\/2018\/05\/Anexo-6.pdf\">Autoconcepto en ni\u00f1os de 14-18 a\u00f1os.<\/a><\/li>\n<li><a href=\"https:\/\/blogsaverroes.juntadeandalucia.es\/iesolontigi\/files\/2018\/05\/Anexo-7.pdf\">Orientaci\u00f3n sobre el yo, autoestima y autoconcepto.<\/a><\/li>\n<li><a href=\"https:\/\/blogsaverroes.juntadeandalucia.es\/iesolontigi\/files\/2018\/05\/Anexo-8.pdf\">TFG Autoconcepto y autoestima.<\/a><\/li>\n<li><a href=\"https:\/\/blogsaverroes.juntadeandalucia.es\/iesolontigi\/files\/2018\/05\/Anexo-9.pdf\">Proyecto de vida, autoconcepto, etc.<\/a><\/li>\n<\/ol>\n","protected":false},"excerpt":{"rendered":"<p>Antes de comenzar a aportar la informaci\u00f3n necesaria para que tanto familia, como profesorado y alumnado tengan constancia de c\u00f3mo puede desarrollarse el propio autoconcepto de los ni\u00f1os y ni\u00f1as, ha de definirse el propio t\u00e9rmino, permaneciendo desde hace algunos a\u00f1os el que podemos, por ejemplo, visualizar en la RAE (Diccionario de la Real Academia &hellip; <\/p>\n<p><a class=\"more-link btn\" href=\"https:\/\/blogsaverroes.juntadeandalucia.es\/iesolontigi\/autoconcepto\/\">Seguir leyendo<\/a><\/p>\n","protected":false},"author":2948,"featured_media":0,"parent":0,"menu_order":0,"comment_status":"closed","ping_status":"closed","template":"","meta":{"ngg_post_thumbnail":0,"footnotes":"","_mc_calendar":[]},"aioseo_notices":[],"_links":{"self":[{"href":"https:\/\/blogsaverroes.juntadeandalucia.es\/iesolontigi\/wp-json\/wp\/v2\/pages\/3088"}],"collection":[{"href":"https:\/\/blogsaverroes.juntadeandalucia.es\/iesolontigi\/wp-json\/wp\/v2\/pages"}],"about":[{"href":"https:\/\/blogsaverroes.juntadeandalucia.es\/iesolontigi\/wp-json\/wp\/v2\/types\/page"}],"author":[{"embeddable":true,"href":"https:\/\/blogsaverroes.juntadeandalucia.es\/iesolontigi\/wp-json\/wp\/v2\/users\/2948"}],"replies":[{"embeddable":true,"href":"https:\/\/blogsaverroes.juntadeandalucia.es\/iesolontigi\/wp-json\/wp\/v2\/comments?post=3088"}],"version-history":[{"count":6,"href":"https:\/\/blogsaverroes.juntadeandalucia.es\/iesolontigi\/wp-json\/wp\/v2\/pages\/3088\/revisions"}],"predecessor-version":[{"id":3237,"href":"https:\/\/blogsaverroes.juntadeandalucia.es\/iesolontigi\/wp-json\/wp\/v2\/pages\/3088\/revisions\/3237"}],"wp:attachment":[{"href":"https:\/\/blogsaverroes.juntadeandalucia.es\/iesolontigi\/wp-json\/wp\/v2\/media?parent=3088"}],"curies":[{"name":"wp","href":"https:\/\/api.w.org\/{rel}","templated":true}]}}