{"id":3112,"date":"2018-02-27T11:59:28","date_gmt":"2018-02-27T11:59:28","guid":{"rendered":"http:\/\/blogsaverroes.juntadeandalucia.es\/iesolontigi\/?page_id=3112"},"modified":"2025-03-24T17:43:06","modified_gmt":"2025-03-24T17:43:06","slug":"plan-de-igualdad","status":"publish","type":"page","link":"https:\/\/blogsaverroes.juntadeandalucia.es\/iesolontigi\/plan-de-igualdad\/","title":{"rendered":"Plan de Igualdad"},"content":{"rendered":"<p><a href=\"http:\/\/blogsaverroes.juntadeandalucia.es\/iesolontigi\/plan-de-igualdad\/plan-de-igualdad-icono\/\" rel=\"attachment wp-att-3116\"><img loading=\"lazy\" decoding=\"async\" class=\"size-full wp-image-3116 aligncenter\" src=\"https:\/\/blogsaverroes.juntadeandalucia.es\/iesolontigi\/files\/2018\/02\/plan-de-igualdad-icono.png\" alt=\"\" width=\"225\" height=\"225\" srcset=\"https:\/\/blogsaverroes.juntadeandalucia.es\/iesolontigi\/files\/2018\/02\/plan-de-igualdad-icono.png 225w, https:\/\/blogsaverroes.juntadeandalucia.es\/iesolontigi\/files\/2018\/02\/plan-de-igualdad-icono-150x150.png 150w, https:\/\/blogsaverroes.juntadeandalucia.es\/iesolontigi\/files\/2018\/02\/plan-de-igualdad-icono-100x100.png 100w, https:\/\/blogsaverroes.juntadeandalucia.es\/iesolontigi\/files\/2018\/02\/plan-de-igualdad-icono-24x24.png 24w, https:\/\/blogsaverroes.juntadeandalucia.es\/iesolontigi\/files\/2018\/02\/plan-de-igualdad-icono-36x36.png 36w, https:\/\/blogsaverroes.juntadeandalucia.es\/iesolontigi\/files\/2018\/02\/plan-de-igualdad-icono-48x48.png 48w\" sizes=\"(max-width: 225px) 100vw, 225px\" \/><\/a>Con motivo del <strong>PROGRAMA DE IGUALDAD<\/strong> que se aplica tambi\u00e9n este curso y en adelante, pretendemos hacer conscientes tanto al alumnado, como al profesorado y familias de la importancia del respeto y el valor que tienen todos los seres humanos por igual en la sociedad.<\/p>\n<p>Debemos hacer conscientes desde el seno familiar, desde la calidez del hogar, a todos los ni\u00f1os y ni\u00f1as de que son iguales ante la ley, ante sus compa\u00f1eros\/as y profesorado, ante todo el mundo, sin importar su raza, religi\u00f3n, edad, etnia, orientaci\u00f3n o identidad sexual, teniendo o no alg\u00fan tipo de diversidad funcional, etc.<\/p>\n<p><a href=\"https:\/\/blogsaverroes.juntadeandalucia.es\/iesolontigi\/plan-de-igualdad-del-ies-olontigi-24-25\/\">PLAN DE IGUALDAD DEL IES OLONTIGI 24-25<\/a><\/p>\n","protected":false},"excerpt":{"rendered":"<p>Con motivo del PROGRAMA DE IGUALDAD que se aplica tambi\u00e9n este curso y en adelante, pretendemos hacer conscientes tanto al alumnado, como al profesorado y familias de la importancia del respeto y el valor que tienen todos los seres humanos por igual en la sociedad. Debemos hacer conscientes desde el seno familiar, desde la calidez &hellip; <\/p>\n<p><a class=\"more-link btn\" href=\"https:\/\/blogsaverroes.juntadeandalucia.es\/iesolontigi\/plan-de-igualdad\/\">Seguir leyendo<\/a><\/p>\n","protected":false},"author":2948,"featured_media":0,"parent":0,"menu_order":0,"comment_status":"closed","ping_status":"closed","template":"","meta":{"ngg_post_thumbnail":0,"footnotes":"","_mc_calendar":[]},"aioseo_notices":[],"_links":{"self":[{"href":"https:\/\/blogsaverroes.juntadeandalucia.es\/iesolontigi\/wp-json\/wp\/v2\/pages\/3112"}],"collection":[{"href":"https:\/\/blogsaverroes.juntadeandalucia.es\/iesolontigi\/wp-json\/wp\/v2\/pages"}],"about":[{"href":"https:\/\/blogsaverroes.juntadeandalucia.es\/iesolontigi\/wp-json\/wp\/v2\/types\/page"}],"author":[{"embeddable":true,"href":"https:\/\/blogsaverroes.juntadeandalucia.es\/iesolontigi\/wp-json\/wp\/v2\/users\/2948"}],"replies":[{"embeddable":true,"href":"https:\/\/blogsaverroes.juntadeandalucia.es\/iesolontigi\/wp-json\/wp\/v2\/comments?post=3112"}],"version-history":[{"count":5,"href":"https:\/\/blogsaverroes.juntadeandalucia.es\/iesolontigi\/wp-json\/wp\/v2\/pages\/3112\/revisions"}],"predecessor-version":[{"id":3509,"href":"https:\/\/blogsaverroes.juntadeandalucia.es\/iesolontigi\/wp-json\/wp\/v2\/pages\/3112\/revisions\/3509"}],"wp:attachment":[{"href":"https:\/\/blogsaverroes.juntadeandalucia.es\/iesolontigi\/wp-json\/wp\/v2\/media?parent=3112"}],"curies":[{"name":"wp","href":"https:\/\/api.w.org\/{rel}","templated":true}]}}