{"id":3126,"date":"2018-03-06T08:22:30","date_gmt":"2018-03-06T08:22:30","guid":{"rendered":"http:\/\/blogsaverroes.juntadeandalucia.es\/iesolontigi\/?page_id=3126"},"modified":"2018-05-14T11:52:53","modified_gmt":"2018-05-14T11:52:53","slug":"igualdad","status":"publish","type":"page","link":"https:\/\/blogsaverroes.juntadeandalucia.es\/iesolontigi\/igualdad\/","title":{"rendered":"Igualdad"},"content":{"rendered":"<p><a href=\"http:\/\/blogsaverroes.juntadeandalucia.es\/iesolontigi\/plan-de-igualdad\/plan-de-igualdad-icono\/\" rel=\"attachment wp-att-3116\"><img loading=\"lazy\" decoding=\"async\" width=\"225\" height=\"225\" class=\"size-full wp-image-3116 aligncenter\" alt=\"\" src=\"https:\/\/blogsaverroes.juntadeandalucia.es\/iesolontigi\/files\/2018\/02\/plan-de-igualdad-icono.png\" srcset=\"https:\/\/blogsaverroes.juntadeandalucia.es\/iesolontigi\/files\/2018\/02\/plan-de-igualdad-icono.png 225w, https:\/\/blogsaverroes.juntadeandalucia.es\/iesolontigi\/files\/2018\/02\/plan-de-igualdad-icono-150x150.png 150w, https:\/\/blogsaverroes.juntadeandalucia.es\/iesolontigi\/files\/2018\/02\/plan-de-igualdad-icono-100x100.png 100w, https:\/\/blogsaverroes.juntadeandalucia.es\/iesolontigi\/files\/2018\/02\/plan-de-igualdad-icono-24x24.png 24w, https:\/\/blogsaverroes.juntadeandalucia.es\/iesolontigi\/files\/2018\/02\/plan-de-igualdad-icono-36x36.png 36w, https:\/\/blogsaverroes.juntadeandalucia.es\/iesolontigi\/files\/2018\/02\/plan-de-igualdad-icono-48x48.png 48w\" sizes=\"(max-width: 225px) 100vw, 225px\" \/><\/a><\/p>\n<p>Esta secci\u00f3n ha sido creada con motivo del programa de igualdad que se aplica nuevamente este a\u00f1o 2017\/18, ante la b\u00fasqueda del reconocimiento de todas las personas, sean cuales sean sus caracter\u00edsticas, como iguales ante los dem\u00e1s, ante la ley, etc.<\/p>\n<p>Se incluyen a continuaci\u00f3n, por tanto, documentos informativos y campa\u00f1as que se realizan en la localidad de Aznalc\u00e1zar con el inter\u00e9s de llamar la atenci\u00f3n de alumnado y familia a un tema que no debe dejarse de lado en absoluto en la actualidad, pues a\u00fan somos actores que presencian o viven situaciones de lo m\u00e1s da\u00f1inas para diversos colectivos.<\/p>\n<p style=\"text-align: center\"><strong>Cuestionario de igualdad &#8211; Gu\u00eda de acceso<\/strong><\/p>\n<p>Se pretende, con el Programa de Igualdad aplicado tambi\u00e9n este curso 2017-18, que las familias aclaren el nivel de igualdad que se presenta en el hogar, a trav\u00e9s de la cumplimentaci\u00f3n de un cuestionario.<\/p>\n<p>Para acceder a la gu\u00eda, tan s\u00f3lo hay que <a href=\"https:\/\/blogsaverroes.juntadeandalucia.es\/iesolontigi\/files\/2018\/05\/Gu\u00eda-de-acceso-al-cuestionario-de-igualdad-IES-Olontigi.pdf\">PINCHAR AQU\u00cd<\/a><\/p>\n<p>O bien acceder directamente desde el apartado web, aqu\u00ed:<\/p>\n<p><a href=\"https:\/\/blogsaverroes.juntadeandalucia.es\/iesolontigi\/novedades-2017-18\/\">https:\/\/blogsaverroes.juntadeandalucia.es\/iesolontigi\/novedades-2017-18\/<\/a><\/p>\n<p style=\"text-align: center\"><strong>Campa\u00f1a D\u00eda Internacional de las Mujeres &#8211; 8 de marzo<br \/>\n<\/strong><\/p>\n<p>A continuaci\u00f3n os presentamos el cartel oficial de la obra de teatro que se realizar\u00e1 en el sal\u00f3n multiusos de la localidad de Aznalc\u00e1zar en conmemoraci\u00f3n al D\u00eda Internacional de la Mujer, la cual os invitamos a que asist\u00e1is, pues merecer\u00e1 la pena.<\/p>\n<p style=\"text-align: center\"><a href=\"http:\/\/blogsaverroes.juntadeandalucia.es\/iesolontigi\/igualdad\/cartel-obra-teatro-aznalcazar\/\" rel=\"attachment wp-att-3131\"><img loading=\"lazy\" decoding=\"async\" width=\"212\" height=\"300\" class=\"alignnone size-medium wp-image-3131\" alt=\"\" src=\"https:\/\/blogsaverroes.juntadeandalucia.es\/iesolontigi\/files\/2018\/03\/Cartel-Obra-Teatro-Aznalc\u00e1zar-212x300.jpg\" srcset=\"https:\/\/blogsaverroes.juntadeandalucia.es\/iesolontigi\/files\/2018\/03\/Cartel-Obra-Teatro-Aznalc\u00e1zar-212x300.jpg 212w, https:\/\/blogsaverroes.juntadeandalucia.es\/iesolontigi\/files\/2018\/03\/Cartel-Obra-Teatro-Aznalc\u00e1zar-768x1086.jpg 768w, https:\/\/blogsaverroes.juntadeandalucia.es\/iesolontigi\/files\/2018\/03\/Cartel-Obra-Teatro-Aznalc\u00e1zar-724x1024.jpg 724w, https:\/\/blogsaverroes.juntadeandalucia.es\/iesolontigi\/files\/2018\/03\/Cartel-Obra-Teatro-Aznalc\u00e1zar-700x990.jpg 700w, https:\/\/blogsaverroes.juntadeandalucia.es\/iesolontigi\/files\/2018\/03\/Cartel-Obra-Teatro-Aznalc\u00e1zar-332x470.jpg 332w, https:\/\/blogsaverroes.juntadeandalucia.es\/iesolontigi\/files\/2018\/03\/Cartel-Obra-Teatro-Aznalc\u00e1zar-17x24.jpg 17w, https:\/\/blogsaverroes.juntadeandalucia.es\/iesolontigi\/files\/2018\/03\/Cartel-Obra-Teatro-Aznalc\u00e1zar-25x36.jpg 25w, https:\/\/blogsaverroes.juntadeandalucia.es\/iesolontigi\/files\/2018\/03\/Cartel-Obra-Teatro-Aznalc\u00e1zar-34x48.jpg 34w, https:\/\/blogsaverroes.juntadeandalucia.es\/iesolontigi\/files\/2018\/03\/Cartel-Obra-Teatro-Aznalc\u00e1zar.jpg 1131w\" sizes=\"(max-width: 212px) 100vw, 212px\" \/><\/a><\/p>\n<p style=\"text-align: center\"><strong>Cartel del Programa de Actos Oficial &#8211; D\u00eda Internacional de la Mujer<\/strong><\/p>\n<p style=\"text-align: center\"><a href=\"http:\/\/blogsaverroes.juntadeandalucia.es\/iesolontigi\/igualdad\/cartel-programa-completo-001\/\" rel=\"attachment wp-att-3132\"><img loading=\"lazy\" decoding=\"async\" width=\"212\" height=\"300\" class=\"size-medium wp-image-3132 aligncenter\" alt=\"\" src=\"https:\/\/blogsaverroes.juntadeandalucia.es\/iesolontigi\/files\/2018\/03\/Cartel-Programa-completo-001-212x300.jpg\" srcset=\"https:\/\/blogsaverroes.juntadeandalucia.es\/iesolontigi\/files\/2018\/03\/Cartel-Programa-completo-001-212x300.jpg 212w, https:\/\/blogsaverroes.juntadeandalucia.es\/iesolontigi\/files\/2018\/03\/Cartel-Programa-completo-001-768x1087.jpg 768w, https:\/\/blogsaverroes.juntadeandalucia.es\/iesolontigi\/files\/2018\/03\/Cartel-Programa-completo-001-724x1024.jpg 724w, https:\/\/blogsaverroes.juntadeandalucia.es\/iesolontigi\/files\/2018\/03\/Cartel-Programa-completo-001-700x991.jpg 700w, https:\/\/blogsaverroes.juntadeandalucia.es\/iesolontigi\/files\/2018\/03\/Cartel-Programa-completo-001-332x470.jpg 332w, https:\/\/blogsaverroes.juntadeandalucia.es\/iesolontigi\/files\/2018\/03\/Cartel-Programa-completo-001-17x24.jpg 17w, https:\/\/blogsaverroes.juntadeandalucia.es\/iesolontigi\/files\/2018\/03\/Cartel-Programa-completo-001-25x36.jpg 25w, https:\/\/blogsaverroes.juntadeandalucia.es\/iesolontigi\/files\/2018\/03\/Cartel-Programa-completo-001-34x48.jpg 34w, https:\/\/blogsaverroes.juntadeandalucia.es\/iesolontigi\/files\/2018\/03\/Cartel-Programa-completo-001.jpg 1131w\" sizes=\"(max-width: 212px) 100vw, 212px\" \/><\/a><strong>V\u00eddeo que muestra una relaci\u00f3n toxica y de maltrato<br \/>\n<\/strong><\/p>\n<p><iframe loading=\"lazy\" width=\"560\" height=\"314\" src=\"\/\/www.youtube.com\/embed\/1L6HB97lbrQ\"><\/iframe><\/p>\n<p>&nbsp;<\/p>\n","protected":false},"excerpt":{"rendered":"<p>Esta secci\u00f3n ha sido creada con motivo del programa de igualdad que se aplica nuevamente este a\u00f1o 2017\/18, ante la b\u00fasqueda del reconocimiento de todas las personas, sean cuales sean sus caracter\u00edsticas, como iguales ante los dem\u00e1s, ante la ley, etc. Se incluyen a continuaci\u00f3n, por tanto, documentos informativos y campa\u00f1as que se realizan en &hellip; <\/p>\n<p><a class=\"more-link btn\" href=\"https:\/\/blogsaverroes.juntadeandalucia.es\/iesolontigi\/igualdad\/\">Seguir leyendo<\/a><\/p>\n","protected":false},"author":2948,"featured_media":0,"parent":0,"menu_order":0,"comment_status":"closed","ping_status":"closed","template":"","meta":{"ngg_post_thumbnail":0,"footnotes":"","_mc_calendar":[]},"aioseo_notices":[],"_links":{"self":[{"href":"https:\/\/blogsaverroes.juntadeandalucia.es\/iesolontigi\/wp-json\/wp\/v2\/pages\/3126"}],"collection":[{"href":"https:\/\/blogsaverroes.juntadeandalucia.es\/iesolontigi\/wp-json\/wp\/v2\/pages"}],"about":[{"href":"https:\/\/blogsaverroes.juntadeandalucia.es\/iesolontigi\/wp-json\/wp\/v2\/types\/page"}],"author":[{"embeddable":true,"href":"https:\/\/blogsaverroes.juntadeandalucia.es\/iesolontigi\/wp-json\/wp\/v2\/users\/2948"}],"replies":[{"embeddable":true,"href":"https:\/\/blogsaverroes.juntadeandalucia.es\/iesolontigi\/wp-json\/wp\/v2\/comments?post=3126"}],"version-history":[{"count":8,"href":"https:\/\/blogsaverroes.juntadeandalucia.es\/iesolontigi\/wp-json\/wp\/v2\/pages\/3126\/revisions"}],"predecessor-version":[{"id":3239,"href":"https:\/\/blogsaverroes.juntadeandalucia.es\/iesolontigi\/wp-json\/wp\/v2\/pages\/3126\/revisions\/3239"}],"wp:attachment":[{"href":"https:\/\/blogsaverroes.juntadeandalucia.es\/iesolontigi\/wp-json\/wp\/v2\/media?parent=3126"}],"curies":[{"name":"wp","href":"https:\/\/api.w.org\/{rel}","templated":true}]}}