{"id":44,"date":"2015-03-13T08:42:15","date_gmt":"2015-03-13T08:42:15","guid":{"rendered":"http:\/\/blogsaverroes.juntadeandalucia.es\/pre\/ceip\/?page_id=44"},"modified":"2025-03-24T17:33:39","modified_gmt":"2025-03-24T17:33:39","slug":"planes-y-proyectos","status":"publish","type":"page","link":"https:\/\/blogsaverroes.juntadeandalucia.es\/iesolontigi\/planes-y-proyectos\/","title":{"rendered":"Planes y Programas"},"content":{"rendered":"<p><a href=\"http:\/\/blogsaverroes.juntadeandalucia.es\/iesolontigi\/files\/2015\/03\/planes-y-programas.png\"><img loading=\"lazy\" decoding=\"async\" class=\"wp-image-2803 size-full aligncenter\" src=\"http:\/\/blogsaverroes.juntadeandalucia.es\/iesolontigi\/files\/2015\/03\/planes-y-programas.png\" width=\"254\" height=\"255\" srcset=\"https:\/\/blogsaverroes.juntadeandalucia.es\/iesolontigi\/files\/2015\/03\/planes-y-programas.png 254w, https:\/\/blogsaverroes.juntadeandalucia.es\/iesolontigi\/files\/2015\/03\/planes-y-programas-150x150.png 150w, https:\/\/blogsaverroes.juntadeandalucia.es\/iesolontigi\/files\/2015\/03\/planes-y-programas-100x100.png 100w, https:\/\/blogsaverroes.juntadeandalucia.es\/iesolontigi\/files\/2015\/03\/planes-y-programas-160x160.png 160w, https:\/\/blogsaverroes.juntadeandalucia.es\/iesolontigi\/files\/2015\/03\/planes-y-programas-24x24.png 24w, https:\/\/blogsaverroes.juntadeandalucia.es\/iesolontigi\/files\/2015\/03\/planes-y-programas-36x36.png 36w, https:\/\/blogsaverroes.juntadeandalucia.es\/iesolontigi\/files\/2015\/03\/planes-y-programas-48x48.png 48w\" sizes=\"(max-width: 254px) 100vw, 254px\" \/><\/a><\/p>\n<p>Cada centro personaliza y adapta su Proyecto Educativo adhiri\u00e9ndose a diferentes <strong>Planes y Programas<\/strong> promovidos desde la Consejer\u00eda de Educaci\u00f3n, Cultura y Deporte.<\/p>\n<p>Los Planes y Programas de car\u00e1cter permanente que se trabajan en el centro son:<\/p>\n<ul>\n<li>Escuelas TIC 2.0<\/li>\n<li>Plan de salud laboral y PRL<\/li>\n<li>Proyecto centros TIC<\/li>\n<li>Plan de igualdad entre hombres y mujeres en la educaci\u00f3n<\/li>\n<\/ul>\n<p>Adem\u00e1s, los que se trabajan bajo el Programa CIMA, que en el presente curso 24-25 son:<\/p>\n<ul>\n<li>H\u00e1bitos y estilo de vida saludable<\/li>\n<li>STEM<\/li>\n<li>Aldea<\/li>\n<li>Comunica<\/li>\n<li>Vivir y sentir el patrimonio<\/li>\n<\/ul>\n","protected":false},"excerpt":{"rendered":"<p>Cada centro personaliza y adapta su Proyecto Educativo adhiri\u00e9ndose a diferentes Planes y Programas promovidos desde la Consejer\u00eda de Educaci\u00f3n, Cultura y Deporte. Los Planes y Programas de car\u00e1cter permanente que se trabajan en el centro son: Escuelas TIC 2.0 Plan de salud laboral y PRL Proyecto centros TIC Plan de igualdad entre hombres y &hellip; <\/p>\n<p><a class=\"more-link btn\" href=\"https:\/\/blogsaverroes.juntadeandalucia.es\/iesolontigi\/planes-y-proyectos\/\">Seguir leyendo<\/a><\/p>\n","protected":false},"author":1,"featured_media":0,"parent":0,"menu_order":0,"comment_status":"open","ping_status":"closed","template":"","meta":{"ngg_post_thumbnail":0,"footnotes":"","_mc_calendar":[]},"aioseo_notices":[],"_links":{"self":[{"href":"https:\/\/blogsaverroes.juntadeandalucia.es\/iesolontigi\/wp-json\/wp\/v2\/pages\/44"}],"collection":[{"href":"https:\/\/blogsaverroes.juntadeandalucia.es\/iesolontigi\/wp-json\/wp\/v2\/pages"}],"about":[{"href":"https:\/\/blogsaverroes.juntadeandalucia.es\/iesolontigi\/wp-json\/wp\/v2\/types\/page"}],"author":[{"embeddable":true,"href":"https:\/\/blogsaverroes.juntadeandalucia.es\/iesolontigi\/wp-json\/wp\/v2\/users\/1"}],"replies":[{"embeddable":true,"href":"https:\/\/blogsaverroes.juntadeandalucia.es\/iesolontigi\/wp-json\/wp\/v2\/comments?post=44"}],"version-history":[{"count":7,"href":"https:\/\/blogsaverroes.juntadeandalucia.es\/iesolontigi\/wp-json\/wp\/v2\/pages\/44\/revisions"}],"predecessor-version":[{"id":3505,"href":"https:\/\/blogsaverroes.juntadeandalucia.es\/iesolontigi\/wp-json\/wp\/v2\/pages\/44\/revisions\/3505"}],"wp:attachment":[{"href":"https:\/\/blogsaverroes.juntadeandalucia.es\/iesolontigi\/wp-json\/wp\/v2\/media?parent=44"}],"curies":[{"name":"wp","href":"https:\/\/api.w.org\/{rel}","templated":true}]}}