{"id":871,"date":"2015-03-16T07:25:46","date_gmt":"2015-03-16T07:25:46","guid":{"rendered":"http:\/\/blogsaverroes.juntadeandalucia.es\/pre\/ceip\/?page_id=106"},"modified":"2017-03-20T09:03:43","modified_gmt":"2017-03-20T09:03:43","slug":"actividades-extraescolares","status":"publish","type":"page","link":"https:\/\/blogsaverroes.juntadeandalucia.es\/iesolontigi\/actividades-extraescolares\/","title":{"rendered":"Actividades extraescolares"},"content":{"rendered":"<h4>Informaci\u00f3n sobre las actividades extraescolares<\/h4>\n<p style=\"text-align: left\"><a style=\"text-align: left\" href=\"http:\/\/blogsaverroes.juntadeandalucia.es\/iesolontigi\/files\/2015\/03\/activities.png\"><img loading=\"lazy\" decoding=\"async\" class=\"wp-image-2785 size-medium alignright\" src=\"http:\/\/blogsaverroes.juntadeandalucia.es\/iesolontigi\/files\/2015\/03\/activities-300x300.png\" height=\"300\" width=\"300\" srcset=\"https:\/\/blogsaverroes.juntadeandalucia.es\/iesolontigi\/files\/2015\/03\/activities-300x300.png 300w, https:\/\/blogsaverroes.juntadeandalucia.es\/iesolontigi\/files\/2015\/03\/activities-150x150.png 150w, https:\/\/blogsaverroes.juntadeandalucia.es\/iesolontigi\/files\/2015\/03\/activities-100x100.png 100w, https:\/\/blogsaverroes.juntadeandalucia.es\/iesolontigi\/files\/2015\/03\/activities-160x160.png 160w, https:\/\/blogsaverroes.juntadeandalucia.es\/iesolontigi\/files\/2015\/03\/activities-24x24.png 24w, https:\/\/blogsaverroes.juntadeandalucia.es\/iesolontigi\/files\/2015\/03\/activities-36x36.png 36w, https:\/\/blogsaverroes.juntadeandalucia.es\/iesolontigi\/files\/2015\/03\/activities-48x48.png 48w, https:\/\/blogsaverroes.juntadeandalucia.es\/iesolontigi\/files\/2015\/03\/activities.png 512w\" sizes=\"(max-width: 300px) 100vw, 300px\" \/><\/a>La actividad que se realiza fuera de horario escolar dentro del centro es la clase de acompa\u00f1amiento a los alumnos, cuyo horario se establece de<strong> 16:00<\/strong> a <strong>18:00<\/strong>, de <strong>lunes a jueves<\/strong>.<\/p>\n<p style=\"text-align: left\">Dicha tarea que se imparte dentro de esta clase es la de reforzar mediante teor\u00eda y una serie de actividades las asignaturas en las que los alumnos necesiten algo m\u00e1s de ayuda en su d\u00eda a d\u00eda.<\/p>\n","protected":false},"excerpt":{"rendered":"<p>Informaci\u00f3n sobre las actividades extraescolares La actividad que se realiza fuera de horario escolar dentro del centro es la clase de acompa\u00f1amiento a los alumnos, cuyo horario se establece de 16:00 a 18:00, de lunes a jueves. Dicha tarea que se imparte dentro de esta clase es la de reforzar mediante teor\u00eda y una serie &hellip; <\/p>\n<p><a class=\"more-link btn\" href=\"https:\/\/blogsaverroes.juntadeandalucia.es\/iesolontigi\/actividades-extraescolares\/\">Seguir leyendo<\/a><\/p>\n","protected":false},"author":1,"featured_media":0,"parent":0,"menu_order":0,"comment_status":"open","ping_status":"open","template":"page-templates\/child-menu.php","meta":{"ngg_post_thumbnail":0,"footnotes":"","_mc_calendar":[]},"aioseo_notices":[],"_links":{"self":[{"href":"https:\/\/blogsaverroes.juntadeandalucia.es\/iesolontigi\/wp-json\/wp\/v2\/pages\/871"}],"collection":[{"href":"https:\/\/blogsaverroes.juntadeandalucia.es\/iesolontigi\/wp-json\/wp\/v2\/pages"}],"about":[{"href":"https:\/\/blogsaverroes.juntadeandalucia.es\/iesolontigi\/wp-json\/wp\/v2\/types\/page"}],"author":[{"embeddable":true,"href":"https:\/\/blogsaverroes.juntadeandalucia.es\/iesolontigi\/wp-json\/wp\/v2\/users\/1"}],"replies":[{"embeddable":true,"href":"https:\/\/blogsaverroes.juntadeandalucia.es\/iesolontigi\/wp-json\/wp\/v2\/comments?post=871"}],"version-history":[{"count":10,"href":"https:\/\/blogsaverroes.juntadeandalucia.es\/iesolontigi\/wp-json\/wp\/v2\/pages\/871\/revisions"}],"predecessor-version":[{"id":2792,"href":"https:\/\/blogsaverroes.juntadeandalucia.es\/iesolontigi\/wp-json\/wp\/v2\/pages\/871\/revisions\/2792"}],"wp:attachment":[{"href":"https:\/\/blogsaverroes.juntadeandalucia.es\/iesolontigi\/wp-json\/wp\/v2\/media?parent=871"}],"curies":[{"name":"wp","href":"https:\/\/api.w.org\/{rel}","templated":true}]}}