{"id":2883,"date":"2021-07-26T17:27:21","date_gmt":"2021-07-26T16:27:21","guid":{"rendered":"https:\/\/blogsaverroes.juntadeandalucia.es\/iespabloneruda\/?page_id=2883"},"modified":"2025-09-26T11:43:45","modified_gmt":"2025-09-26T10:43:45","slug":"biologia-y-geologia","status":"publish","type":"page","link":"https:\/\/blogsaverroes.juntadeandalucia.es\/iespabloneruda\/biologia-y-geologia\/","title":{"rendered":"BIOLOG\u00cdA Y GEOLOG\u00cdA"},"content":{"rendered":"<h2 style=\"text-align: center\"><strong><span style=\"color: #e11a1a\">DEPARTAMENTO DE BIOLOG\u00cdA Y GEOLOG\u00cdA<\/span><\/strong><\/h2>\n<p>&nbsp;<\/p>\n<div id=\"1660398845\" class=\"u_1660398845 dmRespRow dmDefaultListContentRow\">\n<div id=\"1774546746\" class=\"dmRespColsWrapper\">\n<div id=\"1197288141\" class=\"dmRespCol small-12 medium-12 large-12 u_1197288141\">\n<div id=\"1162854171\" class=\"dmNewParagraph\" data-dmtmpl=\"true\" data-element-type=\"paragraph\" data-version=\"5\" data-uialign=\"center\">\n<p class=\"m-size-13 size-18\"><strong><span class=\"m-font-size-13 font-size-18\" style=\"color: #5d91bf\">MIEMBROS DEL DEPARTAMENTO<\/span><\/strong><\/p>\n<ul class=\"defaultList\">\n<li><span class=\"m-font-size-11 font-size-16\" style=\"color: #5d91bf\">M\u00aa Esperanza Aguilera L\u00f3pez-Font&nbsp;<\/span><\/li>\n<li><span style=\"color: #5d91bf\">Roc\u00edo Mata Pascual<\/span><\/li>\n<li><span class=\"m-font-size-11 font-size-16\" style=\"color: #5d91bf\">Antonia P\u00e9rez Garfia (Jefa de Departamento)<\/span><span class=\"m-font-size-11 font-size-16\" style=\"color: #5d91bf\"><br \/>\n<\/span><\/li>\n<\/ul>\n<\/div>\n<\/div>\n<\/div>\n<\/div>\n<div id=\"1660398845\" class=\"u_1660398845 dmRespRow dmDefaultListContentRow\">\n<div id=\"1774546746\" class=\"dmRespColsWrapper\">\n<div id=\"1197288141\" class=\"dmRespCol small-12 medium-12 large-12 u_1197288141\">\n<div id=\"1102038849\" class=\"dmNewParagraph\" data-dmtmpl=\"true\" data-element-type=\"paragraph\" data-version=\"5\" data-uialign=\"left\">\n<p>&nbsp;<\/p>\n<\/div>\n<\/div>\n<\/div>\n<\/div>\n","protected":false},"excerpt":{"rendered":"<p>DEPARTAMENTO DE BIOLOG\u00cdA Y GEOLOG\u00cdA &nbsp; MIEMBROS DEL DEPARTAMENTO M\u00aa Esperanza Aguilera L\u00f3pez-Font&nbsp; Roc\u00edo Mata Pascual Antonia P\u00e9rez Garfia (Jefa de Departamento) &nbsp;<\/p>\n","protected":false},"author":11374,"featured_media":0,"parent":0,"menu_order":0,"comment_status":"closed","ping_status":"closed","template":"","meta":{"ngg_post_thumbnail":0,"footnotes":"","_mc_calendar":[]},"aioseo_notices":[],"_links":{"self":[{"href":"https:\/\/blogsaverroes.juntadeandalucia.es\/iespabloneruda\/wp-json\/wp\/v2\/pages\/2883"}],"collection":[{"href":"https:\/\/blogsaverroes.juntadeandalucia.es\/iespabloneruda\/wp-json\/wp\/v2\/pages"}],"about":[{"href":"https:\/\/blogsaverroes.juntadeandalucia.es\/iespabloneruda\/wp-json\/wp\/v2\/types\/page"}],"author":[{"embeddable":true,"href":"https:\/\/blogsaverroes.juntadeandalucia.es\/iespabloneruda\/wp-json\/wp\/v2\/users\/11374"}],"replies":[{"embeddable":true,"href":"https:\/\/blogsaverroes.juntadeandalucia.es\/iespabloneruda\/wp-json\/wp\/v2\/comments?post=2883"}],"version-history":[{"count":20,"href":"https:\/\/blogsaverroes.juntadeandalucia.es\/iespabloneruda\/wp-json\/wp\/v2\/pages\/2883\/revisions"}],"predecessor-version":[{"id":7636,"href":"https:\/\/blogsaverroes.juntadeandalucia.es\/iespabloneruda\/wp-json\/wp\/v2\/pages\/2883\/revisions\/7636"}],"wp:attachment":[{"href":"https:\/\/blogsaverroes.juntadeandalucia.es\/iespabloneruda\/wp-json\/wp\/v2\/media?parent=2883"}],"curies":[{"name":"wp","href":"https:\/\/api.w.org\/{rel}","templated":true}]}}