{"id":2885,"date":"2021-07-26T17:29:12","date_gmt":"2021-07-26T16:29:12","guid":{"rendered":"https:\/\/blogsaverroes.juntadeandalucia.es\/iespabloneruda\/?page_id=2885"},"modified":"2025-09-28T19:30:54","modified_gmt":"2025-09-28T18:30:54","slug":"fisica-y-quimica","status":"publish","type":"page","link":"https:\/\/blogsaverroes.juntadeandalucia.es\/iespabloneruda\/fisica-y-quimica\/","title":{"rendered":"F\u00cdSICA Y QU\u00cdMICA"},"content":{"rendered":"<h2 style=\"text-align: center\"><strong><span style=\"color: #e11a1a\">DEPARTAMENTO DE F\u00cdSICA Y QU\u00cdMICA<\/span><\/strong><\/h2>\n<p>&nbsp;<\/p>\n<div id=\"1276311677\" class=\"u_1276311677 dmRespRow\">\n<div id=\"1424072456\" class=\"dmRespColsWrapper\">\n<div id=\"1050968653\" class=\"dmRespCol large-12 medium-12 small-12\">\n<div id=\"1810039522\" class=\"dmNewParagraph\" data-dmtmpl=\"true\" data-element-type=\"paragraph\" data-version=\"5\" data-uialign=\"center\">\n<p class=\"m-size-13 size-18\"><strong><span class=\"font-size-18 m-font-size-13\" style=\"color: #5d91bf\">MIEMBROS DEL DEPARTAMENTO<\/span><\/strong><\/p>\n<ul class=\"defaultList\">\n<li><span class=\"font-size-16 m-font-size-11\" style=\"color: #5d91bf\">Mar\u00eda Sol Pizarro Riu <span class=\"m-font-size-11 font-size-16\" style=\"color: #5d91bf\">(Jefa de Departamento)<\/span><\/span><\/li>\n<li class=\"m-size-11 size-16\"><span class=\"font-size-16 m-font-size-11\" style=\"color: #5d91bf\">Roc\u00edo Reina M\u00e1rquez&nbsp;<\/span><\/li>\n<li class=\"m-size-11 size-16\"><span class=\"font-size-16 m-font-size-11\" style=\"color: #5d91bf\">David Santos Ruiz&nbsp;<\/span><\/li>\n<\/ul>\n<\/div>\n<\/div>\n<\/div>\n<\/div>\n","protected":false},"excerpt":{"rendered":"<p>DEPARTAMENTO DE F\u00cdSICA Y QU\u00cdMICA &nbsp; MIEMBROS DEL DEPARTAMENTO Mar\u00eda Sol Pizarro Riu (Jefa de Departamento) Roc\u00edo Reina M\u00e1rquez&nbsp; David Santos Ruiz&nbsp;<\/p>\n","protected":false},"author":11374,"featured_media":0,"parent":0,"menu_order":0,"comment_status":"closed","ping_status":"closed","template":"","meta":{"ngg_post_thumbnail":0,"footnotes":"","_mc_calendar":[]},"aioseo_notices":[],"_links":{"self":[{"href":"https:\/\/blogsaverroes.juntadeandalucia.es\/iespabloneruda\/wp-json\/wp\/v2\/pages\/2885"}],"collection":[{"href":"https:\/\/blogsaverroes.juntadeandalucia.es\/iespabloneruda\/wp-json\/wp\/v2\/pages"}],"about":[{"href":"https:\/\/blogsaverroes.juntadeandalucia.es\/iespabloneruda\/wp-json\/wp\/v2\/types\/page"}],"author":[{"embeddable":true,"href":"https:\/\/blogsaverroes.juntadeandalucia.es\/iespabloneruda\/wp-json\/wp\/v2\/users\/11374"}],"replies":[{"embeddable":true,"href":"https:\/\/blogsaverroes.juntadeandalucia.es\/iespabloneruda\/wp-json\/wp\/v2\/comments?post=2885"}],"version-history":[{"count":15,"href":"https:\/\/blogsaverroes.juntadeandalucia.es\/iespabloneruda\/wp-json\/wp\/v2\/pages\/2885\/revisions"}],"predecessor-version":[{"id":7640,"href":"https:\/\/blogsaverroes.juntadeandalucia.es\/iespabloneruda\/wp-json\/wp\/v2\/pages\/2885\/revisions\/7640"}],"wp:attachment":[{"href":"https:\/\/blogsaverroes.juntadeandalucia.es\/iespabloneruda\/wp-json\/wp\/v2\/media?parent=2885"}],"curies":[{"name":"wp","href":"https:\/\/api.w.org\/{rel}","templated":true}]}}