{"id":2887,"date":"2021-07-26T17:30:34","date_gmt":"2021-07-26T16:30:34","guid":{"rendered":"https:\/\/blogsaverroes.juntadeandalucia.es\/iespabloneruda\/?page_id=2887"},"modified":"2026-02-06T21:43:14","modified_gmt":"2026-02-06T20:43:14","slug":"matematicas","status":"publish","type":"page","link":"https:\/\/blogsaverroes.juntadeandalucia.es\/iespabloneruda\/matematicas\/","title":{"rendered":"MATEM\u00c1TICAS"},"content":{"rendered":"<h2 style=\"text-align: center\"><strong><span style=\"color: #e11a1a\">DEPARTAMENTO DE MATEM\u00c1TICAS<\/span><\/strong><\/h2>\n<p>&nbsp;<\/p>\n<div id=\"1660398845\" class=\"u_1660398845 dmRespRow dmDefaultListContentRow\">\n<div id=\"1774546746\" class=\"dmRespColsWrapper\">\n<div id=\"1197288141\" class=\"dmRespCol small-12 medium-12 large-12\">\n<div id=\"1745506942\" class=\"dmNewParagraph\" data-dmtmpl=\"true\" data-element-type=\"paragraph\" data-version=\"5\" data-uialign=\"center\">\n<p class=\"m-size-13 size-18\"><strong><span class=\"m-font-size-13 font-size-18\" style=\"color: #5d91bf\">MIEMBROS DEL DEPARTAMENTO<\/span><\/strong><\/p>\n<ul class=\"defaultList\">\n<li><span class=\"m-font-size-11 font-size-16\" style=\"color: #5d91bf\">Manuel \u00c1lvarez Senao <\/span><\/li>\n<li><span class=\"m-font-size-11 font-size-16\" style=\"color: #5d91bf\">Manuela Barrag\u00e1n Larios<\/span><\/li>\n<li><span style=\"color: #5d91bf\">Juan Francisco Carmona Izquierdo<\/span><\/li>\n<li><span class=\"m-font-size-11 font-size-16\" style=\"color: #5d91bf\">M\u00aa Salom\u00e9 Ceada Mora <\/span><\/li>\n<li><span class=\"m-font-size-11 font-size-16\" style=\"color: #5d91bf\">Margarita Fern\u00e1ndez Gonz\u00e1lez (Jefa de Departamento)<\/span><\/li>\n<li><span style=\"color: #5d91bf\">Soraya Infantes Hern\u00e1ndez<\/span><\/li>\n<li><span class=\"m-font-size-11 font-size-16\" style=\"color: #5d91bf\">Gloria Lozano Arag\u00fcete<\/span><\/li>\n<li class=\"m-size-11 size-16\"><span class=\"m-font-size-11 font-size-16\" style=\"color: #5d91bf\">Melchor Mart\u00ednez Fern\u00e1ndez<\/span><\/li>\n<li><span class=\"m-font-size-11 font-size-16\" style=\"color: #5d91bf\">Mar\u00eda Luisa Mora Mora <\/span><\/li>\n<li><span class=\"m-font-size-11 font-size-16\" style=\"color: #5d91bf\">Mar\u00eda Luisa S\u00e1nchez Rite<\/span><\/li>\n<\/ul>\n<\/div>\n<\/div>\n<\/div>\n<\/div>\n<div id=\"1660398845\" class=\"u_1660398845 dmRespRow dmDefaultListContentRow\">\n<p>&nbsp;<\/p>\n<\/div>\n","protected":false},"excerpt":{"rendered":"<p>DEPARTAMENTO DE MATEM\u00c1TICAS &nbsp; MIEMBROS DEL DEPARTAMENTO Manuel \u00c1lvarez Senao Manuela Barrag\u00e1n Larios Juan Francisco Carmona Izquierdo M\u00aa Salom\u00e9 Ceada Mora Margarita Fern\u00e1ndez Gonz\u00e1lez (Jefa de Departamento) Soraya Infantes Hern\u00e1ndez Gloria Lozano Arag\u00fcete Melchor&#46;&#46;&#46;<\/p>\n","protected":false},"author":11374,"featured_media":0,"parent":0,"menu_order":0,"comment_status":"closed","ping_status":"closed","template":"","meta":{"ngg_post_thumbnail":0,"footnotes":"","_mc_calendar":[]},"aioseo_notices":[],"_links":{"self":[{"href":"https:\/\/blogsaverroes.juntadeandalucia.es\/iespabloneruda\/wp-json\/wp\/v2\/pages\/2887"}],"collection":[{"href":"https:\/\/blogsaverroes.juntadeandalucia.es\/iespabloneruda\/wp-json\/wp\/v2\/pages"}],"about":[{"href":"https:\/\/blogsaverroes.juntadeandalucia.es\/iespabloneruda\/wp-json\/wp\/v2\/types\/page"}],"author":[{"embeddable":true,"href":"https:\/\/blogsaverroes.juntadeandalucia.es\/iespabloneruda\/wp-json\/wp\/v2\/users\/11374"}],"replies":[{"embeddable":true,"href":"https:\/\/blogsaverroes.juntadeandalucia.es\/iespabloneruda\/wp-json\/wp\/v2\/comments?post=2887"}],"version-history":[{"count":18,"href":"https:\/\/blogsaverroes.juntadeandalucia.es\/iespabloneruda\/wp-json\/wp\/v2\/pages\/2887\/revisions"}],"predecessor-version":[{"id":7705,"href":"https:\/\/blogsaverroes.juntadeandalucia.es\/iespabloneruda\/wp-json\/wp\/v2\/pages\/2887\/revisions\/7705"}],"wp:attachment":[{"href":"https:\/\/blogsaverroes.juntadeandalucia.es\/iespabloneruda\/wp-json\/wp\/v2\/media?parent=2887"}],"curies":[{"name":"wp","href":"https:\/\/api.w.org\/{rel}","templated":true}]}}