{"id":2890,"date":"2021-07-26T17:31:24","date_gmt":"2021-07-26T16:31:24","guid":{"rendered":"https:\/\/blogsaverroes.juntadeandalucia.es\/iespabloneruda\/?page_id=2890"},"modified":"2026-02-06T21:34:23","modified_gmt":"2026-02-06T20:34:23","slug":"tecnologia","status":"publish","type":"page","link":"https:\/\/blogsaverroes.juntadeandalucia.es\/iespabloneruda\/tecnologia\/","title":{"rendered":"TECNOLOG\u00cdA"},"content":{"rendered":"<h2 style=\"text-align: center\"><strong><span style=\"color: #e11a1a\">DEPARTAMENTO DE TECNOLOG\u00cdA<\/span><\/strong><\/h2>\n<p>&nbsp;<\/p>\n<div id=\"1660398845\" class=\"u_1660398845 dmRespRow dmDefaultListContentRow\">\n<div id=\"1774546746\" class=\"dmRespColsWrapper\">\n<div id=\"1197288141\" class=\"dmRespCol small-12 medium-12 large-12\">\n<div id=\"1634741341\" class=\"dmNewParagraph\" data-dmtmpl=\"true\" data-element-type=\"paragraph\" data-version=\"5\" data-uialign=\"center\">\n<p class=\"m-size-13 size-18\"><strong><span class=\"font-size-18 m-font-size-13\" style=\"color: #5d91bf\">MIEMBROS DEL DEPARTAMENTO<\/span><\/strong><\/p>\n<ul class=\"defaultList\">\n<li><span style=\"color: #5d91bf\">Andr\u00e9s De la Fuente Sotomayor <\/span><\/li>\n<li class=\"m-size-11 size-16\"><span class=\"font-size-16 m-font-size-11\" style=\"color: #5d91bf\">M\u00aa del Pilar Navarro Iglesias (Jefa de Departamento)<\/span><\/li>\n<li class=\"m-size-11 size-16\"><span class=\"font-size-16 m-font-size-11\" style=\"color: #5d91bf\">Joaqu\u00edn Rodr\u00edguez Fern\u00e1ndez<\/span><\/li>\n<li class=\"m-size-11 size-16\"><span class=\"font-size-16 m-font-size-11\" style=\"color: #5d91bf\"> Paula Rodr\u00edguez L\u00f3pez-Tarancon<\/span><\/li>\n<\/ul>\n<\/div>\n<\/div>\n<\/div>\n<\/div>\n","protected":false},"excerpt":{"rendered":"<p>DEPARTAMENTO DE TECNOLOG\u00cdA &nbsp; MIEMBROS DEL DEPARTAMENTO Andr\u00e9s De la Fuente Sotomayor M\u00aa del Pilar Navarro Iglesias (Jefa de Departamento) Joaqu\u00edn Rodr\u00edguez Fern\u00e1ndez Paula Rodr\u00edguez L\u00f3pez-Tarancon<\/p>\n","protected":false},"author":11374,"featured_media":0,"parent":0,"menu_order":0,"comment_status":"closed","ping_status":"closed","template":"","meta":{"ngg_post_thumbnail":0,"footnotes":"","_mc_calendar":[]},"aioseo_notices":[],"_links":{"self":[{"href":"https:\/\/blogsaverroes.juntadeandalucia.es\/iespabloneruda\/wp-json\/wp\/v2\/pages\/2890"}],"collection":[{"href":"https:\/\/blogsaverroes.juntadeandalucia.es\/iespabloneruda\/wp-json\/wp\/v2\/pages"}],"about":[{"href":"https:\/\/blogsaverroes.juntadeandalucia.es\/iespabloneruda\/wp-json\/wp\/v2\/types\/page"}],"author":[{"embeddable":true,"href":"https:\/\/blogsaverroes.juntadeandalucia.es\/iespabloneruda\/wp-json\/wp\/v2\/users\/11374"}],"replies":[{"embeddable":true,"href":"https:\/\/blogsaverroes.juntadeandalucia.es\/iespabloneruda\/wp-json\/wp\/v2\/comments?post=2890"}],"version-history":[{"count":14,"href":"https:\/\/blogsaverroes.juntadeandalucia.es\/iespabloneruda\/wp-json\/wp\/v2\/pages\/2890\/revisions"}],"predecessor-version":[{"id":7703,"href":"https:\/\/blogsaverroes.juntadeandalucia.es\/iespabloneruda\/wp-json\/wp\/v2\/pages\/2890\/revisions\/7703"}],"wp:attachment":[{"href":"https:\/\/blogsaverroes.juntadeandalucia.es\/iespabloneruda\/wp-json\/wp\/v2\/media?parent=2890"}],"curies":[{"name":"wp","href":"https:\/\/api.w.org\/{rel}","templated":true}]}}