{"id":2904,"date":"2021-07-26T17:39:20","date_gmt":"2021-07-26T16:39:20","guid":{"rendered":"https:\/\/blogsaverroes.juntadeandalucia.es\/iespabloneruda\/?page_id=2904"},"modified":"2025-09-28T19:34:41","modified_gmt":"2025-09-28T18:34:41","slug":"filosofia","status":"publish","type":"page","link":"https:\/\/blogsaverroes.juntadeandalucia.es\/iespabloneruda\/filosofia\/","title":{"rendered":"FILOSOF\u00cdA"},"content":{"rendered":"<h2 style=\"text-align: center\"><strong><span style=\"color: #e11a1a\">DEPARTAMENTO DE FILOSOF\u00cdA<\/span><\/strong><\/h2>\n<p>&nbsp;<\/p>\n<div id=\"1660398845\" class=\"dmRespRow dmDefaultListContentRow u_1660398845\">\n<div id=\"1774546746\" class=\"dmRespColsWrapper\">\n<div id=\"1197288141\" class=\"dmRespCol small-12 medium-12 large-12\">\n<div id=\"1788473458\" class=\"dmNewParagraph\" data-dmtmpl=\"true\" data-element-type=\"paragraph\" data-version=\"5\">\n<p class=\"size-18 m-size-13\"><strong><span class=\"font-size-18 m-font-size-13\" style=\"color: #5d91bf\">MIEMBROS DEL DEPARTAMENTO<\/span><\/strong><\/p>\n<ul class=\"defaultList\">\n<li><span style=\"color: #5d91bf\">Rosa Espa\u00f1a Ferradanes<\/span><\/li>\n<li><span style=\"color: #5d91bf\">Jes\u00fas Manuel <\/span><span style=\"color: #5d91bf\">Hurtado Barreno <span class=\"m-font-size-11 font-size-16\" style=\"color: #5d91bf\">(Jefe de Departamento)<\/span><\/span><\/li>\n<\/ul>\n<\/div>\n<\/div>\n<p>&nbsp;<\/p>\n<p>&nbsp;<\/p>\n<\/div>\n<\/div>\n","protected":false},"excerpt":{"rendered":"<p>DEPARTAMENTO DE FILOSOF\u00cdA &nbsp; MIEMBROS DEL DEPARTAMENTO Rosa Espa\u00f1a Ferradanes Jes\u00fas Manuel Hurtado Barreno (Jefe de Departamento) &nbsp; &nbsp;<\/p>\n","protected":false},"author":11374,"featured_media":0,"parent":0,"menu_order":0,"comment_status":"closed","ping_status":"closed","template":"","meta":{"ngg_post_thumbnail":0,"footnotes":"","_mc_calendar":[]},"aioseo_notices":[],"_links":{"self":[{"href":"https:\/\/blogsaverroes.juntadeandalucia.es\/iespabloneruda\/wp-json\/wp\/v2\/pages\/2904"}],"collection":[{"href":"https:\/\/blogsaverroes.juntadeandalucia.es\/iespabloneruda\/wp-json\/wp\/v2\/pages"}],"about":[{"href":"https:\/\/blogsaverroes.juntadeandalucia.es\/iespabloneruda\/wp-json\/wp\/v2\/types\/page"}],"author":[{"embeddable":true,"href":"https:\/\/blogsaverroes.juntadeandalucia.es\/iespabloneruda\/wp-json\/wp\/v2\/users\/11374"}],"replies":[{"embeddable":true,"href":"https:\/\/blogsaverroes.juntadeandalucia.es\/iespabloneruda\/wp-json\/wp\/v2\/comments?post=2904"}],"version-history":[{"count":13,"href":"https:\/\/blogsaverroes.juntadeandalucia.es\/iespabloneruda\/wp-json\/wp\/v2\/pages\/2904\/revisions"}],"predecessor-version":[{"id":7642,"href":"https:\/\/blogsaverroes.juntadeandalucia.es\/iespabloneruda\/wp-json\/wp\/v2\/pages\/2904\/revisions\/7642"}],"wp:attachment":[{"href":"https:\/\/blogsaverroes.juntadeandalucia.es\/iespabloneruda\/wp-json\/wp\/v2\/media?parent=2904"}],"curies":[{"name":"wp","href":"https:\/\/api.w.org\/{rel}","templated":true}]}}