{"id":2909,"date":"2021-07-26T17:41:33","date_gmt":"2021-07-26T16:41:33","guid":{"rendered":"https:\/\/blogsaverroes.juntadeandalucia.es\/iespabloneruda\/?page_id=2909"},"modified":"2025-11-30T22:20:40","modified_gmt":"2025-11-30T21:20:40","slug":"geografia-e-historia","status":"publish","type":"page","link":"https:\/\/blogsaverroes.juntadeandalucia.es\/iespabloneruda\/geografia-e-historia\/","title":{"rendered":"GEOGRAF\u00cdA E HISTORIA"},"content":{"rendered":"<h2 style=\"text-align: center\"><strong><span style=\"color: #e11a1a\">DEPARTAMENTO DE GEOGRAF\u00cdA E HISTORIA<\/span><\/strong><\/h2>\n<p>&nbsp;<\/p>\n<div id=\"1504014196\" class=\"dmRespRow\">\n<div id=\"1652948290\" class=\"dmRespColsWrapper\">\n<div id=\"1695688318\" class=\"dmRespCol large-12 medium-12 small-12\">\n<div id=\"1289506367\" class=\"dmNewParagraph\" data-dmtmpl=\"true\" data-element-type=\"paragraph\" data-version=\"5\" data-uialign=\"center\">\n<p class=\"m-size-13 size-18\"><strong><span class=\"m-font-size-13 font-size-18\" style=\"color: #5d91bf\">MIEMBROS DEL DEPARTAMENTO<\/span><\/strong><\/p>\n<ul class=\"defaultList\">\n<li><span class=\"font-size-16 m-font-size-11\" style=\"color: #5d91bf\">Miguel Di\u00e9guez Alonso<\/span><\/li>\n<li><span class=\"m-font-size-11 font-size-16\" style=\"color: #5d91bf\">Jos\u00e9 Guzm\u00e1n D\u00edaz<\/span><\/li>\n<li><span class=\"m-font-size-11 font-size-16\" style=\"color: #5d91bf\">M\u00aa Francisca Pons P\u00e9rez (Jefa de Departamento)<\/span><\/li>\n<li><span class=\"m-font-size-11 font-size-16\" style=\"color: #5d91bf\">M\u00aa Francisca Prieto L\u00f3pez de Silva&nbsp;<\/span><\/li>\n<li><span class=\"m-font-size-11 font-size-16\" style=\"color: #5d91bf\">Francisco Javier Ramos Villar\u00e1n<\/span><\/li>\n<li><span class=\"m-font-size-11 font-size-16\" style=\"color: #5d91bf\">Marta Ruiz Sastre<\/span><\/li>\n<\/ul>\n<\/div>\n<\/div>\n<\/div>\n<\/div>\n","protected":false},"excerpt":{"rendered":"<p>DEPARTAMENTO DE GEOGRAF\u00cdA E HISTORIA &nbsp; MIEMBROS DEL DEPARTAMENTO Miguel Di\u00e9guez Alonso Jos\u00e9 Guzm\u00e1n D\u00edaz M\u00aa Francisca Pons P\u00e9rez (Jefa de Departamento) M\u00aa Francisca Prieto L\u00f3pez de Silva&nbsp; Francisco Javier Ramos Villar\u00e1n Marta Ruiz&#46;&#46;&#46;<\/p>\n","protected":false},"author":11374,"featured_media":0,"parent":0,"menu_order":0,"comment_status":"closed","ping_status":"closed","template":"","meta":{"ngg_post_thumbnail":0,"footnotes":"","_mc_calendar":[]},"aioseo_notices":[],"_links":{"self":[{"href":"https:\/\/blogsaverroes.juntadeandalucia.es\/iespabloneruda\/wp-json\/wp\/v2\/pages\/2909"}],"collection":[{"href":"https:\/\/blogsaverroes.juntadeandalucia.es\/iespabloneruda\/wp-json\/wp\/v2\/pages"}],"about":[{"href":"https:\/\/blogsaverroes.juntadeandalucia.es\/iespabloneruda\/wp-json\/wp\/v2\/types\/page"}],"author":[{"embeddable":true,"href":"https:\/\/blogsaverroes.juntadeandalucia.es\/iespabloneruda\/wp-json\/wp\/v2\/users\/11374"}],"replies":[{"embeddable":true,"href":"https:\/\/blogsaverroes.juntadeandalucia.es\/iespabloneruda\/wp-json\/wp\/v2\/comments?post=2909"}],"version-history":[{"count":18,"href":"https:\/\/blogsaverroes.juntadeandalucia.es\/iespabloneruda\/wp-json\/wp\/v2\/pages\/2909\/revisions"}],"predecessor-version":[{"id":7639,"href":"https:\/\/blogsaverroes.juntadeandalucia.es\/iespabloneruda\/wp-json\/wp\/v2\/pages\/2909\/revisions\/7639"}],"wp:attachment":[{"href":"https:\/\/blogsaverroes.juntadeandalucia.es\/iespabloneruda\/wp-json\/wp\/v2\/media?parent=2909"}],"curies":[{"name":"wp","href":"https:\/\/api.w.org\/{rel}","templated":true}]}}