{"id":2911,"date":"2021-07-26T17:42:54","date_gmt":"2021-07-26T16:42:54","guid":{"rendered":"https:\/\/blogsaverroes.juntadeandalucia.es\/iespabloneruda\/?page_id=2911"},"modified":"2026-02-06T21:50:02","modified_gmt":"2026-02-06T20:50:02","slug":"ingles","status":"publish","type":"page","link":"https:\/\/blogsaverroes.juntadeandalucia.es\/iespabloneruda\/ingles\/","title":{"rendered":"INGL\u00c9S"},"content":{"rendered":"<h2 style=\"text-align: center\"><strong><span style=\"color: #e11a1a\">DEPARTAMENTO DE INGL\u00c9S<\/span><\/strong><\/h2>\n<p>&nbsp;<\/p>\n<div id=\"1660398845\" class=\"dmRespRow dmDefaultListContentRow u_1660398845\">\n<div id=\"1774546746\" class=\"dmRespColsWrapper\">\n<div id=\"1197288141\" class=\"dmRespCol small-12 medium-12 large-12\">\n<div id=\"1945156651\" class=\"dmNewParagraph\" data-dmtmpl=\"true\" data-element-type=\"paragraph\" data-version=\"5\" data-uialign=\"center\">\n<p class=\"m-size-13 size-18\"><strong><span class=\"m-font-size-13 font-size-18\" style=\"color: #5d91bf\">MIEMBROS DEL DEPARTAMENTO<\/span><\/strong><\/p>\n<ul class=\"defaultList\">\n<li><span class=\"m-font-size-11 font-size-16\" style=\"color: #5d91bf\">Ana M\u00aa Albarr\u00e1n Cruz <\/span><\/li>\n<li><span class=\"m-font-size-11 font-size-16\" style=\"color: #5d91bf\">Ana M\u00aa Arenas Mart\u00edn<\/span><\/li>\n<li><span class=\"m-font-size-11 font-size-16\" style=\"color: #5d91bf\">M\u00aa del Carmen Borrero Ruiz<\/span><\/li>\n<li><span class=\"m-font-size-11 font-size-16\" style=\"color: #5d91bf\">M\u00aa \u00c1ngeles Capela Torquemada <\/span><\/li>\n<li><span class=\"m-font-size-11 font-size-16\" style=\"color: #5d91bf\">Isabel M\u00aa Dom\u00ednguez D\u00edaz<\/span><\/li>\n<li><span style=\"color: #5d91bf\">M\u00aa del Carmen Guerrero Perea<\/span><\/li>\n<li><span class=\"m-font-size-11 font-size-16\" style=\"color: #5d91bf\">Mar\u00eda Gracia Hern\u00e1ndez R\u00edos (Jefa de Departamento) <\/span><\/li>\n<li><span class=\"m-font-size-11 font-size-16\" style=\"color: #5d91bf\">Patricia P\u00e9rez Rodr\u00edguez <\/span><\/li>\n<li><span class=\"m-font-size-11 font-size-16\" style=\"color: #5d91bf\">M\u00aa Teresa Sancho Moreno<\/span><\/li>\n<li class=\"m-size-11 size-16\"><span class=\"m-font-size-11 font-size-16\" style=\"color: #5d91bf\">Trinidad S\u00e1nchez Lorenzo<\/span><\/li>\n<\/ul>\n<\/div>\n<\/div>\n<\/div>\n<\/div>\n","protected":false},"excerpt":{"rendered":"<p>DEPARTAMENTO DE INGL\u00c9S &nbsp; MIEMBROS DEL DEPARTAMENTO Ana M\u00aa Albarr\u00e1n Cruz Ana M\u00aa Arenas Mart\u00edn M\u00aa del Carmen Borrero Ruiz M\u00aa \u00c1ngeles Capela Torquemada Isabel M\u00aa Dom\u00ednguez D\u00edaz M\u00aa del Carmen Guerrero Perea Mar\u00eda&#46;&#46;&#46;<\/p>\n","protected":false},"author":11374,"featured_media":0,"parent":0,"menu_order":0,"comment_status":"closed","ping_status":"closed","template":"","meta":{"ngg_post_thumbnail":0,"footnotes":"","_mc_calendar":[]},"aioseo_notices":[],"_links":{"self":[{"href":"https:\/\/blogsaverroes.juntadeandalucia.es\/iespabloneruda\/wp-json\/wp\/v2\/pages\/2911"}],"collection":[{"href":"https:\/\/blogsaverroes.juntadeandalucia.es\/iespabloneruda\/wp-json\/wp\/v2\/pages"}],"about":[{"href":"https:\/\/blogsaverroes.juntadeandalucia.es\/iespabloneruda\/wp-json\/wp\/v2\/types\/page"}],"author":[{"embeddable":true,"href":"https:\/\/blogsaverroes.juntadeandalucia.es\/iespabloneruda\/wp-json\/wp\/v2\/users\/11374"}],"replies":[{"embeddable":true,"href":"https:\/\/blogsaverroes.juntadeandalucia.es\/iespabloneruda\/wp-json\/wp\/v2\/comments?post=2911"}],"version-history":[{"count":19,"href":"https:\/\/blogsaverroes.juntadeandalucia.es\/iespabloneruda\/wp-json\/wp\/v2\/pages\/2911\/revisions"}],"predecessor-version":[{"id":7708,"href":"https:\/\/blogsaverroes.juntadeandalucia.es\/iespabloneruda\/wp-json\/wp\/v2\/pages\/2911\/revisions\/7708"}],"wp:attachment":[{"href":"https:\/\/blogsaverroes.juntadeandalucia.es\/iespabloneruda\/wp-json\/wp\/v2\/media?parent=2911"}],"curies":[{"name":"wp","href":"https:\/\/api.w.org\/{rel}","templated":true}]}}