{"id":2922,"date":"2021-07-26T17:47:48","date_gmt":"2021-07-26T16:47:48","guid":{"rendered":"https:\/\/blogsaverroes.juntadeandalucia.es\/iespabloneruda\/?page_id=2922"},"modified":"2025-10-04T14:23:17","modified_gmt":"2025-10-04T13:23:17","slug":"educacion-fisica","status":"publish","type":"page","link":"https:\/\/blogsaverroes.juntadeandalucia.es\/iespabloneruda\/educacion-fisica\/","title":{"rendered":"EDUCACI\u00d3N F\u00cdSICA"},"content":{"rendered":"<h2 style=\"text-align: center\"><strong><span style=\"color: #e11a1a\">DEPARTAMENTO DE EDUCACI\u00d3N F\u00cdSICA<\/span><\/strong><\/h2>\n<p>&nbsp;<\/p>\n<div id=\"1660398845\" class=\"dmRespRow dmDefaultListContentRow u_1660398845\">\n<div id=\"1774546746\" class=\"dmRespColsWrapper\">\n<div id=\"1197288141\" class=\"dmRespCol small-12 medium-12 large-12\">\n<div id=\"1917109497\" class=\"dmNewParagraph\" data-dmtmpl=\"true\" data-element-type=\"paragraph\" data-version=\"5\">\n<p class=\"size-18 m-size-13\"><strong><span class=\"font-size-18 m-font-size-13\" style=\"color: #5d91bf\">MIEMBROS DEL DEPARTAMENTO<\/span><\/strong><\/p>\n<ul class=\"defaultList\">\n<li><span class=\"font-size-16 m-font-size-11\" style=\"color: #5d91bf\">Fernando Carrasco Su\u00e1rez<\/span><\/li>\n<li class=\"size-16 m-size-11\"><span class=\"font-size-16 m-font-size-11\" style=\"color: #5d91bf\">Miguel \u00c1ngel Cruz Sutil<\/span><\/li>\n<li><span style=\"color: #5d91bf\">Sonia Sim\u00f3n Berbel (Jefa de Departamento)<\/span><\/li>\n<\/ul>\n<\/div>\n<\/div>\n<\/div>\n<\/div>\n","protected":false},"excerpt":{"rendered":"<p>DEPARTAMENTO DE EDUCACI\u00d3N F\u00cdSICA &nbsp; MIEMBROS DEL DEPARTAMENTO Fernando Carrasco Su\u00e1rez Miguel \u00c1ngel Cruz Sutil Sonia Sim\u00f3n Berbel (Jefa de Departamento)<\/p>\n","protected":false},"author":11374,"featured_media":0,"parent":0,"menu_order":0,"comment_status":"closed","ping_status":"closed","template":"","meta":{"ngg_post_thumbnail":0,"footnotes":"","_mc_calendar":[]},"aioseo_notices":[],"_links":{"self":[{"href":"https:\/\/blogsaverroes.juntadeandalucia.es\/iespabloneruda\/wp-json\/wp\/v2\/pages\/2922"}],"collection":[{"href":"https:\/\/blogsaverroes.juntadeandalucia.es\/iespabloneruda\/wp-json\/wp\/v2\/pages"}],"about":[{"href":"https:\/\/blogsaverroes.juntadeandalucia.es\/iespabloneruda\/wp-json\/wp\/v2\/types\/page"}],"author":[{"embeddable":true,"href":"https:\/\/blogsaverroes.juntadeandalucia.es\/iespabloneruda\/wp-json\/wp\/v2\/users\/11374"}],"replies":[{"embeddable":true,"href":"https:\/\/blogsaverroes.juntadeandalucia.es\/iespabloneruda\/wp-json\/wp\/v2\/comments?post=2922"}],"version-history":[{"count":13,"href":"https:\/\/blogsaverroes.juntadeandalucia.es\/iespabloneruda\/wp-json\/wp\/v2\/pages\/2922\/revisions"}],"predecessor-version":[{"id":7644,"href":"https:\/\/blogsaverroes.juntadeandalucia.es\/iespabloneruda\/wp-json\/wp\/v2\/pages\/2922\/revisions\/7644"}],"wp:attachment":[{"href":"https:\/\/blogsaverroes.juntadeandalucia.es\/iespabloneruda\/wp-json\/wp\/v2\/media?parent=2922"}],"curies":[{"name":"wp","href":"https:\/\/api.w.org\/{rel}","templated":true}]}}