{"id":3011,"date":"2021-07-27T17:51:32","date_gmt":"2021-07-27T16:51:32","guid":{"rendered":"https:\/\/blogsaverroes.juntadeandalucia.es\/iespabloneruda\/?page_id=3011"},"modified":"2025-09-14T21:08:20","modified_gmt":"2025-09-14T20:08:20","slug":"como-contactar","status":"publish","type":"page","link":"https:\/\/blogsaverroes.juntadeandalucia.es\/iespabloneruda\/como-contactar\/","title":{"rendered":"\u00bfC\u00d3MO CONTACTAR?"},"content":{"rendered":"<h3 style=\"text-align: center\"><a href=\"https:\/\/blogsaverroes.juntadeandalucia.es\/iespabloneruda\/files\/2021\/07\/AMPA-LOS-NARANJOS.png\"><img loading=\"lazy\" decoding=\"async\" class=\"alignnone size-full wp-image-3028\" src=\"https:\/\/blogsaverroes.juntadeandalucia.es\/iespabloneruda\/files\/2021\/07\/AMPA-LOS-NARANJOS.png\" alt=\"\" width=\"254\" height=\"67\"><\/a><\/h3>\n<h3>&nbsp;<\/h3>\n<h3 style=\"text-align: center\"><span style=\"color: #f16007\"><strong>\u00bfC\u00d3MO CONTACTAR?<\/strong><\/span><\/h3>\n<p>&nbsp;<\/p>\n<p><span class=\"lh-1 font-size-18\"><span style=\"color: #31cbf6\">ampalosnaranjoshuelva@gmail.com<\/span><br \/>\n<\/span><\/p>\n<div><span class=\"lh-1 font-size-18\" style=\"color: #f16007\">Presidenta: Teresa Rico Blanco<\/span><\/div>\n<div><span class=\"lh-1 font-size-18\" style=\"color: #f16007\">Secretario: Sim\u00f3n Luis S\u00e1ndez Gonz\u00e1lez<\/span><\/div>\n<div><span class=\"lh-1 font-size-18\" style=\"color: #f16007\">Tesorera: Paqui Iglesias Lucena<\/span><\/div>\n<div>&nbsp;<\/div>\n<div>&nbsp;<\/div>\n<div><span class=\"font-size-18 lh-1\" style=\"color: #31cbf6\">Por correo electr\u00f3nico: ampalosnaranjoshuelva@gmail.com<br \/>\nPor tel\u00e9fono: 644 44 67 24 (llamadas y WhatsApp)<\/span><\/div>\n","protected":false},"excerpt":{"rendered":"<p>&nbsp; \u00bfC\u00d3MO CONTACTAR? &nbsp; ampalosnaranjoshuelva@gmail.com Presidenta: Teresa Rico Blanco Secretario: Sim\u00f3n Luis S\u00e1ndez Gonz\u00e1lez Tesorera: Paqui Iglesias Lucena &nbsp; &nbsp; Por correo electr\u00f3nico: ampalosnaranjoshuelva@gmail.com Por tel\u00e9fono: 644 44 67 24 (llamadas y WhatsApp)<\/p>\n","protected":false},"author":11374,"featured_media":0,"parent":0,"menu_order":0,"comment_status":"closed","ping_status":"closed","template":"","meta":{"ngg_post_thumbnail":0,"footnotes":"","_mc_calendar":[]},"aioseo_notices":[],"_links":{"self":[{"href":"https:\/\/blogsaverroes.juntadeandalucia.es\/iespabloneruda\/wp-json\/wp\/v2\/pages\/3011"}],"collection":[{"href":"https:\/\/blogsaverroes.juntadeandalucia.es\/iespabloneruda\/wp-json\/wp\/v2\/pages"}],"about":[{"href":"https:\/\/blogsaverroes.juntadeandalucia.es\/iespabloneruda\/wp-json\/wp\/v2\/types\/page"}],"author":[{"embeddable":true,"href":"https:\/\/blogsaverroes.juntadeandalucia.es\/iespabloneruda\/wp-json\/wp\/v2\/users\/11374"}],"replies":[{"embeddable":true,"href":"https:\/\/blogsaverroes.juntadeandalucia.es\/iespabloneruda\/wp-json\/wp\/v2\/comments?post=3011"}],"version-history":[{"count":9,"href":"https:\/\/blogsaverroes.juntadeandalucia.es\/iespabloneruda\/wp-json\/wp\/v2\/pages\/3011\/revisions"}],"predecessor-version":[{"id":7603,"href":"https:\/\/blogsaverroes.juntadeandalucia.es\/iespabloneruda\/wp-json\/wp\/v2\/pages\/3011\/revisions\/7603"}],"wp:attachment":[{"href":"https:\/\/blogsaverroes.juntadeandalucia.es\/iespabloneruda\/wp-json\/wp\/v2\/media?parent=3011"}],"curies":[{"name":"wp","href":"https:\/\/api.w.org\/{rel}","templated":true}]}}