{"id":4194,"date":"2022-03-10T08:52:33","date_gmt":"2022-03-10T07:52:33","guid":{"rendered":"https:\/\/blogsaverroes.juntadeandalucia.es\/iespabloneruda\/?page_id=4194"},"modified":"2026-02-18T00:35:58","modified_gmt":"2026-02-17T23:35:58","slug":"programaciones-por-areas","status":"publish","type":"page","link":"https:\/\/blogsaverroes.juntadeandalucia.es\/iespabloneruda\/programaciones-por-areas\/","title":{"rendered":"PROGRAMACIONES"},"content":{"rendered":"<p style=\"text-align: center\"><span style=\"font-size: 18pt;color: #e11a1a\"><strong>\u00c1REA CIENT\u00cdFICO-TECNOL\u00d3GICA<\/strong><\/span><\/p>\n<p>&nbsp;<\/p>\n<table style=\"width: 100%;border-collapse: collapse;border-color: #ffffff;background-color: #ffffff\">\n<tbody>\n<tr style=\"height: 24px\">\n<td style=\"width: 25%;height: 24px;border-style: none;border-color: #ffffff;background-color: #ffffff;text-align: center\"><a href=\"https:\/\/drive.google.com\/drive\/folders\/1W4U55uOctRwLpYD_ElMRSLlKD1N6d2TM?usp=drive_link\" target=\"_blank\" rel=\"noopener\"><img loading=\"lazy\" decoding=\"async\" class=\"alignnone size-full wp-image-4279\" src=\"https:\/\/blogsaverroes.juntadeandalucia.es\/iespabloneruda\/files\/2022\/03\/CARPETA-BIOLOG\u00cdA-Y-GEOLOG\u00cdA.png\" alt=\"\" width=\"256\" height=\"197\"><\/a><\/td>\n<td><a href=\"https:\/\/drive.google.com\/drive\/folders\/1ygW3nYPIMxPD7UUZ6poFOnYDUKb-J3N7\" target=\"_blank\" rel=\"noopener\"><img loading=\"lazy\" decoding=\"async\" src=\"https:\/\/blogsaverroes.juntadeandalucia.es\/iespabloneruda\/files\/2022\/03\/CARPETA-F\u00cdSICA-Y-QU\u00cdMICA.png\" alt=\"\" width=\"256\" height=\"197\"><\/a><\/td>\n<td style=\"width: 25%;height: 24px;border-color: #ffffff;background-color: #ffffff;text-align: center\"><a href=\"https:\/\/drive.google.com\/drive\/folders\/13Gz7bEaYyMWFeg8bQN3Bohb6tvIjyfyD?usp=sharing\" target=\"_blank\" rel=\"noopener\"><img loading=\"lazy\" decoding=\"async\" class=\"alignnone size-full wp-image-4281\" src=\"https:\/\/blogsaverroes.juntadeandalucia.es\/iespabloneruda\/files\/2022\/03\/CARPETA-MATEM\u00c1TICAS.png\" alt=\"\" width=\"256\" height=\"197\"><\/a><\/td>\n<td style=\"width: 25%;height: 24px;border-color: #ffffff;background-color: #ffffff;text-align: center\"><a href=\"https:\/\/drive.google.com\/drive\/folders\/15MVVDQ2T4p52QV9Fjm02-uKnYwWkuwrv?usp=drive_link\" target=\"_blank\" rel=\"noopener\"><img loading=\"lazy\" decoding=\"async\" class=\"alignnone size-full wp-image-4282\" src=\"https:\/\/blogsaverroes.juntadeandalucia.es\/iespabloneruda\/files\/2022\/03\/CARPETA-TECNOLOG\u00cdA.png\" alt=\"\" width=\"256\" height=\"197\"><\/a><\/td>\n<\/tr>\n<\/tbody>\n<\/table>\n<p>&nbsp;<\/p>\n<p style=\"text-align: center\"><span style=\"font-size: 18pt\"><strong><span style=\"color: #e11a1a\">\u00c1REA SOCIAL-LING\u00dc\u00cdSTICA<\/span><\/strong><\/span><\/p>\n<p>&nbsp;<\/p>\n<table style=\"width: 100%;border-collapse: collapse\">\n<tbody>\n<tr>\n<td style=\"width: 33.3333%;text-align: center;border-color: #ffffff;background-color: #ffffff\"><a href=\"https:\/\/drive.google.com\/drive\/folders\/1aHw5MAmabuibYKiIAwwS49ULd9GpbWHn?usp=drive_link\" target=\"_blank\" rel=\"noopener\"><img loading=\"lazy\" decoding=\"async\" class=\"alignnone wp-image-4283\" src=\"https:\/\/blogsaverroes.juntadeandalucia.es\/iespabloneruda\/files\/2022\/03\/CARPETA-CL\u00c1SICAS.png\" alt=\"\" width=\"256\" height=\"197\"><\/a><\/td>\n<td style=\"width: 33.3333%;text-align: center;border-color: #ffffff;background-color: #ffffff\"><img loading=\"lazy\" decoding=\"async\" class=\"alignnone size-full wp-image-4284\" src=\"https:\/\/blogsaverroes.juntadeandalucia.es\/iespabloneruda\/files\/2022\/03\/CARPETA-FILOSOF\u00cdA.png\" alt=\"\" width=\"256\" height=\"197\"><\/td>\n<td style=\"width: 33.3333%;text-align: center;border-color: #ffffff;background-color: #ffffff\"><a href=\"https:\/\/drive.google.com\/drive\/folders\/18op4lu9M4SeCen93hXcvff-D-gEPFMq6?usp=drive_link\" target=\"_blank\" rel=\"noopener\"><img loading=\"lazy\" decoding=\"async\" class=\"alignnone size-full wp-image-4285\" src=\"https:\/\/blogsaverroes.juntadeandalucia.es\/iespabloneruda\/files\/2022\/03\/CARPETA-FRANC\u00c9S.png\" alt=\"\" width=\"256\" height=\"197\"><\/a><\/td>\n<\/tr>\n<\/tbody>\n<\/table>\n<p>&nbsp;<\/p>\n<table style=\"width: 100%;border-collapse: collapse\">\n<tbody>\n<tr>\n<td style=\"width: 33.3333%;text-align: center;border-color: #ffffff;background-color: #ffffff\"><a href=\"https:\/\/drive.google.com\/drive\/folders\/1Pqtq4IwVsBWufQCbQh44lr16qjSqT3ys?usp=drive_link\" target=\"_blank\" rel=\"noopener\"><img loading=\"lazy\" decoding=\"async\" class=\"alignnone size-full wp-image-4286\" src=\"https:\/\/blogsaverroes.juntadeandalucia.es\/iespabloneruda\/files\/2022\/03\/CARPETA-GEOGRAF\u00cdA-E-HISTORIA.png\" alt=\"\" width=\"256\" height=\"197\"><\/a><\/td>\n<td style=\"width: 33.3333%;text-align: center;border-color: #ffffff;background-color: #ffffff\"><a href=\"https:\/\/drive.google.com\/drive\/folders\/1xYMogaAxTuKwcxoY8yBbnKn2DdLIoolZ?usp=drive_link\" target=\"_blank\" rel=\"noopener\"><img loading=\"lazy\" decoding=\"async\" class=\"alignnone size-full wp-image-4287\" src=\"https:\/\/blogsaverroes.juntadeandalucia.es\/iespabloneruda\/files\/2022\/03\/CARPETA-INGL\u00c9S.png\" alt=\"\" width=\"256\" height=\"197\"><\/a><\/td>\n<td style=\"width: 33.3333%;text-align: center;border-color: #ffffff;background-color: #ffffff\"><a href=\"https:\/\/drive.google.com\/drive\/folders\/1y_IolN5I7ptx_st4M7JP4hPdaoCZbMtp?usp=drive_link\" target=\"_blank\" rel=\"noopener\"><img loading=\"lazy\" decoding=\"async\" class=\"alignnone size-full wp-image-4288\" src=\"https:\/\/blogsaverroes.juntadeandalucia.es\/iespabloneruda\/files\/2022\/03\/CARPETA-LENGUA.png\" alt=\"\" width=\"256\" height=\"197\"><\/a><\/td>\n<\/tr>\n<\/tbody>\n<\/table>\n<p>&nbsp;<\/p>\n<p style=\"text-align: center\"><span style=\"font-size: 18pt;color: #e11a1a\"><strong>\u00c1REA ART\u00cdSTICA<\/strong><\/span><\/p>\n<p>&nbsp;<\/p>\n<table style=\"width: 100%;border-collapse: collapse\">\n<tbody>\n<tr>\n<td style=\"width: 33.3333%;text-align: center;border-color: #ffffff;background-color: #ffffff\"><img loading=\"lazy\" decoding=\"async\" class=\"alignnone size-full wp-image-5269\" src=\"https:\/\/blogsaverroes.juntadeandalucia.es\/iespabloneruda\/files\/2022\/12\/DIBUJO_2.png\" alt=\"\" width=\"256\" height=\"197\"><\/td>\n<td style=\"width: 33.3333%;text-align: center;border-color: #ffffff;background-color: #ffffff\"><a href=\"https:\/\/drive.google.com\/drive\/folders\/1pT3TcL3yzlNdUSYmaAyNaS0CHEqMfRIw?usp=sharing\" target=\"_blank\" rel=\"noopener\"><img loading=\"lazy\" decoding=\"async\" class=\"alignnone size-full wp-image-4289\" src=\"https:\/\/blogsaverroes.juntadeandalucia.es\/iespabloneruda\/files\/2022\/03\/CARPETA-EDUCACI\u00d3N-F\u00cdSICA.png\" alt=\"\" width=\"256\" height=\"197\"><\/a><\/td>\n<td style=\"width: 33.3333%;text-align: center;border-color: #ffffff;background-color: #ffffff\"><a href=\"https:\/\/drive.google.com\/drive\/folders\/1kx_BnB1B04N7tyQGLDt0W4RVCx6QD0Bg?usp=drive_link\" target=\"_blank\" rel=\"noopener\"><img loading=\"lazy\" decoding=\"async\" class=\"alignnone size-full wp-image-4291\" src=\"https:\/\/blogsaverroes.juntadeandalucia.es\/iespabloneruda\/files\/2022\/03\/CARPETA-M\u00daSICA.png\" alt=\"\" width=\"256\" height=\"197\"><\/a><\/td>\n<\/tr>\n<\/tbody>\n<\/table>\n<p>&nbsp;<\/p>\n<p style=\"text-align: center\"><span style=\"font-size: 18pt;color: #e11a1a\"><strong>\u00c1REA F. P. INICIAL<\/strong><\/span><\/p>\n<p style=\"text-align: center\">&nbsp;<\/p>\n<table class=\" aligncenter\" style=\"width: 67.6497%;border-collapse: collapse;height: 190px\">\n<tbody>\n<tr>\n<td style=\"width: 33.4898%;text-align: center;border-color: #ffffff;background-color: #ffffff\"><a href=\"https:\/\/drive.google.com\/drive\/folders\/1C54F6FpAympkXiQDOxrS6KZSLZQQkudT?usp=drive_link\" target=\"_blank\" rel=\"noopener\"><img loading=\"lazy\" decoding=\"async\" class=\"alignnone size-full wp-image-5299\" src=\"https:\/\/blogsaverroes.juntadeandalucia.es\/iespabloneruda\/files\/2022\/12\/FOL-1.png\" alt=\"\" width=\"256\" height=\"197\"><\/a><\/td>\n<td style=\"width: 32.9313%;text-align: center;border-color: #ffffff;background-color: #ffffff\"><img loading=\"lazy\" decoding=\"async\" class=\"alignnone size-full wp-image-4293\" src=\"https:\/\/blogsaverroes.juntadeandalucia.es\/iespabloneruda\/files\/2022\/03\/CARPETA-IMAGEN-Y-SONIDO.png\" alt=\"\" width=\"256\" height=\"197\"><\/td>\n<\/tr>\n<\/tbody>\n<\/table>\n<p>&nbsp;<\/p>\n<p style=\"text-align: center\"><span style=\"font-size: 18pt;color: #e11a1a\"><strong>RELIGI\u00d3N<\/strong><\/span><\/p>\n<p><img loading=\"lazy\" decoding=\"async\" class=\"size-full wp-image-5257 aligncenter\" src=\"https:\/\/blogsaverroes.juntadeandalucia.es\/iespabloneruda\/files\/2022\/12\/RELIGI\u00d3N.png\" alt=\"\" width=\"256\" height=\"197\"><\/p>\n","protected":false},"excerpt":{"rendered":"<p>\u00c1REA CIENT\u00cdFICO-TECNOL\u00d3GICA &nbsp; &nbsp; \u00c1REA SOCIAL-LING\u00dc\u00cdSTICA &nbsp; &nbsp; &nbsp; \u00c1REA ART\u00cdSTICA &nbsp; &nbsp; \u00c1REA F. P. INICIAL &nbsp; &nbsp; RELIGI\u00d3N<\/p>\n","protected":false},"author":11374,"featured_media":0,"parent":0,"menu_order":0,"comment_status":"closed","ping_status":"closed","template":"","meta":{"ngg_post_thumbnail":0,"footnotes":"","_mc_calendar":[]},"aioseo_notices":[],"_links":{"self":[{"href":"https:\/\/blogsaverroes.juntadeandalucia.es\/iespabloneruda\/wp-json\/wp\/v2\/pages\/4194"}],"collection":[{"href":"https:\/\/blogsaverroes.juntadeandalucia.es\/iespabloneruda\/wp-json\/wp\/v2\/pages"}],"about":[{"href":"https:\/\/blogsaverroes.juntadeandalucia.es\/iespabloneruda\/wp-json\/wp\/v2\/types\/page"}],"author":[{"embeddable":true,"href":"https:\/\/blogsaverroes.juntadeandalucia.es\/iespabloneruda\/wp-json\/wp\/v2\/users\/11374"}],"replies":[{"embeddable":true,"href":"https:\/\/blogsaverroes.juntadeandalucia.es\/iespabloneruda\/wp-json\/wp\/v2\/comments?post=4194"}],"version-history":[{"count":38,"href":"https:\/\/blogsaverroes.juntadeandalucia.es\/iespabloneruda\/wp-json\/wp\/v2\/pages\/4194\/revisions"}],"predecessor-version":[{"id":7722,"href":"https:\/\/blogsaverroes.juntadeandalucia.es\/iespabloneruda\/wp-json\/wp\/v2\/pages\/4194\/revisions\/7722"}],"wp:attachment":[{"href":"https:\/\/blogsaverroes.juntadeandalucia.es\/iespabloneruda\/wp-json\/wp\/v2\/media?parent=4194"}],"curies":[{"name":"wp","href":"https:\/\/api.w.org\/{rel}","templated":true}]}}