{"id":4661,"date":"2022-05-26T10:22:32","date_gmt":"2022-05-26T09:22:32","guid":{"rendered":"https:\/\/blogsaverroes.juntadeandalucia.es\/iespabloneruda\/?page_id=4661"},"modified":"2022-05-30T17:40:25","modified_gmt":"2022-05-30T16:40:25","slug":"le-coin-du-francais","status":"publish","type":"page","link":"https:\/\/blogsaverroes.juntadeandalucia.es\/iespabloneruda\/le-coin-du-francais\/","title":{"rendered":"LE COIN DU FRAN\u00c7AIS"},"content":{"rendered":"<p style=\"text-align: center\"><strong><span style=\"font-size: 14pt;color: #e11a1a\">LE COIN DU FRAN\u00c7AIS<\/span><\/strong><\/p>\n<p style=\"text-align: center\"><span style=\"color: #5d91bf\"><strong>LA JOURN\u00c9E DE LA FEMME<\/strong><\/span><\/p>\n\n\t\t<style>\n\t\t\t#gallery-1 {\n\t\t\t\tmargin: auto;\n\t\t\t}\n\t\t\t#gallery-1 .gallery-item {\n\t\t\t\tfloat: left;\n\t\t\t\tmargin-top: 10px;\n\t\t\t\ttext-align: center;\n\t\t\t\twidth: 33%;\n\t\t\t}\n\t\t\t#gallery-1 img {\n\t\t\t\tborder: 2px solid #cfcfcf;\n\t\t\t}\n\t\t\t#gallery-1 .gallery-caption {\n\t\t\t\tmargin-left: 0;\n\t\t\t}\n\t\t\t\/* see gallery_shortcode() in wp-includes\/media.php *\/\n\t\t<\/style>\n\t\t<div id='gallery-1' class='gallery galleryid-4661 gallery-columns-3 gallery-size-thumbnail'><dl class='gallery-item'>\n\t\t\t<dt class='gallery-icon portrait'>\n\t\t\t\t<a href='https:\/\/blogsaverroes.juntadeandalucia.es\/iespabloneruda\/le-coin-du-francais\/_mg_6056\/'><img loading=\"lazy\" decoding=\"async\" width=\"150\" height=\"150\" src=\"https:\/\/blogsaverroes.juntadeandalucia.es\/iespabloneruda\/files\/2022\/05\/MG_6056-150x150.jpg\" class=\"attachment-thumbnail size-thumbnail\" alt=\"\" srcset=\"https:\/\/blogsaverroes.juntadeandalucia.es\/iespabloneruda\/files\/2022\/05\/MG_6056-150x150.jpg 150w, https:\/\/blogsaverroes.juntadeandalucia.es\/iespabloneruda\/files\/2022\/05\/MG_6056-300x300.jpg 300w, https:\/\/blogsaverroes.juntadeandalucia.es\/iespabloneruda\/files\/2022\/05\/MG_6056-80x80.jpg 80w, https:\/\/blogsaverroes.juntadeandalucia.es\/iespabloneruda\/files\/2022\/05\/MG_6056-320x320.jpg 320w\" sizes=\"(max-width: 150px) 100vw, 150px\" \/><\/a>\n\t\t\t<\/dt><\/dl><dl class='gallery-item'>\n\t\t\t<dt class='gallery-icon portrait'>\n\t\t\t\t<a href='https:\/\/blogsaverroes.juntadeandalucia.es\/iespabloneruda\/le-coin-du-francais\/_mg_6057\/'><img loading=\"lazy\" decoding=\"async\" width=\"150\" height=\"150\" src=\"https:\/\/blogsaverroes.juntadeandalucia.es\/iespabloneruda\/files\/2022\/05\/MG_6057-150x150.jpg\" class=\"attachment-thumbnail size-thumbnail\" alt=\"\" srcset=\"https:\/\/blogsaverroes.juntadeandalucia.es\/iespabloneruda\/files\/2022\/05\/MG_6057-150x150.jpg 150w, https:\/\/blogsaverroes.juntadeandalucia.es\/iespabloneruda\/files\/2022\/05\/MG_6057-300x300.jpg 300w, https:\/\/blogsaverroes.juntadeandalucia.es\/iespabloneruda\/files\/2022\/05\/MG_6057-80x80.jpg 80w, https:\/\/blogsaverroes.juntadeandalucia.es\/iespabloneruda\/files\/2022\/05\/MG_6057-320x320.jpg 320w\" sizes=\"(max-width: 150px) 100vw, 150px\" \/><\/a>\n\t\t\t<\/dt><\/dl><dl class='gallery-item'>\n\t\t\t<dt class='gallery-icon portrait'>\n\t\t\t\t<a href='https:\/\/blogsaverroes.juntadeandalucia.es\/iespabloneruda\/le-coin-du-francais\/_mg_6059\/'><img loading=\"lazy\" decoding=\"async\" width=\"150\" height=\"150\" src=\"https:\/\/blogsaverroes.juntadeandalucia.es\/iespabloneruda\/files\/2022\/05\/MG_6059-150x150.jpg\" class=\"attachment-thumbnail size-thumbnail\" alt=\"\" srcset=\"https:\/\/blogsaverroes.juntadeandalucia.es\/iespabloneruda\/files\/2022\/05\/MG_6059-150x150.jpg 150w, https:\/\/blogsaverroes.juntadeandalucia.es\/iespabloneruda\/files\/2022\/05\/MG_6059-300x300.jpg 300w, https:\/\/blogsaverroes.juntadeandalucia.es\/iespabloneruda\/files\/2022\/05\/MG_6059-80x80.jpg 80w, https:\/\/blogsaverroes.juntadeandalucia.es\/iespabloneruda\/files\/2022\/05\/MG_6059-320x320.jpg 320w\" sizes=\"(max-width: 150px) 100vw, 150px\" \/><\/a>\n\t\t\t<\/dt><\/dl><br style=\"clear: both\" \/><dl class='gallery-item'>\n\t\t\t<dt class='gallery-icon portrait'>\n\t\t\t\t<a href='https:\/\/blogsaverroes.juntadeandalucia.es\/iespabloneruda\/le-coin-du-francais\/_mg_6060\/'><img loading=\"lazy\" decoding=\"async\" width=\"150\" height=\"150\" src=\"https:\/\/blogsaverroes.juntadeandalucia.es\/iespabloneruda\/files\/2022\/05\/MG_6060-150x150.jpg\" class=\"attachment-thumbnail size-thumbnail\" alt=\"\" srcset=\"https:\/\/blogsaverroes.juntadeandalucia.es\/iespabloneruda\/files\/2022\/05\/MG_6060-150x150.jpg 150w, https:\/\/blogsaverroes.juntadeandalucia.es\/iespabloneruda\/files\/2022\/05\/MG_6060-300x300.jpg 300w, https:\/\/blogsaverroes.juntadeandalucia.es\/iespabloneruda\/files\/2022\/05\/MG_6060-80x80.jpg 80w, https:\/\/blogsaverroes.juntadeandalucia.es\/iespabloneruda\/files\/2022\/05\/MG_6060-320x320.jpg 320w\" sizes=\"(max-width: 150px) 100vw, 150px\" \/><\/a>\n\t\t\t<\/dt><\/dl><dl class='gallery-item'>\n\t\t\t<dt class='gallery-icon portrait'>\n\t\t\t\t<a href='https:\/\/blogsaverroes.juntadeandalucia.es\/iespabloneruda\/le-coin-du-francais\/_mg_6063\/'><img loading=\"lazy\" decoding=\"async\" width=\"150\" height=\"150\" src=\"https:\/\/blogsaverroes.juntadeandalucia.es\/iespabloneruda\/files\/2022\/05\/MG_6063-150x150.jpg\" class=\"attachment-thumbnail size-thumbnail\" alt=\"\" srcset=\"https:\/\/blogsaverroes.juntadeandalucia.es\/iespabloneruda\/files\/2022\/05\/MG_6063-150x150.jpg 150w, https:\/\/blogsaverroes.juntadeandalucia.es\/iespabloneruda\/files\/2022\/05\/MG_6063-300x300.jpg 300w, https:\/\/blogsaverroes.juntadeandalucia.es\/iespabloneruda\/files\/2022\/05\/MG_6063-80x80.jpg 80w, https:\/\/blogsaverroes.juntadeandalucia.es\/iespabloneruda\/files\/2022\/05\/MG_6063-320x320.jpg 320w\" sizes=\"(max-width: 150px) 100vw, 150px\" \/><\/a>\n\t\t\t<\/dt><\/dl>\n\t\t\t<br style='clear: both' \/>\n\t\t<\/div>\n\n<hr>\n<p style=\"text-align: center\"><span style=\"color: #5d91bf\"><strong>M\u00c1LAGA<\/strong><\/span><\/p>\n\n\t\t<style>\n\t\t\t#gallery-2 {\n\t\t\t\tmargin: auto;\n\t\t\t}\n\t\t\t#gallery-2 .gallery-item {\n\t\t\t\tfloat: left;\n\t\t\t\tmargin-top: 10px;\n\t\t\t\ttext-align: center;\n\t\t\t\twidth: 33%;\n\t\t\t}\n\t\t\t#gallery-2 img {\n\t\t\t\tborder: 2px solid #cfcfcf;\n\t\t\t}\n\t\t\t#gallery-2 .gallery-caption {\n\t\t\t\tmargin-left: 0;\n\t\t\t}\n\t\t\t\/* see gallery_shortcode() in wp-includes\/media.php *\/\n\t\t<\/style>\n\t\t<div id='gallery-2' class='gallery galleryid-4661 gallery-columns-3 gallery-size-thumbnail'><dl class='gallery-item'>\n\t\t\t<dt class='gallery-icon portrait'>\n\t\t\t\t<a href='https:\/\/blogsaverroes.juntadeandalucia.es\/iespabloneruda\/le-coin-du-francais\/pompidou-1\/'><img loading=\"lazy\" decoding=\"async\" width=\"150\" height=\"150\" src=\"https:\/\/blogsaverroes.juntadeandalucia.es\/iespabloneruda\/files\/2022\/05\/POMPIDOU-1-150x150.jpg\" class=\"attachment-thumbnail size-thumbnail\" alt=\"\" aria-describedby=\"gallery-2-4681\" srcset=\"https:\/\/blogsaverroes.juntadeandalucia.es\/iespabloneruda\/files\/2022\/05\/POMPIDOU-1-150x150.jpg 150w, https:\/\/blogsaverroes.juntadeandalucia.es\/iespabloneruda\/files\/2022\/05\/POMPIDOU-1-300x300.jpg 300w, https:\/\/blogsaverroes.juntadeandalucia.es\/iespabloneruda\/files\/2022\/05\/POMPIDOU-1-80x80.jpg 80w, https:\/\/blogsaverroes.juntadeandalucia.es\/iespabloneruda\/files\/2022\/05\/POMPIDOU-1-320x320.jpg 320w\" sizes=\"(max-width: 150px) 100vw, 150px\" \/><\/a>\n\t\t\t<\/dt>\n\t\t\t\t<dd class='wp-caption-text gallery-caption' id='gallery-2-4681'>\n\t\t\t\tCENTRE POMPIDOU M\u00c1LAGA\n\t\t\t\t<\/dd><\/dl><dl class='gallery-item'>\n\t\t\t<dt class='gallery-icon landscape'>\n\t\t\t\t<a href='https:\/\/blogsaverroes.juntadeandalucia.es\/iespabloneruda\/le-coin-du-francais\/el-cubo\/'><img loading=\"lazy\" decoding=\"async\" width=\"150\" height=\"150\" src=\"https:\/\/blogsaverroes.juntadeandalucia.es\/iespabloneruda\/files\/2022\/05\/EL-CUBO-150x150.jpg\" class=\"attachment-thumbnail size-thumbnail\" alt=\"\" aria-describedby=\"gallery-2-4680\" srcset=\"https:\/\/blogsaverroes.juntadeandalucia.es\/iespabloneruda\/files\/2022\/05\/EL-CUBO-150x150.jpg 150w, https:\/\/blogsaverroes.juntadeandalucia.es\/iespabloneruda\/files\/2022\/05\/EL-CUBO-300x300.jpg 300w, https:\/\/blogsaverroes.juntadeandalucia.es\/iespabloneruda\/files\/2022\/05\/EL-CUBO-80x80.jpg 80w, https:\/\/blogsaverroes.juntadeandalucia.es\/iespabloneruda\/files\/2022\/05\/EL-CUBO-320x320.jpg 320w\" sizes=\"(max-width: 150px) 100vw, 150px\" \/><\/a>\n\t\t\t<\/dt>\n\t\t\t\t<dd class='wp-caption-text gallery-caption' id='gallery-2-4680'>\n\t\t\t\tCENTRE POMPIDOU M\u00c1LAGA\n\t\t\t\t<\/dd><\/dl><dl class='gallery-item'>\n\t\t\t<dt class='gallery-icon landscape'>\n\t\t\t\t<a href='https:\/\/blogsaverroes.juntadeandalucia.es\/iespabloneruda\/le-coin-du-francais\/pompidou-2\/'><img loading=\"lazy\" decoding=\"async\" width=\"150\" height=\"150\" src=\"https:\/\/blogsaverroes.juntadeandalucia.es\/iespabloneruda\/files\/2022\/05\/POMPIDOU-2-150x150.jpg\" class=\"attachment-thumbnail size-thumbnail\" alt=\"\" aria-describedby=\"gallery-2-4682\" srcset=\"https:\/\/blogsaverroes.juntadeandalucia.es\/iespabloneruda\/files\/2022\/05\/POMPIDOU-2-150x150.jpg 150w, https:\/\/blogsaverroes.juntadeandalucia.es\/iespabloneruda\/files\/2022\/05\/POMPIDOU-2-300x300.jpg 300w, https:\/\/blogsaverroes.juntadeandalucia.es\/iespabloneruda\/files\/2022\/05\/POMPIDOU-2-80x80.jpg 80w, https:\/\/blogsaverroes.juntadeandalucia.es\/iespabloneruda\/files\/2022\/05\/POMPIDOU-2-320x320.jpg 320w\" sizes=\"(max-width: 150px) 100vw, 150px\" \/><\/a>\n\t\t\t<\/dt>\n\t\t\t\t<dd class='wp-caption-text gallery-caption' id='gallery-2-4682'>\n\t\t\t\tCENTRE POMPIDOU M\u00c1LAGA\n\t\t\t\t<\/dd><\/dl><br style=\"clear: both\" \/><dl class='gallery-item'>\n\t\t\t<dt class='gallery-icon landscape'>\n\t\t\t\t<a href='https:\/\/blogsaverroes.juntadeandalucia.es\/iespabloneruda\/le-coin-du-francais\/alcazaba-1\/'><img loading=\"lazy\" decoding=\"async\" width=\"150\" height=\"150\" src=\"https:\/\/blogsaverroes.juntadeandalucia.es\/iespabloneruda\/files\/2022\/05\/ALCAZABA-1-150x150.jpg\" class=\"attachment-thumbnail size-thumbnail\" alt=\"\" aria-describedby=\"gallery-2-4683\" srcset=\"https:\/\/blogsaverroes.juntadeandalucia.es\/iespabloneruda\/files\/2022\/05\/ALCAZABA-1-150x150.jpg 150w, https:\/\/blogsaverroes.juntadeandalucia.es\/iespabloneruda\/files\/2022\/05\/ALCAZABA-1-300x300.jpg 300w, https:\/\/blogsaverroes.juntadeandalucia.es\/iespabloneruda\/files\/2022\/05\/ALCAZABA-1-80x80.jpg 80w, https:\/\/blogsaverroes.juntadeandalucia.es\/iespabloneruda\/files\/2022\/05\/ALCAZABA-1-320x320.jpg 320w\" sizes=\"(max-width: 150px) 100vw, 150px\" \/><\/a>\n\t\t\t<\/dt>\n\t\t\t\t<dd class='wp-caption-text gallery-caption' id='gallery-2-4683'>\n\t\t\t\tLA ALCAZABA\n\t\t\t\t<\/dd><\/dl><dl class='gallery-item'>\n\t\t\t<dt class='gallery-icon portrait'>\n\t\t\t\t<a href='https:\/\/blogsaverroes.juntadeandalucia.es\/iespabloneruda\/le-coin-du-francais\/alcazaba-2\/'><img loading=\"lazy\" decoding=\"async\" width=\"150\" height=\"150\" src=\"https:\/\/blogsaverroes.juntadeandalucia.es\/iespabloneruda\/files\/2022\/05\/ALCAZABA-2-150x150.jpg\" class=\"attachment-thumbnail size-thumbnail\" alt=\"\" aria-describedby=\"gallery-2-4684\" srcset=\"https:\/\/blogsaverroes.juntadeandalucia.es\/iespabloneruda\/files\/2022\/05\/ALCAZABA-2-150x150.jpg 150w, https:\/\/blogsaverroes.juntadeandalucia.es\/iespabloneruda\/files\/2022\/05\/ALCAZABA-2-300x300.jpg 300w, https:\/\/blogsaverroes.juntadeandalucia.es\/iespabloneruda\/files\/2022\/05\/ALCAZABA-2-80x80.jpg 80w, https:\/\/blogsaverroes.juntadeandalucia.es\/iespabloneruda\/files\/2022\/05\/ALCAZABA-2-320x320.jpg 320w\" sizes=\"(max-width: 150px) 100vw, 150px\" \/><\/a>\n\t\t\t<\/dt>\n\t\t\t\t<dd class='wp-caption-text gallery-caption' id='gallery-2-4684'>\n\t\t\t\tLA ALCAZABA\n\t\t\t\t<\/dd><\/dl><dl class='gallery-item'>\n\t\t\t<dt class='gallery-icon landscape'>\n\t\t\t\t<a href='https:\/\/blogsaverroes.juntadeandalucia.es\/iespabloneruda\/le-coin-du-francais\/foto-albergue\/'><img loading=\"lazy\" decoding=\"async\" width=\"150\" height=\"150\" src=\"https:\/\/blogsaverroes.juntadeandalucia.es\/iespabloneruda\/files\/2022\/05\/FOTO-ALBERGUE-150x150.jpg\" class=\"attachment-thumbnail size-thumbnail\" alt=\"\" aria-describedby=\"gallery-2-4685\" srcset=\"https:\/\/blogsaverroes.juntadeandalucia.es\/iespabloneruda\/files\/2022\/05\/FOTO-ALBERGUE-150x150.jpg 150w, https:\/\/blogsaverroes.juntadeandalucia.es\/iespabloneruda\/files\/2022\/05\/FOTO-ALBERGUE-300x300.jpg 300w, https:\/\/blogsaverroes.juntadeandalucia.es\/iespabloneruda\/files\/2022\/05\/FOTO-ALBERGUE-80x80.jpg 80w, https:\/\/blogsaverroes.juntadeandalucia.es\/iespabloneruda\/files\/2022\/05\/FOTO-ALBERGUE-320x320.jpg 320w\" sizes=\"(max-width: 150px) 100vw, 150px\" \/><\/a>\n\t\t\t<\/dt>\n\t\t\t\t<dd class='wp-caption-text gallery-caption' id='gallery-2-4685'>\n\t\t\t\tALBERGUE\n\t\t\t\t<\/dd><\/dl><br style=\"clear: both\" \/><dl class='gallery-item'>\n\t\t\t<dt class='gallery-icon landscape'>\n\t\t\t\t<a href='https:\/\/blogsaverroes.juntadeandalucia.es\/iespabloneruda\/le-coin-du-francais\/foto-exposicion\/'><img loading=\"lazy\" decoding=\"async\" width=\"150\" height=\"150\" src=\"https:\/\/blogsaverroes.juntadeandalucia.es\/iespabloneruda\/files\/2022\/05\/FOTO-EXPOSICI\u00d3N-150x150.jpg\" class=\"attachment-thumbnail size-thumbnail\" alt=\"\" aria-describedby=\"gallery-2-4686\" srcset=\"https:\/\/blogsaverroes.juntadeandalucia.es\/iespabloneruda\/files\/2022\/05\/FOTO-EXPOSICI\u00d3N-150x150.jpg 150w, https:\/\/blogsaverroes.juntadeandalucia.es\/iespabloneruda\/files\/2022\/05\/FOTO-EXPOSICI\u00d3N-300x300.jpg 300w, https:\/\/blogsaverroes.juntadeandalucia.es\/iespabloneruda\/files\/2022\/05\/FOTO-EXPOSICI\u00d3N-80x80.jpg 80w, https:\/\/blogsaverroes.juntadeandalucia.es\/iespabloneruda\/files\/2022\/05\/FOTO-EXPOSICI\u00d3N-320x320.jpg 320w\" sizes=\"(max-width: 150px) 100vw, 150px\" \/><\/a>\n\t\t\t<\/dt>\n\t\t\t\t<dd class='wp-caption-text gallery-caption' id='gallery-2-4686'>\n\t\t\t\tEXPOSICI\u00d3N\n\t\t\t\t<\/dd><\/dl><dl class='gallery-item'>\n\t\t\t<dt class='gallery-icon landscape'>\n\t\t\t\t<a href='https:\/\/blogsaverroes.juntadeandalucia.es\/iespabloneruda\/le-coin-du-francais\/larios\/'><img loading=\"lazy\" decoding=\"async\" width=\"150\" height=\"150\" src=\"https:\/\/blogsaverroes.juntadeandalucia.es\/iespabloneruda\/files\/2022\/05\/LARIOS-150x150.jpg\" class=\"attachment-thumbnail size-thumbnail\" alt=\"\" aria-describedby=\"gallery-2-4687\" srcset=\"https:\/\/blogsaverroes.juntadeandalucia.es\/iespabloneruda\/files\/2022\/05\/LARIOS-150x150.jpg 150w, https:\/\/blogsaverroes.juntadeandalucia.es\/iespabloneruda\/files\/2022\/05\/LARIOS-300x300.jpg 300w, https:\/\/blogsaverroes.juntadeandalucia.es\/iespabloneruda\/files\/2022\/05\/LARIOS-80x80.jpg 80w, https:\/\/blogsaverroes.juntadeandalucia.es\/iespabloneruda\/files\/2022\/05\/LARIOS-320x320.jpg 320w\" sizes=\"(max-width: 150px) 100vw, 150px\" \/><\/a>\n\t\t\t<\/dt>\n\t\t\t\t<dd class='wp-caption-text gallery-caption' id='gallery-2-4687'>\n\t\t\t\tM\u00c1LAGA\n\t\t\t\t<\/dd><\/dl>\n\t\t\t<br style='clear: both' \/>\n\t\t<\/div>\n\n<p>&nbsp;&nbsp;&nbsp;&nbsp;<\/p>\n<hr>\n<p>&nbsp;<\/p>\n<table style=\"border-collapse: collapse;width: 100%\">\n<tbody>\n<tr>\n<td style=\"width: 50%;text-align: center\"><a href=\"https:\/\/drive.google.com\/drive\/folders\/1oaCgw2gIUNonc4HFGSWwcqeoC9LTBbG2?usp=sharing\" target=\"_blank\" rel=\"noopener noreferrer\"><img loading=\"lazy\" decoding=\"async\" class=\"alignnone size-full wp-image-4689\" src=\"https:\/\/blogsaverroes.juntadeandalucia.es\/iespabloneruda\/files\/2022\/05\/CARPETA-LA-FRANCOPHONIE.png\" alt=\"\" width=\"256\" height=\"197\"><\/a><\/td>\n<td style=\"width: 50%;text-align: center\"><a href=\"https:\/\/drive.google.com\/drive\/folders\/134_yw6j_d7ShfSOigNBFmYB565zQjNHI?usp=sharing\" target=\"_blank\" rel=\"noopener noreferrer\"><img loading=\"lazy\" decoding=\"async\" class=\"alignnone size-full wp-image-4690\" src=\"https:\/\/blogsaverroes.juntadeandalucia.es\/iespabloneruda\/files\/2022\/05\/CARPETA-QUELQUES-REFLEXIONS.png\" alt=\"\" width=\"256\" height=\"197\"><\/a><\/td>\n<\/tr>\n<\/tbody>\n<\/table>\n","protected":false},"excerpt":{"rendered":"<p>LE COIN DU FRAN\u00c7AIS LA JOURN\u00c9E DE LA FEMME M\u00c1LAGA &nbsp;&nbsp;&nbsp;&nbsp; &nbsp;<\/p>\n","protected":false},"author":11374,"featured_media":0,"parent":0,"menu_order":0,"comment_status":"closed","ping_status":"closed","template":"","meta":{"ngg_post_thumbnail":0,"footnotes":"","_mc_calendar":[]},"aioseo_notices":[],"_links":{"self":[{"href":"https:\/\/blogsaverroes.juntadeandalucia.es\/iespabloneruda\/wp-json\/wp\/v2\/pages\/4661"}],"collection":[{"href":"https:\/\/blogsaverroes.juntadeandalucia.es\/iespabloneruda\/wp-json\/wp\/v2\/pages"}],"about":[{"href":"https:\/\/blogsaverroes.juntadeandalucia.es\/iespabloneruda\/wp-json\/wp\/v2\/types\/page"}],"author":[{"embeddable":true,"href":"https:\/\/blogsaverroes.juntadeandalucia.es\/iespabloneruda\/wp-json\/wp\/v2\/users\/11374"}],"replies":[{"embeddable":true,"href":"https:\/\/blogsaverroes.juntadeandalucia.es\/iespabloneruda\/wp-json\/wp\/v2\/comments?post=4661"}],"version-history":[{"count":6,"href":"https:\/\/blogsaverroes.juntadeandalucia.es\/iespabloneruda\/wp-json\/wp\/v2\/pages\/4661\/revisions"}],"predecessor-version":[{"id":4693,"href":"https:\/\/blogsaverroes.juntadeandalucia.es\/iespabloneruda\/wp-json\/wp\/v2\/pages\/4661\/revisions\/4693"}],"wp:attachment":[{"href":"https:\/\/blogsaverroes.juntadeandalucia.es\/iespabloneruda\/wp-json\/wp\/v2\/media?parent=4661"}],"curies":[{"name":"wp","href":"https:\/\/api.w.org\/{rel}","templated":true}]}}