{"id":4762,"date":"2022-06-22T10:25:50","date_gmt":"2022-06-22T09:25:50","guid":{"rendered":"https:\/\/blogsaverroes.juntadeandalucia.es\/iespabloneruda\/?page_id=4762"},"modified":"2022-06-22T11:57:20","modified_gmt":"2022-06-22T10:57:20","slug":"matriculacion","status":"publish","type":"page","link":"https:\/\/blogsaverroes.juntadeandalucia.es\/iespabloneruda\/matriculacion\/","title":{"rendered":"MATRICULACI\u00d3N"},"content":{"rendered":"<p style=\"text-align: center\"><span style=\"font-size: 18pt;color: #e11a1a\"><strong>MATRICULACI\u00d3N<\/strong><\/span><\/p>\n<p><span style=\"color: #5d91bf;font-size: 14pt\"><strong>SOLICITUD DE MATR\u00cdCULA HASTA EL 8 DE JULIO<\/strong><\/span><\/p>\n<table style=\"border-collapse: collapse;width: 100%\">\n<tbody>\n<tr>\n<td style=\"width: 50%;text-align: center\"><a href=\"https:\/\/docs.google.com\/document\/d\/1AgmayGvFtlq-fSFUjRNv0l8M31N0iW8Q\/edit?usp=sharing&amp;ouid=100989659431742297478&amp;rtpof=true&amp;sd=true\" target=\"_blank\" rel=\"noopener noreferrer\"><img loading=\"lazy\" decoding=\"async\" class=\"alignnone size-full wp-image-4770\" src=\"https:\/\/blogsaverroes.juntadeandalucia.es\/iespabloneruda\/files\/2022\/06\/ANEXO-I-WORD.png\" alt=\"\" width=\"135\" height=\"135\" srcset=\"https:\/\/blogsaverroes.juntadeandalucia.es\/iespabloneruda\/files\/2022\/06\/ANEXO-I-WORD.png 135w, https:\/\/blogsaverroes.juntadeandalucia.es\/iespabloneruda\/files\/2022\/06\/ANEXO-I-WORD-80x80.png 80w\" sizes=\"(max-width: 135px) 100vw, 135px\" \/><\/a><\/td>\n<td style=\"width: 50%;text-align: center\"><a href=\"https:\/\/drive.google.com\/file\/d\/11YflyRSpJJbryhmlPjN_DNoqBNeD8xzp\/view?usp=sharing\" target=\"_blank\" rel=\"noopener noreferrer\"><img loading=\"lazy\" decoding=\"async\" class=\"alignnone size-full wp-image-4771\" src=\"https:\/\/blogsaverroes.juntadeandalucia.es\/iespabloneruda\/files\/2022\/06\/ANEXO-I-PDF.png\" alt=\"\" width=\"135\" height=\"150\"><\/a><\/td>\n<\/tr>\n<tr>\n<td style=\"width: 50%;text-align: center\"><a href=\"https:\/\/drive.google.com\/file\/d\/1xiKG5eOGXO-dEhJlsG6kc6nhvlnswjW6\/view?usp=sharing\" target=\"_blank\" rel=\"noopener noreferrer\"><span style=\"color: #e11a1a\"><strong>INSTRUCCIONES PARA EL PROCESO DE MATRICULACI\u00d3N<\/strong><\/span><\/a><\/td>\n<td style=\"width: 50%;text-align: center\">&nbsp;<\/td>\n<\/tr>\n<\/tbody>\n<\/table>\n","protected":false},"excerpt":{"rendered":"<p>MATRICULACI\u00d3N SOLICITUD DE MATR\u00cdCULA HASTA EL 8 DE JULIO INSTRUCCIONES PARA EL PROCESO DE MATRICULACI\u00d3N &nbsp;<\/p>\n","protected":false},"author":11374,"featured_media":0,"parent":0,"menu_order":0,"comment_status":"closed","ping_status":"closed","template":"","meta":{"ngg_post_thumbnail":0,"footnotes":"","_mc_calendar":[]},"aioseo_notices":[],"_links":{"self":[{"href":"https:\/\/blogsaverroes.juntadeandalucia.es\/iespabloneruda\/wp-json\/wp\/v2\/pages\/4762"}],"collection":[{"href":"https:\/\/blogsaverroes.juntadeandalucia.es\/iespabloneruda\/wp-json\/wp\/v2\/pages"}],"about":[{"href":"https:\/\/blogsaverroes.juntadeandalucia.es\/iespabloneruda\/wp-json\/wp\/v2\/types\/page"}],"author":[{"embeddable":true,"href":"https:\/\/blogsaverroes.juntadeandalucia.es\/iespabloneruda\/wp-json\/wp\/v2\/users\/11374"}],"replies":[{"embeddable":true,"href":"https:\/\/blogsaverroes.juntadeandalucia.es\/iespabloneruda\/wp-json\/wp\/v2\/comments?post=4762"}],"version-history":[{"count":4,"href":"https:\/\/blogsaverroes.juntadeandalucia.es\/iespabloneruda\/wp-json\/wp\/v2\/pages\/4762\/revisions"}],"predecessor-version":[{"id":4773,"href":"https:\/\/blogsaverroes.juntadeandalucia.es\/iespabloneruda\/wp-json\/wp\/v2\/pages\/4762\/revisions\/4773"}],"wp:attachment":[{"href":"https:\/\/blogsaverroes.juntadeandalucia.es\/iespabloneruda\/wp-json\/wp\/v2\/media?parent=4762"}],"curies":[{"name":"wp","href":"https:\/\/api.w.org\/{rel}","templated":true}]}}