{"id":4949,"date":"2022-10-10T21:32:08","date_gmt":"2022-10-10T20:32:08","guid":{"rendered":"https:\/\/blogsaverroes.juntadeandalucia.es\/iespabloneruda\/?page_id=4949"},"modified":"2026-02-06T21:47:07","modified_gmt":"2026-02-06T20:47:07","slug":"orientacion","status":"publish","type":"page","link":"https:\/\/blogsaverroes.juntadeandalucia.es\/iespabloneruda\/orientacion\/","title":{"rendered":"ORIENTACI\u00d3N"},"content":{"rendered":"<h2 style=\"text-align: center\"><strong><span style=\"color: #e11a1a\">DEPARTAMENTO DE ORIENTACI\u00d3N<\/span><\/strong><\/h2>\n<p>&nbsp;<\/p>\n<div id=\"1660398845\" class=\"dmRespRow dmDefaultListContentRow u_1660398845\">\n<div id=\"1774546746\" class=\"dmRespColsWrapper\">\n<div id=\"1197288141\" class=\"dmRespCol small-12 medium-12 large-12\">\n<div id=\"1959241501\" class=\"dmNewParagraph\" data-dmtmpl=\"true\" data-element-type=\"paragraph\" data-version=\"5\" data-uialign=\"center\">\n<p class=\"size-18 m-size-13\"><strong><span class=\"m-font-size-13 font-size-18\" style=\"color: #5d91bf\">MIEMBROS DEL DEPARTAMENTO<\/span><\/strong><\/p>\n<ul class=\"defaultList\">\n<li><span style=\"color: #5d91bf\">M\u00aa Jos\u00e9 Garc\u00eda Serrano <\/span><\/li>\n<li><span style=\"color: #5d91bf\">Ana Bel\u00e9n Murciano Acevedo<\/span><\/li>\n<li><span class=\"m-font-size-11 font-size-16\" style=\"color: #5d91bf\">Isabel M\u00aa Romero Vallejo (Jefa de Departamento)<\/span><\/li>\n<li><span style=\"color: #5d91bf\">M\u00aa Inmaculada Torres Barbosa<\/span><\/li>\n<\/ul>\n<\/div>\n<\/div>\n<\/div>\n<\/div>\n","protected":false},"excerpt":{"rendered":"<p>DEPARTAMENTO DE ORIENTACI\u00d3N &nbsp; MIEMBROS DEL DEPARTAMENTO M\u00aa Jos\u00e9 Garc\u00eda Serrano Ana Bel\u00e9n Murciano Acevedo Isabel M\u00aa Romero Vallejo (Jefa de Departamento) M\u00aa Inmaculada Torres Barbosa<\/p>\n","protected":false},"author":11374,"featured_media":0,"parent":0,"menu_order":0,"comment_status":"closed","ping_status":"closed","template":"","meta":{"ngg_post_thumbnail":0,"footnotes":"","_mc_calendar":[]},"aioseo_notices":[],"_links":{"self":[{"href":"https:\/\/blogsaverroes.juntadeandalucia.es\/iespabloneruda\/wp-json\/wp\/v2\/pages\/4949"}],"collection":[{"href":"https:\/\/blogsaverroes.juntadeandalucia.es\/iespabloneruda\/wp-json\/wp\/v2\/pages"}],"about":[{"href":"https:\/\/blogsaverroes.juntadeandalucia.es\/iespabloneruda\/wp-json\/wp\/v2\/types\/page"}],"author":[{"embeddable":true,"href":"https:\/\/blogsaverroes.juntadeandalucia.es\/iespabloneruda\/wp-json\/wp\/v2\/users\/11374"}],"replies":[{"embeddable":true,"href":"https:\/\/blogsaverroes.juntadeandalucia.es\/iespabloneruda\/wp-json\/wp\/v2\/comments?post=4949"}],"version-history":[{"count":11,"href":"https:\/\/blogsaverroes.juntadeandalucia.es\/iespabloneruda\/wp-json\/wp\/v2\/pages\/4949\/revisions"}],"predecessor-version":[{"id":7707,"href":"https:\/\/blogsaverroes.juntadeandalucia.es\/iespabloneruda\/wp-json\/wp\/v2\/pages\/4949\/revisions\/7707"}],"wp:attachment":[{"href":"https:\/\/blogsaverroes.juntadeandalucia.es\/iespabloneruda\/wp-json\/wp\/v2\/media?parent=4949"}],"curies":[{"name":"wp","href":"https:\/\/api.w.org\/{rel}","templated":true}]}}