{"id":4951,"date":"2022-10-10T21:35:38","date_gmt":"2022-10-10T20:35:38","guid":{"rendered":"https:\/\/blogsaverroes.juntadeandalucia.es\/iespabloneruda\/?page_id=4951"},"modified":"2025-11-30T22:16:53","modified_gmt":"2025-11-30T21:16:53","slug":"religion","status":"publish","type":"page","link":"https:\/\/blogsaverroes.juntadeandalucia.es\/iespabloneruda\/religion\/","title":{"rendered":"RELIGI\u00d3N"},"content":{"rendered":"<h2 style=\"text-align: center\"><strong><span style=\"color: #e11a1a\">DEPARTAMENTO DE RELIGI\u00d3N<\/span><\/strong><\/h2>\n<p>&nbsp;<\/p>\n<div id=\"1660398845\" class=\"dmRespRow dmDefaultListContentRow u_1660398845\">\n<div id=\"1774546746\" class=\"dmRespColsWrapper\">\n<div id=\"1197288141\" class=\"dmRespCol small-12 medium-12 large-12\">\n<div id=\"1959241501\" class=\"dmNewParagraph\" data-dmtmpl=\"true\" data-element-type=\"paragraph\" data-version=\"5\" data-uialign=\"center\">\n<p class=\"size-18 m-size-13\"><strong><span class=\"m-font-size-13 font-size-18\" style=\"color: #5d91bf\">MIEMBROS DEL DEPARTAMENTO<\/span><\/strong><\/p>\n<ul class=\"defaultList\">\n<li><span style=\"color: #5d91bf\">\u00darsula De Miguel Rodr\u00edguez<\/span><\/li>\n<li><span style=\"color: #5d91bf\">Marcin Figaj Konczak<\/span><\/li>\n<li><span style=\"color: #5d91bf\">Julio Gonz\u00e1lez Ceballos <span class=\"m-font-size-11 font-size-16\" style=\"color: #5d91bf\">(Jefe de Departamento)<\/span><\/span><\/li>\n<li><span style=\"color: #5d91bf\">Diego Vela Aguilera <\/span><\/li>\n<li><span style=\"color: #5d91bf\">Malika Ziate Zahrat<\/span><\/li>\n<\/ul>\n<\/div>\n<\/div>\n<\/div>\n<\/div>\n","protected":false},"excerpt":{"rendered":"<p>DEPARTAMENTO DE RELIGI\u00d3N &nbsp; MIEMBROS DEL DEPARTAMENTO \u00darsula De Miguel Rodr\u00edguez Marcin Figaj Konczak Julio Gonz\u00e1lez Ceballos (Jefe de Departamento) Diego Vela Aguilera Malika Ziate Zahrat<\/p>\n","protected":false},"author":11374,"featured_media":0,"parent":0,"menu_order":0,"comment_status":"closed","ping_status":"closed","template":"","meta":{"ngg_post_thumbnail":0,"footnotes":"","_mc_calendar":[]},"aioseo_notices":[],"_links":{"self":[{"href":"https:\/\/blogsaverroes.juntadeandalucia.es\/iespabloneruda\/wp-json\/wp\/v2\/pages\/4951"}],"collection":[{"href":"https:\/\/blogsaverroes.juntadeandalucia.es\/iespabloneruda\/wp-json\/wp\/v2\/pages"}],"about":[{"href":"https:\/\/blogsaverroes.juntadeandalucia.es\/iespabloneruda\/wp-json\/wp\/v2\/types\/page"}],"author":[{"embeddable":true,"href":"https:\/\/blogsaverroes.juntadeandalucia.es\/iespabloneruda\/wp-json\/wp\/v2\/users\/11374"}],"replies":[{"embeddable":true,"href":"https:\/\/blogsaverroes.juntadeandalucia.es\/iespabloneruda\/wp-json\/wp\/v2\/comments?post=4951"}],"version-history":[{"count":10,"href":"https:\/\/blogsaverroes.juntadeandalucia.es\/iespabloneruda\/wp-json\/wp\/v2\/pages\/4951\/revisions"}],"predecessor-version":[{"id":7657,"href":"https:\/\/blogsaverroes.juntadeandalucia.es\/iespabloneruda\/wp-json\/wp\/v2\/pages\/4951\/revisions\/7657"}],"wp:attachment":[{"href":"https:\/\/blogsaverroes.juntadeandalucia.es\/iespabloneruda\/wp-json\/wp\/v2\/media?parent=4951"}],"curies":[{"name":"wp","href":"https:\/\/api.w.org\/{rel}","templated":true}]}}