{"id":7369,"date":"2025-05-14T09:36:31","date_gmt":"2025-05-14T08:36:31","guid":{"rendered":"https:\/\/blogsaverroes.juntadeandalucia.es\/iespabloneruda\/?page_id=7369"},"modified":"2025-05-14T09:42:44","modified_gmt":"2025-05-14T08:42:44","slug":"kit-de-comunicacion","status":"publish","type":"page","link":"https:\/\/blogsaverroes.juntadeandalucia.es\/iespabloneruda\/kit-de-comunicacion\/","title":{"rendered":"KIT DE COMUNICACI\u00d3N"},"content":{"rendered":"<div class=\"adn ads\" data-message-id=\"#msg-a:r-2395990991006715104\" data-legacy-message-id=\"196cdee3895b7661\">\n<div class=\"gs\">\n<div class=\"\">\n<div id=\":mj\" class=\"ii gt\">\n<div id=\":mk\" class=\"a3s aiL \">\n<div dir=\"auto\">\n<p><strong>RESUMEN DEL KIT<\/strong><\/p>\n<div dir=\"auto\" style=\"text-align: justify\">El \u00abKIT DE COMUNICACI\u00d3N ERASMUS+ 2023\u00bb del SEPIE (Servicio Espa\u00f1ol para la Internacionalizaci\u00f3n de la Educaci\u00f3n) sirve como una gu\u00eda completa para beneficiarios de proyectos Erasmus+, destacando la importancia de la comunicaci\u00f3n para el \u00e9xito y el impacto de sus iniciativas. El documento detalla las etapas clave de la difusi\u00f3n, desde la planificaci\u00f3n hasta la evaluaci\u00f3n, proporcionando consejos pr\u00e1cticos y herramientas para cada fase. Incluye una secci\u00f3n extensa sobre recursos de comunicaci\u00f3n como videos, infograf\u00edas y publicaciones, y presenta diversas iniciativas de comunicaci\u00f3n del SEPIE, como la Newsletter y Radio Erasmus+. Adem\u00e1s, enfatiza la necesidad de visibilizar el proyecto a trav\u00e9s de una identidad visual consistente, el uso adecuado del logotipo de la UE y licencias abiertas para los resultados. Finalmente, resume la importancia de la comunicaci\u00f3n continua a lo largo de todo el ciclo de vida del proyecto para maximizar su alcance y sostenibilidad.<\/div>\n<div dir=\"auto\">&nbsp;<\/div>\n<div dir=\"auto\" style=\"text-align: justify\"><strong>1. Introducci\u00f3n y Prop\u00f3sito del Kit<\/strong><\/div>\n<div dir=\"auto\" style=\"text-align: justify\">Este documento resume las ideas principales y la informaci\u00f3n crucial contenida en el \u00abKIT DE COMUNICACI\u00d3N ERASMUS+ Edici\u00f3n 2023\u00bb elaborado por el \u00c1rea de Comunicaci\u00f3n del Servicio Espa\u00f1ol para la Internacionalizaci\u00f3n de la Educaci\u00f3n (SEPIE), la Agencia Nacional Erasmus+ en los \u00e1mbitos de la Educaci\u00f3n y la Formaci\u00f3n. El objetivo principal de este kit es proporcionar a los beneficiarios del programa Erasmus+ estrategias y recursos para una comunicaci\u00f3n y difusi\u00f3n efectiva de sus proyectos.<\/div>\n<div dir=\"auto\" style=\"text-align: justify\">El kit enfatiza la importancia fundamental de la comunicaci\u00f3n para el \u00e9xito de los proyectos Erasmus+. Como se indica: \u00abComunicar y difundir lo que est\u00e1is haciendo en cada momento constituye la clave del \u00e9xito en vuestro viaje de transformaci\u00f3n Erasmus+ ya que, por muy buenos que puedan ser los resultados y el impacto conseguido con vuestros proyectos, si no comunic\u00e1is lo que hac\u00e9is, no llegar\u00e9is a conectar con los p\u00fablicos objetivos, no os dar\u00e9is a conocer a otras instituciones y tampoco crear\u00e9is en la comunidad educativa ese sentimiento de pertenencia a algo m\u00e1s grande que uno mismo.\u00bb<\/div>\n<div dir=\"auto\" style=\"text-align: justify\">La comunicaci\u00f3n efectiva va m\u00e1s all\u00e1 de la mera transmisi\u00f3n de informaci\u00f3n; busca crear un relato (storytelling) que \u00abtoque el alma\u00bb de los p\u00fablicos y acerque los testimonios de los protagonistas para incrementar el impacto. Al compartir experiencias y resultados, los beneficiarios permiten que una comunidad m\u00e1s amplia se beneficie del programa Erasmus+ y pueden convertirse en una fuente de inspiraci\u00f3n para otros. El impacto del programa se mide no solo por la calidad de los resultados, sino tambi\u00e9n por el grado en que son conocidos y utilizados por otros.<\/div>\n<div dir=\"auto\">&nbsp;<\/div>\n<div dir=\"auto\" style=\"text-align: justify\"><strong>2. Etapas Clave de la Difusi\u00f3n<\/strong><\/div>\n<div dir=\"auto\" style=\"text-align: justify\">El kit estructura el proceso de comunicaci\u00f3n en cinco etapas fundamentales, entendidas como un \u00abviaje\u00bb:<\/div>\n<div dir=\"auto\" style=\"text-align: justify\">Planifica tu viaje: Esta etapa inicial subraya la necesidad de una planificaci\u00f3n cuidadosa. Se recomienda consultar la gu\u00eda del programa, desarrollar una estrategia de comunicaci\u00f3n, colaborar con los socios, comprender los objetivos del programa, establecer objetivos de comunicaci\u00f3n espec\u00edficos, identificar el p\u00fablico destinatario, elegir los mensajes clave y determinar actividades y canales (medios, web, redes sociales). Es vital diferenciar entre Comunicaci\u00f3n (informar sobre proyectos y resultados), Difusi\u00f3n (poner resultados a disposici\u00f3n para su uso) y Aprovechamiento de resultados (utilizar los resultados para la pr\u00e1ctica o pol\u00edticas). La elaboraci\u00f3n de un plan de comunicaci\u00f3n anual y un plan de difusi\u00f3n (se incluye una plantilla en el anexo) son pasos esenciales. Se destacan cinco hitos clave en la estrategia de comunicaci\u00f3n: Objetivos, P\u00fablico, Mensajes clave, Actividades y canales, e Indicadores.<\/div>\n<div dir=\"auto\" style=\"text-align: justify\">Visibiliza tu proyecto: Se centra en la creaci\u00f3n de la identidad visual del proyecto, la \u00abmarca\u00bb. Esto incluye dise\u00f1ar un logotipo que represente la esencia y los valores, y utilizarlo de manera coherente en todos los materiales (web, impresos, redes). Un punto crucial es la obligatoriedad de utilizar el emblema de la Uni\u00f3n Europea (bandera de la UE) con la declaraci\u00f3n \u00abCofinanciado por la Uni\u00f3n Europea\u00bb en todos los materiales promocionales y de comunicaci\u00f3n. Se proporcionan enlaces para descargar el logotipo oficial en diferentes versiones y tama\u00f1os, as\u00ed como ejemplos de buen y mal uso. Tambi\u00e9n se debe incluir un enlace a la web del SEPIE en las plataformas de difusi\u00f3n del proyecto. Se fomenta el uso de licencias abiertas para poner a disposici\u00f3n del p\u00fablico los recursos, documentos y materiales did\u00e1cticos generados por el proyecto de manera digital y gratuita, sin ceder los derechos de autor pero permitiendo el uso, compartido y adaptaci\u00f3n. Se incluye un texto de exenci\u00f3n de responsabilidad a utilizar en publicaciones.<\/div>\n<div dir=\"auto\" style=\"text-align: justify\">Escribe los relatos: Esta etapa se enfoca en documentar el proyecto y convertirlo en una historia cautivadora. Es fundamental diferenciar entre informaci\u00f3n y narraci\u00f3n para conectar con el p\u00fablico. Se debe elegir el estilo en funci\u00f3n del formato (redes sociales, web, medios) y crear una estrategia de contenido definiendo el contenido, formato y tono para el p\u00fablico objetivo. Para el formato digital, se recomiendan textos breves y sencillos, verbos activos, uso de encabezados, p\u00e1rrafos, enlaces y elementos multimedia.<\/div>\n<div dir=\"auto\" style=\"text-align: justify\">Comparte los resultados: Destaca la importancia de difundir los resultados del proyecto (productos tangibles o intangibles como publicaciones, m\u00e9todos, experiencias) para reconocer logros, difundir conocimiento, establecer una comunidad de aprendizaje y generar impacto. Se listan ejemplos de resultados tangibles (manuales, informes, herramientas, estudios, gu\u00edas, informes de evaluaci\u00f3n, certificados, boletines) e intangibles (conocimientos, sensibilizaci\u00f3n cultural\/ambiental, habilidades ling\u00fc\u00edsticas). Se identifican canales de comunicaci\u00f3n adecuados, incluyendo las redes sociales del SEPIE (@sepiegob en X, Facebook, Instagram, YouTube, TikTok, LinkedIn y Spotify) y la importancia de la interacci\u00f3n mencionando al SEPIE y usando la etiqueta #ErasmusPlus. Se recomienda utilizar sitios web para garantizar la presencia digital, la Plataforma de Resultados de los Proyectos Erasmus+ (E+PRP) como herramienta para visibilizar proyectos y buscar socios, y planificar la difusi\u00f3n considerando la oportunidad, frecuencia y momentos clave de comunicaci\u00f3n. La participaci\u00f3n en eventos es clave para ampliar contactos y evaluar el proyecto.<\/div>\n<div dir=\"auto\" style=\"text-align: justify\">Eval\u00faa tu viaje: La etapa final es crucial para hacer balance y planificar mejoras futuras. La evaluaci\u00f3n de las actividades de comunicaci\u00f3n debe ser continua (antes, durante y despu\u00e9s de la actividad) utilizando indicadores de rendimiento (cuantitativos o cualitativos) como alcance en redes, visitas web, cobertura de prensa, participantes en eventos y encuestas de satisfacci\u00f3n. Es vital recopilar datos, supervisar la actividad (con herramientas como Hootsuite o Metricool), analizar las lecciones aprendidas y readaptar las actividades en funci\u00f3n de los datos para incrementar el alcance e impacto. La evaluaci\u00f3n del \u00e9xito se mide a trav\u00e9s de m\u00e9tricas como hechos y cifras de la web, cobertura medi\u00e1tica, encuentros con agentes, m\u00e9tricas de redes sociales, participaci\u00f3n en congresos e impacto en pol\u00edticas.<\/div>\n<div dir=\"auto\" style=\"text-align: justify\">&nbsp;<\/div>\n<div dir=\"auto\" style=\"text-align: justify\"><strong>3. Recursos y Apoyos Adicionales<\/strong><\/div>\n<div dir=\"auto\" style=\"text-align: justify\">El SEPIE pone a disposici\u00f3n de los beneficiarios una amplia gama de recursos y apoya iniciativas para facilitar la comunicaci\u00f3n y difusi\u00f3n:<\/div>\n<div dir=\"auto\" style=\"text-align: justify\">Materiales de Comunicaci\u00f3n del SEPIE: V\u00eddeos (informativos, de experiencias, sobre oportunidades), Infograf\u00edas (presentaci\u00f3n atractiva de informaci\u00f3n y datos, incluyendo datos de adjudicaci\u00f3n de proyectos), Folletos y otras publicaciones (libros, recomendaciones, informaci\u00f3n sobre beneficios de Erasmus+).<\/div>\n<div dir=\"auto\" style=\"text-align: justify\">Mapas Interactivos de Proyectos Erasmus+: Mapas por sector educativo (Educaci\u00f3n Escolar, Formaci\u00f3n Profesional, Educaci\u00f3n Superior, Educaci\u00f3n de Personas Adultas) que muestran la distribuci\u00f3n geogr\u00e1fica de proyectos finalizados y en curso.<\/div>\n<div dir=\"auto\" style=\"text-align: justify\">Otras Iniciativas y Plataformas Educativas:Premio Europeo a la Ense\u00f1anza Innovadora (EITA): Reconocimiento a pr\u00e1cticas docentes sobresalientes en proyectos Erasmus+.<\/div>\n<div dir=\"auto\" style=\"text-align: justify\">Europass: Portfolio gratuito multiling\u00fce para gestionar la carrera profesional y reflexionar sobre capacidades y experiencias.<\/div>\n<div dir=\"auto\" style=\"text-align: justify\">EuroAprendices: Red de \u00abembajadores y difusores Erasmus+\u00bb (estudiantes y personal) que comparten sus experiencias.<\/div>\n<div dir=\"auto\" style=\"text-align: justify\">EPALE: Comunidad pluriling\u00fce de profesionales del aprendizaje de adultos.<\/div>\n<div dir=\"auto\" style=\"text-align: justify\">European School Education Platform (ESEP): Punto de encuentro del sector de la educaci\u00f3n escolar (incluye eTwinning).<\/div>\n<div dir=\"auto\" style=\"text-align: justify\">Erasmus Student Network (ESN): Asociaci\u00f3n para la ayuda y desarrollo del intercambio de estudiantes.<\/div>\n<div dir=\"auto\" style=\"text-align: justify\">Erasmusintern.org y Erasmobility in action: Plataformas para facilitar la b\u00fasqueda de ofertas de pr\u00e1cticas en Educaci\u00f3n Superior y Formaci\u00f3n Profesional, respectivamente.<\/div>\n<div dir=\"auto\" style=\"text-align: justify\">OLS (Online Linguistic Support): Apoyo Ling\u00fc\u00edstico en L\u00ednea para mejorar el conocimiento del idioma utilizado en la movilidad.<\/div>\n<div dir=\"auto\" style=\"text-align: justify\">Portfolio Europeo de las Lenguas (PEL): Documento para registrar experiencias de aprendizaje de lenguas y culturas.<\/div>\n<div dir=\"auto\" style=\"text-align: justify\">Portal Europeo de la Juventud: Informaci\u00f3n sobre oportunidades para j\u00f3venes en Europa.<\/div>\n<div dir=\"auto\" style=\"text-align: justify\">Euroguidance: Red de centros nacionales de recursos e informaci\u00f3n para la orientaci\u00f3n.<\/div>\n<div dir=\"auto\" style=\"text-align: justify\">CEDEFOP: Organismo de la UE sobre Formaci\u00f3n Profesional.<\/div>\n<div dir=\"auto\" style=\"text-align: justify\">European Schoolnet: Red de Ministerios de Educaci\u00f3n para llevar la innovaci\u00f3n a la ense\u00f1anza y el aprendizaje.<\/div>\n<div dir=\"auto\" style=\"text-align: justify\">Eurodesk: Red de apoyo para crear conciencia sobre oportunidades de movilidad de aprendizaje.<\/div>\n<div dir=\"auto\" style=\"text-align: justify\">Eurydice: Red de unidades nacionales que publican informaci\u00f3n y an\u00e1lisis comparativos de sistemas educativos europeos.<\/div>\n<div dir=\"auto\" style=\"text-align: justify\">Enic-Naric: Red para ayudar en el reconocimiento de t\u00edtulos extranjeros y la movilidad acad\u00e9mica y profesional.<\/div>\n<div dir=\"auto\" style=\"text-align: justify\">Europe Direct: Puntos de contacto e informaci\u00f3n sobre Europa.<\/div>\n<div dir=\"auto\" style=\"text-align: justify\">SOLVIT: Servicio para resolver problemas con derechos en el mercado \u00fanico de la UE.<\/div>\n<div dir=\"auto\" style=\"text-align: justify\">&nbsp;<\/div>\n<div dir=\"auto\" style=\"text-align: justify\"><strong>4. Iniciativas de Comunicaci\u00f3n del SEPIE<\/strong><\/div>\n<div dir=\"auto\" style=\"text-align: justify\">El SEPIE promueve varias iniciativas en las que los beneficiarios pueden participar:<\/div>\n<div dir=\"auto\" style=\"text-align: justify\">Newsletter SEPIE: Bolet\u00edn electr\u00f3nico gratuito con novedades y actividades. Los proyectos pueden aparecer en esta publicaci\u00f3n.<\/div>\n<div dir=\"auto\" style=\"text-align: justify\">Radio Erasmus+: Iniciativa para dar visibilidad a las experiencias de centros, instituciones y participantes a trav\u00e9s de la radio.<\/div>\n<div dir=\"auto\" style=\"text-align: justify\">Caf\u00e9 viajero Erasmus+: Espacio para compartir experiencias, testimonios y buenas pr\u00e1cticas.<\/div>\n<div dir=\"auto\" style=\"text-align: justify\">#ErasmusDays: Campa\u00f1a de celebraci\u00f3n europea para difundir proyectos Erasmus+, implicando a la comunidad educativa y la ciudadan\u00eda. En 2023 se celebr\u00f3 del 9 al 14 de octubre. Se anima a los beneficiarios a registrar actividades en la web y compartirlas en redes sociales con la etiqueta #ErasmusDays. Se destacaron temas como el A\u00f1o Europeo de las Competencias y las prioridades del programa.<\/div>\n<div dir=\"auto\" style=\"text-align: justify\">Buenas pr\u00e1cticas: El SEPIE selecciona proyectos destacados por su gesti\u00f3n, enfoques innovadores, \u00e9nfasis en la comunicaci\u00f3n\/difusi\u00f3n, impacto, sostenibilidad y transferibilidad. Los proyectos reconocidos como buenas pr\u00e1cticas se difunden a trav\u00e9s de los canales del SEPIE.<\/div>\n<div dir=\"auto\" style=\"text-align: justify\">&nbsp;<\/div>\n<div dir=\"auto\" style=\"text-align: justify\"><strong>5. Conclusi\u00f3n<\/strong><\/div>\n<div dir=\"auto\" style=\"text-align: justify\">El kit concluye reiterando que la comunicaci\u00f3n es una tarea necesaria que requiere planificaci\u00f3n y revisi\u00f3n constante a lo largo de todo el ciclo de vida del proyecto (antes, durante y despu\u00e9s). Es como \u00ablluvia fina\u00bb que va calando poco a poco en el p\u00fablico. Desarrollar un proyecto Erasmus+ contribuye a la internacionalizaci\u00f3n y prestigio de las organizaciones, y la comunicaci\u00f3n es clave para maximizar la difusi\u00f3n e impacto de los proyectos y sus resultados, generando nuevas oportunidades y logrando emocionar a los p\u00fablicos objetivos. La comunicaci\u00f3n, difusi\u00f3n y aprovechamiento de resultados deben ser compa\u00f1eros de viaje en la gesti\u00f3n del proyecto.<\/div>\n<div dir=\"auto\" style=\"text-align: justify\">Anexos: El kit menciona la inclusi\u00f3n de plantillas modelo para el Plan de Difusi\u00f3n, nota de prensa y autorizaciones de derechos de imagen (adultos y menores).<\/div>\n<div dir=\"auto\" style=\"text-align: justify\">Este briefing resume los puntos esenciales del Kit de Comunicaci\u00f3n Erasmus+ 2023 del SEPIE, ofreciendo una gu\u00eda pr\u00e1ctica y conceptual para los beneficiarios en sus esfuerzos de comunicaci\u00f3n y difusi\u00f3n.<\/div>\n<\/div>\n<div dir=\"auto\"><a href=\"https:\/\/blogsaverroes.juntadeandalucia.es\/iespabloneruda\/files\/2025\/05\/IMG-20250513-WA0004.jpg\"><img loading=\"lazy\" decoding=\"async\" class=\"alignnone size-full wp-image-7373\" src=\"https:\/\/blogsaverroes.juntadeandalucia.es\/iespabloneruda\/files\/2025\/05\/IMG-20250513-WA0004.jpg\" alt=\"\" width=\"1514\" height=\"1600\" srcset=\"https:\/\/blogsaverroes.juntadeandalucia.es\/iespabloneruda\/files\/2025\/05\/IMG-20250513-WA0004.jpg 1514w, https:\/\/blogsaverroes.juntadeandalucia.es\/iespabloneruda\/files\/2025\/05\/IMG-20250513-WA0004-284x300.jpg 284w, https:\/\/blogsaverroes.juntadeandalucia.es\/iespabloneruda\/files\/2025\/05\/IMG-20250513-WA0004-969x1024.jpg 969w, https:\/\/blogsaverroes.juntadeandalucia.es\/iespabloneruda\/files\/2025\/05\/IMG-20250513-WA0004-768x812.jpg 768w, https:\/\/blogsaverroes.juntadeandalucia.es\/iespabloneruda\/files\/2025\/05\/IMG-20250513-WA0004-1453x1536.jpg 1453w\" sizes=\"(max-width: 1514px) 100vw, 1514px\" \/><\/a><\/div>\n<div dir=\"auto\"><iframe loading=\"lazy\" src=\"https:\/\/drive.google.com\/file\/d\/1UOW1c-fMd4aYbNmFcAtUkbl5wChXahEZ\/preview\" width=\"640\" height=\"480\"><\/iframe>&nbsp;<\/div>\n<\/div>\n<\/div>\n<\/div>\n<\/div>\n<\/div>\n","protected":false},"excerpt":{"rendered":"<p>RESUMEN DEL KIT El \u00abKIT DE COMUNICACI\u00d3N ERASMUS+ 2023\u00bb del SEPIE (Servicio Espa\u00f1ol para la Internacionalizaci\u00f3n de la Educaci\u00f3n) sirve como una gu\u00eda completa para beneficiarios de proyectos Erasmus+, destacando la importancia de la&#46;&#46;&#46;<\/p>\n","protected":false},"author":11374,"featured_media":0,"parent":0,"menu_order":0,"comment_status":"closed","ping_status":"closed","template":"","meta":{"ngg_post_thumbnail":0,"footnotes":"","_mc_calendar":[]},"aioseo_notices":[],"_links":{"self":[{"href":"https:\/\/blogsaverroes.juntadeandalucia.es\/iespabloneruda\/wp-json\/wp\/v2\/pages\/7369"}],"collection":[{"href":"https:\/\/blogsaverroes.juntadeandalucia.es\/iespabloneruda\/wp-json\/wp\/v2\/pages"}],"about":[{"href":"https:\/\/blogsaverroes.juntadeandalucia.es\/iespabloneruda\/wp-json\/wp\/v2\/types\/page"}],"author":[{"embeddable":true,"href":"https:\/\/blogsaverroes.juntadeandalucia.es\/iespabloneruda\/wp-json\/wp\/v2\/users\/11374"}],"replies":[{"embeddable":true,"href":"https:\/\/blogsaverroes.juntadeandalucia.es\/iespabloneruda\/wp-json\/wp\/v2\/comments?post=7369"}],"version-history":[{"count":4,"href":"https:\/\/blogsaverroes.juntadeandalucia.es\/iespabloneruda\/wp-json\/wp\/v2\/pages\/7369\/revisions"}],"predecessor-version":[{"id":7372,"href":"https:\/\/blogsaverroes.juntadeandalucia.es\/iespabloneruda\/wp-json\/wp\/v2\/pages\/7369\/revisions\/7372"}],"wp:attachment":[{"href":"https:\/\/blogsaverroes.juntadeandalucia.es\/iespabloneruda\/wp-json\/wp\/v2\/media?parent=7369"}],"curies":[{"name":"wp","href":"https:\/\/api.w.org\/{rel}","templated":true}]}}