{"id":7375,"date":"2025-05-14T09:44:55","date_gmt":"2025-05-14T08:44:55","guid":{"rendered":"https:\/\/blogsaverroes.juntadeandalucia.es\/iespabloneruda\/?page_id=7375"},"modified":"2025-05-14T09:45:06","modified_gmt":"2025-05-14T08:45:06","slug":"como-disenamos-los-materiales","status":"publish","type":"page","link":"https:\/\/blogsaverroes.juntadeandalucia.es\/iespabloneruda\/como-disenamos-los-materiales\/","title":{"rendered":"\u00bfC\u00d3MO DISE\u00d1AMOS LOS MATERIALES?"},"content":{"rendered":"<div class=\"tVu25\">\n<div class=\"nH\">\n<div class=\"nH\">\n<div class=\"nH aqk aql bkL\">\n<div class=\"nH bkK\">\n<div class=\"nH\">\n<div class=\"nH ar4 z\">\n<div class=\"aeI\">\n<div class=\"AO\">\n<div id=\":3\" class=\"Tm aeJ\">\n<div id=\":1\" class=\"aeF\">\n<div class=\"nH\">\n<div class=\"nH\" role=\"main\">\n<div class=\"nH g\">\n<div class=\"nH a98 iY\">\n<div class=\"nH\">\n<div class=\"aHU hx\">\n<div role=\"list\">\n<div class=\"h7 ie\" role=\"listitem\" aria-expanded=\"true\">\n<div class=\"Bk\">\n<div class=\"G3 G2\">\n<div id=\":px\">\n<div class=\"adn ads\" data-message-id=\"#msg-a:r-6343373019802224751\" data-legacy-message-id=\"196cdf69e29e4f5c\">\n<div class=\"gs\">\n<div class=\"\">\n<div id=\":pt\" class=\"ii gt\">\n<div id=\":pu\" class=\"a3s aiL \">\n<div dir=\"auto\" style=\"text-align: justify\">\n<p>Bas\u00e1ndonos en las fuentes proporcionadas por internet y nuestra lectura previa del KIT DE COMUNICACI\u00d3N ERASMUS+, hemos visto que esta \u00faltima recomienda el uso de Canva y Genially para infograf\u00edas pero no para otros materiales. Las fuentes m\u00e1s recientes nos ofrecen una lista m\u00e1s amplia de programas y herramientas para las categor\u00edas que vamos a trabajar:<\/p>\n<div dir=\"auto\">&nbsp;<\/div>\n<div dir=\"auto\"><strong>1. Dise\u00f1o de Logotipo:<\/strong><\/div>\n<div dir=\"auto\">Tailor Brands (Basada en IA, genera opciones de logotipo a partir de informaci\u00f3n del negocio)<\/div>\n<div dir=\"auto\">Logaster (F\u00e1cil de usar, genera logotipos autom\u00e1ticamente usando IA)<\/div>\n<div dir=\"auto\">Canva12 (Funcionalidad de creaci\u00f3n de logotipos, interfaz f\u00e1cil de usar, ofrece iconos, formas y pegatinas)<\/div>\n<div dir=\"auto\">Fotor (F\u00e1cil de usar, editor de arrastrar y soltar, plantillas, versiones web, m\u00f3vil y de escritorio)<\/div>\n<div dir=\"auto\">Desygner (Permite crear logotipos y otros materiales, ofrece plantillas y herramientas de edici\u00f3n)<\/div>\n<div dir=\"auto\">JetA Logo Creator (Miles de plantillas y formas vectoriales, r\u00e1pido y sencillo)<\/div>\n<div dir=\"auto\">Hipster Logo Generator (Completamente gratis, sencillo, descarga en PNG\/SVG)<\/div>\n<div dir=\"auto\">Envato Elements (Ofrece plantillas de logotipos mediante suscripci\u00f3n)<\/div>\n<div dir=\"auto\">Themeisle Logo Maker (Plantillas preparadas, descarga gratuita en PNG y SVG sin marcas de agua)<\/div>\n<div dir=\"auto\">LogoGarden (Ideal para logotipos b\u00e1sicos con icono y texto)<\/div>\n<div dir=\"auto\">Wix Logo Maker (Herramienta con IA, personalizable, r\u00e1pida, descarga archivos de alta calidad incluyendo vectoriales)<\/div>\n<div dir=\"auto\">Movavi Photo Editor (Mencionado como herramienta para crear un logotipo personal)<\/div>\n<div dir=\"auto\">&nbsp;<\/div>\n<div dir=\"auto\">Dentro del software de dise\u00f1o gr\u00e1fico general, Adobe Illustrator es listado para dibujo vectorial, lo cual es relevante para logotipos escalables. Adobe Photoshop tambi\u00e9n se menciona como programa popular de dise\u00f1o gr\u00e1fico y se le atribuyen funciones m\u00e1s all\u00e1 del retoque fotogr\u00e1fico , aunque Illustrator es m\u00e1s com\u00fanmente asociado con el dise\u00f1o de logotipos vectoriales profesionales.<\/div>\n<div dir=\"auto\">&nbsp;<\/div>\n<div dir=\"auto\"><strong>2.Carteler\u00eda (Posters):<\/strong><\/div>\n<div dir=\"auto\">Adobe Illustrator como software para dise\u00f1o de carteler\u00eda.<\/div>\n<div dir=\"auto\">Adobe Photoshop tambi\u00e9n es utilizado como uno de los programas de dise\u00f1o gr\u00e1fico m\u00e1s populares, usado en la creaci\u00f3n de carteles publicitarios grandes antes de la impresi\u00f3n.<\/div>\n<div dir=\"auto\">&nbsp;<\/div>\n<div dir=\"auto\"><strong>3.Plantillas para redes:<\/strong><\/div>\n<div dir=\"auto\">Microsoft Create ofrece plantillas dise\u00f1adas profesionalmente que se pueden personalizar usando Microsoft Designer y Word. Aunque las fuentes mencionan Canva y Genially para infograf\u00edas y Desygner para contenido de redes sociales, no listan expl\u00edcitamente programas o herramientas generales para crear plantillas de redes sociales m\u00e1s all\u00e1 de la oferta espec\u00edfica de Microsoft.<\/div>\n<div dir=\"auto\">&nbsp;<\/div>\n<div dir=\"auto\"><strong>4.Tipograf\u00eda:<\/strong><\/div>\n<div dir=\"auto\">FontForge y Font Lab en el contexto de la rasterizaci\u00f3n y el hinting.<\/div>\n<div dir=\"auto\">&nbsp;<\/div>\n<div dir=\"auto\"><strong>5.Folletos (Brochures):<\/strong><\/div>\n<div dir=\"auto\">Adobe Illustrator<\/div>\n<div dir=\"auto\">Adobe InDesign (parte de Adobe Creative Cloud, ofrece personalizaci\u00f3n completa y plantillas). InDesign tambi\u00e9n es listado como software para \u00abDise\u00f1o Editorial\u00bb , que a menudo incluye folletos.<\/div>\n<div dir=\"auto\">Lucidpress (Software de dise\u00f1o de folletos con plantillas y opciones de personalizaci\u00f3n, disponible en versi\u00f3n gratuita y de pago)<\/div>\n<div dir=\"auto\">Desygner (Mencionado como aplicaci\u00f3n m\u00f3vil que permite crear folletos).<\/div>\n<div dir=\"auto\">&nbsp;<\/div>\n<div dir=\"auto\"><strong>6. Banners online:<\/strong><\/div>\n<div dir=\"auto\">Adobe Photoshop es mencionado como un programa muy popular utilizado para el dise\u00f1o de lonas publicitarias antes de su impresi\u00f3n.&nbsp;<\/div>\n<div dir=\"auto\">Adobe Fireworks es listado como software de dise\u00f1o web, espec\u00edficamente para la \u00abEdici\u00f3n digital de im\u00e1genes para web, y contenido din\u00e1mico\u00bb , lo cual es relevante para la creaci\u00f3n de banners online.<\/div>\n<div dir=\"auto\">Adobe Dreamweaver y Adobe Flash tambi\u00e9n son listados para la creaci\u00f3n de sitios web y animaciones web respectivamente, lo que podr\u00eda implicar la creaci\u00f3n de elementos visuales como banners.<\/div>\n<\/div>\n<\/div>\n<\/div>\n<\/div>\n<\/div>\n<\/div>\n<\/div>\n<\/div>\n<\/div>\n<\/div>\n<\/div>\n<\/div>\n<\/div>\n<\/div>\n<\/div>\n<\/div>\n<\/div>\n<\/div>\n<\/div>\n<\/div>\n<\/div>\n<\/div>\n<\/div>\n<\/div>\n<\/div>\n<\/div>\n<\/div>\n<\/div>\n","protected":false},"excerpt":{"rendered":"<p>Bas\u00e1ndonos en las fuentes proporcionadas por internet y nuestra lectura previa del KIT DE COMUNICACI\u00d3N ERASMUS+, hemos visto que esta \u00faltima recomienda el uso de Canva y Genially para infograf\u00edas pero no para otros&#46;&#46;&#46;<\/p>\n","protected":false},"author":11374,"featured_media":0,"parent":0,"menu_order":0,"comment_status":"closed","ping_status":"closed","template":"","meta":{"ngg_post_thumbnail":0,"footnotes":"","_mc_calendar":[]},"aioseo_notices":[],"_links":{"self":[{"href":"https:\/\/blogsaverroes.juntadeandalucia.es\/iespabloneruda\/wp-json\/wp\/v2\/pages\/7375"}],"collection":[{"href":"https:\/\/blogsaverroes.juntadeandalucia.es\/iespabloneruda\/wp-json\/wp\/v2\/pages"}],"about":[{"href":"https:\/\/blogsaverroes.juntadeandalucia.es\/iespabloneruda\/wp-json\/wp\/v2\/types\/page"}],"author":[{"embeddable":true,"href":"https:\/\/blogsaverroes.juntadeandalucia.es\/iespabloneruda\/wp-json\/wp\/v2\/users\/11374"}],"replies":[{"embeddable":true,"href":"https:\/\/blogsaverroes.juntadeandalucia.es\/iespabloneruda\/wp-json\/wp\/v2\/comments?post=7375"}],"version-history":[{"count":2,"href":"https:\/\/blogsaverroes.juntadeandalucia.es\/iespabloneruda\/wp-json\/wp\/v2\/pages\/7375\/revisions"}],"predecessor-version":[{"id":7377,"href":"https:\/\/blogsaverroes.juntadeandalucia.es\/iespabloneruda\/wp-json\/wp\/v2\/pages\/7375\/revisions\/7377"}],"wp:attachment":[{"href":"https:\/\/blogsaverroes.juntadeandalucia.es\/iespabloneruda\/wp-json\/wp\/v2\/media?parent=7375"}],"curies":[{"name":"wp","href":"https:\/\/api.w.org\/{rel}","templated":true}]}}