{"id":7392,"date":"2025-05-14T12:13:15","date_gmt":"2025-05-14T11:13:15","guid":{"rendered":"https:\/\/blogsaverroes.juntadeandalucia.es\/iespabloneruda\/?page_id=7392"},"modified":"2025-05-14T12:13:15","modified_gmt":"2025-05-14T11:13:15","slug":"noticias-sobre-la-identidad-corporativa","status":"publish","type":"page","link":"https:\/\/blogsaverroes.juntadeandalucia.es\/iespabloneruda\/noticias-sobre-la-identidad-corporativa\/","title":{"rendered":"NOTICIAS SOBRE LA IDENTIDAD CORPORATIVA"},"content":{"rendered":"<p style=\"text-align: justify\"><span style=\"font-weight: 400\">El I.E.S. Pablo Neruda se complace en anunciar la renovaci\u00f3n de su identidad corporativa para el programa Erasmus, una iniciativa que refuerza su compromiso con la internacionalizaci\u00f3n y la excelencia educativa. Este cambio llega como parte de un esfuerzo por modernizar y hacer m\u00e1s visible la esencia del programa, que ha permitido a estudiantes de nuestra instituci\u00f3n enriquecer su formaci\u00f3n a trav\u00e9s de experiencias en el extranjero.<\/span><\/p>\n<p style=\"text-align: justify\"><span style=\"font-weight: 400\">La nueva imagen est\u00e1 pensada para reflejar la visi\u00f3n global y abierta del I.E.S. Pablo Neruda, al mismo tiempo que mantiene su identidad educativa \u00fanica. Con un dise\u00f1o m\u00e1s moderno y din\u00e1mico, la renovada identidad del Erasmus busca conectar de manera m\u00e1s directa con los estudiantes, padres y colaboradores internacionales, subrayando los valores de cooperaci\u00f3n, aprendizaje mutuo y desarrollo personal.<\/span><\/p>\n<p style=\"text-align: justify\"><span style=\"font-weight: 400\">El dise\u00f1o de la identidad ha sido desarrollado por un equipo de profesores en colaboraci\u00f3n con estudiantes, quienes han aportado su visi\u00f3n y experiencia para crear una imagen que sea tanto representativa como moderna. Esta renovaci\u00f3n no solo abarca el logotipo y los materiales gr\u00e1ficos, sino tambi\u00e9n una actualizaci\u00f3n en las plataformas digitales, donde el programa Erasmus tendr\u00e1 una presencia m\u00e1s destacada.<\/span><\/p>\n<p style=\"text-align: justify\"><span style=\"font-weight: 400\">El I.E.S. Pablo Neruda contin\u00faa con su firme prop\u00f3sito de ofrecer a sus estudiantes las mejores oportunidades para que puedan desarrollar sus habilidades en un entorno internacional, y esta nueva imagen es solo el primer paso hacia muchos otros proyectos de innovaci\u00f3n y crecimiento que se est\u00e1n llevando a cabo.<\/span><\/p>\n<p style=\"text-align: justify\"><span style=\"font-weight: 400\">Con esta renovaci\u00f3n, el I.E.S. Pablo Neruda reafirma su compromiso con la formaci\u00f3n integral de sus estudiantes y su apuesta por un futuro globalizado y lleno de posibilidades.<\/span><\/p>\n","protected":false},"excerpt":{"rendered":"<p>El I.E.S. Pablo Neruda se complace en anunciar la renovaci\u00f3n de su identidad corporativa para el programa Erasmus, una iniciativa que refuerza su compromiso con la internacionalizaci\u00f3n y la excelencia educativa. Este cambio llega&#46;&#46;&#46;<\/p>\n","protected":false},"author":11374,"featured_media":0,"parent":0,"menu_order":0,"comment_status":"closed","ping_status":"closed","template":"","meta":{"ngg_post_thumbnail":0,"footnotes":"","_mc_calendar":[]},"aioseo_notices":[],"_links":{"self":[{"href":"https:\/\/blogsaverroes.juntadeandalucia.es\/iespabloneruda\/wp-json\/wp\/v2\/pages\/7392"}],"collection":[{"href":"https:\/\/blogsaverroes.juntadeandalucia.es\/iespabloneruda\/wp-json\/wp\/v2\/pages"}],"about":[{"href":"https:\/\/blogsaverroes.juntadeandalucia.es\/iespabloneruda\/wp-json\/wp\/v2\/types\/page"}],"author":[{"embeddable":true,"href":"https:\/\/blogsaverroes.juntadeandalucia.es\/iespabloneruda\/wp-json\/wp\/v2\/users\/11374"}],"replies":[{"embeddable":true,"href":"https:\/\/blogsaverroes.juntadeandalucia.es\/iespabloneruda\/wp-json\/wp\/v2\/comments?post=7392"}],"version-history":[{"count":1,"href":"https:\/\/blogsaverroes.juntadeandalucia.es\/iespabloneruda\/wp-json\/wp\/v2\/pages\/7392\/revisions"}],"predecessor-version":[{"id":7393,"href":"https:\/\/blogsaverroes.juntadeandalucia.es\/iespabloneruda\/wp-json\/wp\/v2\/pages\/7392\/revisions\/7393"}],"wp:attachment":[{"href":"https:\/\/blogsaverroes.juntadeandalucia.es\/iespabloneruda\/wp-json\/wp\/v2\/media?parent=7392"}],"curies":[{"name":"wp","href":"https:\/\/api.w.org\/{rel}","templated":true}]}}