{"id":77,"date":"2015-03-16T06:54:56","date_gmt":"2015-03-16T06:54:56","guid":{"rendered":"http:\/\/blogsaverroes.juntadeandalucia.es\/pre\/ceip\/?page_id=77"},"modified":"2021-07-26T17:18:41","modified_gmt":"2021-07-26T16:18:41","slug":"secretaria","status":"publish","type":"page","link":"https:\/\/blogsaverroes.juntadeandalucia.es\/iespabloneruda\/secretaria\/","title":{"rendered":"HISTORIA"},"content":{"rendered":"<h2 style=\"text-align: center\"><span style=\"color: #e11a1a\"><strong>LOS OR\u00cdGENES DE NUESTRO CENTRO<\/strong><\/span><\/h2>\n<p><span style=\"color: #5d91bf\">Todo comenz\u00f3 en el curso 1989\/1990, hace ya la friolera de casi 22 a\u00f1os. Por primera vez se dotaba la plantilla del claustro de lo que ser\u00eda nuestro Centro.La ubicaci\u00f3n fue en el instituto Diego de Guzm\u00e1n y Quesada. Alguno ya estaba all\u00ed antes, aunque no fijo. Llegamos la mayor\u00eda, muy j\u00f3venes, de diferente lugares de la pen\u00ednsula; pocos eran de Huelva.<\/span><\/p>\n<p><span style=\"color: #5d91bf\">Empezamos por la tarde, y lo que iba a ser s\u00f3lo un curso escolar, puesto que el instituto se entregar\u00eda para el curso siguiente, se alarg\u00f3 otro a\u00f1o m\u00e1s. La noticia de la demora a unos disgust\u00f3 m\u00e1s que a otros: para unos el horario vespertino ten\u00eda ventajas, para otros trastocaba sus planes.<\/span><\/p>\n<p><span style=\"color: #5d91bf\">Cuando nos comunicaron que el instituto nuestro no iba a ser el que estaba construido al lado del Seminario, sino en el centro, nos alegramos. La espera hab\u00eda merecido la pena.<\/span><br \/>\n<span style=\"color: #5d91bf\">Lo malo fue cuando vimos el lugar: un edificio aislado en medio de un extenso terreno, convertido en barrizal cuando llov\u00eda, un mont\u00f3n de casas de prostitutas justo enfrente y, por si fuera poco, un muro que recorr\u00eda m\u00e1s o menos lo que hoy es Aguas de Huelva y que nos aislaba del centro de la ciudad. No hab\u00eda nada m\u00e1s.<\/span><\/p>\n<p><span style=\"color: #5d91bf\">El comienzo del curso 1991\/1992 fue duro, sobre todo porque hubo mucha pol\u00e9mica por parte de los padres, que no quer\u00edan llevar a sus hijos a ese instituto si no desaparec\u00eda de all\u00ed la prostituci\u00f3n. Pero, poco a poco, a todo se acostumbra uno, y nos habituamos al entorno. Cada uno hac\u00edamos nuestro trabajo sin interferencias, y apenas si se produjeron incidentes, ellas en un lado y nosotros en otro, si bien es verdad que el ambiente por la tarde era bastante m\u00e1s s\u00f3rdido. La presencia de la Polic\u00eda fue frecuente durante mucho tiempo, m\u00e1s por que se viera que estaba all\u00ed que por problemas graves.<\/span><\/p>\n<p><span style=\"color: #5d91bf\">Y empieza la urbanizaci\u00f3n del entorno. Un verdadero suplicio: todo se construy\u00f3 sobre \u201cnuestros o\u00eddos\u201d, sobre \u201cnuestra salud\u201d.<\/span><\/p>\n<p style=\"text-align: justify\"><span style=\"color: #5d91bf\">Primero el alcantarillado, la luz\u2026, luego todos los edificios de alrededor, tambi\u00e9n un ala nueva para el instituto, el aparcamiento, la carretera. El ruido a veces era insoportable, hasta temblaba el suelo por las m\u00e1quinas taladradoras de hacer los cimientos. Un d\u00eda, otro d\u00eda\u2026, un mes, otro mes\u2026, un a\u00f1o, otro a\u00f1o\u2026 En una ocasi\u00f3n nos alegramos porque \u201cse call\u00f3 una gr\u00faa\u201d (as\u00ed apareci\u00f3 en portada y en grandes titulares en el peri\u00f3dico, en vez de \u201cse cay\u00f3\u201d) en la siguiente manzana a la nuestra. Fue algo despu\u00e9s de las 15 horas, y por suerte no sucedi\u00f3 nada, porque los alumnos ya hab\u00edan pasado por all\u00ed camino a sus casas.Y poco a poco nuestro instituto, totalmente soleado en sus inicios, fue perdiendo luminosidad a la vez que ganaba vida alrededor. <\/span><\/p>\n<p style=\"text-align: justify\"><span style=\"color: #5d91bf\">Y aqu\u00ed estamos tras tantos avatares. Cu\u00e1ntos alumnos han pasado ya por aqu\u00ed, cu\u00e1ntas situaciones positivas y algunas negativas, cu\u00e1nto hemos aprendido a pesar de algunas decepciones. Y, aunque son muchos los profesores que han pasado por el Centro, a\u00fan quedamos un buen pu\u00f1ado de los de anta\u00f1o que seguimos trabajando con entusiasmo.<\/span><\/p>\n<p style=\"text-align: justify\"><span style=\"color: #5d91bf\">&nbsp;M\u00aa Teresa Sagredo<\/span><\/p>\n<p style=\"text-align: justify\"><span style=\"color: #5d91bf\">(Profesora del Departamento de Lengua. Escrito para la revista CON-CIENCIA del curso 2010\/11)<\/span><\/p>\n<p style=\"text-align: justify\"><span style=\"color: #5d91bf\">Aqu\u00ed pod\u00e9is ver una foto de nuestro instituto en sus comienzos.<\/span><\/p>\n<p><a href=\"https:\/\/blogsaverroes.juntadeandalucia.es\/iespabloneruda\/files\/2020\/11\/HISTORIA.png\"><img loading=\"lazy\" decoding=\"async\" class=\"alignnone wp-image-2480 aligncenter\" src=\"https:\/\/blogsaverroes.juntadeandalucia.es\/iespabloneruda\/files\/2020\/11\/HISTORIA-300x137.png\" alt=\"\" width=\"438\" height=\"200\" srcset=\"https:\/\/blogsaverroes.juntadeandalucia.es\/iespabloneruda\/files\/2020\/11\/HISTORIA-300x137.png 300w, https:\/\/blogsaverroes.juntadeandalucia.es\/iespabloneruda\/files\/2020\/11\/HISTORIA-24x11.png 24w, https:\/\/blogsaverroes.juntadeandalucia.es\/iespabloneruda\/files\/2020\/11\/HISTORIA-36x16.png 36w, https:\/\/blogsaverroes.juntadeandalucia.es\/iespabloneruda\/files\/2020\/11\/HISTORIA-48x22.png 48w, https:\/\/blogsaverroes.juntadeandalucia.es\/iespabloneruda\/files\/2020\/11\/HISTORIA.png 696w\" sizes=\"(max-width: 438px) 100vw, 438px\" \/><\/a><\/p>\n<p>&nbsp;<\/p>\nngg_shortcode_0_placeholder\n","protected":false},"excerpt":{"rendered":"<p>LOS OR\u00cdGENES DE NUESTRO CENTRO Todo comenz\u00f3 en el curso 1989\/1990, hace ya la friolera de casi 22 a\u00f1os. Por primera vez se dotaba la plantilla del claustro de lo que ser\u00eda nuestro Centro.La&#46;&#46;&#46;<\/p>\n","protected":false},"author":1,"featured_media":0,"parent":0,"menu_order":0,"comment_status":"open","ping_status":"open","template":"","meta":{"ngg_post_thumbnail":0,"footnotes":"","_mc_calendar":[]},"aioseo_notices":[],"_links":{"self":[{"href":"https:\/\/blogsaverroes.juntadeandalucia.es\/iespabloneruda\/wp-json\/wp\/v2\/pages\/77"}],"collection":[{"href":"https:\/\/blogsaverroes.juntadeandalucia.es\/iespabloneruda\/wp-json\/wp\/v2\/pages"}],"about":[{"href":"https:\/\/blogsaverroes.juntadeandalucia.es\/iespabloneruda\/wp-json\/wp\/v2\/types\/page"}],"author":[{"embeddable":true,"href":"https:\/\/blogsaverroes.juntadeandalucia.es\/iespabloneruda\/wp-json\/wp\/v2\/users\/1"}],"replies":[{"embeddable":true,"href":"https:\/\/blogsaverroes.juntadeandalucia.es\/iespabloneruda\/wp-json\/wp\/v2\/comments?post=77"}],"version-history":[{"count":14,"href":"https:\/\/blogsaverroes.juntadeandalucia.es\/iespabloneruda\/wp-json\/wp\/v2\/pages\/77\/revisions"}],"predecessor-version":[{"id":2868,"href":"https:\/\/blogsaverroes.juntadeandalucia.es\/iespabloneruda\/wp-json\/wp\/v2\/pages\/77\/revisions\/2868"}],"wp:attachment":[{"href":"https:\/\/blogsaverroes.juntadeandalucia.es\/iespabloneruda\/wp-json\/wp\/v2\/media?parent=77"}],"curies":[{"name":"wp","href":"https:\/\/api.w.org\/{rel}","templated":true}]}}