{"id":20,"date":"2020-01-10T07:40:35","date_gmt":"2020-01-10T06:40:35","guid":{"rendered":"http:\/\/blogsaverroes.juntadeandalucia.es\/pre\/nuevoiesv2\/?page_id=20"},"modified":"2025-07-14T11:57:39","modified_gmt":"2025-07-14T09:57:39","slug":"bachcienttecn","status":"publish","type":"page","link":"https:\/\/blogsaverroes.juntadeandalucia.es\/iespablopicasso\/bachcienttecn\/","title":{"rendered":"Bachillerato Cient\u00edfico &#8211; Tecnol\u00f3gico"},"content":{"rendered":"<p>[et_pb_section fb_built=&#8221;1&#8243; _builder_version=&#8221;4.16&#8243; custom_padding=&#8221;0px||0px|&#8221; z_index_tablet=&#8221;500&#8243; box_shadow_horizontal_tablet=&#8221;0px&#8221; box_shadow_vertical_tablet=&#8221;0px&#8221; box_shadow_blur_tablet=&#8221;40px&#8221; box_shadow_spread_tablet=&#8221;0px&#8221; global_colors_info=&#8221;{}&#8221;][et_pb_row _builder_version=&#8221;4.16&#8243; background_size=&#8221;initial&#8221; background_position=&#8221;top_left&#8221; background_repeat=&#8221;repeat&#8221; global_colors_info=&#8221;{}&#8221;][et_pb_column type=&#8221;4_4&#8243; _builder_version=&#8221;4.16&#8243; custom_padding=&#8221;|||&#8221; global_colors_info=&#8221;{}&#8221; custom_padding__hover=&#8221;|||&#8221;][et_pb_image title_text=&#8221;bachiller-tecnologico&#8221; align=&#8221;center&#8221; force_fullwidth=&#8221;on&#8221; admin_label=&#8221;Imagen de la portada&#8221; _builder_version=&#8221;4.24.2&#8243; background_enable_image=&#8221;off&#8221; vertical_offset_tablet=&#8221;0&#8243; horizontal_offset_tablet=&#8221;0&#8243; max_height=&#8221;200px&#8221; hover_enabled=&#8221;0&#8243; z_index_tablet=&#8221;500&#8243; box_shadow_horizontal_tablet=&#8221;0px&#8221; box_shadow_vertical_tablet=&#8221;0px&#8221; box_shadow_blur_tablet=&#8221;40px&#8221; box_shadow_spread_tablet=&#8221;0px&#8221; global_colors_info=&#8221;{}&#8221; sticky_enabled=&#8221;0&#8243; disabled_on=&#8221;on|on|on&#8221; disabled=&#8221;on&#8221;][\/et_pb_image][et_pb_text admin_label=&#8221;Texto descriptivo&#8221; _builder_version=&#8221;4.24.2&#8243; hover_enabled=&#8221;0&#8243; z_index_tablet=&#8221;500&#8243; text_text_shadow_horizontal_length_tablet=&#8221;0px&#8221; text_text_shadow_vertical_length_tablet=&#8221;0px&#8221; text_text_shadow_blur_strength_tablet=&#8221;1px&#8221; link_text_shadow_horizontal_length_tablet=&#8221;0px&#8221; link_text_shadow_vertical_length_tablet=&#8221;0px&#8221; link_text_shadow_blur_strength_tablet=&#8221;1px&#8221; ul_text_shadow_horizontal_length_tablet=&#8221;0px&#8221; ul_text_shadow_vertical_length_tablet=&#8221;0px&#8221; ul_text_shadow_blur_strength_tablet=&#8221;1px&#8221; ol_text_shadow_horizontal_length_tablet=&#8221;0px&#8221; ol_text_shadow_vertical_length_tablet=&#8221;0px&#8221; ol_text_shadow_blur_strength_tablet=&#8221;1px&#8221; quote_text_shadow_horizontal_length_tablet=&#8221;0px&#8221; quote_text_shadow_vertical_length_tablet=&#8221;0px&#8221; quote_text_shadow_blur_strength_tablet=&#8221;1px&#8221; header_text_shadow_horizontal_length_tablet=&#8221;0px&#8221; header_text_shadow_vertical_length_tablet=&#8221;0px&#8221; header_text_shadow_blur_strength_tablet=&#8221;1px&#8221; header_2_text_shadow_horizontal_length_tablet=&#8221;0px&#8221; header_2_text_shadow_vertical_length_tablet=&#8221;0px&#8221; header_2_text_shadow_blur_strength_tablet=&#8221;1px&#8221; header_3_text_shadow_horizontal_length_tablet=&#8221;0px&#8221; header_3_text_shadow_vertical_length_tablet=&#8221;0px&#8221; header_3_text_shadow_blur_strength_tablet=&#8221;1px&#8221; header_4_text_shadow_horizontal_length_tablet=&#8221;0px&#8221; header_4_text_shadow_vertical_length_tablet=&#8221;0px&#8221; header_4_text_shadow_blur_strength_tablet=&#8221;1px&#8221; header_5_text_shadow_horizontal_length_tablet=&#8221;0px&#8221; header_5_text_shadow_vertical_length_tablet=&#8221;0px&#8221; header_5_text_shadow_blur_strength_tablet=&#8221;1px&#8221; header_6_text_shadow_horizontal_length_tablet=&#8221;0px&#8221; header_6_text_shadow_vertical_length_tablet=&#8221;0px&#8221; header_6_text_shadow_blur_strength_tablet=&#8221;1px&#8221; box_shadow_horizontal_tablet=&#8221;0px&#8221; box_shadow_vertical_tablet=&#8221;0px&#8221; box_shadow_blur_tablet=&#8221;40px&#8221; box_shadow_spread_tablet=&#8221;0px&#8221; global_colors_info=&#8221;{}&#8221; sticky_enabled=&#8221;0&#8243;]<\/p>\n<h2><strong>Bachillerato Cient\u00edfico &#8211; Tecnol\u00f3gico<\/strong><\/h2>\n<p>&nbsp;<\/p>\n<p><span style=\"font-size: 14pt\">El bachillerato cient\u00edfico-tecnol\u00f3gico, o tambi\u00e9n llamado bachillerato de ciencias y tecnolog\u00eda, es una modalidad de estudios post-obligarorios que se enfoca en las ciencias y tecnolog\u00eda, preparando a los estudiantes para estudios universitarios o ciclos formativos de grado superior en \u00e1reas como ingenier\u00eda, ciencias de la salud, arquitectura, inform\u00e1tica y matem\u00e1ticas, entre otras.<span class=\"pjBG2e\" data-cid=\"76a5ddcb-6dde-4a67-b558-fc1db97c836d\"><span class=\"UV3uM\">&nbsp;<\/span><\/span><\/span><\/p>\n<p>&nbsp;<\/p>\n<div class=\"WaaZC\">\n<div class=\"RJPOee EIJn2\">\n<div class=\"rPeykc pyPiTc\" data-hveid=\"CAoQAQ\" data-ved=\"2ahUKEwjW962NhbyOAxWQT6QEHcdtM7kQo_EKegQIChAB\"><span style=\"font-size: 18pt\"><strong>\u00bfEn qu\u00e9 consiste?<\/strong><\/span><\/div>\n<div data-hveid=\"CAoQAQ\" data-ved=\"2ahUKEwjW962NhbyOAxWQT6QEHcdtM7kQo_EKegQIChAB\">&nbsp;<\/div>\n<\/div>\n<\/div>\n<div class=\"WaaZC\">\n<div class=\"RJPOee EIJn2\">\n<div class=\"rPeykc\" data-hveid=\"CAwQAQ\" data-ved=\"2ahUKEwjW962NhbyOAxWQT6QEHcdtM7kQo_EKegQIDBAB\"><span style=\"font-size: 14pt\">Esta modalidad combina materias comunes a todos los bachilleratos con asignaturas espec\u00edficas de ciencias y tecnolog\u00eda, como matem\u00e1ticas, f\u00edsica, qu\u00edmica, biolog\u00eda, dibujo t\u00e9cnico y tecnolog\u00eda industrial, entre otras.&nbsp;Los estudiantes desarrollan habilidades de investigaci\u00f3n, an\u00e1lisis, trabajo en equipo y pensamiento cr\u00edtico, as\u00ed como competencias en el uso de herramientas tecnol\u00f3gicas.<\/span><\/div>\n<\/div>\n<\/div>\n<div data-hveid=\"CAwQAQ\" data-ved=\"2ahUKEwjW962NhbyOAxWQT6QEHcdtM7kQo_EKegQIDBAB\">&nbsp;<\/div>\n<div data-hveid=\"CAwQAQ\" data-ved=\"2ahUKEwjW962NhbyOAxWQT6QEHcdtM7kQo_EKegQIDBAB\">&nbsp;<\/div>\n<div class=\"WaaZC\">\n<div data-hveid=\"CAwQAQ\" data-ved=\"2ahUKEwjW962NhbyOAxWQT6QEHcdtM7kQo_EKegQIDBAB\"><strong><span style=\"font-size: 18pt\">\u00bfA qui\u00e9n va dirigido?<\/span><\/strong><\/div>\n<div data-hveid=\"CAwQAQ\" data-ved=\"2ahUKEwjW962NhbyOAxWQT6QEHcdtM7kQo_EKegQIDBAB\">&nbsp;<\/div>\n<\/div>\n<div data-hveid=\"CAwQAQ\" data-ved=\"2ahUKEwjW962NhbyOAxWQT6QEHcdtM7kQo_EKegQIDBAB\"><span style=\"font-size: 14pt\">El bachillerato cient\u00edfico-tecnol\u00f3gico est\u00e1 orientado a estudiantes interesados en la ciencia, la t\u00e9cnica y las nuevas tecnolog\u00edas.&nbsp;Son alumnos con curiosidad por comprender los fen\u00f3menos naturales, con capacidad de observaci\u00f3n y an\u00e1lisis, y que disfrutan investigando y utilizando herramientas tecnol\u00f3gicas.<span class=\"pjBG2e\" data-cid=\"3040eadf-9bff-488e-ace1-d2a43a02f9d8\"><span class=\"UV3uM\">&nbsp;<\/span><\/span><\/span><\/div>\n<div data-hveid=\"CAwQAQ\" data-ved=\"2ahUKEwjW962NhbyOAxWQT6QEHcdtM7kQo_EKegQIDBAB\">&nbsp;<\/div>\n<div data-hveid=\"CAwQAQ\" data-ved=\"2ahUKEwjW962NhbyOAxWQT6QEHcdtM7kQo_EKegQIDBAB\">&nbsp;<\/div>\n<div data-hveid=\"CAwQAQ\" data-ved=\"2ahUKEwjW962NhbyOAxWQT6QEHcdtM7kQo_EKegQIDBAB\"><strong><span style=\"font-size: 18pt\">Salidas profesionales y acad\u00e9micas<\/span><\/strong><\/div>\n<div data-hveid=\"CAwQAQ\" data-ved=\"2ahUKEwjW962NhbyOAxWQT6QEHcdtM7kQo_EKegQIDBAB\">&nbsp;<\/div>\n<div data-hveid=\"CAwQAQ\" data-ved=\"2ahUKEwjW962NhbyOAxWQT6QEHcdtM7kQo_EKegQIDBAB\">\n<ul>\n<li>\n<div class=\"Gur8Ad\"><span style=\"font-size: 14pt\" data-huuid=\"9214364008023373813\"><strong>Ciclos formativos de grado superior:<\/strong><\/span><\/div>\n<div class=\"vM0jzc\">\n<ul data-hveid=\"CD0QAQ\" data-ved=\"2ahUKEwjW962NhbyOAxWQT6QEHcdtM7kQm_YKegQIPRAB\">\n<li><span style=\"font-size: 14pt\" data-huuid=\"9214364008023373556\">Inform\u00e1tica (administraci\u00f3n de sistemas, desarrollo de aplicaciones).<\/span><\/li>\n<li><span style=\"font-size: 14pt\" data-huuid=\"9214364008023374750\">Electricidad y electr\u00f3nica.<\/span><\/li>\n<li><span style=\"font-size: 14pt\" data-huuid=\"9214364008023371848\">Fabricaci\u00f3n mec\u00e1nica.<\/span><\/li>\n<li><span style=\"font-size: 14pt\" data-huuid=\"9214364008023373042\">Construcci\u00f3n.<\/span><\/li>\n<li><span style=\"font-size: 14pt\" data-huuid=\"9214364008023374236\">Otros ciclos relacionados con la tecnolog\u00eda y la producci\u00f3n.<span class=\"pjBG2e\" data-cid=\"4acd8cb7-437b-4e1b-82e4-03477b6dbcbf\"><span class=\"UV3uM\">&nbsp;<\/span><\/span><\/span><\/li>\n<\/ul>\n<p>&nbsp;<\/p>\n<\/div>\n<\/li>\n<\/ul>\n<\/div>\n<div data-hveid=\"CAwQAQ\" data-ved=\"2ahUKEwjW962NhbyOAxWQT6QEHcdtM7kQo_EKegQIDBAB\">\n<ul data-hveid=\"CD8QAQ\" data-ved=\"2ahUKEwjW962NhbyOAxWQT6QEHcdtM7kQm_YKegQIPxAB\">\n<li class=\"K3KsMc\">\n<div data-crb-p=\"\">\n<div class=\"xFTqob\">\n<div class=\"Gur8Ad\"><span style=\"font-size: 14pt\" data-huuid=\"9214364008023372196\"><strong>Estudios universitarios:<\/strong><\/span><\/div>\n<div class=\"vM0jzc\">\n<ul data-hveid=\"CDcQAQ\" data-ved=\"2ahUKEwjW962NhbyOAxWQT6QEHcdtM7kQm_YKegQINxAB\">\n<li><span style=\"font-size: 14pt\" data-huuid=\"9214364008023371939\">Ingenier\u00edas (industrial, inform\u00e1tica, qu\u00edmica, telecomunicaciones, etc.).<\/span><\/li>\n<li><span style=\"font-size: 14pt\" data-huuid=\"9214364008023373133\">Ciencias de la salud (medicina, enfermer\u00eda, biomedicina, etc.).<\/span><\/li>\n<li><span style=\"font-size: 14pt\" data-huuid=\"9214364008023374327\">Ciencias puras (matem\u00e1ticas, f\u00edsica, qu\u00edmica, biolog\u00eda, etc.).<\/span><\/li>\n<li><span style=\"font-size: 14pt\" data-huuid=\"9214364008023375521\">Arquitectura.<\/span><\/li>\n<li><span style=\"font-size: 14pt\" data-huuid=\"9214364008023372619\">Inform\u00e1tica.<\/span><\/li>\n<\/ul>\n<\/div>\n<\/div>\n<\/div>\n<\/li>\n<\/ul>\n<\/div>\n<p>&nbsp;<\/p>\n<p><span style=\"font-size: 18pt\">Las asignaturas que podr\u00e1s encontrar en esta modalidad de Bachillerato son:<\/span><\/p>\n<p>&nbsp;<\/p>\n<p><strong><span style=\"text-decoration: underline\"><span style=\"font-size: 14pt\">1\u00ba Bachillerato<\/span><\/span><\/strong><\/p>\n<p><span style=\"font-size: 14pt\">Itinerario Cient\u00edfico Tecnol\u00f3gico (Matem\u00e1ticas, F\u00edsica y Qu\u00edmica, Dibujo T\u00e9cnico y Tecnolog\u00eda Industrial\/TIC)<\/span><\/p>\n<p><span style=\"font-size: 14pt\">Itinerario de Ciencias de la Salud (Matem\u00e1ticas, F\u00edsica y Qu\u00edmica, Biolog\u00eda y Geolog\u00eda y Anatom\u00eda Aplicada)<\/span><\/p>\n<p><strong><span style=\"text-decoration: underline\"><span style=\"font-size: 14pt\">2\u00ba Bachillerato<\/span><\/span><\/strong><\/p>\n<p><span style=\"font-size: 14pt\">Itinerario Cient\u00edfico Tecnol\u00f3gico (Matem\u00e1ticas, F\u00edsica, Dibujo T\u00e9cnico, Tecnolog\u00eda Industrial)<\/span><\/p>\n<p><span style=\"font-size: 14pt\">Itinerario de Ciencias de la Salud (Matem\u00e1ticas, F\u00edsica\/Biolog\u00eda y Qu\u00edmica, Bioqu\u00edmica)<\/span><\/p>\n<p>[\/et_pb_text][\/et_pb_column][\/et_pb_row][\/et_pb_section]<\/p>\n","protected":false},"excerpt":{"rendered":"<p>Bachillerato Cient\u00edfico &#8211; Tecnol\u00f3gico &nbsp; El bachillerato cient\u00edfico-tecnol\u00f3gico, o tambi\u00e9n llamado bachillerato de ciencias y tecnolog\u00eda, es una modalidad de estudios post-obligarorios que se enfoca en las ciencias y tecnolog\u00eda, preparando a los estudiantes para estudios universitarios o ciclos formativos de grado superior en \u00e1reas como ingenier\u00eda, ciencias de la salud, arquitectura, inform\u00e1tica y matem\u00e1ticas, [&hellip;]<\/p>\n","protected":false},"author":7051,"featured_media":0,"parent":0,"menu_order":0,"comment_status":"closed","ping_status":"closed","template":"","meta":{"_et_pb_use_builder":"on","_et_pb_old_content":"","_et_gb_content_width":"","ngg_post_thumbnail":0,"footnotes":""},"aioseo_notices":[],"_links":{"self":[{"href":"https:\/\/blogsaverroes.juntadeandalucia.es\/iespablopicasso\/wp-json\/wp\/v2\/pages\/20"}],"collection":[{"href":"https:\/\/blogsaverroes.juntadeandalucia.es\/iespablopicasso\/wp-json\/wp\/v2\/pages"}],"about":[{"href":"https:\/\/blogsaverroes.juntadeandalucia.es\/iespablopicasso\/wp-json\/wp\/v2\/types\/page"}],"author":[{"embeddable":true,"href":"https:\/\/blogsaverroes.juntadeandalucia.es\/iespablopicasso\/wp-json\/wp\/v2\/users\/7051"}],"replies":[{"embeddable":true,"href":"https:\/\/blogsaverroes.juntadeandalucia.es\/iespablopicasso\/wp-json\/wp\/v2\/comments?post=20"}],"version-history":[{"count":9,"href":"https:\/\/blogsaverroes.juntadeandalucia.es\/iespablopicasso\/wp-json\/wp\/v2\/pages\/20\/revisions"}],"predecessor-version":[{"id":939,"href":"https:\/\/blogsaverroes.juntadeandalucia.es\/iespablopicasso\/wp-json\/wp\/v2\/pages\/20\/revisions\/939"}],"wp:attachment":[{"href":"https:\/\/blogsaverroes.juntadeandalucia.es\/iespablopicasso\/wp-json\/wp\/v2\/media?parent=20"}],"curies":[{"name":"wp","href":"https:\/\/api.w.org\/{rel}","templated":true}]}}