{"id":32,"date":"2020-01-10T07:45:21","date_gmt":"2020-01-10T06:45:21","guid":{"rendered":"http:\/\/blogsaverroes.juntadeandalucia.es\/pre\/nuevoiesv2\/?page_id=32"},"modified":"2025-07-10T13:25:54","modified_gmt":"2025-07-10T11:25:54","slug":"ampa","status":"publish","type":"page","link":"https:\/\/blogsaverroes.juntadeandalucia.es\/iespablopicasso\/ampa\/","title":{"rendered":"AMPA Jorge Guill\u00e9n"},"content":{"rendered":"<p>[et_pb_section fb_built=&#8221;1&#8243; _builder_version=&#8221;4.16&#8243; custom_padding=&#8221;0px||0px|&#8221; z_index_tablet=&#8221;500&#8243; box_shadow_horizontal_tablet=&#8221;0px&#8221; box_shadow_vertical_tablet=&#8221;0px&#8221; box_shadow_blur_tablet=&#8221;40px&#8221; box_shadow_spread_tablet=&#8221;0px&#8221; global_colors_info=&#8221;{}&#8221;][et_pb_row _builder_version=&#8221;4.16&#8243; background_size=&#8221;initial&#8221; background_position=&#8221;top_left&#8221; background_repeat=&#8221;repeat&#8221; global_colors_info=&#8221;{}&#8221;][et_pb_column type=&#8221;4_4&#8243; _builder_version=&#8221;4.16&#8243; custom_padding=&#8221;|||&#8221; global_colors_info=&#8221;{}&#8221; custom_padding__hover=&#8221;|||&#8221;][et_pb_image src=&#8221;https:\/\/blogsaverroes.juntadeandalucia.es\/iespablopicasso\/files\/2025\/07\/LOGO-AMPA-PICASSO.png&#8221; title_text=&#8221;LOGO AMPA PICASSO&#8221; align=&#8221;center&#8221; admin_label=&#8221;Imagen de la portada&#8221; _builder_version=&#8221;4.24.2&#8243; background_color=&#8221;#FFFFFF&#8221; vertical_offset_tablet=&#8221;0&#8243; horizontal_offset_tablet=&#8221;0&#8243; width=&#8221;10%&#8221; max_height=&#8221;10%&#8221; z_index_tablet=&#8221;500&#8243; box_shadow_horizontal_tablet=&#8221;0px&#8221; box_shadow_vertical_tablet=&#8221;0px&#8221; box_shadow_blur_tablet=&#8221;40px&#8221; box_shadow_spread_tablet=&#8221;0px&#8221; global_colors_info=&#8221;{}&#8221;][\/et_pb_image][et_pb_text admin_label=&#8221;Texto descriptivo&#8221; _builder_version=&#8221;4.24.2&#8243; hover_enabled=&#8221;0&#8243; z_index_tablet=&#8221;500&#8243; text_text_shadow_horizontal_length_tablet=&#8221;0px&#8221; text_text_shadow_vertical_length_tablet=&#8221;0px&#8221; text_text_shadow_blur_strength_tablet=&#8221;1px&#8221; link_text_shadow_horizontal_length_tablet=&#8221;0px&#8221; link_text_shadow_vertical_length_tablet=&#8221;0px&#8221; link_text_shadow_blur_strength_tablet=&#8221;1px&#8221; ul_text_shadow_horizontal_length_tablet=&#8221;0px&#8221; ul_text_shadow_vertical_length_tablet=&#8221;0px&#8221; ul_text_shadow_blur_strength_tablet=&#8221;1px&#8221; ol_text_shadow_horizontal_length_tablet=&#8221;0px&#8221; ol_text_shadow_vertical_length_tablet=&#8221;0px&#8221; ol_text_shadow_blur_strength_tablet=&#8221;1px&#8221; quote_text_shadow_horizontal_length_tablet=&#8221;0px&#8221; quote_text_shadow_vertical_length_tablet=&#8221;0px&#8221; quote_text_shadow_blur_strength_tablet=&#8221;1px&#8221; header_text_shadow_horizontal_length_tablet=&#8221;0px&#8221; header_text_shadow_vertical_length_tablet=&#8221;0px&#8221; header_text_shadow_blur_strength_tablet=&#8221;1px&#8221; header_2_text_shadow_horizontal_length_tablet=&#8221;0px&#8221; header_2_text_shadow_vertical_length_tablet=&#8221;0px&#8221; header_2_text_shadow_blur_strength_tablet=&#8221;1px&#8221; header_3_text_shadow_horizontal_length_tablet=&#8221;0px&#8221; header_3_text_shadow_vertical_length_tablet=&#8221;0px&#8221; header_3_text_shadow_blur_strength_tablet=&#8221;1px&#8221; header_4_text_shadow_horizontal_length_tablet=&#8221;0px&#8221; header_4_text_shadow_vertical_length_tablet=&#8221;0px&#8221; header_4_text_shadow_blur_strength_tablet=&#8221;1px&#8221; header_5_text_shadow_horizontal_length_tablet=&#8221;0px&#8221; header_5_text_shadow_vertical_length_tablet=&#8221;0px&#8221; header_5_text_shadow_blur_strength_tablet=&#8221;1px&#8221; header_6_text_shadow_horizontal_length_tablet=&#8221;0px&#8221; header_6_text_shadow_vertical_length_tablet=&#8221;0px&#8221; header_6_text_shadow_blur_strength_tablet=&#8221;1px&#8221; box_shadow_horizontal_tablet=&#8221;0px&#8221; box_shadow_vertical_tablet=&#8221;0px&#8221; box_shadow_blur_tablet=&#8221;40px&#8221; box_shadow_spread_tablet=&#8221;0px&#8221; global_colors_info=&#8221;{}&#8221; sticky_enabled=&#8221;0&#8243;]<\/p>\n<h2><span style=\"color: #333333\"><strong><span style=\"font-size: 14px\"><span style=\"font-size: 24pt\">AMPA Jorge Guill\u00e9n del I.E.S. Pablo Picasso de M\u00e1laga<\/span><br \/><\/span><\/strong><\/span><\/h2>\n<h2><span style=\"color: #333333\"><strong><span style=\"font-size: 18pt\">\u00bfQui\u00e9nes somos? <\/span><\/strong><\/span><\/h2>\n<h2><span style=\"color: #333333\"><strong><span style=\"font-size: 14pt\">La Asociaci\u00f3n de Madres y Padres del Alumnado \u201cJorge Guill\u00e9n\u201d est\u00e1 formada por familias implicadas en el proceso educativo del centro, pues formamos parte de la comunidad educativa. El AMPA es el cauce fundamental para posibilitar la participaci\u00f3n de las familias o tutores del alumnado en las actividades de nuestro instituto.<\/span><\/strong><\/span><\/h2>\n<h2><span style=\"color: #333333\"><strong><span style=\"font-size: 18pt\">\u00bfCu\u00e1l es la finalidad del AMPA? <\/span><\/strong><\/span><\/h2>\n<h2><span style=\"color: #333333\"><strong><span style=\"font-size: 14pt\">Su objetivo es mejorar la calidad educativa de nuestro centro y contribuir a la formaci\u00f3n integral de l@s estudiantes.<\/span><\/strong><\/span><\/h2>\n<h2><span style=\"color: #333333\"><strong><span style=\"font-size: 14px\"><br \/><span style=\"font-size: 18pt\">\u00bfPara qu\u00e9 sirve el AMPA?<\/span><br \/><\/span><\/strong><\/span><\/h2>\n<h2><span style=\"color: #333333\"><strong><span style=\"font-size: 14pt\">-Representa a los padres, madres o tutores asociados a las mismas ante las instancias educativas y otros organismos.<br \/>-Asiste a las familias en todo lo relacionado con la educaci\u00f3n de nuestr@s hij@s.<br \/>-Colabora en las actividades educativas del centro.<br \/>-Facilita la representaci\u00f3n y participaci\u00f3n de los padres, madres o tutores legales del alumnado en el Consejo Escolar.<br \/>-Promueve la participaci\u00f3n de los padres, madres o tutores del alumnado en la gesti\u00f3n del Centro.<\/span><\/strong><\/span><\/h2>\n<h2><span style=\"color: #333333\"><strong><span style=\"font-size: 14px\"><br \/><span style=\"font-size: 18pt\">\u00bfPor qu\u00e9 formar parte de ella? <\/span><\/span><\/strong><\/span><\/h2>\n<h2><span style=\"color: #333333\"><strong><span style=\"font-size: 14pt\">Porque la participaci\u00f3n familiar contribuye a la calidad de la educaci\u00f3n, la mejora escolar, la convivencia en la comunidad educativa y al \u00e9xito educativo.<br \/>ES EL CAMINO PARA LOGRAR UNA EDUCACI\u00d3N P\u00daBLICA POR EXCELENCIA<\/span><\/strong><\/span><\/h2>\n<h2><span style=\"color: #333333\"><strong><span style=\"font-size: 14px\"><br \/><span style=\"font-size: 18pt\">Actuaciones que se llevan a cabo:<\/span><\/span><\/strong><\/span><\/h2>\n<h2><span style=\"color: #333333\"><strong><span style=\"font-size: 14px\"><span style=\"font-size: 14pt\">-Apoyo al centro en distintas actividades culturales, educativas y otras peticiones administrativas.<\/span><br \/><span style=\"font-size: 14pt\">-Colaboraci\u00f3n en los premios de concursos como el de ajedrez.<\/span><br \/><span style=\"font-size: 14pt\">-Participaci\u00f3n econ\u00f3mica para la compra de materiales que soliciten.<\/span><br \/><span style=\"font-size: 14pt\">-Gesti\u00f3n de las taquillas para el alumnado.<\/span><br \/><span style=\"font-size: 14pt\">-Detalle de comienzo de curso a nuestr@s soci@s y al final del curso a l@s soci@s graduad@s.<\/span><br \/><span style=\"font-size: 14pt\">-Informar a l@s soci@s de posibles becas y ayudas, cursos de formaci\u00f3n para familias con hijos adolescentes, \u2026<\/span><\/span><\/strong><\/span><\/h2>\n<h2><span style=\"color: #333333\"><strong><span style=\"font-size: 14px\"><br \/><span style=\"font-size: 14pt\">Actualmente estamos solicitando la reparaci\u00f3n de los patios\/pistas a la Junta de Andaluc\u00eda (hemos llegado hasta el Parlamento Andaluz), consiguiendo la visita de los t\u00e9cnicos pertinentes y a la espera de la aprobaci\u00f3n del presupuesto (reparaci\u00f3n solicitada por el centro desde el 2016, logr\u00e1ndolo el AMPA en pocos meses en este curso escolar). Y no pararemos hasta conseguirlo por el bien de la educaci\u00f3n y desarrollo de nuestr@s hij@s.\u200b<\/span><\/span><\/strong><\/span><\/h2>\n<p>&nbsp;<\/p>\n<h2><span style=\"color: #333333\"><strong><span style=\"font-size: 14px\"><span style=\"font-size: 18pt\">\u00bfC\u00f3mo contactar?<\/span><\/span><\/strong><\/span><\/h2>\n<p><span style=\"color: #333333\"><strong><span style=\"font-size: 14pt\">A trav\u00e9s del email <a style=\"color: #333333\" href=\"mailto:ampapicassojorgeguillen@gmail.com\">ampapicassojorgeguillen@gmail.com<\/a><\/span><\/strong><\/span><\/p>\n<p>&nbsp;<\/p>\n<p><span style=\"color: #333333;font-size: 18pt\"><strong>\u00bfC\u00f3mo inscribirse?<\/strong><\/span><\/p>\n<p><span style=\"color: #333333\"><strong><span style=\"font-size: 14pt\">Realizando el pago de una cuota de 20\u20ac por familia en la cuenta de Unicaja ES24 2103 0201 0700 31610790 y rellenando el siguiente <a style=\"color: #333333\" href=\"https:\/\/form.jotform.com\/251676058647367\">formulario<\/a>. <\/span><\/strong><\/span><span style=\"color: #333333\"><strong><span style=\"font-size: 14pt\">Es importante que en el concepto de la transferencia aparezca el nombre completo del alumn@ y curso y enviarnos el justificante al email. Al inscribirse, l@s alumn@s podr\u00e1n disfrutar de taquillas al precio de socio (10\u20ac\/curso).<\/span><\/strong><\/span><\/p>\n<p>[\/et_pb_text][\/et_pb_column][\/et_pb_row][\/et_pb_section]<\/p>\n","protected":false},"excerpt":{"rendered":"<p>AMPA Jorge Guill\u00e9n del I.E.S. Pablo Picasso de M\u00e1laga \u00bfQui\u00e9nes somos? La Asociaci\u00f3n de Madres y Padres del Alumnado \u201cJorge Guill\u00e9n\u201d est\u00e1 formada por familias implicadas en el proceso educativo del centro, pues formamos parte de la comunidad educativa. El AMPA es el cauce fundamental para posibilitar la participaci\u00f3n de las familias o tutores del [&hellip;]<\/p>\n","protected":false},"author":7051,"featured_media":0,"parent":0,"menu_order":0,"comment_status":"closed","ping_status":"closed","template":"","meta":{"_et_pb_use_builder":"on","_et_pb_old_content":"","_et_gb_content_width":"","ngg_post_thumbnail":0,"footnotes":""},"aioseo_notices":[],"_links":{"self":[{"href":"https:\/\/blogsaverroes.juntadeandalucia.es\/iespablopicasso\/wp-json\/wp\/v2\/pages\/32"}],"collection":[{"href":"https:\/\/blogsaverroes.juntadeandalucia.es\/iespablopicasso\/wp-json\/wp\/v2\/pages"}],"about":[{"href":"https:\/\/blogsaverroes.juntadeandalucia.es\/iespablopicasso\/wp-json\/wp\/v2\/types\/page"}],"author":[{"embeddable":true,"href":"https:\/\/blogsaverroes.juntadeandalucia.es\/iespablopicasso\/wp-json\/wp\/v2\/users\/7051"}],"replies":[{"embeddable":true,"href":"https:\/\/blogsaverroes.juntadeandalucia.es\/iespablopicasso\/wp-json\/wp\/v2\/comments?post=32"}],"version-history":[{"count":6,"href":"https:\/\/blogsaverroes.juntadeandalucia.es\/iespablopicasso\/wp-json\/wp\/v2\/pages\/32\/revisions"}],"predecessor-version":[{"id":905,"href":"https:\/\/blogsaverroes.juntadeandalucia.es\/iespablopicasso\/wp-json\/wp\/v2\/pages\/32\/revisions\/905"}],"wp:attachment":[{"href":"https:\/\/blogsaverroes.juntadeandalucia.es\/iespablopicasso\/wp-json\/wp\/v2\/media?parent=32"}],"curies":[{"name":"wp","href":"https:\/\/api.w.org\/{rel}","templated":true}]}}