{"id":58,"date":"2020-01-10T07:56:04","date_gmt":"2020-01-10T06:56:04","guid":{"rendered":"http:\/\/blogsaverroes.juntadeandalucia.es\/pre\/nuevoiesv2\/?page_id=58"},"modified":"2025-07-16T10:14:25","modified_gmt":"2025-07-16T08:14:25","slug":"bachhumccss","status":"publish","type":"page","link":"https:\/\/blogsaverroes.juntadeandalucia.es\/iespablopicasso\/bachhumccss\/","title":{"rendered":"Bachillerato Humanidades y Ciencias Sociales"},"content":{"rendered":"<p>[et_pb_section fb_built=&#8221;1&#8243; _builder_version=&#8221;4.16&#8243; custom_padding=&#8221;0px||0px|&#8221; z_index_tablet=&#8221;500&#8243; box_shadow_horizontal_tablet=&#8221;0px&#8221; box_shadow_vertical_tablet=&#8221;0px&#8221; box_shadow_blur_tablet=&#8221;40px&#8221; box_shadow_spread_tablet=&#8221;0px&#8221; global_colors_info=&#8221;{}&#8221;][et_pb_row _builder_version=&#8221;4.16&#8243; background_size=&#8221;initial&#8221; background_position=&#8221;top_left&#8221; background_repeat=&#8221;repeat&#8221; global_colors_info=&#8221;{}&#8221;][et_pb_column type=&#8221;4_4&#8243; _builder_version=&#8221;4.16&#8243; custom_padding=&#8221;|||&#8221; global_colors_info=&#8221;{}&#8221; custom_padding__hover=&#8221;|||&#8221;][et_pb_image src=&#8221;https:\/\/blogsaverroes.juntadeandalucia.es\/iespablopicasso\/files\/2020\/01\/cabecera-interior-ies-1.png&#8221; disabled_on=&#8221;on|on|on&#8221; admin_label=&#8221;Imagen de la portada&#8221; _builder_version=&#8221;4.16&#8243; vertical_offset_tablet=&#8221;0&#8243; horizontal_offset_tablet=&#8221;0&#8243; z_index_tablet=&#8221;500&#8243; box_shadow_horizontal_tablet=&#8221;0px&#8221; box_shadow_vertical_tablet=&#8221;0px&#8221; box_shadow_blur_tablet=&#8221;40px&#8221; box_shadow_spread_tablet=&#8221;0px&#8221; disabled=&#8221;on&#8221; global_colors_info=&#8221;{}&#8221;][\/et_pb_image][et_pb_text admin_label=&#8221;Texto descriptivo&#8221; _builder_version=&#8221;4.24.2&#8243; hover_enabled=&#8221;0&#8243; z_index_tablet=&#8221;500&#8243; text_text_shadow_horizontal_length_tablet=&#8221;0px&#8221; text_text_shadow_vertical_length_tablet=&#8221;0px&#8221; text_text_shadow_blur_strength_tablet=&#8221;1px&#8221; link_text_shadow_horizontal_length_tablet=&#8221;0px&#8221; link_text_shadow_vertical_length_tablet=&#8221;0px&#8221; link_text_shadow_blur_strength_tablet=&#8221;1px&#8221; ul_text_shadow_horizontal_length_tablet=&#8221;0px&#8221; ul_text_shadow_vertical_length_tablet=&#8221;0px&#8221; ul_text_shadow_blur_strength_tablet=&#8221;1px&#8221; ol_text_shadow_horizontal_length_tablet=&#8221;0px&#8221; ol_text_shadow_vertical_length_tablet=&#8221;0px&#8221; ol_text_shadow_blur_strength_tablet=&#8221;1px&#8221; quote_text_shadow_horizontal_length_tablet=&#8221;0px&#8221; quote_text_shadow_vertical_length_tablet=&#8221;0px&#8221; quote_text_shadow_blur_strength_tablet=&#8221;1px&#8221; header_text_shadow_horizontal_length_tablet=&#8221;0px&#8221; header_text_shadow_vertical_length_tablet=&#8221;0px&#8221; header_text_shadow_blur_strength_tablet=&#8221;1px&#8221; header_2_text_shadow_horizontal_length_tablet=&#8221;0px&#8221; header_2_text_shadow_vertical_length_tablet=&#8221;0px&#8221; header_2_text_shadow_blur_strength_tablet=&#8221;1px&#8221; header_3_text_shadow_horizontal_length_tablet=&#8221;0px&#8221; header_3_text_shadow_vertical_length_tablet=&#8221;0px&#8221; header_3_text_shadow_blur_strength_tablet=&#8221;1px&#8221; header_4_text_shadow_horizontal_length_tablet=&#8221;0px&#8221; header_4_text_shadow_vertical_length_tablet=&#8221;0px&#8221; header_4_text_shadow_blur_strength_tablet=&#8221;1px&#8221; header_5_text_shadow_horizontal_length_tablet=&#8221;0px&#8221; header_5_text_shadow_vertical_length_tablet=&#8221;0px&#8221; header_5_text_shadow_blur_strength_tablet=&#8221;1px&#8221; header_6_text_shadow_horizontal_length_tablet=&#8221;0px&#8221; header_6_text_shadow_vertical_length_tablet=&#8221;0px&#8221; header_6_text_shadow_blur_strength_tablet=&#8221;1px&#8221; box_shadow_horizontal_tablet=&#8221;0px&#8221; box_shadow_vertical_tablet=&#8221;0px&#8221; box_shadow_blur_tablet=&#8221;40px&#8221; box_shadow_spread_tablet=&#8221;0px&#8221; global_colors_info=&#8221;{}&#8221; sticky_enabled=&#8221;0&#8243;]<\/p>\n<h2>\u200b<strong>Bachillerato de Humanidades y Ciencias Sociales<\/strong><\/h2>\n<p>&nbsp;<\/p>\n<p><span style=\"font-size: 14pt\"><span data-huuid=\"2830747872615875099\">El Bachillerato de Humanidades y Ciencias Sociales es una modalidad educativa que se enfoca en el estudio de las ciencias sociales, la historia, la filosof\u00eda, la literatura y las lenguas, preparando a los estudiantes para estudios superiores en estas \u00e1reas.&nbsp;<\/span><span data-huuid=\"2830747872615875550\">Es ideal para aquellos interesados en comprender la sociedad, la cultura y el comportamiento humano.<\/span><\/span><\/p>\n<p>&nbsp;<\/p>\n<div class=\"WaaZC\">\n<div class=\"RJPOee EIJn2\">\n<div class=\"rPeykc pyPiTc\" data-hveid=\"CAoQAQ\" data-ved=\"2ahUKEwjW962NhbyOAxWQT6QEHcdtM7kQo_EKegQIChAB\"><span style=\"font-size: 18pt\"><strong>\u00bfEn qu\u00e9 consiste?<\/strong><\/span><\/div>\n<div data-hveid=\"CAoQAQ\" data-ved=\"2ahUKEwjW962NhbyOAxWQT6QEHcdtM7kQo_EKegQIChAB\">&nbsp;<\/div>\n<\/div>\n<\/div>\n<div class=\"WaaZC\">\n<div class=\"RJPOee EIJn2\">\n<div class=\"rPeykc\" data-hveid=\"CAwQAQ\" data-ved=\"2ahUKEwjW962NhbyOAxWQT6QEHcdtM7kQo_EKegQIDBAB\"><span style=\"font-size: 14pt\">Esta modalidad combina materias comunes a todos los bachilleratos con asignaturas espec\u00edficas de ciencias y tecnolog\u00eda, como matem\u00e1ticas, f\u00edsica, qu\u00edmica, biolog\u00eda, dibujo t\u00e9cnico y tecnolog\u00eda industrial, entre otras.&nbsp;Los estudiantes desarrollan habilidades de investigaci\u00f3n, an\u00e1lisis, trabajo en equipo y pensamiento cr\u00edtico, as\u00ed como competencias en el uso de herramientas tecnol\u00f3gicas.<\/span><\/div>\n<\/div>\n<\/div>\n<div data-hveid=\"CAwQAQ\" data-ved=\"2ahUKEwjW962NhbyOAxWQT6QEHcdtM7kQo_EKegQIDBAB\">&nbsp;<\/div>\n<div data-hveid=\"CAwQAQ\" data-ved=\"2ahUKEwjW962NhbyOAxWQT6QEHcdtM7kQo_EKegQIDBAB\">&nbsp;<\/div>\n<div class=\"WaaZC\">\n<div data-hveid=\"CAwQAQ\" data-ved=\"2ahUKEwjW962NhbyOAxWQT6QEHcdtM7kQo_EKegQIDBAB\">\n<div class=\"WaaZC\">\n<div class=\"RJPOee EIJn2\">\n<div class=\"rPeykc pyPiTc\" data-hveid=\"CAwQAQ\" data-ved=\"2ahUKEwjX46yYiLyOAxXYTaQEHVuzBXoQo_EKegQIDBAB\"><span style=\"font-size: 18pt\"><strong>Enfoque y Contenido<\/strong><\/span><\/div>\n<div data-hveid=\"CAwQAQ\" data-ved=\"2ahUKEwjX46yYiLyOAxXYTaQEHVuzBXoQo_EKegQIDBAB\">&nbsp;<\/div>\n<\/div>\n<\/div>\n<div class=\"WaaZC\">\n<div class=\"RJPOee EIJn2\">\n<ul data-hveid=\"CA8QAQ\" data-ved=\"2ahUKEwjX46yYiLyOAxXYTaQEHVuzBXoQm_YKegQIDxAB\">\n<li class=\"K3KsMc\">\n<div class=\"zMgcWd dSKvsb\" data-il=\"\">\n<div data-crb-p=\"\">\n<div class=\"xFTqob\">\n<div class=\"Gur8Ad\"><span style=\"font-size: 14pt\" data-huuid=\"2967622193137444905\"><strong>\u00c1reas de estudio: <\/strong>s<\/span><span style=\"font-size: 14pt\">e centra en disciplinas como historia, geograf\u00eda, econom\u00eda, filosof\u00eda, literatura, lat\u00edn (opcional) y matem\u00e1ticas aplicadas a las ciencias sociales.<\/span><span class=\"pjBG2e\" style=\"font-size: 14pt\" data-cid=\"ac900885-3fc6-47e4-8b5f-a1e22a3e2af1\"><span class=\"UV3uM\">&nbsp;<\/span><\/span><\/div>\n<div class=\"vM0jzc\">\n<div class=\"NPrrbc\" data-cid=\"ac900885-3fc6-47e4-8b5f-a1e22a3e2af1\" data-uuids=\"2967622193137444905,2967622193137444252\">\n<div class=\"BMebGe btku5b fCrZyc LwdV0e FR7ZSc qVhvac OJeuxf\" role=\"button\" aria-label=\"Ver enlaces relacionados\" data-hveid=\"CBIQAQ\" data-ved=\"2ahUKEwjX46yYiLyOAxXYTaQEHVuzBXoQ3fYKegQIEhAB\">\n<div class=\"niO4u\">\n<div class=\"kHtcsd\">&nbsp;<\/div>\n<\/div>\n<\/div>\n<\/div>\n<\/div>\n<\/div>\n<\/div>\n<\/div>\n<\/li>\n<li class=\"K3KsMc\">\n<div class=\"zMgcWd dSKvsb\" data-il=\"\">\n<div data-crb-p=\"\">\n<div class=\"xFTqob\">\n<div class=\"Gur8Ad\"><span style=\"font-size: 14pt\" data-huuid=\"2967622193137442946\"><strong>Habilidades desarrolladas: <\/strong>f<\/span><span style=\"font-size: 14pt\">omenta el pensamiento cr\u00edtico, la capacidad de an\u00e1lisis, la comunicaci\u00f3n escrita y oral, y la comprensi\u00f3n de fen\u00f3menos sociales y culturales.<\/span><span class=\"pjBG2e\" style=\"font-size: 14pt\" data-cid=\"2a944e89-f753-45bd-8f45-6eac518cb4f8\"><span class=\"UV3uM\">&nbsp;<\/span><\/span><\/div>\n<div class=\"vM0jzc\">\n<div class=\"NPrrbc\" data-cid=\"2a944e89-f753-45bd-8f45-6eac518cb4f8\" data-uuids=\"2967622193137442946,2967622193137446389\">\n<div class=\"BMebGe btku5b fCrZyc LwdV0e FR7ZSc qVhvac OJeuxf\" role=\"button\" aria-label=\"Ver enlaces relacionados\" data-hveid=\"CBgQAQ\" data-ved=\"2ahUKEwjX46yYiLyOAxXYTaQEHVuzBXoQ3fYKegQIGBAB\">\n<div class=\"niO4u\">\n<div class=\"kHtcsd\">&nbsp;<\/div>\n<\/div>\n<\/div>\n<\/div>\n<\/div>\n<\/div>\n<\/div>\n<\/div>\n<\/li>\n<li class=\"K3KsMc\">\n<div class=\"zMgcWd dSKvsb\" data-il=\"\">\n<div data-crb-p=\"\">\n<div class=\"xFTqob\">\n<div class=\"Gur8Ad\"><span style=\"font-size: 14pt\" data-huuid=\"2967622193137445083\"><strong>Modalidades: <\/strong>d<\/span><span style=\"font-size: 14pt\">entro de esta modalidad, se puede optar por un itinerario m\u00e1s enfocado en humanidades o en ciencias sociales, seg\u00fan las materias elegidas.<\/span><span class=\"pjBG2e\" style=\"font-size: 14pt\" data-cid=\"538cb4ae-e357-40d5-9e9a-2e365394644f\"><span class=\"UV3uM\">&nbsp;<\/span><\/span><\/div>\n<\/div>\n<\/div>\n<\/div>\n<\/li>\n<\/ul>\n<\/div>\n<\/div>\n<\/div>\n<\/div>\n<div data-hveid=\"CAwQAQ\" data-ved=\"2ahUKEwjW962NhbyOAxWQT6QEHcdtM7kQo_EKegQIDBAB\">&nbsp;<\/div>\n<div data-hveid=\"CAwQAQ\" data-ved=\"2ahUKEwjW962NhbyOAxWQT6QEHcdtM7kQo_EKegQIDBAB\">&nbsp;<\/div>\n<div data-hveid=\"CAwQAQ\" data-ved=\"2ahUKEwjW962NhbyOAxWQT6QEHcdtM7kQo_EKegQIDBAB\"><strong><span style=\"font-size: 18pt\">Salidas profesionales y acad\u00e9micas<\/span><\/strong><\/div>\n<div data-hveid=\"CAwQAQ\" data-ved=\"2ahUKEwjW962NhbyOAxWQT6QEHcdtM7kQo_EKegQIDBAB\">&nbsp;<\/div>\n<div data-hveid=\"CAwQAQ\" data-ved=\"2ahUKEwjW962NhbyOAxWQT6QEHcdtM7kQo_EKegQIDBAB\">\n<div class=\"Gur8Ad\">\n<div class=\"WaaZC\">&nbsp;<\/div>\n<div class=\"WaaZC\">\n<div class=\"RJPOee EIJn2\">\n<ul data-hveid=\"CCQQAQ\" data-ved=\"2ahUKEwjX46yYiLyOAxXYTaQEHVuzBXoQm_YKegQIJBAB\">\n<li class=\"K3KsMc\">\n<div class=\"zMgcWd dSKvsb\" data-il=\"\">\n<div data-crb-p=\"\">\n<div class=\"xFTqob\">\n<div class=\"Gur8Ad\"><span style=\"font-size: 14pt\" data-huuid=\"16714877692331062044\"><strong>Carreras universitarias: <\/strong>p<\/span><span style=\"font-size: 14pt\">repara para grados en derecho, econom\u00eda, psicolog\u00eda, sociolog\u00eda, historia, filosof\u00eda, filolog\u00eda, comunicaci\u00f3n, turismo, magisterio, entre otros.<\/span><span class=\"pjBG2e\" style=\"font-size: 14pt\" data-cid=\"ab025f1a-ad64-46cf-9998-1b6f05ed4d85\"><span class=\"UV3uM\">&nbsp;<\/span><\/span><\/div>\n<div class=\"vM0jzc\">\n<div class=\"NPrrbc\" data-cid=\"ab025f1a-ad64-46cf-9998-1b6f05ed4d85\" data-uuids=\"16714877692331062044,16714877692331061755\">\n<div class=\"BMebGe btku5b fCrZyc LwdV0e FR7ZSc qVhvac OJeuxf\" role=\"button\" aria-label=\"Ver enlaces relacionados\" data-hveid=\"CCkQAQ\" data-ved=\"2ahUKEwjX46yYiLyOAxXYTaQEHVuzBXoQ3fYKegQIKRAB\">\n<div class=\"niO4u\">\n<div class=\"kHtcsd\">&nbsp;<\/div>\n<\/div>\n<\/div>\n<\/div>\n<\/div>\n<\/div>\n<\/div>\n<\/div>\n<\/li>\n<li class=\"K3KsMc\">\n<div class=\"zMgcWd dSKvsb\" data-il=\"\">\n<div data-crb-p=\"\">\n<div class=\"xFTqob\">\n<div class=\"Gur8Ad\"><span style=\"font-size: 14pt\" data-huuid=\"16714877692331065273\"><strong>Profesiones: <\/strong>o<\/span><span style=\"font-size: 14pt\">frece acceso a diversas profesiones relacionadas con la administraci\u00f3n p\u00fablica, la gesti\u00f3n cultural, la investigaci\u00f3n social, la docencia, el periodismo, la traducci\u00f3n, la archiv\u00edstica, entre otra<\/span>s.<span class=\"pjBG2e\" data-cid=\"4dee9d96-1833-40d9-b2bc-21581309607c\"><span class=\"UV3uM\">&nbsp;<\/span><\/span><\/div>\n<\/div>\n<\/div>\n<\/div>\n<\/li>\n<\/ul>\n<\/div>\n<\/div>\n<\/div>\n<\/div>\n<p>&nbsp;<\/p>\n<p><strong><span style=\"font-size: 18pt\">\u00bfPara qui\u00e9n es adecuado?<\/span><\/strong><\/p>\n<div class=\"WaaZC\">\n<div class=\"RJPOee EIJn2\">\n<ul data-hveid=\"CDsQAQ\" data-ved=\"2ahUKEwjX46yYiLyOAxXYTaQEHVuzBXoQm_YKegQIOxAB\">\n<li class=\"K3KsMc\">\n<div class=\"zMgcWd dSKvsb\" data-il=\"\">\n<div data-crb-p=\"\">\n<div class=\"xFTqob\">\n<div class=\"Gur8Ad\"><span style=\"font-size: 14pt\" data-huuid=\"7453805439556260879\"><strong>Estudiantes interesados: <\/strong>p<\/span><span style=\"font-size: 14pt\">ersonas con curiosidad por la sociedad, la cultura, la historia y el comportamiento humano.<\/span><\/div>\n<div>&nbsp;<\/div>\n<\/div>\n<\/div>\n<\/div>\n<\/li>\n<li class=\"K3KsMc\">\n<div class=\"zMgcWd dSKvsb\" data-il=\"\">\n<div data-crb-p=\"\">\n<div class=\"xFTqob\">\n<div class=\"Gur8Ad\"><span style=\"font-size: 14pt\" data-huuid=\"7453805439556260206\"><strong>Habilidades: <\/strong>s<\/span><span style=\"font-size: 14pt\">e recomienda para estudiantes con habilidades comunicativas, anal\u00edticas y con inter\u00e9s en temas sociales y human\u00edsticos.<\/span><span class=\"pjBG2e\" style=\"font-size: 14pt\" data-cid=\"abb237b2-0dbc-429e-8b96-62648981a7c0\"><span class=\"UV3uM\">&nbsp;<\/span><\/span><\/div>\n<div>&nbsp;<\/div>\n<div>&nbsp;<\/div>\n<\/div>\n<\/div>\n<\/div>\n<\/li>\n<\/ul>\n<\/div>\n<\/div>\n<p><span style=\"font-size: 18pt\">Las asignaturas que podr\u00e1s encontrar en esta modalidad de Bachillerato son:<\/span><\/p>\n<p>&nbsp;<\/p>\n<p><span style=\"text-decoration: underline\"><strong><span style=\"font-size: 14pt\">1\u00ba Bachillerato<\/span><\/strong><\/span><\/p>\n<ul>\n<li><span style=\"font-size: 14pt\">Itinerario de Humanidades (Lat\u00edn y Griego e Historia del Mundo Contempor\u00e1neo\/Literatura Universal)<\/span><\/li>\n<li><span style=\"font-size: 14pt\">Itinerario de Ciencias Sociales (Lat\u00edn\/ Matem\u00e1ticas Ciencias Sociales y a elegir dos entre Econom\u00eda\/Literatura Universal\/Historia del Mundo Contempor\u00e1neo)<\/span><\/li>\n<\/ul>\n<p>&nbsp;<\/p>\n<p><span style=\"text-decoration: underline\"><strong><span style=\"font-size: 14pt\">2\u00ba Bachillerato<\/span><\/strong><\/span><\/p>\n<p>&nbsp;<\/p>\n<ul>\n<li><span style=\"font-size: 14pt\">Itinerario de Humanidades (Lat\u00edn y Griego Geograf\u00eda\/Historia del Arte)<\/span><\/li>\n<li><span style=\"font-size: 14pt\">Itinerario de Ciencias Sociales (Lat\u00edn\/ Matem\u00e1ticas Ciencias Sociales y a elegir dos entre Econom\u00eda de la Empresa\/Geograf\u00eda\/Historia del Arte)<\/span><\/li>\n<\/ul>\n<p>[\/et_pb_text][\/et_pb_column][\/et_pb_row][\/et_pb_section]<\/p>\n","protected":false},"excerpt":{"rendered":"<p>\u200bBachillerato de Humanidades y Ciencias Sociales &nbsp; El Bachillerato de Humanidades y Ciencias Sociales es una modalidad educativa que se enfoca en el estudio de las ciencias sociales, la historia, la filosof\u00eda, la literatura y las lenguas, preparando a los estudiantes para estudios superiores en estas \u00e1reas.&nbsp;Es ideal para aquellos interesados en comprender la sociedad, [&hellip;]<\/p>\n","protected":false},"author":7051,"featured_media":0,"parent":0,"menu_order":0,"comment_status":"closed","ping_status":"closed","template":"","meta":{"_et_pb_use_builder":"on","_et_pb_old_content":"","_et_gb_content_width":"","ngg_post_thumbnail":0,"footnotes":""},"aioseo_notices":[],"_links":{"self":[{"href":"https:\/\/blogsaverroes.juntadeandalucia.es\/iespablopicasso\/wp-json\/wp\/v2\/pages\/58"}],"collection":[{"href":"https:\/\/blogsaverroes.juntadeandalucia.es\/iespablopicasso\/wp-json\/wp\/v2\/pages"}],"about":[{"href":"https:\/\/blogsaverroes.juntadeandalucia.es\/iespablopicasso\/wp-json\/wp\/v2\/types\/page"}],"author":[{"embeddable":true,"href":"https:\/\/blogsaverroes.juntadeandalucia.es\/iespablopicasso\/wp-json\/wp\/v2\/users\/7051"}],"replies":[{"embeddable":true,"href":"https:\/\/blogsaverroes.juntadeandalucia.es\/iespablopicasso\/wp-json\/wp\/v2\/comments?post=58"}],"version-history":[{"count":9,"href":"https:\/\/blogsaverroes.juntadeandalucia.es\/iespablopicasso\/wp-json\/wp\/v2\/pages\/58\/revisions"}],"predecessor-version":[{"id":970,"href":"https:\/\/blogsaverroes.juntadeandalucia.es\/iespablopicasso\/wp-json\/wp\/v2\/pages\/58\/revisions\/970"}],"wp:attachment":[{"href":"https:\/\/blogsaverroes.juntadeandalucia.es\/iespablopicasso\/wp-json\/wp\/v2\/media?parent=58"}],"curies":[{"name":"wp","href":"https:\/\/api.w.org\/{rel}","templated":true}]}}