{"id":16,"date":"2021-04-22T09:40:24","date_gmt":"2021-04-22T09:40:24","guid":{"rendered":"https:\/\/blogsaverroes.juntadeandalucia.es\/iespabloruedadepartamentodeingles\/my-calendar\/"},"modified":"2021-05-01T17:53:12","modified_gmt":"2021-05-01T17:53:12","slug":"my-calendar","status":"publish","type":"page","link":"https:\/\/blogsaverroes.juntadeandalucia.es\/iespabloruedadepartamentodeingles\/my-calendar\/","title":{"rendered":"Novedades Dpto. ingl\u00e9s"},"content":{"rendered":"<p>Los miembros del departamento de ingl\u00e9s os dan la bienvenida. Esperamos que este sitio crezca y sirva tanto como nexo con familias y alumnos, como para dar a conocer qu\u00e9 se ha estado realizando en el IES Pablo Rueda. Con ese prop\u00f3sito, esta p\u00e1gina ser\u00e1 dedicada a publicar las futuras novedades con respecto al departamento de ingl\u00e9s.<\/p>\n","protected":false},"excerpt":{"rendered":"<p>Los miembros del departamento de ingl\u00e9s os dan la bienvenida. Esperamos que este sitio crezca y sirva tanto como nexo con familias y alumnos, como para dar a conocer qu\u00e9 se ha estado realizando en el IES Pablo Rueda. Con ese prop\u00f3sito, esta p\u00e1gina ser\u00e1 dedicada a publicar las futuras novedades con respecto al departamento [&hellip;]<\/p>\n","protected":false},"author":11772,"featured_media":0,"parent":0,"menu_order":0,"comment_status":"closed","ping_status":"closed","template":"","meta":{"ngg_post_thumbnail":0,"footnotes":""},"aioseo_notices":[],"_links":{"self":[{"href":"https:\/\/blogsaverroes.juntadeandalucia.es\/iespabloruedadepartamentodeingles\/wp-json\/wp\/v2\/pages\/16"}],"collection":[{"href":"https:\/\/blogsaverroes.juntadeandalucia.es\/iespabloruedadepartamentodeingles\/wp-json\/wp\/v2\/pages"}],"about":[{"href":"https:\/\/blogsaverroes.juntadeandalucia.es\/iespabloruedadepartamentodeingles\/wp-json\/wp\/v2\/types\/page"}],"author":[{"embeddable":true,"href":"https:\/\/blogsaverroes.juntadeandalucia.es\/iespabloruedadepartamentodeingles\/wp-json\/wp\/v2\/users\/11772"}],"replies":[{"embeddable":true,"href":"https:\/\/blogsaverroes.juntadeandalucia.es\/iespabloruedadepartamentodeingles\/wp-json\/wp\/v2\/comments?post=16"}],"version-history":[{"count":4,"href":"https:\/\/blogsaverroes.juntadeandalucia.es\/iespabloruedadepartamentodeingles\/wp-json\/wp\/v2\/pages\/16\/revisions"}],"predecessor-version":[{"id":55,"href":"https:\/\/blogsaverroes.juntadeandalucia.es\/iespabloruedadepartamentodeingles\/wp-json\/wp\/v2\/pages\/16\/revisions\/55"}],"wp:attachment":[{"href":"https:\/\/blogsaverroes.juntadeandalucia.es\/iespabloruedadepartamentodeingles\/wp-json\/wp\/v2\/media?parent=16"}],"curies":[{"name":"wp","href":"https:\/\/api.w.org\/{rel}","templated":true}]}}