{"id":2996,"date":"2022-01-09T12:13:41","date_gmt":"2022-01-09T11:13:41","guid":{"rendered":"https:\/\/blogsaverroes.juntadeandalucia.es\/iespdelaguila\/?page_id=2996"},"modified":"2023-09-28T14:20:01","modified_gmt":"2023-09-28T12:20:01","slug":"ingles","status":"publish","type":"page","link":"https:\/\/blogsaverroes.juntadeandalucia.es\/iespdelaguila\/ingles\/","title":{"rendered":"Lenguas Extranjeras"},"content":{"rendered":"<p>[et_pb_section fb_built=&#8221;1&#8243; _builder_version=&#8221;3.23.3&#8243; custom_padding=&#8221;0px||0px|&#8221; z_index_tablet=&#8221;500&#8243; box_shadow_horizontal_tablet=&#8221;0px&#8221; box_shadow_vertical_tablet=&#8221;0px&#8221; box_shadow_blur_tablet=&#8221;40px&#8221; box_shadow_spread_tablet=&#8221;0px&#8221; global_colors_info=&#8221;{}&#8221;][et_pb_row _builder_version=&#8221;4.14.5&#8243; background_size=&#8221;initial&#8221; background_position=&#8221;top_left&#8221; background_repeat=&#8221;repeat&#8221; global_colors_info=&#8221;{}&#8221;][et_pb_column type=&#8221;4_4&#8243; _builder_version=&#8221;3.0.47&#8243; custom_padding=&#8221;|||&#8221; global_colors_info=&#8221;{}&#8221; custom_padding__hover=&#8221;|||&#8221;][et_pb_image src=&#8221;https:\/\/blogsaverroes.juntadeandalucia.es\/iespdelaguila\/files\/2022\/01\/01_english.jpg&#8221; alt=&#8221;Banner ingl\u00e9s&#8221; title_text=&#8221;01_english&#8221; force_fullwidth=&#8221;on&#8221; admin_label=&#8221;Imagen de la portada&#8221; _builder_version=&#8221;4.14.5&#8243; use_background_color_gradient=&#8221;on&#8221; vertical_offset_tablet=&#8221;0&#8243; horizontal_offset_tablet=&#8221;0&#8243; min_height=&#8221;213px&#8221; height=&#8221;10px&#8221; max_height=&#8221;1024px&#8221; z_index_tablet=&#8221;500&#8243; box_shadow_horizontal_tablet=&#8221;0px&#8221; box_shadow_vertical_tablet=&#8221;0px&#8221; box_shadow_blur_tablet=&#8221;40px&#8221; box_shadow_spread_tablet=&#8221;0px&#8221; global_colors_info=&#8221;{}&#8221;][\/et_pb_image][et_pb_text admin_label=&#8221;Cabecera de la p\u00e1gina&#8221; _builder_version=&#8221;4.14.5&#8243; _module_preset=&#8221;default&#8221; hover_enabled=&#8221;0&#8243; global_colors_info=&#8221;{}&#8221; sticky_enabled=&#8221;0&#8243;]<\/p>\n<h1 style=\"text-align: center\"><strong>Departamento de Lenguas Extranjeras<\/strong><\/h1>\n<p>[\/et_pb_text][et_pb_text admin_label=&#8221;Texto descriptivo&#8221; _builder_version=&#8221;4.14.5&#8243; z_index_tablet=&#8221;500&#8243; text_text_shadow_horizontal_length_tablet=&#8221;0px&#8221; text_text_shadow_vertical_length_tablet=&#8221;0px&#8221; text_text_shadow_blur_strength_tablet=&#8221;1px&#8221; link_text_shadow_horizontal_length_tablet=&#8221;0px&#8221; link_text_shadow_vertical_length_tablet=&#8221;0px&#8221; link_text_shadow_blur_strength_tablet=&#8221;1px&#8221; ul_text_shadow_horizontal_length_tablet=&#8221;0px&#8221; ul_text_shadow_vertical_length_tablet=&#8221;0px&#8221; ul_text_shadow_blur_strength_tablet=&#8221;1px&#8221; ol_text_shadow_horizontal_length_tablet=&#8221;0px&#8221; ol_text_shadow_vertical_length_tablet=&#8221;0px&#8221; ol_text_shadow_blur_strength_tablet=&#8221;1px&#8221; quote_text_shadow_horizontal_length_tablet=&#8221;0px&#8221; quote_text_shadow_vertical_length_tablet=&#8221;0px&#8221; quote_text_shadow_blur_strength_tablet=&#8221;1px&#8221; header_text_shadow_horizontal_length_tablet=&#8221;0px&#8221; header_text_shadow_vertical_length_tablet=&#8221;0px&#8221; header_text_shadow_blur_strength_tablet=&#8221;1px&#8221; header_2_text_shadow_horizontal_length_tablet=&#8221;0px&#8221; header_2_text_shadow_vertical_length_tablet=&#8221;0px&#8221; header_2_text_shadow_blur_strength_tablet=&#8221;1px&#8221; header_3_text_shadow_horizontal_length_tablet=&#8221;0px&#8221; header_3_text_shadow_vertical_length_tablet=&#8221;0px&#8221; header_3_text_shadow_blur_strength_tablet=&#8221;1px&#8221; header_4_text_shadow_horizontal_length_tablet=&#8221;0px&#8221; header_4_text_shadow_vertical_length_tablet=&#8221;0px&#8221; header_4_text_shadow_blur_strength_tablet=&#8221;1px&#8221; header_5_text_shadow_horizontal_length_tablet=&#8221;0px&#8221; header_5_text_shadow_vertical_length_tablet=&#8221;0px&#8221; header_5_text_shadow_blur_strength_tablet=&#8221;1px&#8221; header_6_text_shadow_horizontal_length_tablet=&#8221;0px&#8221; header_6_text_shadow_vertical_length_tablet=&#8221;0px&#8221; header_6_text_shadow_blur_strength_tablet=&#8221;1px&#8221; box_shadow_horizontal_tablet=&#8221;0px&#8221; box_shadow_vertical_tablet=&#8221;0px&#8221; box_shadow_blur_tablet=&#8221;40px&#8221; box_shadow_spread_tablet=&#8221;0px&#8221; global_colors_info=&#8221;{}&#8221;]<\/p>\n<p style=\"text-align: justify\">Nuestro departamento de Lenguas Extranjeras tiene como misi\u00f3n principal preparar a los alumnos y alumnas para vivir en un mundo internacional, multicultural y pluriling\u00fce fomentando el uso correcto de los idiomas y el respeto a la diversidad cultural.<\/p>\n<p style=\"text-align: justify\">Conocer diversas lenguas extranjeras permitir\u00e1 a nuestro alumnado acceder a mercados profesionales m\u00e1s amplios y relacionarse con naturalidad con personas de otros pa\u00edses, ya que creemos que la capacidad de comunicaci\u00f3n en lenguas extranjeras es una necesidad incuestionable sociol\u00f3gica y educativamente.<\/p>\n<p style=\"text-align: justify\">Atendiendo a esa necesidad y con el fin de mejorar el nivel de ingl\u00e9s y franc\u00e9s del alumnado, tambi\u00e9n se est\u00e1 llevando a cabo en el centro un Proyecto Biling\u00fce (Ingl\u00e9s). Desarrollaremos un curr\u00edculo integrado a trav\u00e9s de una metodolog\u00eda activa y globalizada, y dotaremos a la ense\u00f1anza de las lenguas extranjeras con una dimensi\u00f3n pr\u00e1ctica y comunicativa, integrando, en la medida de lo posible, la lengua en la vida cotidiana del alumno cre\u00e1ndole situaciones de comunicaci\u00f3n reales.<\/p>\n<p>[\/et_pb_text][et_pb_accordion open_toggle_text_color=&#8221;#8300E9&#8243; toggle_icon=&#8221;&#x50;||divi||400&#8243; icon_color=&#8221;#0C71C3&#8243; _builder_version=&#8221;4.14.5&#8243; _module_preset=&#8221;default&#8221; toggle_text_color=&#8221;RGBA(255,255,255,0)&#8221; body_line_height=&#8221;1.6em&#8221; custom_margin=&#8221;10px||||false|false&#8221; custom_padding=&#8221;20px||||false|false&#8221; closed_toggle_text_shadow_style=&#8221;preset1&#8243; box_shadow_style=&#8221;preset3&#8243; text_shadow_style=&#8221;preset1&#8243; global_colors_info=&#8221;{}&#8221;][et_pb_accordion_item title=&#8221;Miembros&#8221; open=&#8221;on&#8221; _builder_version=&#8221;4.14.5&#8243; _module_preset=&#8221;default&#8221; global_colors_info=&#8221;{}&#8221;]<\/p>\n<ul>\n<li><strong>D\u00f1a. Ana Mar\u00eda Nic\u00e1s Padilla (Jefa de Departamento)<\/strong><\/li>\n<li>D\u00f1a. Manuela Romero \u00c1vila<\/li>\n<li>D\u00f1a. Juana Valero Castro<\/li>\n<li>D\u00f1a. Laura Astasio Garc\u00eda<\/li>\n<li>D\u00f1a. Lucia Mar\u00edn Medina<\/li>\n<li>D\u00f1a. Susana S\u00e1ez Jurado<\/li>\n<\/ul>\n<p>[\/et_pb_accordion_item][et_pb_accordion_item title=&#8221;Blogs de Aula&#8221; _builder_version=&#8221;4.14.5&#8243; _module_preset=&#8221;default&#8221; global_colors_info=&#8221;{}&#8221; open=&#8221;off&#8221;]<\/p>\n<ul>\n<li><a href=\"https:\/\/blogsaverroes.juntadeandalucia.es\/englishcorner\" target=\"_blank\" rel=\"noopener noreferrer\">English Corner<\/a><\/li>\n<\/ul>\n<p>[\/et_pb_accordion_item][et_pb_accordion_item title=&#8221;Enlaces de inter\u00e9s&#8221; _builder_version=&#8221;4.14.5&#8243; _module_preset=&#8221;default&#8221; global_colors_info=&#8221;{}&#8221; open=&#8221;off&#8221;]<\/p>\n<ul>\n<li><a href=\"https:\/\/erasmus-plus.ec.europa.eu\/\" target=\"_blank\" rel=\"noopener noreferrer\">Erasmus+<\/a><\/li>\n<li><a href=\"https:\/\/www.etwinning.net\/es\/pub\/index.htm\" target=\"_blank\" rel=\"noopener noreferrer\">eTwinning<\/a><\/li>\n<\/ul>\n<p>[\/et_pb_accordion_item][et_pb_accordion_item title=&#8221;Programaciones&#8221; _builder_version=&#8221;4.14.5&#8243; _module_preset=&#8221;default&#8221; global_colors_info=&#8221;{}&#8221; open=&#8221;off&#8221;]<\/p>\n<p>\u21d3 Programaci\u00f3n 1<\/p>\n<p>\u21d3 Programaci\u00f3n 2<\/p>\n<p>\u21d3 Programaci\u00f3n 3<\/p>\n<p>&nbsp;<\/p>\n<p>[\/et_pb_accordion_item][\/et_pb_accordion][\/et_pb_column][\/et_pb_row][\/et_pb_section]<\/p>\n","protected":false},"excerpt":{"rendered":"<p>Departamento de Lenguas ExtranjerasNuestro departamento de Lenguas Extranjeras tiene como misi\u00f3n principal preparar a los alumnos y alumnas para vivir en un mundo internacional, multicultural y pluriling\u00fce fomentando el uso correcto de los idiomas y el respeto a la diversidad cultural. Conocer diversas lenguas extranjeras permitir\u00e1 a nuestro alumnado acceder a mercados profesionales m\u00e1s amplios [&hellip;]<\/p>\n","protected":false},"author":7025,"featured_media":0,"parent":0,"menu_order":0,"comment_status":"closed","ping_status":"closed","template":"","meta":{"_et_pb_use_builder":"on","_et_pb_old_content":"","_et_gb_content_width":"","footnotes":""},"aioseo_notices":[],"_links":{"self":[{"href":"https:\/\/blogsaverroes.juntadeandalucia.es\/iespdelaguila\/wp-json\/wp\/v2\/pages\/2996"}],"collection":[{"href":"https:\/\/blogsaverroes.juntadeandalucia.es\/iespdelaguila\/wp-json\/wp\/v2\/pages"}],"about":[{"href":"https:\/\/blogsaverroes.juntadeandalucia.es\/iespdelaguila\/wp-json\/wp\/v2\/types\/page"}],"author":[{"embeddable":true,"href":"https:\/\/blogsaverroes.juntadeandalucia.es\/iespdelaguila\/wp-json\/wp\/v2\/users\/7025"}],"replies":[{"embeddable":true,"href":"https:\/\/blogsaverroes.juntadeandalucia.es\/iespdelaguila\/wp-json\/wp\/v2\/comments?post=2996"}],"version-history":[{"count":30,"href":"https:\/\/blogsaverroes.juntadeandalucia.es\/iespdelaguila\/wp-json\/wp\/v2\/pages\/2996\/revisions"}],"predecessor-version":[{"id":5982,"href":"https:\/\/blogsaverroes.juntadeandalucia.es\/iespdelaguila\/wp-json\/wp\/v2\/pages\/2996\/revisions\/5982"}],"wp:attachment":[{"href":"https:\/\/blogsaverroes.juntadeandalucia.es\/iespdelaguila\/wp-json\/wp\/v2\/media?parent=2996"}],"curies":[{"name":"wp","href":"https:\/\/api.w.org\/{rel}","templated":true}]}}