{"id":3374,"date":"2022-01-25T12:55:33","date_gmt":"2022-01-25T11:55:33","guid":{"rendered":"https:\/\/blogsaverroes.juntadeandalucia.es\/iespdelaguila\/?page_id=3374"},"modified":"2024-10-31T20:34:25","modified_gmt":"2024-10-31T19:34:25","slug":"transformacion-digital-educativa-2","status":"publish","type":"page","link":"https:\/\/blogsaverroes.juntadeandalucia.es\/iespdelaguila\/transformacion-digital-educativa-2\/","title":{"rendered":"Transformaci\u00f3n Digital Educativa"},"content":{"rendered":"<p>[et_pb_section fb_built=&#8221;1&#8243; _builder_version=&#8221;4.16&#8243; custom_padding=&#8221;0px||0px|&#8221; z_index_tablet=&#8221;500&#8243; box_shadow_horizontal_tablet=&#8221;0px&#8221; box_shadow_vertical_tablet=&#8221;0px&#8221; box_shadow_blur_tablet=&#8221;40px&#8221; box_shadow_spread_tablet=&#8221;0px&#8221; global_colors_info=&#8221;{}&#8221;][et_pb_row _builder_version=&#8221;4.16&#8243; background_size=&#8221;initial&#8221; background_position=&#8221;top_left&#8221; background_repeat=&#8221;repeat&#8221; global_colors_info=&#8221;{}&#8221;][et_pb_column type=&#8221;4_4&#8243; _builder_version=&#8221;4.16&#8243; custom_padding=&#8221;|||&#8221; global_colors_info=&#8221;{}&#8221; custom_padding__hover=&#8221;|||&#8221;][et_pb_image src=&#8221;https:\/\/blogsaverroes.juntadeandalucia.es\/iespdelaguila\/files\/2023\/12\/TDE_1920_400.jpg&#8221; title_text=&#8221;TDE_1920_400&#8243; force_fullwidth=&#8221;on&#8221; admin_label=&#8221;Imagen de la portada&#8221; _builder_version=&#8221;4.16&#8243; vertical_offset_tablet=&#8221;0&#8243; horizontal_offset_tablet=&#8221;0&#8243; z_index_tablet=&#8221;500&#8243; box_shadow_horizontal_tablet=&#8221;0px&#8221; box_shadow_vertical_tablet=&#8221;0px&#8221; box_shadow_blur_tablet=&#8221;40px&#8221; box_shadow_spread_tablet=&#8221;0px&#8221; global_colors_info=&#8221;{}&#8221;][\/et_pb_image][et_pb_text admin_label=&#8221;Cabecera de la p\u00e1gina&#8221; _builder_version=&#8221;4.16&#8243; _module_preset=&#8221;default&#8221; global_colors_info=&#8221;{}&#8221;]<\/p>\n<h1 style=\"text-align: center\">Transformaci\u00f3n Digital Educativa<\/h1>\n<p>[\/et_pb_text][et_pb_text admin_label=&#8221;Texto descriptivo&#8221; _builder_version=&#8221;4.16&#8243; z_index_tablet=&#8221;500&#8243; text_text_shadow_horizontal_length_tablet=&#8221;0px&#8221; text_text_shadow_vertical_length_tablet=&#8221;0px&#8221; text_text_shadow_blur_strength_tablet=&#8221;1px&#8221; link_text_shadow_horizontal_length_tablet=&#8221;0px&#8221; link_text_shadow_vertical_length_tablet=&#8221;0px&#8221; link_text_shadow_blur_strength_tablet=&#8221;1px&#8221; ul_text_shadow_horizontal_length_tablet=&#8221;0px&#8221; ul_text_shadow_vertical_length_tablet=&#8221;0px&#8221; ul_text_shadow_blur_strength_tablet=&#8221;1px&#8221; ol_text_shadow_horizontal_length_tablet=&#8221;0px&#8221; ol_text_shadow_vertical_length_tablet=&#8221;0px&#8221; ol_text_shadow_blur_strength_tablet=&#8221;1px&#8221; quote_text_shadow_horizontal_length_tablet=&#8221;0px&#8221; quote_text_shadow_vertical_length_tablet=&#8221;0px&#8221; quote_text_shadow_blur_strength_tablet=&#8221;1px&#8221; header_text_shadow_horizontal_length_tablet=&#8221;0px&#8221; header_text_shadow_vertical_length_tablet=&#8221;0px&#8221; header_text_shadow_blur_strength_tablet=&#8221;1px&#8221; header_2_text_shadow_horizontal_length_tablet=&#8221;0px&#8221; header_2_text_shadow_vertical_length_tablet=&#8221;0px&#8221; header_2_text_shadow_blur_strength_tablet=&#8221;1px&#8221; header_3_text_shadow_horizontal_length_tablet=&#8221;0px&#8221; header_3_text_shadow_vertical_length_tablet=&#8221;0px&#8221; header_3_text_shadow_blur_strength_tablet=&#8221;1px&#8221; header_4_text_shadow_horizontal_length_tablet=&#8221;0px&#8221; header_4_text_shadow_vertical_length_tablet=&#8221;0px&#8221; header_4_text_shadow_blur_strength_tablet=&#8221;1px&#8221; header_5_text_shadow_horizontal_length_tablet=&#8221;0px&#8221; header_5_text_shadow_vertical_length_tablet=&#8221;0px&#8221; header_5_text_shadow_blur_strength_tablet=&#8221;1px&#8221; header_6_text_shadow_horizontal_length_tablet=&#8221;0px&#8221; header_6_text_shadow_vertical_length_tablet=&#8221;0px&#8221; header_6_text_shadow_blur_strength_tablet=&#8221;1px&#8221; box_shadow_horizontal_tablet=&#8221;0px&#8221; box_shadow_vertical_tablet=&#8221;0px&#8221; box_shadow_blur_tablet=&#8221;40px&#8221; box_shadow_spread_tablet=&#8221;0px&#8221; global_colors_info=&#8221;{}&#8221;]<\/p>\n<p style=\"text-align: justify\">La <strong><a href=\"https:\/\/www.juntadeandalucia.es\/educacion\/portals\/delegate\/content\/1251bc74-27a2-49d3-83e9-d9c5ae94d4f3\/Resoluci%C3%B3n%20en%20el%20MARCO%20DEL%20PROGRAMA%20DE%20COOPERACI%C3%93N%20TERRITORIAL%20#CompDigEdu.\" target=\"_blank\" rel=\"noopener noreferrer\">Resoluci\u00f3n del 20 de Septiembre de 2022<\/a> , de la Direcci\u00f3n General de Tecnolog\u00edas Avanzadas y Transformaci\u00f3n Educativa<\/strong>, sobre medidas para el impulso de la competencia digital en los centros docentes sostenidos con fondos p\u00fablicos, incluye el conjunto de actuaciones orientadas a la mejora y modernizaci\u00f3n de los procesos, los procedimientos, los&nbsp; h\u00e1bitos y comportamientos de las organizaciones educativas y de las personas que, haciendo uso de las tecnolog\u00edas digitales, mejoren su capacidad de hacer frente a los retos de la sociedad actual. Todo ello redundar\u00e1 en la mejora de un aprendizaje competencial, en la mejora de la experiencia, de los resultados de aprendizaje y en un refuerzo de la equidad, a cuyo servicio se supedita dicha transformaci\u00f3n, encuadrada dentro del marco del programa de cooperaci\u00f3n territorial #CompDigEdu<\/p>\n<p style=\"text-align: justify\">Esta transformaci\u00f3n digital engloba tres \u00e1mbitos de actuaci\u00f3n, el de&nbsp;<strong>organizaci\u00f3n<\/strong>&nbsp;<strong>y gesti\u00f3n de los centros docentes<\/strong>, el de los&nbsp;<strong>procesos de ense\u00f1anza-aprendizaje<\/strong>, y el de la&nbsp;<strong>informaci\u00f3n y comunicaci\u00f3n<\/strong>, tanto interna como externa.<\/p>\n<p style=\"text-align: justify\">A continuaci\u00f3n se muestran algunos enlaces de inter\u00e9s relacionados con la Transformaci\u00f3n Digital Educativa:<\/p>\n<ul style=\"text-align: justify\">\n<li style=\"text-align: justify\"><a href=\"https:\/\/view.genial.ly\/631f5e350bfd410011683339\" target=\"_blank\" rel=\"noopener noreferrer\">Sesi\u00f3n informativa TDE en el IES Pe\u00f1a del \u00c1guila (13\/09\/2022)<\/a><\/li>\n<li><a href=\"https:\/\/docs.google.com\/forms\/d\/e\/1FAIpQLSdgY5RGyrgFvkkV15sh0kEGOXTYVX7jZKDGcTw8PvJVAje3WQ\/viewform\" target=\"_blank\" rel=\"noopener noreferrer\">Formulario de incidencias TIC (solo profesorado) *<\/a><\/li>\n<\/ul>\n<p style=\"text-align: justify\"><em><strong>* Para entrar en el formulario de incidencias TIC, el profesorado deber\u00e1 introducir las credenciales de su correo g.educaand.es<\/strong><\/em><\/p>\n<p style=\"text-align: justify\">A continuaci\u00f3n a trav\u00e9s del siguiente cronograma&nbsp; se muestran las actuaciones del proceso de Transformaci\u00f3n Digital Educativa (TDE)&nbsp; para el curso 2020\/2021:<\/p>\n<p>[\/et_pb_text][et_pb_button button_url=&#8221;https:\/\/blogsaverroes.juntadeandalucia.es\/tdeiespdelaguila\/&#8221; url_new_window=&#8221;on&#8221; button_text=&#8221;Enlace al Blog del TDE IES Pe\u00f1a del \u00c1guila&#8221; button_text_tablet=&#8221;&#8221; button_text_phone=&#8221;&#8221; button_text_last_edited=&#8221;on|desktop&#8221; _builder_version=&#8221;4.16&#8243; _module_preset=&#8221;default&#8221; custom_button=&#8221;on&#8221; button_text_size=&#8221;16px&#8221; button_text_color=&#8221;#000000&#8243; button_border_width=&#8221;1px&#8221; button_border_radius=&#8221;20px&#8221; button_icon=&#8221;&#xe016;||divi||400&#8243; global_colors_info=&#8221;{}&#8221;][\/et_pb_button][et_pb_team_member name=&#8221;D. Ra\u00fal Cobo Alguacil&#8221; position=&#8221;Coordinador TDE&#8221; admin_label=&#8221;Persona&#8221; _builder_version=&#8221;4.24.2&#8243; _module_preset=&#8221;default&#8221; hover_enabled=&#8221;0&#8243; global_colors_info=&#8221;{}&#8221; sticky_enabled=&#8221;0&#8243;][\/et_pb_team_member][et_pb_team_member name=&#8221;D. Jos\u00e9 Mar\u00eda P\u00e9rez L\u00f3pez&#8221; position=&#8221;Responsable #Compdigedu&#8221; admin_label=&#8221;Persona&#8221; _builder_version=&#8221;4.16&#8243; _module_preset=&#8221;default&#8221; global_colors_info=&#8221;{}&#8221; disabled_on=&#8221;on|on|on&#8221; disabled=&#8221;on&#8221;][\/et_pb_team_member][\/et_pb_column][\/et_pb_row][\/et_pb_section]<\/p>\n","protected":false},"excerpt":{"rendered":"<p>Transformaci\u00f3n Digital EducativaLa Resoluci\u00f3n del 20 de Septiembre de 2022 , de la Direcci\u00f3n General de Tecnolog\u00edas Avanzadas y Transformaci\u00f3n Educativa, sobre medidas para el impulso de la competencia digital en los centros docentes sostenidos con fondos p\u00fablicos, incluye el conjunto de actuaciones orientadas a la mejora y modernizaci\u00f3n de los procesos, los procedimientos, los&nbsp; [&hellip;]<\/p>\n","protected":false},"author":7916,"featured_media":0,"parent":0,"menu_order":0,"comment_status":"closed","ping_status":"closed","template":"","meta":{"_et_pb_use_builder":"on","_et_pb_old_content":"","_et_gb_content_width":"","footnotes":""},"aioseo_notices":[],"_links":{"self":[{"href":"https:\/\/blogsaverroes.juntadeandalucia.es\/iespdelaguila\/wp-json\/wp\/v2\/pages\/3374"}],"collection":[{"href":"https:\/\/blogsaverroes.juntadeandalucia.es\/iespdelaguila\/wp-json\/wp\/v2\/pages"}],"about":[{"href":"https:\/\/blogsaverroes.juntadeandalucia.es\/iespdelaguila\/wp-json\/wp\/v2\/types\/page"}],"author":[{"embeddable":true,"href":"https:\/\/blogsaverroes.juntadeandalucia.es\/iespdelaguila\/wp-json\/wp\/v2\/users\/7916"}],"replies":[{"embeddable":true,"href":"https:\/\/blogsaverroes.juntadeandalucia.es\/iespdelaguila\/wp-json\/wp\/v2\/comments?post=3374"}],"version-history":[{"count":19,"href":"https:\/\/blogsaverroes.juntadeandalucia.es\/iespdelaguila\/wp-json\/wp\/v2\/pages\/3374\/revisions"}],"predecessor-version":[{"id":7382,"href":"https:\/\/blogsaverroes.juntadeandalucia.es\/iespdelaguila\/wp-json\/wp\/v2\/pages\/3374\/revisions\/7382"}],"wp:attachment":[{"href":"https:\/\/blogsaverroes.juntadeandalucia.es\/iespdelaguila\/wp-json\/wp\/v2\/media?parent=3374"}],"curies":[{"name":"wp","href":"https:\/\/api.w.org\/{rel}","templated":true}]}}