{"id":2479,"date":"2017-02-03T19:37:52","date_gmt":"2017-02-03T19:37:52","guid":{"rendered":"http:\/\/blogsaverroes.juntadeandalucia.es\/iespeperuizvela\/?page_id=2479"},"modified":"2017-02-16T16:16:59","modified_gmt":"2017-02-16T16:16:59","slug":"formacion","status":"publish","type":"page","link":"https:\/\/blogsaverroes.juntadeandalucia.es\/iespeperuizvela\/formacion\/","title":{"rendered":"Formaci\u00f3n"},"content":{"rendered":"<h1>\u00a0<strong>GRUPO DE TRABAJO DE <span style=\"color: #333333\">COMPETENCIAS<\/span>:<\/strong><\/h1>\n<p>&nbsp;<\/p>\n<h1><strong><a href=\"http:\/\/blogsaverroes.juntadeandalucia.es\/iespeperuizvela\/files\/2017\/02\/1_competencia_matematica_ciencia_tecnologia_CMCT1.png\"><img loading=\"lazy\" decoding=\"async\" class=\" size-medium wp-image-2930 alignnone\" src=\"http:\/\/blogsaverroes.juntadeandalucia.es\/iespeperuizvela\/files\/2017\/02\/1_competencia_matematica_ciencia_tecnologia_CMCT1-172x300.png\" alt=\"1_competencia_matematica_ciencia_tecnologia_CMCT\" width=\"172\" height=\"300\" srcset=\"https:\/\/blogsaverroes.juntadeandalucia.es\/iespeperuizvela\/files\/2017\/02\/1_competencia_matematica_ciencia_tecnologia_CMCT1-172x300.png 172w, https:\/\/blogsaverroes.juntadeandalucia.es\/iespeperuizvela\/files\/2017\/02\/1_competencia_matematica_ciencia_tecnologia_CMCT1-588x1024.png 588w, https:\/\/blogsaverroes.juntadeandalucia.es\/iespeperuizvela\/files\/2017\/02\/1_competencia_matematica_ciencia_tecnologia_CMCT1-14x24.png 14w, https:\/\/blogsaverroes.juntadeandalucia.es\/iespeperuizvela\/files\/2017\/02\/1_competencia_matematica_ciencia_tecnologia_CMCT1-21x36.png 21w, https:\/\/blogsaverroes.juntadeandalucia.es\/iespeperuizvela\/files\/2017\/02\/1_competencia_matematica_ciencia_tecnologia_CMCT1-28x48.png 28w, https:\/\/blogsaverroes.juntadeandalucia.es\/iespeperuizvela\/files\/2017\/02\/1_competencia_matematica_ciencia_tecnologia_CMCT1.png 918w\" sizes=\"(max-width: 172px) 100vw, 172px\" \/><\/a><\/strong><a href=\"http:\/\/blogsaverroes.juntadeandalucia.es\/iespeperuizvela\/files\/2017\/02\/2_competencia_digital_CD.png\"><img loading=\"lazy\" decoding=\"async\" class=\"alignnone size-medium wp-image-2931\" src=\"http:\/\/blogsaverroes.juntadeandalucia.es\/iespeperuizvela\/files\/2017\/02\/2_competencia_digital_CD-167x300.png\" alt=\"2_competencia_digital_CD\" width=\"167\" height=\"300\" srcset=\"https:\/\/blogsaverroes.juntadeandalucia.es\/iespeperuizvela\/files\/2017\/02\/2_competencia_digital_CD-167x300.png 167w, https:\/\/blogsaverroes.juntadeandalucia.es\/iespeperuizvela\/files\/2017\/02\/2_competencia_digital_CD-570x1024.png 570w, https:\/\/blogsaverroes.juntadeandalucia.es\/iespeperuizvela\/files\/2017\/02\/2_competencia_digital_CD-13x24.png 13w, https:\/\/blogsaverroes.juntadeandalucia.es\/iespeperuizvela\/files\/2017\/02\/2_competencia_digital_CD-20x36.png 20w, https:\/\/blogsaverroes.juntadeandalucia.es\/iespeperuizvela\/files\/2017\/02\/2_competencia_digital_CD-27x48.png 27w, https:\/\/blogsaverroes.juntadeandalucia.es\/iespeperuizvela\/files\/2017\/02\/2_competencia_digital_CD.png 891w\" sizes=\"(max-width: 167px) 100vw, 167px\" \/><\/a><a href=\"http:\/\/blogsaverroes.juntadeandalucia.es\/iespeperuizvela\/files\/2017\/02\/3_competencia_aprender_a_aprender_CAA.png\"><img loading=\"lazy\" decoding=\"async\" class=\" size-medium wp-image-2933 alignnone\" src=\"http:\/\/blogsaverroes.juntadeandalucia.es\/iespeperuizvela\/files\/2017\/02\/3_competencia_aprender_a_aprender_CAA-162x300.png\" alt=\"3_competencia_aprender_a_aprender_CAA\" width=\"162\" height=\"300\" srcset=\"https:\/\/blogsaverroes.juntadeandalucia.es\/iespeperuizvela\/files\/2017\/02\/3_competencia_aprender_a_aprender_CAA-162x300.png 162w, https:\/\/blogsaverroes.juntadeandalucia.es\/iespeperuizvela\/files\/2017\/02\/3_competencia_aprender_a_aprender_CAA-554x1024.png 554w, https:\/\/blogsaverroes.juntadeandalucia.es\/iespeperuizvela\/files\/2017\/02\/3_competencia_aprender_a_aprender_CAA-13x24.png 13w, https:\/\/blogsaverroes.juntadeandalucia.es\/iespeperuizvela\/files\/2017\/02\/3_competencia_aprender_a_aprender_CAA-19x36.png 19w, https:\/\/blogsaverroes.juntadeandalucia.es\/iespeperuizvela\/files\/2017\/02\/3_competencia_aprender_a_aprender_CAA-26x48.png 26w, https:\/\/blogsaverroes.juntadeandalucia.es\/iespeperuizvela\/files\/2017\/02\/3_competencia_aprender_a_aprender_CAA.png 865w\" sizes=\"(max-width: 162px) 100vw, 162px\" \/><\/a><\/h1>\n<ul>\n<li><a href=\"http:\/\/blogsaverroes.juntadeandalucia.es\/iespeperuizvela\/files\/2017\/02\/4_competencia_comunicacion_linguistica_CCL.jpg\"><img loading=\"lazy\" decoding=\"async\" class=\"alignnone size-medium wp-image-2934\" src=\"http:\/\/blogsaverroes.juntadeandalucia.es\/iespeperuizvela\/files\/2017\/02\/4_competencia_comunicacion_linguistica_CCL-185x300.jpg\" alt=\"4_competencia_comunicacion_linguistica_CCL\" width=\"185\" height=\"300\" srcset=\"https:\/\/blogsaverroes.juntadeandalucia.es\/iespeperuizvela\/files\/2017\/02\/4_competencia_comunicacion_linguistica_CCL-185x300.jpg 185w, https:\/\/blogsaverroes.juntadeandalucia.es\/iespeperuizvela\/files\/2017\/02\/4_competencia_comunicacion_linguistica_CCL-631x1024.jpg 631w, https:\/\/blogsaverroes.juntadeandalucia.es\/iespeperuizvela\/files\/2017\/02\/4_competencia_comunicacion_linguistica_CCL-15x24.jpg 15w, https:\/\/blogsaverroes.juntadeandalucia.es\/iespeperuizvela\/files\/2017\/02\/4_competencia_comunicacion_linguistica_CCL-22x36.jpg 22w, https:\/\/blogsaverroes.juntadeandalucia.es\/iespeperuizvela\/files\/2017\/02\/4_competencia_comunicacion_linguistica_CCL-30x48.jpg 30w, https:\/\/blogsaverroes.juntadeandalucia.es\/iespeperuizvela\/files\/2017\/02\/4_competencia_comunicacion_linguistica_CCL.jpg 797w\" sizes=\"(max-width: 185px) 100vw, 185px\" \/><\/a><a href=\"http:\/\/blogsaverroes.juntadeandalucia.es\/iespeperuizvela\/files\/2017\/02\/5_competencias_sociales_civicas_CSC.png\"><img loading=\"lazy\" decoding=\"async\" class=\"alignnone size-medium wp-image-2935\" src=\"http:\/\/blogsaverroes.juntadeandalucia.es\/iespeperuizvela\/files\/2017\/02\/5_competencias_sociales_civicas_CSC-164x300.png\" alt=\"5_competencias_sociales_civicas_CSC\" width=\"164\" height=\"300\" srcset=\"https:\/\/blogsaverroes.juntadeandalucia.es\/iespeperuizvela\/files\/2017\/02\/5_competencias_sociales_civicas_CSC-164x300.png 164w, https:\/\/blogsaverroes.juntadeandalucia.es\/iespeperuizvela\/files\/2017\/02\/5_competencias_sociales_civicas_CSC-560x1024.png 560w, https:\/\/blogsaverroes.juntadeandalucia.es\/iespeperuizvela\/files\/2017\/02\/5_competencias_sociales_civicas_CSC-13x24.png 13w, https:\/\/blogsaverroes.juntadeandalucia.es\/iespeperuizvela\/files\/2017\/02\/5_competencias_sociales_civicas_CSC-20x36.png 20w, https:\/\/blogsaverroes.juntadeandalucia.es\/iespeperuizvela\/files\/2017\/02\/5_competencias_sociales_civicas_CSC-26x48.png 26w, https:\/\/blogsaverroes.juntadeandalucia.es\/iespeperuizvela\/files\/2017\/02\/5_competencias_sociales_civicas_CSC.png 876w\" sizes=\"(max-width: 164px) 100vw, 164px\" \/><\/a><a href=\"http:\/\/blogsaverroes.juntadeandalucia.es\/iespeperuizvela\/files\/2017\/02\/6_competencia_conciencia_expresiones_culturales_CEC.png\"><img loading=\"lazy\" decoding=\"async\" class=\"alignnone size-medium wp-image-2936\" src=\"http:\/\/blogsaverroes.juntadeandalucia.es\/iespeperuizvela\/files\/2017\/02\/6_competencia_conciencia_expresiones_culturales_CEC-195x300.png\" alt=\"6_competencia_conciencia_expresiones_culturales_CEC\" width=\"195\" height=\"300\" srcset=\"https:\/\/blogsaverroes.juntadeandalucia.es\/iespeperuizvela\/files\/2017\/02\/6_competencia_conciencia_expresiones_culturales_CEC-195x300.png 195w, https:\/\/blogsaverroes.juntadeandalucia.es\/iespeperuizvela\/files\/2017\/02\/6_competencia_conciencia_expresiones_culturales_CEC-665x1024.png 665w, https:\/\/blogsaverroes.juntadeandalucia.es\/iespeperuizvela\/files\/2017\/02\/6_competencia_conciencia_expresiones_culturales_CEC-16x24.png 16w, https:\/\/blogsaverroes.juntadeandalucia.es\/iespeperuizvela\/files\/2017\/02\/6_competencia_conciencia_expresiones_culturales_CEC-23x36.png 23w, https:\/\/blogsaverroes.juntadeandalucia.es\/iespeperuizvela\/files\/2017\/02\/6_competencia_conciencia_expresiones_culturales_CEC-31x48.png 31w, https:\/\/blogsaverroes.juntadeandalucia.es\/iespeperuizvela\/files\/2017\/02\/6_competencia_conciencia_expresiones_culturales_CEC.png 1039w\" sizes=\"(max-width: 195px) 100vw, 195px\" \/><\/a><a href=\"http:\/\/blogsaverroes.juntadeandalucia.es\/iespeperuizvela\/files\/2017\/02\/7_competencia_iniciativa_espiritu_emprendedor_SIEP.png\"><img loading=\"lazy\" decoding=\"async\" class=\" size-medium wp-image-2937 aligncenter\" src=\"http:\/\/blogsaverroes.juntadeandalucia.es\/iespeperuizvela\/files\/2017\/02\/7_competencia_iniciativa_espiritu_emprendedor_SIEP-157x300.png\" alt=\"7_competencia_iniciativa_espiritu_emprendedor_SIEP\" width=\"157\" height=\"300\" srcset=\"https:\/\/blogsaverroes.juntadeandalucia.es\/iespeperuizvela\/files\/2017\/02\/7_competencia_iniciativa_espiritu_emprendedor_SIEP-157x300.png 157w, https:\/\/blogsaverroes.juntadeandalucia.es\/iespeperuizvela\/files\/2017\/02\/7_competencia_iniciativa_espiritu_emprendedor_SIEP-536x1024.png 536w, https:\/\/blogsaverroes.juntadeandalucia.es\/iespeperuizvela\/files\/2017\/02\/7_competencia_iniciativa_espiritu_emprendedor_SIEP-13x24.png 13w, https:\/\/blogsaverroes.juntadeandalucia.es\/iespeperuizvela\/files\/2017\/02\/7_competencia_iniciativa_espiritu_emprendedor_SIEP-19x36.png 19w, https:\/\/blogsaverroes.juntadeandalucia.es\/iespeperuizvela\/files\/2017\/02\/7_competencia_iniciativa_espiritu_emprendedor_SIEP-25x48.png 25w, https:\/\/blogsaverroes.juntadeandalucia.es\/iespeperuizvela\/files\/2017\/02\/7_competencia_iniciativa_espiritu_emprendedor_SIEP.png 838w\" sizes=\"(max-width: 157px) 100vw, 157px\" \/><\/a><\/li>\n<li><a href=\"http:\/\/blogsaverroes.juntadeandalucia.es\/iespeperuizvela\/files\/2017\/02\/descriptores_competencia_matematica_ciencia_tecnologia.pdf\">Descriptores de competencias CMCT<\/a><\/li>\n<li><a href=\"http:\/\/blogsaverroes.juntadeandalucia.es\/iespeperuizvela\/files\/2017\/02\/estandares_competencia_digital.pdf\">Est\u00e1ndares CD<\/a><\/li>\n<li><a href=\"http:\/\/blogsaverroes.juntadeandalucia.es\/iespeperuizvela\/files\/2017\/02\/indicadores_competencia_comunicacion_linguistica.pdf\">Indicadores CCL<\/a><\/li>\n<\/ul>\n<p>&nbsp;<\/p>\n<h1><strong>DOCUMENTACI\u00d3N DE CURSOS DEL CEP DE LORA DEL R\u00cdO:<\/strong><\/h1>\n<ul>\n<li><a href=\"http:\/\/blogsaverroes.juntadeandalucia.es\/iespeperuizvela\/files\/2017\/02\/la-programacion-a-traves-de-UDI-y-la-evaluacion-de-los-aprendizajes.pdf\">La programacion a traves de UDI y la evaluacion de los aprendizajes<\/a><a href=\"http:\/\/www.ite.educacion.es\/formacion\/materiales\/13\/cd\/\" target=\"_blank\"><br \/>\n<\/a><\/li>\n<\/ul>\n<p>&nbsp;<\/p>\n<h1><strong>CURSOS INTEF RECOMENDADOS DE INICIACI\u00d3N:<\/strong><\/h1>\n<h2><strong>&#8211; GENERALES<\/strong><\/h2>\n<ul>\n<li><a href=\"http:\/\/www.ite.educacion.es\/formacion\/materiales\/13\/cd\/\" target=\"_blank\">Iniciaci\u00f3n a la Inform\u00e1tica<\/a><\/li>\n<li><a href=\"http:\/\/www.ite.educacion.es\/formacion\/materiales\/43\/cd\/index.htm\" target=\"_blank\">Introducci\u00f3n a Linux<\/a><\/li>\n<li><a href=\"http:\/\/www.ite.educacion.es\/formacion\/materiales\/137\/cd\/\" target=\"_blank\">Utilizaci\u00f3n did\u00e1ctica de la Pizarra digital<\/a><\/li>\n<li><a href=\"http:\/\/www.ite.educacion.es\/formacion\/materiales\/157\/cd\/index.htm\" target=\"_blank\">Internet, aula abierta 2.0<\/a><\/li>\n<\/ul>\n<p>&nbsp;<\/p>\n<h2><strong>&#8211; MATEM\u00c1TICAS<\/strong><\/h2>\n<ul>\n<li><a href=\"http:\/\/www.ite.educacion.es\/formacion\/materiales\/100\/cd\/\" target=\"_blank\">Las TIC en el \u00e1rea de Matem\u00e1ticas<\/a><\/li>\n<li><a href=\"http:\/\/www.ite.educacion.es\/formacion\/materiales\/123\/cd\/index.htm\" target=\"_blank\">GeoGebra en la ense\u00f1anza de las Matem\u00e1ticas<\/a><\/li>\n<li><a href=\"http:\/\/recursostic.educacion.es\/descartes\/web\/\" target=\"_blank\">Matem\u00e1ticas con Descartes<\/a><\/li>\n<\/ul>\n<p>&nbsp;<\/p>\n<h2><strong>&#8211; LENGUA<\/strong><\/h2>\n<ul>\n<li><a href=\"http:\/\/www.ite.educacion.es\/formacion\/materiales\/133\/cd\/index.htm\" target=\"_blank\">Las TIC en el \u00e1rea de Lengua<\/a><\/li>\n<\/ul>\n<p>&nbsp;<\/p>\n<h2><strong>&#8211; CIENCIAS SOCIALES<\/strong><\/h2>\n<ul>\n<li><a href=\"http:\/\/www.ite.educacion.es\/formacion\/materiales\/\/131\/material\/\" target=\"_blank\">TIC en Ciencias Sociales<\/a><\/li>\n<\/ul>\n<p>&nbsp;<\/p>\n<h2><strong>&#8211; F\u00cdSICA Y QU\u00cdMICA<\/strong><\/h2>\n<ul>\n<li><a href=\"http:\/\/recursostic.educacion.es\/newton\/web\/index.html\" target=\"_blank\">F\u00edsica y Qu\u00edmica con Newton<\/a><\/li>\n<\/ul>\n<p>&nbsp;<\/p>\n<h2><strong>&#8211; LENGUAS EXTRANJERAS<\/strong><\/h2>\n<ul>\n<li><a href=\"http:\/\/www.ite.educacion.es\/formacion\/materiales\/142\/cd\/\" target=\"_blank\">TIC en Lenguas Extranjeras<\/a><\/li>\n<\/ul>\n<p>&nbsp;<\/p>\n<h1><strong>CURSOS INTEF RECOMENDADOS DE PROFUNDIZACI\u00d3N:<\/strong><\/h1>\n<h2><strong>&#8211; GENERALES<\/strong><\/h2>\n<ul>\n<li><a href=\"http:\/\/www.ite.educacion.es\/formacion\/materiales\/6\/cd\/\" target=\"_blank\">Procesador de textos en la ense\u00f1anza<\/a><\/li>\n<li><a href=\"http:\/\/www.ite.educacion.es\/formacion\/materiales\/180\/cd\/index.htm\" target=\"_blank\">Dise\u00f1o de presentaciones en la ense\u00f1anza (OpenOffice)<\/a><\/li>\n<li><a href=\"http:\/\/www.ite.educacion.es\/formacion\/materiales\/55\/cd\/index.htm\" target=\"_blank\">Hoja de c\u00e1lculo en la ense\u00f1anza<\/a><\/li>\n<li><a href=\"http:\/\/www.ite.educacion.es\/formacion\/materiales\/155\/cd\/\" target=\"_blank\">Multimedia y Web 2.0<\/a><\/li>\n<\/ul>\n<p>&nbsp;<\/p>\n<h2><strong>&#8211; M\u00daSICA<\/strong><\/h2>\n<ul>\n<li><a href=\"http:\/\/www.ite.educacion.es\/formacion\/materiales\/60\/cd\/index.htm\" target=\"_blank\">Sonido y m\u00fasica con ordenador<\/a><\/li>\n<\/ul>\n<p>&nbsp;<\/p>\n<h2><strong>&#8211; PL\u00c1STICA<\/strong><\/h2>\n<ul>\n<li><a href=\"http:\/\/www.ite.educacion.es\/formacion\/materiales\/71\/cd\/\" target=\"_blank\">Draw, dibujo vectorial<\/a><\/li>\n<li><a href=\"http:\/\/www.ite.educacion.es\/formacion\/materiales\/86\/cd\/index.htm\" target=\"_blank\">GIMP, aplicaciones did\u00e1cticas<\/a><\/li>\n<\/ul>\n<p>&nbsp;<\/p>\n<h1><strong>VIDEOTUTORIALES DE ACCI\u00d3N MAGISTRAL (Herramientas Google para educadores):<\/strong><\/h1>\n<ul>\n<li><a href=\"https:\/\/www.youtube.com\/watch?v=0jfoAP2KVBU\" target=\"_blank\">Drive<\/a><\/li>\n<li><a href=\"https:\/\/www.youtube.com\/watch?v=xz_IYrQ1Ak4\" target=\"_blank\">Sites<\/a><\/li>\n<li><a href=\"https:\/\/www.youtube.com\/watch?v=nVbKPg01mTc\" target=\"_blank\">Classroom<\/a><\/li>\n<\/ul>\n<h1><\/h1>\n<h1><strong>EDITORES DE V\u00cdDEO:<\/strong><\/h1>\n<ul>\n<li><a href=\"http:\/\/www.openshotusers.com\/help\/1.3\/en\/ar01s03.html\" target=\"_blank\">Editor de v\u00eddeo OPENSHOT. Para aprender en 5 minutos<\/a><\/li>\n<li><a href=\"http:\/\/www.openshotusers.com\/help\/1.3\/es\/\" target=\"_blank\">Editor de v\u00eddeo OPENSHOT. Manual en espa\u00f1ol de la versi\u00f3n 1.3.0<\/a><\/li>\n<\/ul>\n<p>&nbsp;<\/p>\n<h1><strong>EDITORES DE AUDIO:<\/strong><\/h1>\n<ul>\n<li><a href=\"http:\/\/www.jesusda.com\/docs\/ebooks\/ebook_tutorial-edicion-de-sonido-con-audacity.pdf\" target=\"_blank\">Editor de sonido AUDACITY. Tutorial<\/a><\/li>\n<\/ul>\n","protected":false},"excerpt":{"rendered":"<p>\u00a0GRUPO DE TRABAJO DE COMPETENCIAS: &nbsp; Descriptores de competencias CMCT Est\u00e1ndares CD Indicadores CCL &nbsp; DOCUMENTACI\u00d3N DE CURSOS DEL CEP DE LORA DEL R\u00cdO: La programacion a traves de UDI y la evaluacion de&#46;&#46;&#46;<\/p>\n","protected":false},"author":4694,"featured_media":0,"parent":0,"menu_order":0,"comment_status":"open","ping_status":"open","template":"","meta":{"ngg_post_thumbnail":0,"footnotes":"","_mc_calendar":[]},"aioseo_notices":[],"_links":{"self":[{"href":"https:\/\/blogsaverroes.juntadeandalucia.es\/iespeperuizvela\/wp-json\/wp\/v2\/pages\/2479"}],"collection":[{"href":"https:\/\/blogsaverroes.juntadeandalucia.es\/iespeperuizvela\/wp-json\/wp\/v2\/pages"}],"about":[{"href":"https:\/\/blogsaverroes.juntadeandalucia.es\/iespeperuizvela\/wp-json\/wp\/v2\/types\/page"}],"author":[{"embeddable":true,"href":"https:\/\/blogsaverroes.juntadeandalucia.es\/iespeperuizvela\/wp-json\/wp\/v2\/users\/4694"}],"replies":[{"embeddable":true,"href":"https:\/\/blogsaverroes.juntadeandalucia.es\/iespeperuizvela\/wp-json\/wp\/v2\/comments?post=2479"}],"version-history":[{"count":13,"href":"https:\/\/blogsaverroes.juntadeandalucia.es\/iespeperuizvela\/wp-json\/wp\/v2\/pages\/2479\/revisions"}],"predecessor-version":[{"id":3036,"href":"https:\/\/blogsaverroes.juntadeandalucia.es\/iespeperuizvela\/wp-json\/wp\/v2\/pages\/2479\/revisions\/3036"}],"wp:attachment":[{"href":"https:\/\/blogsaverroes.juntadeandalucia.es\/iespeperuizvela\/wp-json\/wp\/v2\/media?parent=2479"}],"curies":[{"name":"wp","href":"https:\/\/api.w.org\/{rel}","templated":true}]}}