{"id":2536,"date":"2017-02-04T17:41:22","date_gmt":"2017-02-04T17:41:22","guid":{"rendered":"http:\/\/blogsaverroes.juntadeandalucia.es\/iespeperuizvela\/?page_id=2536"},"modified":"2021-05-10T06:24:50","modified_gmt":"2021-05-10T06:24:50","slug":"tecnologia-3o-eso","status":"publish","type":"page","link":"https:\/\/blogsaverroes.juntadeandalucia.es\/iespeperuizvela\/tecnologia-3o-eso\/","title":{"rendered":"Tecnolog\u00eda 3\u00ba ESO"},"content":{"rendered":"<h1><strong><span style=\"color: #0000ff\">UDI 4.2. &#8211; MECANISMOS DE TRANSMISI\u00d3N ROTATIVOS<\/span><\/strong><\/h1>\n<h3><a href=\"https:\/\/blogsaverroes.juntadeandalucia.es\/iespeperuizvela\/files\/2021\/05\/s\u00edmbolos_con_librecad.pdf\" target=\"_blank\" rel=\"noopener noreferrer\">Pr\u00e1ctica de dibujo de s\u00edmbolos de mecanismos con LibreCAD<\/a><\/h3>\n<h3><a href=\"https:\/\/blogsaverroes.juntadeandalucia.es\/iespeperuizvela\/files\/2021\/05\/librecad.pdf\" target=\"_blank\" rel=\"noopener noreferrer\">LibreCAD<\/a><\/h3>\n<p>&nbsp;<\/p>\n<h3><a href=\"https:\/\/blogsaverroes.juntadeandalucia.es\/iespeperuizvela\/files\/2021\/04\/mecanismos_transmisi\u00f3n_rotativos.pdf\" target=\"_blank\" rel=\"noopener noreferrer\">Teor\u00eda<\/a><\/h3>\n<h3><a href=\"https:\/\/blogsaverroes.juntadeandalucia.es\/iespeperuizvela\/files\/2021\/04\/actividades_mecanismos_transmisi\u00f3n_rotativos.pdf\" target=\"_blank\" rel=\"noopener noreferrer\">Actividades<\/a><\/h3>\n<h2>&nbsp;<\/h2>\n<h2><span style=\"color: #008000\"><strong>PR\u00c1CTICAS TIC DE SIMULACI\u00d3N DE ENGRANAJES:<\/strong><\/span><\/h2>\n<h3><a href=\"https:\/\/blogsaverroes.juntadeandalucia.es\/iespeperuizvela\/files\/2021\/04\/proceso_de_trabajo-1.pdf\" target=\"_blank\" rel=\"noopener noreferrer\">Proceso_de_trabajo<\/a><\/h3>\n<h3><a href=\"http:\/\/www.gearsket.ch\/\" target=\"_blank\" rel=\"noopener noreferrer\">http:\/\/www.gearsket.ch\/<\/a><\/h3>\n<p>&nbsp;<\/p>\n<h1><strong><span style=\"color: #0000ff\">UDI 4.1. &#8211; MECANISMOS DE TRANSMISI\u00d3N LINEAL<\/span><br \/>\n<\/strong><\/h1>\n<h3><a href=\"https:\/\/blogsaverroes.juntadeandalucia.es\/iespeperuizvela\/files\/2021\/04\/mecanismos_transmisi\u00f3n_lineal.pdf\"><span style=\"color: #333399\">PDF Mecanismos de Transmisi\u00f3n Lineal<\/span><\/a><\/h3>\n<p>&nbsp;<\/p>\n<h2><strong><span style=\"color: #008000\">PR\u00c1CTICAS TIC DE SIMULACI\u00d3N DE LA PALANCA:<\/span><\/strong><\/h2>\n<h3><span style=\"color: #333399\"><a style=\"color: #333399\" href=\"https:\/\/blogsaverroes.juntadeandalucia.es\/iespeperuizvela\/files\/2021\/03\/pr\u00e1cticas_TIC.pdf\">PDF con instrucciones<\/a><\/span><\/h3>\n<h3><a href=\"https:\/\/phet.colorado.edu\/sims\/html\/balancing-act\/latest\/balancing-act_es.html\" target=\"_blank\" rel=\"noopener noreferrer\"><span style=\"color: #800080\"><span style=\"color: #333399\">ENLACE AL SIMULADOR DE PALANCAS<\/span><\/span><\/a><\/h3>\n<h1>&nbsp;<\/h1>\n<h1><span style=\"color: #0000ff\"><strong>UDI 3 &#8211; SISTEMA DE CONTROL PROGRAMADO<br \/>\n<\/strong><\/span><\/h1>\n<h3><a href=\"https:\/\/makecode.microbit.org\/#editor\"><span style=\"color: #800080\"><span style=\"color: #333399\">MakeCode<\/span><\/span><\/a><\/h3>\n<p>&nbsp;<\/p>\n<h3><a href=\"https:\/\/blogsaverroes.juntadeandalucia.es\/iespeperuizvela\/files\/2021\/02\/presentaci\u00f3n_3_ESO-1.pdf\">Presentaci\u00f3n de diapositivas (PDF)<\/a><\/h3>\n<p>&nbsp;<\/p>\n<h3><a href=\"https:\/\/blogsaverroes.juntadeandalucia.es\/iespeperuizvela\/files\/2021\/02\/microbit_pr\u00e1cticas_3-ESO_ALUMNADO.pdf\">Pr\u00e1cticas con la controladora programable Micro:bit (PDF)<\/a><\/h3>\n<p>&nbsp;<\/p>\n<h3><a href=\"https:\/\/blogsaverroes.juntadeandalucia.es\/iespeperuizvela\/files\/2021\/03\/gu\u00eda_bloques_gr\u00e1ficos_Makecode.pdf\">GU\u00cdA DE BLOQUES GR\u00c1FICOS DE MAKECODE<\/a><\/h3>\n<p>&nbsp;<\/p>\n<h3><a href=\"https:\/\/blogsaverroes.juntadeandalucia.es\/iespeperuizvela\/files\/2021\/03\/transferir_programa.pdf\">Transferir el programa a la placa<\/a><\/h3>\n<p>&nbsp;<\/p>\n<h3><a href=\"https:\/\/blogsaverroes.juntadeandalucia.es\/iespeperuizvela\/files\/2021\/03\/microbot_Maqueen.pdf\">Microbot Maqueen<\/a><\/h3>\n<p>&nbsp;<\/p>\n<h3><a href=\"https:\/\/blogsaverroes.juntadeandalucia.es\/iespeperuizvela\/files\/2021\/03\/pr\u00e1cticas_Maqueen.pdf\">Pr\u00e1cticas con el microbot Maqueen<\/a><\/h3>\n<p>&nbsp;<\/p>\n<h3><a href=\"https:\/\/blogsaverroes.juntadeandalucia.es\/iespeperuizvela\/files\/2021\/03\/mando_infrarrojo_c\u00f3digos.pdf\">C\u00f3digos de las teclas del mando infrarrojo<\/a><\/h3>\n<p>&nbsp;<\/p>\n<h2><strong><span style=\"color: #993366\">PR\u00c1CTICAS DE AULA:<\/span><\/strong><\/h2>\n<ol>\n<li>\n<h3><span style=\"color: #ff0000\">INTERMITENTE:<\/span> el LED (0, 0) y (4, 4) deben funcionar durante 1 segundo, luego se apagan durante 0,5 segundos. Funcionamiento para siempre.<\/h3>\n<\/li>\n<li>\n<h3><span style=\"color: #ff0000\">INTERMITENTE DOBLE:<\/span> el LED (0, 0) se enciende durante 1 segundo estando apagado el LED (4, 4), luego el LED (0, 0) se apaga durante medio segundo y el LED (4, 4) se mantiene encendido. Funcionamiento para siempre.<\/h3>\n<\/li>\n<li>\n<h3><span style=\"color: #ff0000\">PULSADOR CON MEMORIA:<\/span> al darle al bot\u00f3n \u00abA\u00bb se muestra el icono del coraz\u00f3n. Al soltar el bot\u00f3n \u00abA\u00bb, el icono del coraz\u00f3n sigue encendido. Para apagarlo le damos al bot\u00f3n RESET.<\/h3>\n<\/li>\n<li>\n<h3><span style=\"color: #ff0000\">AUTOM\u00c1TICO DE ESCALERAS:<\/span> al darle al bot\u00f3n \u00abA\u00bb se enciende todos los LEDs de la matriz durante 5 segundos y luego se apagan.<\/h3>\n<\/li>\n<li>\n<h3><span style=\"color: #ff0000\">PULSADOR CON MEMORIA Y APAGADO:<\/span> al darle al bot\u00f3n \u00abA\u00bb se muestra el icono con forma de \u00abX\u00bb y al darle al bot\u00f3n \u00abB\u00bb, se apaga.<\/h3>\n<\/li>\n<li>\n<h3><span style=\"color: #ff0000\">PULSADOR SIN MEMORIA:<\/span> al darle al bot\u00f3n \u00abA\u00bbse encienden todos los LEDs de la matriz y al soltar el bot\u00f3n \u00abA\u00bb, se apagan.<\/h3>\n<\/li>\n<li>\n<h3><span style=\"color: #ff0000\">LED EXTERIOR INTERMITENTE:<\/span> un LED exterior se enciende durante 1 segundo y luego se apaga durante 0,5 segundos.<\/h3>\n<\/li>\n<li>\n<h3><span style=\"color: #ff0000\">LED EXTERIOR CON PULSADOR CON MEMORIA:<\/span> al darle al bot\u00f3n \u00abA\u00bb se enciende el LED exterior. Para apagarlo le damos al bot\u00f3n RESET.<\/h3>\n<\/li>\n<li>\n<h3><span style=\"color: #ff0000\">PULSADOR EXTERIOR CON MEMORIA:<\/span> al darle a un pulsador exterior se encienden todos los LEDS de la matriz. Se apagan al darle al bot\u00f3n \u00abA\u00bb.<\/h3>\n<\/li>\n<li>\n<h3><span style=\"color: #ff0000\">PR\u00c1CTICA LIBRE CON LED RGB:<\/span> al darle al bot\u00f3n \u00abA\u00bb van apareciendo diferentes colores cada 3 segundos. Apagado por bot\u00f3n RESET.<\/h3>\n<\/li>\n<li>\n<h3><span style=\"color: #ff0000\">LED CON 2 NIVELES DE BRILLO:<\/span> al darle al bot\u00f3n \u00abA\u00bb el LED que quieras funciona a mitad de brilo (nivel 128) y al darle al bot\u00f3n \u00abB\u00bb el mismo LED funciona con brillo completo.<\/h3>\n<\/li>\n<li>\n<h3><span style=\"color: #ff0000\">MATRIZ DE LEDs CON 3 NIVELES DE POTENCIA:<\/span> se enciende toda la matriz a 1\/3 del brillo (nivel 85) durante 2 segundos, luego se enciende a 2\/3 del brillo (nivel 170) durante 2 segundos, por \u00faltimo, se enciende a m\u00e1xima potencia durante otros 2 segundos. Funcionamiento para siempre.<\/h3>\n<\/li>\n<li>\n<h3><span style=\"color: #ff0000\">PROCESO REPETIDO CON BOT\u00d3N \u00abA\u00bb:<\/span> al darle al bot\u00f3n \u00abA\u00bb debe encenderse el icono que quieras durante un segundo y luego apagarse durante medio segundo. Este proceso de intermitencia se repite 5 veces.<\/h3>\n<\/li>\n<li>\n<h3><span style=\"color: #ff0000\">SENSOR DE TACTO PARA LEDS:<\/span> al tocar el sensor de tacto se enciende toda la matriz de LEDs que se apagan al darle al pulsador \u00abA\u00bb.<\/h3>\n<\/li>\n<li>\n<h3><span style=\"color: #ff0000\">SENSOR DE SONIDO PARA ICONO:<\/span> al hacer un ruido, por ejemplo tocar las palmas, se enciende el icono que quieras. Para apagarlo le damos al bot\u00f3n \u00abA\u00bb.<\/h3>\n<\/li>\n<li>\n<h3><span style=\"color: #ff0000\">SENSOR DE MOVIMIENTO PARA LEDS:<\/span> al subir la placa Micro:Bit hacia arriba deben encenderse los 4 LEDs de las esquinas de la matriz. Para apagarlos le damos al bot\u00f3n \u00abA\u00bb.<\/h3>\n<\/li>\n<li>\n<h3><span style=\"color: #ff0000\">INTERRUPTOR CREPUSCULAR:<\/span> cuando el sensor de luz detecta un nivel bajo de luz (menos de 50) se encienden todos los LEDs de la matriz. Se apagan desde el bot\u00f3n \u00abA\u00bb.<\/h3>\n<\/li>\n<li>\n<h3><span style=\"color: #ff0000\">INDICADOR DE HIELO:<\/span> cuando el sensor de temperatura detecta un nivel bajo de temperatura (menos de 3\u00baC) se enciende un icono que representa un cristal de hielo. Se apaga desde el bot\u00f3n \u00abA\u00bb.<\/h3>\n<\/li>\n<\/ol>\n<p>&nbsp;<\/p>\n","protected":false},"excerpt":{"rendered":"<p>UDI 4.2. &#8211; MECANISMOS DE TRANSMISI\u00d3N ROTATIVOS Pr\u00e1ctica de dibujo de s\u00edmbolos de mecanismos con LibreCAD LibreCAD &nbsp; Teor\u00eda Actividades &nbsp; PR\u00c1CTICAS TIC DE SIMULACI\u00d3N DE ENGRANAJES: Proceso_de_trabajo http:\/\/www.gearsket.ch\/ &nbsp; UDI 4.1. &#8211; MECANISMOS&#46;&#46;&#46;<\/p>\n","protected":false},"author":4694,"featured_media":0,"parent":0,"menu_order":0,"comment_status":"open","ping_status":"open","template":"","meta":{"ngg_post_thumbnail":0,"footnotes":"","_mc_calendar":[]},"aioseo_notices":[],"_links":{"self":[{"href":"https:\/\/blogsaverroes.juntadeandalucia.es\/iespeperuizvela\/wp-json\/wp\/v2\/pages\/2536"}],"collection":[{"href":"https:\/\/blogsaverroes.juntadeandalucia.es\/iespeperuizvela\/wp-json\/wp\/v2\/pages"}],"about":[{"href":"https:\/\/blogsaverroes.juntadeandalucia.es\/iespeperuizvela\/wp-json\/wp\/v2\/types\/page"}],"author":[{"embeddable":true,"href":"https:\/\/blogsaverroes.juntadeandalucia.es\/iespeperuizvela\/wp-json\/wp\/v2\/users\/4694"}],"replies":[{"embeddable":true,"href":"https:\/\/blogsaverroes.juntadeandalucia.es\/iespeperuizvela\/wp-json\/wp\/v2\/comments?post=2536"}],"version-history":[{"count":44,"href":"https:\/\/blogsaverroes.juntadeandalucia.es\/iespeperuizvela\/wp-json\/wp\/v2\/pages\/2536\/revisions"}],"predecessor-version":[{"id":4688,"href":"https:\/\/blogsaverroes.juntadeandalucia.es\/iespeperuizvela\/wp-json\/wp\/v2\/pages\/2536\/revisions\/4688"}],"wp:attachment":[{"href":"https:\/\/blogsaverroes.juntadeandalucia.es\/iespeperuizvela\/wp-json\/wp\/v2\/media?parent=2536"}],"curies":[{"name":"wp","href":"https:\/\/api.w.org\/{rel}","templated":true}]}}