{"id":2543,"date":"2017-02-04T17:44:15","date_gmt":"2017-02-04T17:44:15","guid":{"rendered":"http:\/\/blogsaverroes.juntadeandalucia.es\/iespeperuizvela\/?page_id=2543"},"modified":"2020-06-25T10:17:52","modified_gmt":"2020-06-25T10:17:52","slug":"tic-4o-eso","status":"publish","type":"page","link":"https:\/\/blogsaverroes.juntadeandalucia.es\/iespeperuizvela\/tic-4o-eso\/","title":{"rendered":"TIC 4\u00ba ESO"},"content":{"rendered":"\r\n<h1><span style=\"color: #ff0000\"><strong>RECUPERACI\u00d3N PARA SEPTIEMBRE<\/strong><\/span><\/h1>\r\n<h2><span style=\"color: #0000ff\"><strong>UDI &#8211; SISTEMA OPERATIVO<\/strong><\/span><\/h2>\r\n<p><a href=\"https:\/\/blogsaverroes.juntadeandalucia.es\/iespeperuizvela\/files\/2017\/02\/1_software_libre_sistemas_operativos.pdf\">Software libre y sistemas_operativos<\/a><\/p>\r\n<p><a href=\"https:\/\/blogsaverroes.juntadeandalucia.es\/iespeperuizvela\/files\/2017\/02\/2_software.pdf\">Software<\/a><\/p>\r\n<p>&nbsp;<\/p>\r\n<h2><strong><span style=\"color: #0000ff\">UDI &#8211; B\u00daSQUEDA DE INFORMACI\u00d3N<\/span><br><\/strong><\/h2>\r\n<p><a href=\"https:\/\/blogsaverroes.juntadeandalucia.es\/iespeperuizvela\/files\/2017\/02\/4_busqueda_informacion.pdf\">B\u00fasqueda de informaci\u00f3n<\/a><\/p>\r\n<p>&nbsp;<\/p>\r\n<h2><strong><span style=\"color: #0000ff\">UDI &#8211; PROCESADOR DE TEXTOS<\/span><br><\/strong><\/h2>\r\n<p><a href=\"https:\/\/blogsaverroes.juntadeandalucia.es\/iespeperuizvela\/files\/2017\/02\/5_procesador_textos.pdf\">Procesador de textos<\/a><\/p>\r\n<p>&nbsp;<\/p>\r\n<h2><strong><span style=\"color: #0000ff\">UDI &#8211; HOJA DE C\u00c1LCULO<\/span><br><\/strong><\/h2>\r\n<p><a href=\"https:\/\/blogsaverroes.juntadeandalucia.es\/iespeperuizvela\/files\/2017\/02\/8_hoja_de_calculo_parte_1.pdf\">Hoja de c\u00e1lculo<\/a><\/p>","protected":false},"excerpt":{"rendered":"<p>RECUPERACI\u00d3N PARA SEPTIEMBRE UDI &#8211; SISTEMA OPERATIVO Software libre y sistemas_operativos Software &nbsp; UDI &#8211; B\u00daSQUEDA DE INFORMACI\u00d3N B\u00fasqueda de informaci\u00f3n &nbsp; UDI &#8211; PROCESADOR DE TEXTOS Procesador de textos &nbsp; UDI &#8211; HOJA&#46;&#46;&#46;<\/p>\n","protected":false},"author":4694,"featured_media":0,"parent":0,"menu_order":0,"comment_status":"open","ping_status":"open","template":"","meta":{"ngg_post_thumbnail":0,"footnotes":"","_mc_calendar":[]},"aioseo_notices":[],"_links":{"self":[{"href":"https:\/\/blogsaverroes.juntadeandalucia.es\/iespeperuizvela\/wp-json\/wp\/v2\/pages\/2543"}],"collection":[{"href":"https:\/\/blogsaverroes.juntadeandalucia.es\/iespeperuizvela\/wp-json\/wp\/v2\/pages"}],"about":[{"href":"https:\/\/blogsaverroes.juntadeandalucia.es\/iespeperuizvela\/wp-json\/wp\/v2\/types\/page"}],"author":[{"embeddable":true,"href":"https:\/\/blogsaverroes.juntadeandalucia.es\/iespeperuizvela\/wp-json\/wp\/v2\/users\/4694"}],"replies":[{"embeddable":true,"href":"https:\/\/blogsaverroes.juntadeandalucia.es\/iespeperuizvela\/wp-json\/wp\/v2\/comments?post=2543"}],"version-history":[{"count":26,"href":"https:\/\/blogsaverroes.juntadeandalucia.es\/iespeperuizvela\/wp-json\/wp\/v2\/pages\/2543\/revisions"}],"predecessor-version":[{"id":4458,"href":"https:\/\/blogsaverroes.juntadeandalucia.es\/iespeperuizvela\/wp-json\/wp\/v2\/pages\/2543\/revisions\/4458"}],"wp:attachment":[{"href":"https:\/\/blogsaverroes.juntadeandalucia.es\/iespeperuizvela\/wp-json\/wp\/v2\/media?parent=2543"}],"curies":[{"name":"wp","href":"https:\/\/api.w.org\/{rel}","templated":true}]}}