{"id":3376,"date":"2018-06-29T18:43:59","date_gmt":"2018-06-29T18:43:59","guid":{"rendered":"https:\/\/blogsaverroes.juntadeandalucia.es\/iespeperuizvela\/?page_id=3376"},"modified":"2022-10-03T18:08:08","modified_gmt":"2022-10-03T18:08:08","slug":"pendientes-de-2o-eso","status":"publish","type":"page","link":"https:\/\/blogsaverroes.juntadeandalucia.es\/iespeperuizvela\/pendientes-de-2o-eso\/","title":{"rendered":"Pendientes de 2\u00ba ESO &#8211; Tecnolog\u00eda"},"content":{"rendered":"<h1><span style=\"color: #ff0000\"><strong>1\u00aa EVALUACI\u00d3N<\/strong><\/span><\/h1>\n<p><strong>EL PROCESO TECNOL\u00d3GICO<\/strong><\/p>\n<p><a href=\"https:\/\/blogsaverroes.juntadeandalucia.es\/iespeperuizvela\/files\/2017\/02\/proceso_tecnologico.pdf\" target=\"_blank\" rel=\"noopener noreferrer\">El Proceso_Tecnol\u00f3gico<\/a><\/p>\n<p>&nbsp;<\/p>\n<h1><span style=\"color: #ff0000\"><strong>2\u00aa EVALUACI\u00d3N<\/strong><\/span><\/h1>\n<p><strong>ESTRUCTURAS<br \/>\n<\/strong><\/p>\n<p><a href=\"https:\/\/blogsaverroes.juntadeandalucia.es\/iespeperuizvela\/files\/2021\/10\/estructuras.pdf\" target=\"_blank\" rel=\"noopener noreferrer\">Estructuras<\/a><\/p>\n<p>&nbsp;<\/p>\n<p><strong>DIBUJO T\u00c9CNICO<\/strong><\/p>\n<p><a href=\"https:\/\/blogsaverroes.juntadeandalucia.es\/iespeperuizvela\/files\/2021\/10\/UDI-4-Dibujo-T\u00e9cnico.pdf\" target=\"_blank\" rel=\"noopener noreferrer\">Dibujo T\u00e9cnico<\/a><\/p>\n<p>&nbsp;<\/p>\n<h1><span style=\"color: #ff0000\"><strong>3\u00aa EVALUACI\u00d3N<\/strong><\/span><\/h1>\n<p><strong>ELECTRICIDAD<\/strong><\/p>\n<p><a href=\"https:\/\/blogsaverroes.juntadeandalucia.es\/iespeperuizvela\/files\/2021\/10\/electricidad-1.pdf\" target=\"_blank\" rel=\"noopener noreferrer\">Electricidad<\/a><\/p>\n<p>&nbsp;<\/p>\n<p><strong>MATERIALES<\/strong><\/p>\n<p><a href=\"https:\/\/blogsaverroes.juntadeandalucia.es\/iespeperuizvela\/files\/2019\/10\/materiales.pdf\" target=\"_blank\" rel=\"noopener noreferrer\">Materiales<\/a><\/p>\n<p>&nbsp;<\/p>\n","protected":false},"excerpt":{"rendered":"<p>1\u00aa EVALUACI\u00d3N EL PROCESO TECNOL\u00d3GICO El Proceso_Tecnol\u00f3gico &nbsp; 2\u00aa EVALUACI\u00d3N ESTRUCTURAS Estructuras &nbsp; DIBUJO T\u00c9CNICO Dibujo T\u00e9cnico &nbsp; 3\u00aa EVALUACI\u00d3N ELECTRICIDAD Electricidad &nbsp; MATERIALES Materiales &nbsp;<\/p>\n","protected":false},"author":4694,"featured_media":0,"parent":0,"menu_order":0,"comment_status":"closed","ping_status":"closed","template":"","meta":{"ngg_post_thumbnail":0,"footnotes":"","_mc_calendar":[]},"aioseo_notices":[],"_links":{"self":[{"href":"https:\/\/blogsaverroes.juntadeandalucia.es\/iespeperuizvela\/wp-json\/wp\/v2\/pages\/3376"}],"collection":[{"href":"https:\/\/blogsaverroes.juntadeandalucia.es\/iespeperuizvela\/wp-json\/wp\/v2\/pages"}],"about":[{"href":"https:\/\/blogsaverroes.juntadeandalucia.es\/iespeperuizvela\/wp-json\/wp\/v2\/types\/page"}],"author":[{"embeddable":true,"href":"https:\/\/blogsaverroes.juntadeandalucia.es\/iespeperuizvela\/wp-json\/wp\/v2\/users\/4694"}],"replies":[{"embeddable":true,"href":"https:\/\/blogsaverroes.juntadeandalucia.es\/iespeperuizvela\/wp-json\/wp\/v2\/comments?post=3376"}],"version-history":[{"count":14,"href":"https:\/\/blogsaverroes.juntadeandalucia.es\/iespeperuizvela\/wp-json\/wp\/v2\/pages\/3376\/revisions"}],"predecessor-version":[{"id":5111,"href":"https:\/\/blogsaverroes.juntadeandalucia.es\/iespeperuizvela\/wp-json\/wp\/v2\/pages\/3376\/revisions\/5111"}],"wp:attachment":[{"href":"https:\/\/blogsaverroes.juntadeandalucia.es\/iespeperuizvela\/wp-json\/wp\/v2\/media?parent=3376"}],"curies":[{"name":"wp","href":"https:\/\/api.w.org\/{rel}","templated":true}]}}