{"id":35,"date":"2015-03-13T08:21:43","date_gmt":"2015-03-13T08:21:43","guid":{"rendered":"http:\/\/blogsaverroes.juntadeandalucia.es\/pre\/ceip\/?page_id=35"},"modified":"2023-01-23T09:35:19","modified_gmt":"2023-01-23T09:35:19","slug":"el-centro-2","status":"publish","type":"page","link":"https:\/\/blogsaverroes.juntadeandalucia.es\/iespeperuizvela\/el-centro-2\/","title":{"rendered":"Datos"},"content":{"rendered":"<p><a href=\"http:\/\/blogsaverroes.juntadeandalucia.es\/iespeperuizvela\/files\/2015\/03\/400.jpg\"><img loading=\"lazy\" decoding=\"async\" class=\" wp-image-2566 aligncenter\" src=\"http:\/\/blogsaverroes.juntadeandalucia.es\/iespeperuizvela\/files\/2015\/03\/400-300x225.jpg\" alt=\"400\" width=\"380\" height=\"285\" srcset=\"https:\/\/blogsaverroes.juntadeandalucia.es\/iespeperuizvela\/files\/2015\/03\/400-300x225.jpg 300w, https:\/\/blogsaverroes.juntadeandalucia.es\/iespeperuizvela\/files\/2015\/03\/400-24x18.jpg 24w, https:\/\/blogsaverroes.juntadeandalucia.es\/iespeperuizvela\/files\/2015\/03\/400-36x27.jpg 36w, https:\/\/blogsaverroes.juntadeandalucia.es\/iespeperuizvela\/files\/2015\/03\/400-48x36.jpg 48w, https:\/\/blogsaverroes.juntadeandalucia.es\/iespeperuizvela\/files\/2015\/03\/400.jpg 400w\" sizes=\"(max-width: 380px) 100vw, 380px\" \/><\/a><\/p>\n<p>&nbsp;<\/p>\n<h4><strong>Datos de contacto<\/strong><\/h4>\n<p>Instituto de Ense\u00f1anza Secundaria Pepe Ruiz Vela<\/p>\n<p><strong>Direcci\u00f3n:<\/strong>&nbsp; Avenida Nuestra Se\u00f1ora de Aguas Santas, n\u00ba 114 &#8211; 41318 Villaverde del R\u00edo (Sevilla)<\/p>\n<p><strong>Tel\u00e9fono: <\/strong>955 73 99 30<\/p>\n<p><strong>FAX: <\/strong>955 73 99 33<\/p>\n<p><strong>Email:<\/strong> 41700920.edu@juntadeandalucia.es<\/p>\n<h4><strong>Directora:<\/strong> Pilar Mantero Pel\u00e1ez<\/h4>\n<p>&nbsp;<\/p>\n<h4><strong>Oferta educativa<\/strong><\/h4>\n<p>&#8211; Educaci\u00f3n Secundaria Obligatoria<\/p>\n<p>&#8211; Bachillerato<\/p>\n<p style=\"padding-left: 30px\">&#8211; Ciencia y Tecnolog\u00eda<\/p>\n<p style=\"padding-left: 30px\">&#8211; Humanidades y Ciencias Sociales<\/p>\n<p>&#8211; Formaci\u00f3n Profesional B\u00e1sica de Electricidad<\/p>\n<p>&#8211; Ciclo Formativo de Grado Medio de Instalaciones El\u00e9ctricas y Autom\u00e1ticas<\/p>\n","protected":false},"excerpt":{"rendered":"<p>&nbsp; Datos de contacto Instituto de Ense\u00f1anza Secundaria Pepe Ruiz Vela Direcci\u00f3n:&nbsp; Avenida Nuestra Se\u00f1ora de Aguas Santas, n\u00ba 114 &#8211; 41318 Villaverde del R\u00edo (Sevilla) Tel\u00e9fono: 955 73 99 30 FAX: 955 73&#46;&#46;&#46;<\/p>\n","protected":false},"author":1,"featured_media":0,"parent":0,"menu_order":0,"comment_status":"closed","ping_status":"open","template":"page-cs.php","meta":{"ngg_post_thumbnail":0,"footnotes":"","_mc_calendar":[]},"aioseo_notices":[],"_links":{"self":[{"href":"https:\/\/blogsaverroes.juntadeandalucia.es\/iespeperuizvela\/wp-json\/wp\/v2\/pages\/35"}],"collection":[{"href":"https:\/\/blogsaverroes.juntadeandalucia.es\/iespeperuizvela\/wp-json\/wp\/v2\/pages"}],"about":[{"href":"https:\/\/blogsaverroes.juntadeandalucia.es\/iespeperuizvela\/wp-json\/wp\/v2\/types\/page"}],"author":[{"embeddable":true,"href":"https:\/\/blogsaverroes.juntadeandalucia.es\/iespeperuizvela\/wp-json\/wp\/v2\/users\/1"}],"replies":[{"embeddable":true,"href":"https:\/\/blogsaverroes.juntadeandalucia.es\/iespeperuizvela\/wp-json\/wp\/v2\/comments?post=35"}],"version-history":[{"count":35,"href":"https:\/\/blogsaverroes.juntadeandalucia.es\/iespeperuizvela\/wp-json\/wp\/v2\/pages\/35\/revisions"}],"predecessor-version":[{"id":5190,"href":"https:\/\/blogsaverroes.juntadeandalucia.es\/iespeperuizvela\/wp-json\/wp\/v2\/pages\/35\/revisions\/5190"}],"wp:attachment":[{"href":"https:\/\/blogsaverroes.juntadeandalucia.es\/iespeperuizvela\/wp-json\/wp\/v2\/media?parent=35"}],"curies":[{"name":"wp","href":"https:\/\/api.w.org\/{rel}","templated":true}]}}