{"id":3812,"date":"2019-09-11T18:41:26","date_gmt":"2019-09-11T18:41:26","guid":{"rendered":"https:\/\/blogsaverroes.juntadeandalucia.es\/iespeperuizvela\/?page_id=3812"},"modified":"2020-04-02T10:45:41","modified_gmt":"2020-04-02T10:45:41","slug":"tecnologia-industrial-ii-2o-bach","status":"publish","type":"page","link":"https:\/\/blogsaverroes.juntadeandalucia.es\/iespeperuizvela\/tecnologia-industrial-ii-2o-bach\/","title":{"rendered":"Tecnolog\u00eda Industrial II 2\u00ba Bachillerato"},"content":{"rendered":"<h1><span style=\"color: #ff0000\"><strong>TAREAS PARA CASA<\/strong><\/span><\/h1>\n<h1><span style=\"color: #ff0000\"><strong>(TECNOLOG\u00cdA INDUSTRIAL II &#8211; <\/strong><\/span><span style=\"color: #ff0000\"><strong>2\u00ba BACHILLERATO)<\/strong><\/span><\/h1>\n<p><a href=\"https:\/\/blogsaverroes.juntadeandalucia.es\/iespeperuizvela\/files\/2020\/03\/instrucciones_micropython.pdf\">Instrucciones_micropython<\/a><\/p>\n<p><a href=\"https:\/\/blogsaverroes.juntadeandalucia.es\/iespeperuizvela\/files\/2020\/03\/microbit_practicas_2_BACH.pdf\">microbit_practicas_2_BACH<\/a><\/p>\n<p>Cuando termines las pr\u00e1cticas puedes enviar las capturas de imagen a la direcci\u00f3n de correo electr\u00f3nico: tecmaguz@gmail.com<\/p>\n<p>&nbsp;<\/p>\n<p>&#8212;&#8212;&#8212;&#8212;&#8212;&#8212;&#8212;&#8212;&#8212;&#8212;&#8212;&#8212;&#8212;&#8212;&#8212;&#8212;&#8212;&#8212;&#8212;&#8212;&#8212;&#8212;&#8212;&#8212;&#8212;&#8212;&#8212;&#8212;&#8212;&#8212;&#8212;&#8212;-<\/p>\n<p>&nbsp;<\/p>\n<p>&nbsp;<\/p>\n<p><strong>UDI 1 &#8211; CIRCUITOS L\u00d3GICOS<br \/>\n<\/strong><\/p>\n<p><strong>1 &#8211; Clasificaci\u00f3n de Automatismos<\/strong><\/p>\n<p><a href=\"https:\/\/blogsaverroes.juntadeandalucia.es\/iespeperuizvela\/files\/2019\/09\/clasificacion-automatismos.pdf\">Clasificaci\u00f3n de automatismos<\/a><\/p>\n<p><a href=\"https:\/\/blogsaverroes.juntadeandalucia.es\/iespeperuizvela\/files\/2019\/09\/ejercicios-de-sistemas-de-control.pdf\">Ejercicios de sistemas de control<\/a><\/p>\n<p><strong>2 &#8211; Sistemas de numeraci\u00f3n<\/strong><\/p>\n<p><a href=\"https:\/\/blogsaverroes.juntadeandalucia.es\/iespeperuizvela\/files\/2019\/09\/sistemas-de-numeracion.pdf\">Sistemas de numeraci\u00f3n<\/a><\/p>\n<p><a href=\"https:\/\/blogsaverroes.juntadeandalucia.es\/iespeperuizvela\/files\/2019\/09\/problemas_resueltos.pdf\">Problemas_resueltos<\/a><\/p>\n<p><a href=\"https:\/\/blogsaverroes.juntadeandalucia.es\/iespeperuizvela\/files\/2019\/09\/problemas.pdf\">Problemas<\/a><\/p>\n<p><strong>3 &#8211; Esquemas El\u00e9ctricos<br \/>\n<\/strong><\/p>\n<p><a href=\"https:\/\/blogsaverroes.juntadeandalucia.es\/iespeperuizvela\/files\/2019\/10\/esquemas_electricos.pdf\">Esquemas_El\u00e9ctricos<\/a><\/p>\n<p><a href=\"https:\/\/blogsaverroes.juntadeandalucia.es\/iespeperuizvela\/files\/2019\/10\/ejercicio-maquina-expendedora.pdf\">Ejercicio de m\u00e1quina expendedora<\/a><\/p>\n<p><strong>4 &#8211; Puertas L\u00f3gicas NOT &#8211; AND &#8211; OR<br \/>\n<\/strong><\/p>\n<p><a href=\"https:\/\/blogsaverroes.juntadeandalucia.es\/iespeperuizvela\/files\/2019\/10\/puertas_logicas.pdf\">Puertas_L\u00f3gicas NOT &#8211; AND -OR<\/a><\/p>\n<p><a href=\"https:\/\/blogsaverroes.juntadeandalucia.es\/iespeperuizvela\/files\/2019\/10\/ejercicios.pdf\">Ejercicios<\/a><\/p>\n<p><strong>5 &#8211; Simplificaci\u00f3n de Funciones L\u00f3gicas<br \/>\n<\/strong><\/p>\n<p><a href=\"https:\/\/blogsaverroes.juntadeandalucia.es\/iespeperuizvela\/files\/2019\/10\/simplificacion_funciones_logicas.pdf\">Simplificaci\u00f3n de Funciones L\u00f3gicas<\/a><\/p>\n<p><a href=\"https:\/\/blogsaverroes.juntadeandalucia.es\/iespeperuizvela\/files\/2019\/10\/ejemplos-grupos-adyacentes.pdf\">Ejemplos de grupos adyacentes en el mapa de Karnaugh<\/a><\/p>\n<p><a href=\"https:\/\/blogsaverroes.juntadeandalucia.es\/iespeperuizvela\/files\/2019\/10\/problemas_dise\u00f1o_1.pdf\">Problemas_de dise\u00f1o_1<\/a><\/p>\n<p><a href=\"https:\/\/blogsaverroes.juntadeandalucia.es\/iespeperuizvela\/files\/2019\/10\/problemas_dise\u00f1o_2.pdf\">Problemas_de dise\u00f1o_2<\/a><\/p>\n<p><a href=\"https:\/\/blogsaverroes.juntadeandalucia.es\/iespeperuizvela\/files\/2019\/10\/problemas_analisis-y-dise\u00f1o.pdf\">Problemas_de an\u00e1lisis y dise\u00f1o<\/a><\/p>\n<p><strong>6 &#8211; Puertas L\u00f3gicas NAND<\/strong><\/p>\n<p><a href=\"https:\/\/blogsaverroes.juntadeandalucia.es\/iespeperuizvela\/files\/2019\/10\/puertas_logicas_nand.pdf\">Puertas_L\u00f3gicas_NAND<\/a><\/p>\n<p><a href=\"https:\/\/blogsaverroes.juntadeandalucia.es\/iespeperuizvela\/files\/2019\/10\/problemas_analisis_dise\u00f1o_nand.pdf\">Problemas_de an\u00e1lisis_y dise\u00f1o_con puertas NAND<\/a><\/p>\n<p><strong>7 &#8211; Puertas L\u00f3gicas NOR<\/strong><\/p>\n<p><a href=\"https:\/\/blogsaverroes.juntadeandalucia.es\/iespeperuizvela\/files\/2019\/10\/puertas_logicas_nor.pdf\">Puertas_L\u00f3gicas_NOR<\/a><\/p>\n<p><strong>8 &#8211; Puertas L\u00f3gicas XOR &#8211; XNOR y resumen<br \/>\n<\/strong><\/p>\n<p><a href=\"https:\/\/blogsaverroes.juntadeandalucia.es\/iespeperuizvela\/files\/2019\/10\/puertas_logicas_xor_xnor_resumen.pdf\">Puertas_L\u00f3gicas_XOR_- XNOR_y resumen<\/a><\/p>\n<p><strong>9 &#8211; Circuitos Integrados L\u00f3gicos<br \/>\n<\/strong><\/p>\n<p><a href=\"https:\/\/blogsaverroes.juntadeandalucia.es\/iespeperuizvela\/files\/2019\/12\/circuitos_integrados_logicos.pdf\">Circuitos_Integrados_L\u00f3gicos con puertas<\/a><\/p>\n<p><a href=\"https:\/\/blogsaverroes.juntadeandalucia.es\/iespeperuizvela\/files\/2019\/12\/practica_inversor.pdf\">Pr\u00e1ctica_de un inversor en Tinkercad<\/a><\/p>\n<p><strong>10 &#8211; Proyectos<br \/>\n<\/strong><\/p>\n<p><a href=\"https:\/\/blogsaverroes.juntadeandalucia.es\/iespeperuizvela\/files\/2019\/12\/diagramas_karnaugh.pdf\">Modelos de diagramas_de Karnaugh<\/a><\/p>\n<p><a href=\"https:\/\/blogsaverroes.juntadeandalucia.es\/iespeperuizvela\/files\/2019\/12\/proyecto_1.pdf\">Proyecto_1<\/a><\/p>\n<p><a href=\"https:\/\/blogsaverroes.juntadeandalucia.es\/iespeperuizvela\/files\/2019\/12\/proyecto-1_tabla-de-verdad_VACIA.pdf\">Proyecto 1_- Tabla de verdad<\/a><\/p>\n<p><a href=\"https:\/\/blogsaverroes.juntadeandalucia.es\/iespeperuizvela\/files\/2019\/12\/proyecto_2.pdf\">Proyecto_2<\/a><\/p>\n<p><a href=\"https:\/\/blogsaverroes.juntadeandalucia.es\/iespeperuizvela\/files\/2019\/12\/proyecto-2_tabla-de-verdad_VACIA.pdf\">Proyecto 2_- Tabla de verdad<\/a><\/p>\n<p><a href=\"https:\/\/blogsaverroes.juntadeandalucia.es\/iespeperuizvela\/files\/2019\/12\/proyecto_3.pdf\">Proyecto_3<\/a><\/p>\n<p><a href=\"https:\/\/blogsaverroes.juntadeandalucia.es\/iespeperuizvela\/files\/2019\/12\/proyecto-3_tabla-de-verdad_VACIA.pdf\">Proyecto 3_- Tabla de verdad<\/a><\/p>\n<p><strong>11 &#8211; Circuitos combinacionales MSI<br \/>\n<\/strong><\/p>\n<p><a href=\"https:\/\/blogsaverroes.juntadeandalucia.es\/iespeperuizvela\/files\/2019\/12\/circuitos_combinacionales_MSI.pdf\">Circuitos_combinacionales_MSI<\/a><\/p>\n<p><strong>12 &#8211; Circuitos secuenciales<br \/>\n<\/strong><\/p>\n<p><a href=\"https:\/\/blogsaverroes.juntadeandalucia.es\/iespeperuizvela\/files\/2019\/12\/circuitos_secuenciales.pdf\">Circuitos_secuenciales<\/a><\/p>\n<p>&nbsp;<\/p>\n<p><strong>UDI 2 &#8211; SISTEMAS L\u00d3GICOS PROGRAMABLES<br \/>\n<\/strong><\/p>\n","protected":false},"excerpt":{"rendered":"<p>TAREAS PARA CASA (TECNOLOG\u00cdA INDUSTRIAL II &#8211; 2\u00ba BACHILLERATO) Instrucciones_micropython microbit_practicas_2_BACH Cuando termines las pr\u00e1cticas puedes enviar las capturas de imagen a la direcci\u00f3n de correo electr\u00f3nico: tecmaguz@gmail.com &nbsp; &#8212;&#8212;&#8212;&#8212;&#8212;&#8212;&#8212;&#8212;&#8212;&#8212;&#8212;&#8212;&#8212;&#8212;&#8212;&#8212;&#8212;&#8212;&#8212;&#8212;&#8212;&#8212;&#8212;&#8212;&#8212;&#8212;&#8212;&#8212;&#8212;&#8212;&#8212;&#8212;- &nbsp; &nbsp; UDI 1&#46;&#46;&#46;<\/p>\n","protected":false},"author":4694,"featured_media":0,"parent":0,"menu_order":0,"comment_status":"closed","ping_status":"closed","template":"","meta":{"ngg_post_thumbnail":0,"footnotes":"","_mc_calendar":[]},"aioseo_notices":[],"_links":{"self":[{"href":"https:\/\/blogsaverroes.juntadeandalucia.es\/iespeperuizvela\/wp-json\/wp\/v2\/pages\/3812"}],"collection":[{"href":"https:\/\/blogsaverroes.juntadeandalucia.es\/iespeperuizvela\/wp-json\/wp\/v2\/pages"}],"about":[{"href":"https:\/\/blogsaverroes.juntadeandalucia.es\/iespeperuizvela\/wp-json\/wp\/v2\/types\/page"}],"author":[{"embeddable":true,"href":"https:\/\/blogsaverroes.juntadeandalucia.es\/iespeperuizvela\/wp-json\/wp\/v2\/users\/4694"}],"replies":[{"embeddable":true,"href":"https:\/\/blogsaverroes.juntadeandalucia.es\/iespeperuizvela\/wp-json\/wp\/v2\/comments?post=3812"}],"version-history":[{"count":19,"href":"https:\/\/blogsaverroes.juntadeandalucia.es\/iespeperuizvela\/wp-json\/wp\/v2\/pages\/3812\/revisions"}],"predecessor-version":[{"id":4115,"href":"https:\/\/blogsaverroes.juntadeandalucia.es\/iespeperuizvela\/wp-json\/wp\/v2\/pages\/3812\/revisions\/4115"}],"wp:attachment":[{"href":"https:\/\/blogsaverroes.juntadeandalucia.es\/iespeperuizvela\/wp-json\/wp\/v2\/media?parent=3812"}],"curies":[{"name":"wp","href":"https:\/\/api.w.org\/{rel}","templated":true}]}}