{"id":4178,"date":"2020-05-01T20:09:04","date_gmt":"2020-05-01T20:09:04","guid":{"rendered":"https:\/\/blogsaverroes.juntadeandalucia.es\/iespeperuizvela\/?page_id=4178"},"modified":"2020-06-29T07:49:25","modified_gmt":"2020-06-29T07:49:25","slug":"tutoriales-moodle-centros-para-el-profesorado","status":"publish","type":"page","link":"https:\/\/blogsaverroes.juntadeandalucia.es\/iespeperuizvela\/tutoriales-moodle-centros-para-el-profesorado\/","title":{"rendered":"Formaci\u00f3n en Moodle Centros para el profesorado"},"content":{"rendered":"<h2><a href=\"https:\/\/blogsaverroes.juntadeandalucia.es\/eaprendizaje\/recursos-formativos-docentes\/\" target=\"_blank\" rel=\"noopener noreferrer\"><strong>ENLACE a Formaci\u00f3n en Moodle Centros <\/strong>(Consejer\u00eda de Educaci\u00f3n &#8211; Junta de Andaluc\u00eda)<\/a><\/h2>\n<p>&nbsp;<\/p>\n<p><iframe loading=\"lazy\" title=\"app Moodle para m\u00f3vil: uso para el profesorado\" width=\"500\" height=\"281\" src=\"https:\/\/www.youtube.com\/embed\/ycbfpSgHy_o?feature=oembed&#038;wmode=opaque\" frameborder=\"0\" allow=\"accelerometer; autoplay; clipboard-write; encrypted-media; gyroscope; picture-in-picture; web-share\" referrerpolicy=\"strict-origin-when-cross-origin\" allowfullscreen><\/iframe><\/p>\n<p>&nbsp;<\/p>\n<p><iframe loading=\"lazy\" title=\"2. A\u00d1ADE RECURSOS A TU CURSO VIRTUAL\" width=\"500\" height=\"281\" src=\"https:\/\/www.youtube.com\/embed\/GLoIGXpGx8Q?feature=oembed&#038;wmode=opaque\" frameborder=\"0\" allow=\"accelerometer; autoplay; clipboard-write; encrypted-media; gyroscope; picture-in-picture; web-share\" referrerpolicy=\"strict-origin-when-cross-origin\" allowfullscreen><\/iframe><\/p>\n<p>&nbsp;<\/p>\n<p><iframe loading=\"lazy\" title=\"2.1. A\u00f1ade un archivo a tu Moodle\" width=\"500\" height=\"281\" src=\"https:\/\/www.youtube.com\/embed\/A9zVygZCm5s?feature=oembed&#038;wmode=opaque\" frameborder=\"0\" allow=\"accelerometer; autoplay; clipboard-write; encrypted-media; gyroscope; picture-in-picture; web-share\" referrerpolicy=\"strict-origin-when-cross-origin\" allowfullscreen><\/iframe><\/p>\n<p>&nbsp;<\/p>\n<p><iframe loading=\"lazy\" title=\"2.2. A\u00f1ade una carpeta con archivos a tu Moodle\" width=\"500\" height=\"281\" src=\"https:\/\/www.youtube.com\/embed\/PZyppF-i7p4?feature=oembed&#038;wmode=opaque\" frameborder=\"0\" allow=\"accelerometer; autoplay; clipboard-write; encrypted-media; gyroscope; picture-in-picture; web-share\" referrerpolicy=\"strict-origin-when-cross-origin\" allowfullscreen><\/iframe><\/p>\n<p>&nbsp;<\/p>\n<p><iframe loading=\"lazy\" title=\"2.3. A\u00f1ade un enlace (URL) a tu Moodle\" width=\"500\" height=\"281\" src=\"https:\/\/www.youtube.com\/embed\/x8-wb_EmG8I?feature=oembed&#038;wmode=opaque\" frameborder=\"0\" allow=\"accelerometer; autoplay; clipboard-write; encrypted-media; gyroscope; picture-in-picture; web-share\" referrerpolicy=\"strict-origin-when-cross-origin\" allowfullscreen><\/iframe><\/p>\n<p>&nbsp;<\/p>\n<p><iframe loading=\"lazy\" title=\"2 4  A\u00f1ade una etiqueta a tu Moodle\" width=\"500\" height=\"281\" src=\"https:\/\/www.youtube.com\/embed\/3CLZkUEBjAg?feature=oembed&#038;wmode=opaque\" frameborder=\"0\" allow=\"accelerometer; autoplay; clipboard-write; encrypted-media; gyroscope; picture-in-picture; web-share\" referrerpolicy=\"strict-origin-when-cross-origin\" allowfullscreen><\/iframe><\/p>\n<p>&nbsp;<\/p>\n<p><iframe loading=\"lazy\" title=\"2.5. A\u00f1ade una P\u00e1gina a tu Moodle\" width=\"500\" height=\"281\" src=\"https:\/\/www.youtube.com\/embed\/3MXC7Rzts_E?feature=oembed&#038;wmode=opaque\" frameborder=\"0\" allow=\"accelerometer; autoplay; clipboard-write; encrypted-media; gyroscope; picture-in-picture; web-share\" referrerpolicy=\"strict-origin-when-cross-origin\" allowfullscreen><\/iframe><\/p>\n<p>&nbsp;<br \/>\n<iframe loading=\"lazy\" title=\"2.6. A\u00f1ade un Libro a tu Moodle\" width=\"500\" height=\"281\" src=\"https:\/\/www.youtube.com\/embed\/A6SMd2bWLTw?feature=oembed&#038;wmode=opaque\" frameborder=\"0\" allow=\"accelerometer; autoplay; clipboard-write; encrypted-media; gyroscope; picture-in-picture; web-share\" referrerpolicy=\"strict-origin-when-cross-origin\" allowfullscreen><\/iframe><\/p>\n<p>&nbsp;<\/p>\n<p><iframe loading=\"lazy\" title=\"3.1. A\u00f1ade una Tarea a tu Moodle\" width=\"500\" height=\"281\" src=\"https:\/\/www.youtube.com\/embed\/39WxYgide3Q?feature=oembed&#038;wmode=opaque\" frameborder=\"0\" allow=\"accelerometer; autoplay; clipboard-write; encrypted-media; gyroscope; picture-in-picture; web-share\" referrerpolicy=\"strict-origin-when-cross-origin\" allowfullscreen><\/iframe><\/p>\n<p>&nbsp;<br \/>\n<iframe loading=\"lazy\" title=\"3.2. A\u00f1ade un Cuestionario a tu Moodle\" width=\"500\" height=\"281\" src=\"https:\/\/www.youtube.com\/embed\/P_AOdayWxIw?feature=oembed&#038;wmode=opaque\" frameborder=\"0\" allow=\"accelerometer; autoplay; clipboard-write; encrypted-media; gyroscope; picture-in-picture; web-share\" referrerpolicy=\"strict-origin-when-cross-origin\" allowfullscreen><\/iframe><\/p>\n<p>&nbsp;<\/p>\n","protected":false},"excerpt":{"rendered":"<p>ENLACE a Formaci\u00f3n en Moodle Centros (Consejer\u00eda de Educaci\u00f3n &#8211; Junta de Andaluc\u00eda) &nbsp; &nbsp; &nbsp; &nbsp; &nbsp; &nbsp; &nbsp; &nbsp; &nbsp; &nbsp; &nbsp;<\/p>\n","protected":false},"author":4694,"featured_media":0,"parent":0,"menu_order":0,"comment_status":"closed","ping_status":"closed","template":"","meta":{"ngg_post_thumbnail":0,"footnotes":"","_mc_calendar":[]},"aioseo_notices":[],"_links":{"self":[{"href":"https:\/\/blogsaverroes.juntadeandalucia.es\/iespeperuizvela\/wp-json\/wp\/v2\/pages\/4178"}],"collection":[{"href":"https:\/\/blogsaverroes.juntadeandalucia.es\/iespeperuizvela\/wp-json\/wp\/v2\/pages"}],"about":[{"href":"https:\/\/blogsaverroes.juntadeandalucia.es\/iespeperuizvela\/wp-json\/wp\/v2\/types\/page"}],"author":[{"embeddable":true,"href":"https:\/\/blogsaverroes.juntadeandalucia.es\/iespeperuizvela\/wp-json\/wp\/v2\/users\/4694"}],"replies":[{"embeddable":true,"href":"https:\/\/blogsaverroes.juntadeandalucia.es\/iespeperuizvela\/wp-json\/wp\/v2\/comments?post=4178"}],"version-history":[{"count":24,"href":"https:\/\/blogsaverroes.juntadeandalucia.es\/iespeperuizvela\/wp-json\/wp\/v2\/pages\/4178\/revisions"}],"predecessor-version":[{"id":4469,"href":"https:\/\/blogsaverroes.juntadeandalucia.es\/iespeperuizvela\/wp-json\/wp\/v2\/pages\/4178\/revisions\/4469"}],"wp:attachment":[{"href":"https:\/\/blogsaverroes.juntadeandalucia.es\/iespeperuizvela\/wp-json\/wp\/v2\/media?parent=4178"}],"curies":[{"name":"wp","href":"https:\/\/api.w.org\/{rel}","templated":true}]}}