{"id":4543,"date":"2020-10-27T19:09:27","date_gmt":"2020-10-27T19:09:27","guid":{"rendered":"https:\/\/blogsaverroes.juntadeandalucia.es\/iespeperuizvela\/?page_id=4543"},"modified":"2022-10-03T18:07:12","modified_gmt":"2022-10-03T18:07:12","slug":"pendientes-de-1o-eso","status":"publish","type":"page","link":"https:\/\/blogsaverroes.juntadeandalucia.es\/iespeperuizvela\/pendientes-de-1o-eso\/","title":{"rendered":"Pendientes de 1\u00ba ESO &#8211; Tecnolog\u00eda Aplicada"},"content":{"rendered":"<h1><span style=\"color: #ff0000\"><strong>1\u00aa EVALUACI\u00d3N<\/strong><\/span><\/h1>\n<p><strong>EL AULA-TALLER<br \/>\n<\/strong><\/p>\n<p><a href=\"https:\/\/blogsaverroes.juntadeandalucia.es\/iespeperuizvela\/files\/2022\/10\/UDI1_El-aula-taller.pdf\">UDI1_El aula-taller<\/a><\/p>\n<p>&nbsp;<\/p>\n<h1><span style=\"color: #ff0000\"><strong>2\u00aa EVALUACI\u00d3N<\/strong><\/span><\/h1>\n<p><strong>EL PROCESO TECNOL\u00d3GICO<\/strong><\/p>\n<p><a href=\"https:\/\/blogsaverroes.juntadeandalucia.es\/iespeperuizvela\/files\/2022\/10\/1_UDI2-El-proceso_tecnologico.pdf\">UDI2-El proceso_tecnol\u00f3gico<\/a><\/p>\n<p>&nbsp;<\/p>\n<h1><span style=\"color: #ff0000\"><strong>3\u00aa EVALUACI\u00d3N<\/strong><\/span><\/h1>\n<p><strong>SISTEMAS AUTOM\u00c1TICOS EL\u00c9CTRICOS<\/strong><\/p>\n<p><a href=\"https:\/\/blogsaverroes.juntadeandalucia.es\/iespeperuizvela\/files\/2022\/10\/UDI4-Sistemas-autom\u00e1ticos-electricos.pdf\">UDI4-Sistemas autom\u00e1ticos el\u00e9ctricos<\/a><\/p>\n","protected":false},"excerpt":{"rendered":"<p>1\u00aa EVALUACI\u00d3N EL AULA-TALLER UDI1_El aula-taller &nbsp; 2\u00aa EVALUACI\u00d3N EL PROCESO TECNOL\u00d3GICO UDI2-El proceso_tecnol\u00f3gico &nbsp; 3\u00aa EVALUACI\u00d3N SISTEMAS AUTOM\u00c1TICOS EL\u00c9CTRICOS UDI4-Sistemas autom\u00e1ticos el\u00e9ctricos<\/p>\n","protected":false},"author":4694,"featured_media":0,"parent":0,"menu_order":0,"comment_status":"closed","ping_status":"closed","template":"","meta":{"ngg_post_thumbnail":0,"footnotes":"","_mc_calendar":[]},"aioseo_notices":[],"_links":{"self":[{"href":"https:\/\/blogsaverroes.juntadeandalucia.es\/iespeperuizvela\/wp-json\/wp\/v2\/pages\/4543"}],"collection":[{"href":"https:\/\/blogsaverroes.juntadeandalucia.es\/iespeperuizvela\/wp-json\/wp\/v2\/pages"}],"about":[{"href":"https:\/\/blogsaverroes.juntadeandalucia.es\/iespeperuizvela\/wp-json\/wp\/v2\/types\/page"}],"author":[{"embeddable":true,"href":"https:\/\/blogsaverroes.juntadeandalucia.es\/iespeperuizvela\/wp-json\/wp\/v2\/users\/4694"}],"replies":[{"embeddable":true,"href":"https:\/\/blogsaverroes.juntadeandalucia.es\/iespeperuizvela\/wp-json\/wp\/v2\/comments?post=4543"}],"version-history":[{"count":6,"href":"https:\/\/blogsaverroes.juntadeandalucia.es\/iespeperuizvela\/wp-json\/wp\/v2\/pages\/4543\/revisions"}],"predecessor-version":[{"id":5110,"href":"https:\/\/blogsaverroes.juntadeandalucia.es\/iespeperuizvela\/wp-json\/wp\/v2\/pages\/4543\/revisions\/5110"}],"wp:attachment":[{"href":"https:\/\/blogsaverroes.juntadeandalucia.es\/iespeperuizvela\/wp-json\/wp\/v2\/media?parent=4543"}],"curies":[{"name":"wp","href":"https:\/\/api.w.org\/{rel}","templated":true}]}}