{"id":5104,"date":"2022-10-03T18:04:26","date_gmt":"2022-10-03T18:04:26","guid":{"rendered":"https:\/\/blogsaverroes.juntadeandalucia.es\/iespeperuizvela\/?page_id=5104"},"modified":"2022-10-03T18:10:28","modified_gmt":"2022-10-03T18:10:28","slug":"pendientes-de-1o-eso-2","status":"publish","type":"page","link":"https:\/\/blogsaverroes.juntadeandalucia.es\/iespeperuizvela\/pendientes-de-1o-eso-2\/","title":{"rendered":"Pendientes de 1\u00ba ESO &#8211; Computaci\u00f3n y Rob\u00f3tica"},"content":{"rendered":"<h1><span style=\"color: #ff0000\"><strong>1\u00aa EVALUACI\u00d3N<\/strong><\/span><\/h1>\n<p><a href=\"https:\/\/blogsaverroes.juntadeandalucia.es\/iespeperuizvela\/files\/2022\/10\/introducci\u00f3n_Computaci\u00f3n.pdf\">Introducci\u00f3n_Computaci\u00f3n<\/a><\/p>\n<p>&nbsp;<\/p>\n<h1><span style=\"color: #ff0000\"><strong>2\u00aa EVALUACI\u00d3N<\/strong><\/span><\/h1>\n<p><a href=\"https:\/\/blogsaverroes.juntadeandalucia.es\/iespeperuizvela\/files\/2022\/10\/UDI4-Sistemas-autom\u00e1ticos-electricos-1.pdf\">Sistemas autom\u00e1ticos el\u00e9ctricos<\/a><\/p>\n<p>&nbsp;<\/p>\n<h1><span style=\"color: #ff0000\"><strong>3\u00aa EVALUACI\u00d3N<\/strong><\/span><\/h1>\n<p><a href=\"https:\/\/blogsaverroes.juntadeandalucia.es\/iespeperuizvela\/files\/2022\/10\/1_UDI6-Rob\u00f3tica.pdf\">Rob\u00f3tica<\/a><\/p>\n","protected":false},"excerpt":{"rendered":"<p>1\u00aa EVALUACI\u00d3N Introducci\u00f3n_Computaci\u00f3n &nbsp; 2\u00aa EVALUACI\u00d3N Sistemas autom\u00e1ticos el\u00e9ctricos &nbsp; 3\u00aa EVALUACI\u00d3N Rob\u00f3tica<\/p>\n","protected":false},"author":4694,"featured_media":0,"parent":0,"menu_order":0,"comment_status":"closed","ping_status":"closed","template":"","meta":{"ngg_post_thumbnail":0,"footnotes":"","_mc_calendar":[]},"aioseo_notices":[],"_links":{"self":[{"href":"https:\/\/blogsaverroes.juntadeandalucia.es\/iespeperuizvela\/wp-json\/wp\/v2\/pages\/5104"}],"collection":[{"href":"https:\/\/blogsaverroes.juntadeandalucia.es\/iespeperuizvela\/wp-json\/wp\/v2\/pages"}],"about":[{"href":"https:\/\/blogsaverroes.juntadeandalucia.es\/iespeperuizvela\/wp-json\/wp\/v2\/types\/page"}],"author":[{"embeddable":true,"href":"https:\/\/blogsaverroes.juntadeandalucia.es\/iespeperuizvela\/wp-json\/wp\/v2\/users\/4694"}],"replies":[{"embeddable":true,"href":"https:\/\/blogsaverroes.juntadeandalucia.es\/iespeperuizvela\/wp-json\/wp\/v2\/comments?post=5104"}],"version-history":[{"count":2,"href":"https:\/\/blogsaverroes.juntadeandalucia.es\/iespeperuizvela\/wp-json\/wp\/v2\/pages\/5104\/revisions"}],"predecessor-version":[{"id":5113,"href":"https:\/\/blogsaverroes.juntadeandalucia.es\/iespeperuizvela\/wp-json\/wp\/v2\/pages\/5104\/revisions\/5113"}],"wp:attachment":[{"href":"https:\/\/blogsaverroes.juntadeandalucia.es\/iespeperuizvela\/wp-json\/wp\/v2\/media?parent=5104"}],"curies":[{"name":"wp","href":"https:\/\/api.w.org\/{rel}","templated":true}]}}