{"id":1002,"date":"2022-12-05T19:01:06","date_gmt":"2022-12-05T18:01:06","guid":{"rendered":"https:\/\/blogsaverroes.juntadeandalucia.es\/iesperezmercader\/?page_id=1002"},"modified":"2023-07-19T10:26:03","modified_gmt":"2023-07-19T09:26:03","slug":"e-s-o","status":"publish","type":"page","link":"https:\/\/blogsaverroes.juntadeandalucia.es\/iesperezmercader\/e-s-o\/","title":{"rendered":"E.S.O."},"content":{"rendered":"<p>[et_pb_section fb_built=&#8221;1&#8243; _builder_version=&#8221;3.23.3&#8243; custom_padding=&#8221;0px||0px|&#8221; z_index_tablet=&#8221;500&#8243; box_shadow_horizontal_tablet=&#8221;0px&#8221; box_shadow_vertical_tablet=&#8221;0px&#8221; box_shadow_blur_tablet=&#8221;40px&#8221; box_shadow_spread_tablet=&#8221;0px&#8221; global_colors_info=&#8221;{}&#8221;][et_pb_row _builder_version=&#8221;3.25&#8243; background_size=&#8221;initial&#8221; background_position=&#8221;top_left&#8221; background_repeat=&#8221;repeat&#8221; global_colors_info=&#8221;{}&#8221;][et_pb_column type=&#8221;4_4&#8243; _builder_version=&#8221;3.25&#8243; custom_padding=&#8221;|||&#8221; global_colors_info=&#8221;{}&#8221; custom_padding__hover=&#8221;|||&#8221;][et_pb_image src=&#8221;https:\/\/blogsaverroes.juntadeandalucia.es\/iesperezmercader\/files\/2022\/12\/ESO.jpg&#8221; title_text=&#8221;ESO&#8221; admin_label=&#8221;Imagen de la portada&#8221; _builder_version=&#8221;4.14.5&#8243; z_index_tablet=&#8221;500&#8243; box_shadow_horizontal_tablet=&#8221;0px&#8221; box_shadow_vertical_tablet=&#8221;0px&#8221; box_shadow_blur_tablet=&#8221;40px&#8221; box_shadow_spread_tablet=&#8221;0px&#8221; global_colors_info=&#8221;{}&#8221;][\/et_pb_image][et_pb_text admin_label=&#8221;Texto descriptivo&#8221; _builder_version=&#8221;4.14.5&#8243; z_index_tablet=&#8221;500&#8243; text_text_shadow_horizontal_length_tablet=&#8221;0px&#8221; text_text_shadow_vertical_length_tablet=&#8221;0px&#8221; text_text_shadow_blur_strength_tablet=&#8221;1px&#8221; link_text_shadow_horizontal_length_tablet=&#8221;0px&#8221; link_text_shadow_vertical_length_tablet=&#8221;0px&#8221; link_text_shadow_blur_strength_tablet=&#8221;1px&#8221; ul_text_shadow_horizontal_length_tablet=&#8221;0px&#8221; ul_text_shadow_vertical_length_tablet=&#8221;0px&#8221; ul_text_shadow_blur_strength_tablet=&#8221;1px&#8221; ol_text_shadow_horizontal_length_tablet=&#8221;0px&#8221; ol_text_shadow_vertical_length_tablet=&#8221;0px&#8221; ol_text_shadow_blur_strength_tablet=&#8221;1px&#8221; quote_text_shadow_horizontal_length_tablet=&#8221;0px&#8221; quote_text_shadow_vertical_length_tablet=&#8221;0px&#8221; quote_text_shadow_blur_strength_tablet=&#8221;1px&#8221; header_text_shadow_horizontal_length_tablet=&#8221;0px&#8221; header_text_shadow_vertical_length_tablet=&#8221;0px&#8221; header_text_shadow_blur_strength_tablet=&#8221;1px&#8221; header_2_text_shadow_horizontal_length_tablet=&#8221;0px&#8221; header_2_text_shadow_vertical_length_tablet=&#8221;0px&#8221; header_2_text_shadow_blur_strength_tablet=&#8221;1px&#8221; header_3_text_shadow_horizontal_length_tablet=&#8221;0px&#8221; header_3_text_shadow_vertical_length_tablet=&#8221;0px&#8221; header_3_text_shadow_blur_strength_tablet=&#8221;1px&#8221; header_4_text_shadow_horizontal_length_tablet=&#8221;0px&#8221; header_4_text_shadow_vertical_length_tablet=&#8221;0px&#8221; header_4_text_shadow_blur_strength_tablet=&#8221;1px&#8221; header_5_text_shadow_horizontal_length_tablet=&#8221;0px&#8221; header_5_text_shadow_vertical_length_tablet=&#8221;0px&#8221; header_5_text_shadow_blur_strength_tablet=&#8221;1px&#8221; header_6_text_shadow_horizontal_length_tablet=&#8221;0px&#8221; header_6_text_shadow_vertical_length_tablet=&#8221;0px&#8221; header_6_text_shadow_blur_strength_tablet=&#8221;1px&#8221; box_shadow_horizontal_tablet=&#8221;0px&#8221; box_shadow_vertical_tablet=&#8221;0px&#8221; box_shadow_blur_tablet=&#8221;40px&#8221; box_shadow_spread_tablet=&#8221;0px&#8221; global_colors_info=&#8221;{}&#8221;]<\/p>\n<h2>Educaci\u00f3n Secundaria Obligatoria<\/h2>\n<p>La Educaci\u00f3n Secundaria Obligatoria (ESO) es una etapa educativa obligatoria y gratuita que completa la educaci\u00f3n b\u00e1sica. Comprende dos ciclos:<\/p>\n<ul>\n<li>El primero, que corresponde a los cursos primero, segundo y tercero de la etapa; y el segundo, que corresponde al cuarto curso de la etapa.<\/li>\n<li>El segundo ciclo de la etapa o cuarto curso tiene un car\u00e1cter fundamentalmente proped\u00e9utico, es decir, su objetivo fundamental es el de preparar para el desarrollo de estudios posteriores.<\/li>\n<\/ul>\n<p>La finalidad de la Educaci\u00f3n Secundaria Obligatoria consiste en lograr que los alumnos y las alumnas adquieran los elementos b\u00e1sicos de la cultura, especialmente en sus aspectos human\u00edstico, art\u00edstico, cient\u00edfico y tecnol\u00f3gico; desarrollar y consolidar en ellos h\u00e1bitos de estudio y de trabajo; prepararles, como se ha comentado, para su incorporaci\u00f3n a estudios posteriores y para su inserci\u00f3n laboral y formarles para el ejercicio de sus derechos y obligaciones en la vida como ciudadanos.<\/p>\n<p>En esta etapa se recomiendan estrategias de metodolog\u00eda did\u00e1ctica como el Dise\u00f1o Universal de Aprendizaje (DUA) y se contemplan medidas educativas tanto de oferta de materias de distinta \u00edndole como de atenci\u00f3n a la diversidad, encaminadas a la detecci\u00f3n y potenciaci\u00f3n de talentos en diferentes \u00e1reas de conocimiento: verbal, creativa, l\u00f3gica, matem\u00e1tica, espacial, social, musical o deportiva, contribuyendo no solo al \u00e9xito en el \u00e1mbito acad\u00e9mico, sino tambi\u00e9n a una orientaci\u00f3n vocacional personalizada que se ajuste a las capacidades y destrezas de cada alumno o alumna.<\/p>\n<p>Asimismo, en esta etapa se prestar\u00e1 especial atenci\u00f3n a la toma de conciencia sobre temas y problemas que afectan a todas las personas en un mundo globalizado, entre los que se considerar\u00e1n la salud, la pobreza en el mundo, la emigraci\u00f3n y la desigualdad entre las personas, pueblos y naciones, as\u00ed como los principios b\u00e1sicos que rigen el funcionamiento del medio f\u00edsico y natural y las repercusiones que sobre el mismo tienen las actividades humanas, el agotamiento de los recursos naturales, la superpoblaci\u00f3n, la contaminaci\u00f3n o el calentamiento de la Tierra, todo ello con objeto de fomentar la contribuci\u00f3n activa en la defensa, conservaci\u00f3n y mejora de nuestro entorno medioambiental como elemento determinante de la calidad de vida.<\/p>\n<p>Una vez concluida la etapa de Educaci\u00f3n Secundaria Obligatoria, los alumnos y las alumnas tienen diferentes opciones:<\/p>\n<ul>\n<li>Si han obtenido el T\u00edtulo de Graduado en Educaci\u00f3n Secundaria Obligatoria por la opci\u00f3n de Ense\u00f1anzas Acad\u00e9micas, podr\u00e1n acceder a la etapa de Bachillerato en cualquiera de sus modalidades.<\/li>\n<li>Si han obtenido el T\u00edtulo citado por la opci\u00f3n de Ense\u00f1anzas Aplicadas, podr\u00e1n cursar un ciclo de Formaci\u00f3n Profesional de grado medio, Ense\u00f1anzas Profesionales de Artes Pl\u00e1sticas y Dise\u00f1o, o Ense\u00f1anzas Deportivas de grado medio.<\/li>\n<\/ul>\n<p>El alumnado que habiendo cursado la Educaci\u00f3n Secundaria Obligatoria no haya obtenido el T\u00edtulo correspondiente podr\u00e1 incorporarse a la Educaci\u00f3n Permanente para Personas Adultas o presentarse a las pruebas libres para obtener la titulaci\u00f3n o a las pruebas de acceso a ciclos formativos.<\/p>\n<p>[\/et_pb_text][et_pb_tabs admin_label=&#8221;1\u00ba ESO&#8221; _builder_version=&#8221;4.14.5&#8243; _module_preset=&#8221;default&#8221; global_colors_info=&#8221;{}&#8221;][et_pb_tab title=&#8221;1\u00ba E.S.O&#8221; _builder_version=&#8221;4.14.5&#8243; _module_preset=&#8221;default&#8221; global_colors_info=&#8221;{}&#8221;]<\/p>\n<table style=\"width: 65.3571%;height: 902px\" width=\"416\">\n<tbody>\n<tr style=\"height: 51px\">\n<td style=\"height: 51px;width: 36.0097%\" width=\"107\"><strong>1\u00ba E.S.O.<\/strong><\/td>\n<td style=\"height: 51px;width: 189.215%\" colspan=\"2\" width=\"303\"><strong>LOMLOE<\/strong><\/td>\n<\/tr>\n<tr style=\"height: 75px\">\n<td style=\"height: 75px;width: 36.0097%\" width=\"107\"><strong>Bloques de Materias<\/strong><\/td>\n<td style=\"height: 75px;width: 46.1968%\" width=\"226\"><strong>Materias<\/strong><\/td>\n<td style=\"height: 75px;width: 143.018%\" width=\"75\"><strong>Horas<\/strong><\/td>\n<\/tr>\n<tr style=\"height: 51px\">\n<td style=\"height: 507px;width: 36.0097%\" rowspan=\"9\" width=\"107\">\n<p>Materias Comunes<\/p>\n<p>Obligatorias<\/p>\n<\/td>\n<td style=\"height: 51px;width: 46.1968%\" width=\"226\">Lengua Castellana y Literatura<\/td>\n<td style=\"height: 51px;width: 143.018%\" width=\"75\">4<\/td>\n<\/tr>\n<tr style=\"height: 75px\">\n<td style=\"height: 75px;width: 46.1968%\" width=\"226\">Primera Lengua Extranjera (Ingl\u00e9s)<\/td>\n<td style=\"height: 75px;width: 143.018%\" width=\"75\">4<\/td>\n<\/tr>\n<tr style=\"height: 51px\">\n<td style=\"height: 51px;width: 46.1968%\" width=\"226\">Geograf\u00eda e Historia<\/td>\n<td style=\"height: 51px;width: 143.018%\" width=\"75\">3<\/td>\n<\/tr>\n<tr style=\"height: 51px\">\n<td style=\"height: 51px;width: 46.1968%\" width=\"226\">Matem\u00e1ticas<\/td>\n<td style=\"height: 51px;width: 143.018%\" width=\"75\">4<\/td>\n<\/tr>\n<tr style=\"height: 51px\">\n<td style=\"height: 51px;width: 46.1968%\" width=\"226\">Biolog\u00eda y Geolog\u00eda<\/td>\n<td style=\"height: 51px;width: 143.018%\" width=\"75\">3<\/td>\n<\/tr>\n<tr style=\"height: 51px\">\n<td style=\"height: 51px;width: 46.1968%\" width=\"226\">Educaci\u00f3n F\u00edsica<\/td>\n<td style=\"height: 51px;width: 143.018%\" width=\"75\">3<\/td>\n<\/tr>\n<tr style=\"height: 75px\">\n<td style=\"height: 75px;width: 46.1968%\" width=\"226\">Segunda Lengua Extranjera (Franc\u00e9s)<\/td>\n<td style=\"height: 75px;width: 143.018%\" width=\"75\">2<\/td>\n<\/tr>\n<tr style=\"height: 51px\">\n<td style=\"height: 51px;width: 46.1968%\" width=\"226\">M\u00fasica<\/td>\n<td style=\"height: 51px;width: 143.018%\" width=\"75\">2<\/td>\n<\/tr>\n<tr style=\"height: 51px\">\n<td style=\"height: 51px;width: 46.1968%\" width=\"226\">EPVA<\/td>\n<td style=\"height: 51px;width: 143.018%\" width=\"75\">1<\/td>\n<\/tr>\n<tr style=\"height: 58px\">\n<td style=\"height: 116px;width: 36.0097%\" rowspan=\"2\" width=\"107\">Optativas Propias de la Comunidad (elegir 1)<\/td>\n<td style=\"height: 58px;width: 46.1968%\" width=\"226\">Computaci\u00f3n y Rob\u00f3tica<\/td>\n<td style=\"height: 58px;width: 143.018%\" width=\"75\">2&nbsp;<\/td>\n<\/tr>\n<tr style=\"height: 58px\">\n<td style=\"height: 58px;width: 46.1968%\" width=\"226\">Oratoria y Debate<\/td>\n<td style=\"height: 58px;width: 143.018%\" width=\"75\">2<\/td>\n<\/tr>\n<tr style=\"height: 51px\">\n<td style=\"height: 153px;width: 36.0097%\" rowspan=\"3\" width=\"107\">&nbsp;<\/td>\n<td style=\"height: 51px;width: 46.1968%\" width=\"226\">Religi\u00f3n \/ Atenci\u00f3n Educativa<\/td>\n<td style=\"height: 51px;width: 143.018%\" width=\"75\">1<\/td>\n<\/tr>\n<tr style=\"height: 51px\">\n<td style=\"height: 51px;width: 46.1968%\" width=\"226\">Tutor\u00eda<\/td>\n<td style=\"height: 51px;width: 143.018%\" width=\"75\">1<\/td>\n<\/tr>\n<tr style=\"height: 51px\">\n<td style=\"height: 51px;width: 46.1968%\" width=\"226\">TOTAL<\/td>\n<td style=\"height: 51px;width: 143.018%\" width=\"75\">30<\/td>\n<\/tr>\n<\/tbody>\n<\/table>\n<p>[\/et_pb_tab][\/et_pb_tabs][et_pb_tabs admin_label=&#8221;2\u00ba ESO&#8221; _builder_version=&#8221;4.14.5&#8243; _module_preset=&#8221;default&#8221; global_colors_info=&#8221;{}&#8221;][et_pb_tab title=&#8221;2\u00ba ESO&#8221; _builder_version=&#8221;4.14.5&#8243; _module_preset=&#8221;default&#8221; global_colors_info=&#8221;{}&#8221;]<\/p>\n<table width=\"520\">\n<tbody>\n<tr>\n<td width=\"133\">\n<p><strong>2\u00ba ESO<\/strong><\/p>\n<\/td>\n<td colspan=\"2\" width=\"381\">\n<p><strong>LOMLOE<\/strong><\/p>\n<\/td>\n<\/tr>\n<tr>\n<td width=\"133\">\n<p><strong>Bloques de Materias<\/strong><\/p>\n<\/td>\n<td width=\"221\">\n<p><strong>Materias<\/strong><\/p>\n<\/td>\n<td width=\"158\">\n<p><strong>Horas<\/strong><\/p>\n<\/td>\n<\/tr>\n<tr>\n<td rowspan=\"9\" width=\"133\">\n<p>Materias Comunes<\/p>\n<p>Obligatorias<\/p>\n<\/td>\n<td width=\"221\">\n<p>Lengua Castellana y Literatura<\/p>\n<\/td>\n<td width=\"158\">\n<p>&nbsp;4<\/p>\n<\/td>\n<\/tr>\n<tr>\n<td width=\"221\">\n<p>Primera Lengua Extranjera (Ingl\u00e9s)<\/p>\n<\/td>\n<td width=\"158\">\n<p>&nbsp;4<\/p>\n<\/td>\n<\/tr>\n<tr>\n<td width=\"221\">\n<p>Geograf\u00eda e Historia<\/p>\n<\/td>\n<td width=\"158\">\n<p>&nbsp;3<\/p>\n<\/td>\n<\/tr>\n<tr>\n<td width=\"221\">\n<p>Matem\u00e1ticas<\/p>\n<\/td>\n<td width=\"158\">\n<p>&nbsp;4<\/p>\n<\/td>\n<\/tr>\n<tr>\n<td width=\"221\">\n<p>F\u00edsica y Qu\u00edmica<\/p>\n<\/td>\n<td width=\"158\">\n<p>&nbsp;3<\/p>\n<\/td>\n<\/tr>\n<tr>\n<td width=\"221\">\n<p>Educaci\u00f3n F\u00edsica<\/p>\n<\/td>\n<td width=\"158\">\n<p>&nbsp;2<\/p>\n<\/td>\n<\/tr>\n<tr>\n<td width=\"221\">\n<p>M\u00fasica<\/p>\n<\/td>\n<td width=\"158\">\n<p>&nbsp;2<\/p>\n<\/td>\n<\/tr>\n<tr>\n<td width=\"221\">\n<p>Tecnolog\u00eda y Digitalizaci\u00f3n<\/p>\n<\/td>\n<td width=\"158\">\n<p>&nbsp;3<\/p>\n<\/td>\n<\/tr>\n<tr>\n<td width=\"221\">\n<p>Educac. Valores C\u00edvicos y Eticos<\/p>\n<\/td>\n<td width=\"158\">\n<p>&nbsp;1<\/p>\n<\/td>\n<\/tr>\n<tr>\n<td rowspan=\"4\" width=\"133\">\n<p>Optativas Propias de la Comunidad (elegir 1)<\/p>\n<\/td>\n<td width=\"221\">\n<p>Computaci\u00f3n y Rob\u00f3tica<\/p>\n<\/td>\n<td width=\"158\">\n<p>&nbsp;2<\/p>\n<\/td>\n<\/tr>\n<tr>\n<td width=\"221\">\n<p>Oratoria y Debate<\/p>\n<\/td>\n<td width=\"158\">\n<p>&nbsp;2<\/p>\n<\/td>\n<\/tr>\n<tr>\n<td width=\"221\">\n<p>P.E.P.A<\/p>\n<\/td>\n<td width=\"158\">\n<p>&nbsp;2<\/p>\n<\/td>\n<\/tr>\n<tr>\n<td width=\"221\">\n<p>Segunda Lengua Extranjera (Franc\u00e9s)<\/p>\n<\/td>\n<td width=\"158\">\n<p>&nbsp;2<\/p>\n<\/td>\n<\/tr>\n<tr>\n<td width=\"133\">\n<p>&nbsp;<\/p>\n<\/td>\n<td width=\"221\">\n<p>Religi\u00f3n \/ Atenci\u00f3n Educativa<\/p>\n<\/td>\n<td width=\"158\">\n<p>&nbsp;1<\/p>\n<\/td>\n<\/tr>\n<tr>\n<td width=\"133\">\n<p>&nbsp;<\/p>\n<\/td>\n<td width=\"221\">\n<p>Tutor\u00eda<\/p>\n<\/td>\n<td width=\"158\">\n<p>&nbsp;1<\/p>\n<\/td>\n<\/tr>\n<tr>\n<td width=\"133\">\n<p>&nbsp;<\/p>\n<\/td>\n<td width=\"221\">\n<p>TOTAL<\/p>\n<\/td>\n<td width=\"158\">\n<p>30<\/p>\n<\/td>\n<\/tr>\n<\/tbody>\n<\/table>\n<p>[\/et_pb_tab][\/et_pb_tabs][et_pb_tabs admin_label=&#8221;3\u00ba ESO&#8221; _builder_version=&#8221;4.14.5&#8243; _module_preset=&#8221;default&#8221; global_colors_info=&#8221;{}&#8221;][et_pb_tab title=&#8221;3\u00ba ESO&#8221; _builder_version=&#8221;4.14.5&#8243; _module_preset=&#8221;default&#8221; global_colors_info=&#8221;{}&#8221;]<\/p>\n<table width=\"473\">\n<tbody>\n<tr>\n<td width=\"142\">\n<p><strong>3\u00ba E.S.O.<\/strong><\/p>\n<\/td>\n<td colspan=\"2\" width=\"325\">\n<p><strong>LOMLOE<\/strong><\/p>\n<\/td>\n<\/tr>\n<tr>\n<td width=\"142\">\n<p><strong>Bloques de Materias<\/strong><\/p>\n<\/td>\n<td width=\"239\">\n<p><strong>Materias<\/strong><\/p>\n<\/td>\n<td width=\"84\">\n<p><strong>Horas<\/strong><\/p>\n<\/td>\n<\/tr>\n<tr>\n<td rowspan=\"9\" width=\"142\">\n<p>Materias Comunes<\/p>\n<p>&nbsp;<\/p>\n<\/td>\n<td width=\"239\">\n<p>Lengua Castellana y Literatura<\/p>\n<\/td>\n<td width=\"84\">\n<p>&nbsp;4<\/p>\n<\/td>\n<\/tr>\n<tr>\n<td width=\"239\">\n<p>Primera Lengua Extranjera (Ingl\u00e9s)<\/p>\n<\/td>\n<td width=\"84\">\n<p>&nbsp;4<\/p>\n<\/td>\n<\/tr>\n<tr>\n<td width=\"239\">\n<p>Matem\u00e1ticas<\/p>\n<\/td>\n<td width=\"84\">\n<p>&nbsp;4<\/p>\n<\/td>\n<\/tr>\n<tr>\n<td width=\"239\">\n<p>Geograf\u00eda e Historia<\/p>\n<\/td>\n<td width=\"84\">\n<p>&nbsp;3<\/p>\n<\/td>\n<\/tr>\n<tr>\n<td width=\"239\">\n<p>F\u00edsica y Qu\u00edmica<\/p>\n<\/td>\n<td width=\"84\">\n<p>&nbsp;3<\/p>\n<\/td>\n<\/tr>\n<tr>\n<td width=\"239\">\n<p>Biolog\u00eda y Geolog\u00eda<\/p>\n<\/td>\n<td width=\"84\">\n<p>&nbsp;2<\/p>\n<\/td>\n<\/tr>\n<tr>\n<td width=\"239\">\n<p>Educaci\u00f3n F\u00edsica<\/p>\n<\/td>\n<td width=\"84\">\n<p>&nbsp;2<\/p>\n<\/td>\n<\/tr>\n<tr>\n<td width=\"239\">\n<p>Tecnolog\u00eda y Digitalizaci\u00f3n<\/p>\n<\/td>\n<td width=\"84\">\n<p>&nbsp;2<\/p>\n<\/td>\n<\/tr>\n<tr>\n<td width=\"239\">\n<p>Educaci\u00f3n Pl\u00e1stica, Visual y Audiovisual<\/p>\n<\/td>\n<td width=\"84\">\n<p>&nbsp;2<\/p>\n<\/td>\n<\/tr>\n<tr>\n<td rowspan=\"4\" width=\"142\">\n<p>Optativas Propias de la Comunidad (elegir 1)<\/p>\n<\/td>\n<td width=\"239\">\n<p>Oratoria y Debate<\/p>\n<\/td>\n<td width=\"84\">\n<p>&nbsp;2<\/p>\n<\/td>\n<\/tr>\n<tr>\n<td width=\"239\">\n<p>Computaci\u00f3n y Rob\u00f3tica<\/p>\n<\/td>\n<td width=\"84\">\n<p>&nbsp;2&nbsp;<\/p>\n<\/td>\n<\/tr>\n<tr>\n<td width=\"239\">\n<p>Cultura del Flamenco<\/p>\n<\/td>\n<td width=\"84\">\n<p>&nbsp;2<\/p>\n<\/td>\n<\/tr>\n<tr>\n<td width=\"239\">\n<p>Segunda Lengua Extranjera (Franc\u00e9s)<\/p>\n<\/td>\n<td width=\"84\">\n<p>&nbsp;2<\/p>\n<\/td>\n<\/tr>\n<tr>\n<td rowspan=\"3\" width=\"142\">\n<p>&nbsp;<\/p>\n<\/td>\n<td width=\"239\">\n<p>Religi\u00f3n \/ Atenci\u00f3n Educativa<\/p>\n<\/td>\n<td width=\"84\">\n<p>&nbsp;1<\/p>\n<\/td>\n<\/tr>\n<tr>\n<td width=\"239\">\n<p>Tutor\u00eda<\/p>\n<\/td>\n<td width=\"84\">\n<p>&nbsp;1<\/p>\n<\/td>\n<\/tr>\n<tr>\n<td width=\"239\">\n<p>TOTAL<\/p>\n<\/td>\n<td width=\"84\">\n<p>30<\/p>\n<\/td>\n<\/tr>\n<\/tbody>\n<\/table>\n<p>[\/et_pb_tab][\/et_pb_tabs][et_pb_tabs admin_label=&#8221;4\u00ba ESO&#8221; _builder_version=&#8221;4.14.5&#8243; _module_preset=&#8221;default&#8221; global_colors_info=&#8221;{}&#8221;][et_pb_tab title=&#8221;4\u00ba ESO&#8221; _builder_version=&#8221;4.14.5&#8243; _module_preset=&#8221;default&#8221; global_colors_info=&#8221;{}&#8221;]<\/p>\n<table width=\"549\">\n<tbody>\n<tr>\n<td width=\"233\">\n<p><strong>4\u00ba E.S.O.<\/strong><\/p>\n<\/td>\n<td colspan=\"2\" width=\"310\">\n<p><strong>LOMLOE<\/strong><\/p>\n<\/td>\n<\/tr>\n<tr>\n<td width=\"233\">\n<p><strong>Bloques de Materias<\/strong><\/p>\n<\/td>\n<td width=\"253\">\n<p><strong>Materias<\/strong><\/p>\n<\/td>\n<td width=\"54\">\n<p><strong>Horas<\/strong><\/p>\n<\/td>\n<\/tr>\n<tr>\n<td rowspan=\"5\" width=\"233\">\n<p>Materias Comunes<\/p>\n<p>Obligatorias<\/p>\n<p>&nbsp;<\/p>\n<\/td>\n<td width=\"253\">\n<p>Lengua Castellana y Literatura<\/p>\n<\/td>\n<td width=\"54\">\n<p>&nbsp;4<\/p>\n<\/td>\n<\/tr>\n<tr>\n<td width=\"253\">\n<p>Primera Lengua Extranjera (Ingl\u00e9s)<\/p>\n<\/td>\n<td width=\"54\">\n<p>&nbsp;4<\/p>\n<\/td>\n<\/tr>\n<tr>\n<td width=\"253\">\n<p>Matem\u00e1ticas A o B<\/p>\n<\/td>\n<td width=\"54\">\n<p>&nbsp;4<\/p>\n<\/td>\n<\/tr>\n<tr>\n<td width=\"253\">\n<p>Geograf\u00eda e Historia<\/p>\n<\/td>\n<td width=\"54\">\n<p>&nbsp;3<\/p>\n<\/td>\n<\/tr>\n<tr>\n<td width=\"253\">\n<p>Educaci\u00f3n F\u00edsica<\/p>\n<\/td>\n<td width=\"54\">\n<p>&nbsp;2<\/p>\n<\/td>\n<\/tr>\n<tr>\n<td rowspan=\"10\" width=\"233\">\n<p>Optativas ( a elegir 3)<\/p>\n<\/td>\n<td width=\"253\">\n<p>Biolog\u00eda y Geolog\u00eda<\/p>\n<\/td>\n<td width=\"54\">\n<p>&nbsp;3<\/p>\n<\/td>\n<\/tr>\n<tr>\n<td width=\"253\">\n<p>Digitalizaci\u00f3n<\/p>\n<\/td>\n<td width=\"54\">\n<p>&nbsp;3<\/p>\n<\/td>\n<\/tr>\n<tr>\n<td width=\"253\">\n<p>Econom\u00eda y Emprendimiento<\/p>\n<\/td>\n<td width=\"54\">\n<p>&nbsp;3&nbsp;<\/p>\n<\/td>\n<\/tr>\n<tr>\n<td width=\"253\">\n<p>Expresi\u00f3n Art\u00edstica<\/p>\n<\/td>\n<td width=\"54\">\n<p>&nbsp;3<\/p>\n<\/td>\n<\/tr>\n<tr>\n<td width=\"253\">\n<p>F\u00edsica y Qu\u00edmica<\/p>\n<\/td>\n<td width=\"54\">\n<p>&nbsp;3<\/p>\n<\/td>\n<\/tr>\n<tr>\n<td width=\"253\">\n<p>F.O.P.P<\/p>\n<\/td>\n<td width=\"54\">\n<p>&nbsp;3<\/p>\n<\/td>\n<\/tr>\n<tr>\n<td width=\"253\">\n<p>Lat\u00edn<\/p>\n<\/td>\n<td width=\"54\">\n<p>&nbsp;3<\/p>\n<\/td>\n<\/tr>\n<tr>\n<td width=\"253\">\n<p>M\u00fasica<\/p>\n<\/td>\n<td width=\"54\">\n<p>&nbsp;3<\/p>\n<\/td>\n<\/tr>\n<tr>\n<td width=\"253\">\n<p>Segunda Lengua Extranjera (Franc\u00e9s)<\/p>\n<\/td>\n<td width=\"54\">\n<p>&nbsp;3<\/p>\n<\/td>\n<\/tr>\n<tr>\n<td width=\"253\">\n<p>Tecnolog\u00eda<\/p>\n<\/td>\n<td width=\"54\">\n<p>&nbsp;3<\/p>\n<\/td>\n<\/tr>\n<tr>\n<td rowspan=\"4\" width=\"233\">\n<p>Optativas Propias de la Comunidad (elegir 1)<\/p>\n<\/td>\n<td width=\"253\">\n<p>Dibujo T\u00e9cnico<\/p>\n<\/td>\n<td width=\"54\">\n<p>&nbsp;2<\/p>\n<\/td>\n<\/tr>\n<tr>\n<td width=\"253\">\n<p>Cultura Cient\u00edfica<\/p>\n<\/td>\n<td width=\"54\">\n<p>&nbsp;2<\/p>\n<\/td>\n<\/tr>\n<tr>\n<td width=\"253\">\n<p>Filosof\u00eda<\/p>\n<\/td>\n<td width=\"54\">\n<p>&nbsp;2<\/p>\n<\/td>\n<\/tr>\n<tr>\n<td width=\"253\">\n<p>Ampliaci\u00f3n Cult. Cl\u00e1sica<\/p>\n<\/td>\n<td width=\"54\">\n<p>&nbsp;2<\/p>\n<\/td>\n<\/tr>\n<tr>\n<td rowspan=\"3\" width=\"233\">\n<p>&nbsp;<\/p>\n<\/td>\n<td width=\"253\">\n<p>Religi\u00f3n \/ Atenci\u00f3n Educativa<\/p>\n<\/td>\n<td width=\"54\">\n<p>&nbsp;1<\/p>\n<\/td>\n<\/tr>\n<tr>\n<td width=\"253\">\n<p>Tutor\u00eda<\/p>\n<\/td>\n<td width=\"54\">\n<p>&nbsp;1<\/p>\n<\/td>\n<\/tr>\n<tr>\n<td width=\"253\">\n<p>TOTAL<\/p>\n<\/td>\n<td width=\"54\">\n<p>30<\/p>\n<\/td>\n<\/tr>\n<\/tbody>\n<\/table>\n<p>[\/et_pb_tab][\/et_pb_tabs][\/et_pb_column][\/et_pb_row][\/et_pb_section]<\/p>\n","protected":false},"excerpt":{"rendered":"<p>Educaci\u00f3n Secundaria Obligatoria La Educaci\u00f3n Secundaria Obligatoria (ESO) es una etapa educativa obligatoria y gratuita que completa la educaci\u00f3n b\u00e1sica. Comprende dos ciclos: El primero, que corresponde a los cursos primero, segundo y tercero de la etapa; y el segundo, que corresponde al cuarto curso de la etapa. El segundo ciclo de la etapa o [&hellip;]<\/p>\n","protected":false},"author":16057,"featured_media":0,"parent":0,"menu_order":0,"comment_status":"closed","ping_status":"closed","template":"","meta":{"_et_pb_use_builder":"on","_et_pb_old_content":"","_et_gb_content_width":"","ngg_post_thumbnail":0,"footnotes":""},"aioseo_notices":[],"_links":{"self":[{"href":"https:\/\/blogsaverroes.juntadeandalucia.es\/iesperezmercader\/wp-json\/wp\/v2\/pages\/1002"}],"collection":[{"href":"https:\/\/blogsaverroes.juntadeandalucia.es\/iesperezmercader\/wp-json\/wp\/v2\/pages"}],"about":[{"href":"https:\/\/blogsaverroes.juntadeandalucia.es\/iesperezmercader\/wp-json\/wp\/v2\/types\/page"}],"author":[{"embeddable":true,"href":"https:\/\/blogsaverroes.juntadeandalucia.es\/iesperezmercader\/wp-json\/wp\/v2\/users\/16057"}],"replies":[{"embeddable":true,"href":"https:\/\/blogsaverroes.juntadeandalucia.es\/iesperezmercader\/wp-json\/wp\/v2\/comments?post=1002"}],"version-history":[{"count":7,"href":"https:\/\/blogsaverroes.juntadeandalucia.es\/iesperezmercader\/wp-json\/wp\/v2\/pages\/1002\/revisions"}],"predecessor-version":[{"id":3166,"href":"https:\/\/blogsaverroes.juntadeandalucia.es\/iesperezmercader\/wp-json\/wp\/v2\/pages\/1002\/revisions\/3166"}],"wp:attachment":[{"href":"https:\/\/blogsaverroes.juntadeandalucia.es\/iesperezmercader\/wp-json\/wp\/v2\/media?parent=1002"}],"curies":[{"name":"wp","href":"https:\/\/api.w.org\/{rel}","templated":true}]}}